{"id":14403,"date":"2021-09-09T14:34:42","date_gmt":"2021-09-09T18:34:42","guid":{"rendered":"https:\/\/trimaco.wpengine.com\/productos\/productos-de-limpieza-miscelaneos\/malla-y-esponjas-colectoras-de-polvo-de-microfibra\/"},"modified":"2024-04-09T09:20:09","modified_gmt":"2024-04-09T13:20:09","slug":"malla-y-esponjas-colectoras-de-polvo-de-microfibra","status":"publish","type":"page","link":"https:\/\/trimaco.com\/es\/productos\/productos-de-limpieza-miscelaneos\/malla-y-esponjas-colectoras-de-polvo-de-microfibra\/","title":{"rendered":"Malla y esponjas colectoras de polvo de microfibra"},"content":{"rendered":"<p>La esponja de microfibra de Trimaco atrae el polvo y es s\u00faper absorbente. El material de microfibra no deja pelusa o residuos, adem\u00e1s es lavable y reutilizable. Para uso para automotriz y limpieza en general. La esponja de exfoliaci\u00f3n consta de dos lados: una de malla resistente y otra de microfibra suave. <\/p>\n<ul>\n<li>Atrae el polvo<\/li>\n<li>No deja pelusa o residuos<\/li>\n<li>Ideal para la limpieza general<\/li>\n<\/ul>\n<p><em>Esponja de microfibra SuperTuff\u00ae<\/em><\/p>\n<table>\n<tbody>\n<tr>\n<th>Art\u00edculo #<\/th>\n<th>Paquete de<\/th>\n<th>Tama\u00f1o<\/th>\n<\/tr>\n<tr>\n<td>10105<\/td>\n<td>12<\/td>\n<td>8,5&#8243; x 4&#8243; x 2&#8243;<\/td>\n<\/tr>\n<tr>\n<td>10106<\/td>\n<td>12<\/td>\n<td>5,5&#8243; x 3,25&#8243; x 1,25&#8243;<\/td>\n<\/tr>\n<\/tbody>\n<\/table>\n","protected":false},"excerpt":{"rendered":"<p>La esponja de microfibra atrae el polvo y es s\u00faper absorbente.<\/p>\n","protected":false},"author":2,"featured_media":17655,"parent":14394,"menu_order":7,"comment_status":"closed","ping_status":"closed","template":"page_products-grandchild.php","meta":{"_acf_changed":false,"footnotes":""},"class_list":["post-14403","page","type-page","status-publish","has-post-thumbnail","hentry"],"acf":[],"yoast_head":"<!-- This site is optimized with the Yoast SEO plugin v27.5 - https:\/\/yoast.com\/product\/yoast-seo-wordpress\/ -->\n<title>Esponja de microfibra \u2013 no deja residuos - Trimaco<\/title>\n<meta name=\"description\" content=\"La esponja de microfibra de Trimaco atrae polvo y es s\u00faper absorbente. El material de microfibra no deja pelusa o residuos, adem\u00e1s es lavable y reutilizable.\" \/>\n<meta name=\"robots\" content=\"index, follow, max-snippet:-1, max-image-preview:large, max-video-preview:-1\" \/>\n<link rel=\"canonical\" href=\"https:\/\/trimaco.com\/es\/productos\/productos-de-limpieza-miscelaneos\/malla-y-esponjas-colectoras-de-polvo-de-microfibra\/\" \/>\n<meta property=\"og:locale\" content=\"es_ES\" \/>\n<meta property=\"og:type\" content=\"article\" \/>\n<meta property=\"og:title\" content=\"Esponja de microfibra \u2013 no deja residuos - Trimaco\" \/>\n<meta property=\"og:description\" content=\"La esponja de microfibra de Trimaco atrae polvo y es s\u00faper absorbente. El material de microfibra no deja pelusa o residuos, adem\u00e1s es lavable y reutilizable.\" \/>\n<meta property=\"og:url\" content=\"https:\/\/trimaco.com\/es\/productos\/productos-de-limpieza-miscelaneos\/malla-y-esponjas-colectoras-de-polvo-de-microfibra\/\" \/>\n<meta property=\"og:site_name\" content=\"Trimaco\" \/>\n<meta property=\"article:publisher\" content=\"https:\/\/www.facebook.com\/pages\/Trimaco\/346858225385747?ref=ts\" \/>\n<meta property=\"article:modified_time\" content=\"2024-04-09T13:20:09+00:00\" \/>\n<meta property=\"og:image\" content=\"https:\/\/trimaco.com\/wp-content\/uploads\/2022\/02\/scrubbing-sponge-1.webp\" \/>\n\t<meta property=\"og:image:width\" content=\"284\" \/>\n\t<meta property=\"og:image:height\" content=\"283\" \/>\n\t<meta property=\"og:image:type\" content=\"image\/webp\" \/>\n<meta name=\"twitter:card\" content=\"summary_large_image\" \/>\n<meta name=\"twitter:site\" content=\"@trimacoinc\" \/>\n<meta name=\"twitter:label1\" content=\"Tiempo de lectura\" \/>\n\t<meta name=\"twitter:data1\" content=\"1 minuto\" \/>\n<!-- \/ Yoast SEO plugin. -->","yoast_head_json":{"title":"Esponja de microfibra \u2013 no deja residuos - Trimaco","description":"La esponja de microfibra de Trimaco atrae polvo y es s\u00faper absorbente. El material de microfibra no deja pelusa o residuos, adem\u00e1s es lavable y reutilizable.","robots":{"index":"index","follow":"follow","max-snippet":"max-snippet:-1","max-image-preview":"max-image-preview:large","max-video-preview":"max-video-preview:-1"},"canonical":"https:\/\/trimaco.com\/es\/productos\/productos-de-limpieza-miscelaneos\/malla-y-esponjas-colectoras-de-polvo-de-microfibra\/","og_locale":"es_ES","og_type":"article","og_title":"Esponja de microfibra \u2013 no deja residuos - Trimaco","og_description":"La esponja de microfibra de Trimaco atrae polvo y es s\u00faper absorbente. El material de microfibra no deja pelusa o residuos, adem\u00e1s es lavable y reutilizable.","og_url":"https:\/\/trimaco.com\/es\/productos\/productos-de-limpieza-miscelaneos\/malla-y-esponjas-colectoras-de-polvo-de-microfibra\/","og_site_name":"Trimaco","article_publisher":"https:\/\/www.facebook.com\/pages\/Trimaco\/346858225385747?ref=ts","article_modified_time":"2024-04-09T13:20:09+00:00","og_image":[{"width":284,"height":283,"url":"https:\/\/trimaco.com\/wp-content\/uploads\/2022\/02\/scrubbing-sponge-1.webp","type":"image\/webp"}],"twitter_card":"summary_large_image","twitter_site":"@trimacoinc","twitter_misc":{"Tiempo de lectura":"1 minuto"},"schema":{"@context":"https:\/\/schema.org","@graph":[{"@type":"WebPage","@id":"https:\/\/trimaco.com\/es\/productos\/productos-de-limpieza-miscelaneos\/malla-y-esponjas-colectoras-de-polvo-de-microfibra\/","url":"https:\/\/trimaco.com\/es\/productos\/productos-de-limpieza-miscelaneos\/malla-y-esponjas-colectoras-de-polvo-de-microfibra\/","name":"Esponja de microfibra \u2013 no deja residuos - Trimaco","isPartOf":{"@id":"https:\/\/trimaco.com\/#website"},"primaryImageOfPage":{"@id":"https:\/\/trimaco.com\/es\/productos\/productos-de-limpieza-miscelaneos\/malla-y-esponjas-colectoras-de-polvo-de-microfibra\/#primaryimage"},"image":{"@id":"https:\/\/trimaco.com\/es\/productos\/productos-de-limpieza-miscelaneos\/malla-y-esponjas-colectoras-de-polvo-de-microfibra\/#primaryimage"},"thumbnailUrl":"https:\/\/trimaco.com\/wp-content\/uploads\/2022\/02\/scrubbing-sponge-1.webp","datePublished":"2021-09-09T18:34:42+00:00","dateModified":"2024-04-09T13:20:09+00:00","description":"La esponja de microfibra de Trimaco atrae polvo y es s\u00faper absorbente. El material de microfibra no deja pelusa o residuos, adem\u00e1s es lavable y reutilizable.","breadcrumb":{"@id":"https:\/\/trimaco.com\/es\/productos\/productos-de-limpieza-miscelaneos\/malla-y-esponjas-colectoras-de-polvo-de-microfibra\/#breadcrumb"},"inLanguage":"es","potentialAction":[{"@type":"ReadAction","target":["https:\/\/trimaco.com\/es\/productos\/productos-de-limpieza-miscelaneos\/malla-y-esponjas-colectoras-de-polvo-de-microfibra\/"]}]},{"@type":"ImageObject","inLanguage":"es","@id":"https:\/\/trimaco.com\/es\/productos\/productos-de-limpieza-miscelaneos\/malla-y-esponjas-colectoras-de-polvo-de-microfibra\/#primaryimage","url":"https:\/\/trimaco.com\/wp-content\/uploads\/2022\/02\/scrubbing-sponge-1.webp","contentUrl":"https:\/\/trimaco.com\/wp-content\/uploads\/2022\/02\/scrubbing-sponge-1.webp","width":284,"height":283,"caption":"Scrubbing a car with a sponge"},{"@type":"BreadcrumbList","@id":"https:\/\/trimaco.com\/es\/productos\/productos-de-limpieza-miscelaneos\/malla-y-esponjas-colectoras-de-polvo-de-microfibra\/#breadcrumb","itemListElement":[{"@type":"ListItem","position":1,"name":"Home","item":"https:\/\/trimaco.com\/"},{"@type":"ListItem","position":2,"name":"Productos","item":"https:\/\/trimaco.com\/es\/productos\/"},{"@type":"ListItem","position":3,"name":"Productos de limpieza miscel\u00e1neos","item":"https:\/\/trimaco.com\/es\/productos\/productos-de-limpieza-miscelaneos\/"},{"@type":"ListItem","position":4,"name":"Malla y esponjas colectoras de polvo de microfibra"}]},{"@type":"WebSite","@id":"https:\/\/trimaco.com\/#website","url":"https:\/\/trimaco.com\/","name":"Trimaco","description":"Total Jobsite Protection\u2122","publisher":{"@id":"https:\/\/trimaco.com\/#organization"},"potentialAction":[{"@type":"SearchAction","target":{"@type":"EntryPoint","urlTemplate":"https:\/\/trimaco.com\/?s={search_term_string}"},"query-input":{"@type":"PropertyValueSpecification","valueRequired":true,"valueName":"search_term_string"}}],"inLanguage":"es"},{"@type":"Organization","@id":"https:\/\/trimaco.com\/#organization","name":"Trimaco","url":"https:\/\/trimaco.com\/","logo":{"@type":"ImageObject","inLanguage":"es","@id":"https:\/\/trimaco.com\/#\/schema\/logo\/image\/","url":"https:\/\/trimaco.com\/wp-content\/uploads\/2016\/08\/login-logo.png","contentUrl":"https:\/\/trimaco.com\/wp-content\/uploads\/2016\/08\/login-logo.png","width":450,"height":69,"caption":"Trimaco"},"image":{"@id":"https:\/\/trimaco.com\/#\/schema\/logo\/image\/"},"sameAs":["https:\/\/www.facebook.com\/pages\/Trimaco\/346858225385747?ref=ts","https:\/\/x.com\/trimacoinc","https:\/\/www.instagram.com\/trimaco_inc\/","https:\/\/pinterest.com\/trimaco\/","https:\/\/www.youtube.com\/c\/trimacoinc"]}]}},"_links":{"self":[{"href":"https:\/\/trimaco.com\/es\/wp-json\/wp\/v2\/pages\/14403","targetHints":{"allow":["GET"]}}],"collection":[{"href":"https:\/\/trimaco.com\/es\/wp-json\/wp\/v2\/pages"}],"about":[{"href":"https:\/\/trimaco.com\/es\/wp-json\/wp\/v2\/types\/page"}],"author":[{"embeddable":true,"href":"https:\/\/trimaco.com\/es\/wp-json\/wp\/v2\/users\/2"}],"replies":[{"embeddable":true,"href":"https:\/\/trimaco.com\/es\/wp-json\/wp\/v2\/comments?post=14403"}],"version-history":[{"count":0,"href":"https:\/\/trimaco.com\/es\/wp-json\/wp\/v2\/pages\/14403\/revisions"}],"up":[{"embeddable":true,"href":"https:\/\/trimaco.com\/es\/wp-json\/wp\/v2\/pages\/14394"}],"wp:featuredmedia":[{"embeddable":true,"href":"https:\/\/trimaco.com\/es\/wp-json\/wp\/v2\/media\/17655"}],"wp:attachment":[{"href":"https:\/\/trimaco.com\/es\/wp-json\/wp\/v2\/media?parent=14403"}],"curies":[{"name":"wp","href":"https:\/\/api.w.org\/{rel}","templated":true}]}}