{"id":14402,"date":"2021-09-09T14:30:54","date_gmt":"2021-09-09T18:30:54","guid":{"rendered":"https:\/\/trimaco.wpengine.com\/productos\/productos-de-limpieza-miscelaneos\/multi-purpose-pro-paint-mitt\/"},"modified":"2024-04-09T09:19:03","modified_gmt":"2024-04-09T13:19:03","slug":"multi-purpose-pro-paint-mitt","status":"publish","type":"page","link":"https:\/\/trimaco.com\/es\/productos\/productos-de-limpieza-miscelaneos\/multi-purpose-pro-paint-mitt\/","title":{"rendered":"Multi-Purpose Pro Paint Mitt\u2122"},"content":{"rendered":"<p>Nuestro guante multiprop\u00f3sito Pro Paint Mitt &#x2122; hace que la pintura sea dif\u00edcil de alcanzar en \u00e1reas m\u00e1s f\u00e1ciles y sin dejar pelusas. El tejido Premium grueso y s\u00faper absorbente hace que el desprendimiento de pelusa sea cosa del pasado. Se puede utilizar con todo tipo de pinturas y tintes. Desde barandillas hasta adornos, el Pro Paint Mitt acelera el trabajo. Una talla se adapta a la mayor\u00eda. <\/p>\n<ul>\n<li>Para aplicar pintura sin dejar pelusas<\/li>\n<li>Ideal para \u00e1reas de dif\u00edcil acceso<\/li>\n<li>Para pintar y limpiar<\/li>\n<li>Ideal para pintar barandillas<\/li>\n<\/ul>\n<p>\u00a1Aprenda m\u00e1s sobre todos los productos de limpieza de <a href=\"https:\/\/trimaco.com\/es\/productos\/productos-de-limpieza-miscelaneos\/\">Trimaco<\/a>!<br \/>\n<em>Pro Paint Mitt&#x2122;<\/em><\/p>\n<table>\n<tbody>\n<tr>\n<th>Art\u00edculo #<\/th>\n<th>Paquete de<\/th>\n<th>Tama\u00f1o<\/th>\n<\/tr>\n<tr>\n<td>10991\/6<\/td>\n<td>6<\/td>\n<td>Le queda a la mayor\u00eda<\/td>\n<\/tr>\n<\/tbody>\n<\/table>\n","protected":false},"excerpt":{"rendered":"<p>Grueso y s\u00faper absorbente, ideal para pintar pasamanos sin la preocupaci\u00f3n de dejar pelusa.<\/p>\n","protected":false},"author":2,"featured_media":17647,"parent":14394,"menu_order":5,"comment_status":"closed","ping_status":"closed","template":"page_products-grandchild.php","meta":{"_acf_changed":false,"footnotes":""},"class_list":["post-14402","page","type-page","status-publish","has-post-thumbnail","hentry"],"acf":[],"yoast_head":"<!-- This site is optimized with the Yoast SEO plugin v27.4 - https:\/\/yoast.com\/product\/yoast-seo-wordpress\/ -->\n<title>Guante Pro Paint Mitt \u2122 para aplicaciones multiusos - Trimaco<\/title>\n<meta name=\"description\" content=\"Nuestro guante Pro Paint Mitt\u2122 ofrece una aplicaci\u00f3n sin pelusas en cada trabajo. Si pinta puntos dif\u00edciles de alcanzar o manchas, \u00a1este guante de pintura es para ti!\" \/>\n<meta name=\"robots\" content=\"index, follow, max-snippet:-1, max-image-preview:large, max-video-preview:-1\" \/>\n<link rel=\"canonical\" href=\"https:\/\/trimaco.com\/es\/productos\/productos-de-limpieza-miscelaneos\/multi-purpose-pro-paint-mitt\/\" \/>\n<meta property=\"og:locale\" content=\"es_ES\" \/>\n<meta property=\"og:type\" content=\"article\" \/>\n<meta property=\"og:title\" content=\"Guante Pro Paint Mitt \u2122 para aplicaciones multiusos - Trimaco\" \/>\n<meta property=\"og:description\" content=\"Nuestro guante Pro Paint Mitt\u2122 ofrece una aplicaci\u00f3n sin pelusas en cada trabajo. Si pinta puntos dif\u00edciles de alcanzar o manchas, \u00a1este guante de pintura es para ti!\" \/>\n<meta property=\"og:url\" content=\"https:\/\/trimaco.com\/es\/productos\/productos-de-limpieza-miscelaneos\/multi-purpose-pro-paint-mitt\/\" \/>\n<meta property=\"og:site_name\" content=\"Trimaco\" \/>\n<meta property=\"article:publisher\" content=\"https:\/\/www.facebook.com\/pages\/Trimaco\/346858225385747?ref=ts\" \/>\n<meta property=\"article:modified_time\" content=\"2024-04-09T13:19:03+00:00\" \/>\n<meta property=\"og:image\" content=\"https:\/\/trimaco.com\/wp-content\/uploads\/2022\/02\/paintmitt-3.webp\" \/>\n\t<meta property=\"og:image:width\" content=\"284\" \/>\n\t<meta property=\"og:image:height\" content=\"283\" \/>\n\t<meta property=\"og:image:type\" content=\"image\/webp\" \/>\n<meta name=\"twitter:card\" content=\"summary_large_image\" \/>\n<meta name=\"twitter:site\" content=\"@trimacoinc\" \/>\n<meta name=\"twitter:label1\" content=\"Tiempo de lectura\" \/>\n\t<meta name=\"twitter:data1\" content=\"1 minuto\" \/>\n<!-- \/ Yoast SEO plugin. -->","yoast_head_json":{"title":"Guante Pro Paint Mitt \u2122 para aplicaciones multiusos - Trimaco","description":"Nuestro guante Pro Paint Mitt\u2122 ofrece una aplicaci\u00f3n sin pelusas en cada trabajo. Si pinta puntos dif\u00edciles de alcanzar o manchas, \u00a1este guante de pintura es para ti!","robots":{"index":"index","follow":"follow","max-snippet":"max-snippet:-1","max-image-preview":"max-image-preview:large","max-video-preview":"max-video-preview:-1"},"canonical":"https:\/\/trimaco.com\/es\/productos\/productos-de-limpieza-miscelaneos\/multi-purpose-pro-paint-mitt\/","og_locale":"es_ES","og_type":"article","og_title":"Guante Pro Paint Mitt \u2122 para aplicaciones multiusos - Trimaco","og_description":"Nuestro guante Pro Paint Mitt\u2122 ofrece una aplicaci\u00f3n sin pelusas en cada trabajo. Si pinta puntos dif\u00edciles de alcanzar o manchas, \u00a1este guante de pintura es para ti!","og_url":"https:\/\/trimaco.com\/es\/productos\/productos-de-limpieza-miscelaneos\/multi-purpose-pro-paint-mitt\/","og_site_name":"Trimaco","article_publisher":"https:\/\/www.facebook.com\/pages\/Trimaco\/346858225385747?ref=ts","article_modified_time":"2024-04-09T13:19:03+00:00","og_image":[{"width":284,"height":283,"url":"https:\/\/trimaco.com\/wp-content\/uploads\/2022\/02\/paintmitt-3.webp","type":"image\/webp"}],"twitter_card":"summary_large_image","twitter_site":"@trimacoinc","twitter_misc":{"Tiempo de lectura":"1 minuto"},"schema":{"@context":"https:\/\/schema.org","@graph":[{"@type":"WebPage","@id":"https:\/\/trimaco.com\/es\/productos\/productos-de-limpieza-miscelaneos\/multi-purpose-pro-paint-mitt\/","url":"https:\/\/trimaco.com\/es\/productos\/productos-de-limpieza-miscelaneos\/multi-purpose-pro-paint-mitt\/","name":"Guante Pro Paint Mitt \u2122 para aplicaciones multiusos - Trimaco","isPartOf":{"@id":"https:\/\/trimaco.com\/#website"},"primaryImageOfPage":{"@id":"https:\/\/trimaco.com\/es\/productos\/productos-de-limpieza-miscelaneos\/multi-purpose-pro-paint-mitt\/#primaryimage"},"image":{"@id":"https:\/\/trimaco.com\/es\/productos\/productos-de-limpieza-miscelaneos\/multi-purpose-pro-paint-mitt\/#primaryimage"},"thumbnailUrl":"https:\/\/trimaco.com\/wp-content\/uploads\/2022\/02\/paintmitt-3.webp","datePublished":"2021-09-09T18:30:54+00:00","dateModified":"2024-04-09T13:19:03+00:00","description":"Nuestro guante Pro Paint Mitt\u2122 ofrece una aplicaci\u00f3n sin pelusas en cada trabajo. Si pinta puntos dif\u00edciles de alcanzar o manchas, \u00a1este guante de pintura es para ti!","breadcrumb":{"@id":"https:\/\/trimaco.com\/es\/productos\/productos-de-limpieza-miscelaneos\/multi-purpose-pro-paint-mitt\/#breadcrumb"},"inLanguage":"es","potentialAction":[{"@type":"ReadAction","target":["https:\/\/trimaco.com\/es\/productos\/productos-de-limpieza-miscelaneos\/multi-purpose-pro-paint-mitt\/"]}]},{"@type":"ImageObject","inLanguage":"es","@id":"https:\/\/trimaco.com\/es\/productos\/productos-de-limpieza-miscelaneos\/multi-purpose-pro-paint-mitt\/#primaryimage","url":"https:\/\/trimaco.com\/wp-content\/uploads\/2022\/02\/paintmitt-3.webp","contentUrl":"https:\/\/trimaco.com\/wp-content\/uploads\/2022\/02\/paintmitt-3.webp","width":284,"height":283,"caption":"staining a chair with painter's mitt"},{"@type":"BreadcrumbList","@id":"https:\/\/trimaco.com\/es\/productos\/productos-de-limpieza-miscelaneos\/multi-purpose-pro-paint-mitt\/#breadcrumb","itemListElement":[{"@type":"ListItem","position":1,"name":"Home","item":"https:\/\/trimaco.com\/"},{"@type":"ListItem","position":2,"name":"Productos","item":"https:\/\/trimaco.com\/es\/productos\/"},{"@type":"ListItem","position":3,"name":"Productos de limpieza miscel\u00e1neos","item":"https:\/\/trimaco.com\/es\/productos\/productos-de-limpieza-miscelaneos\/"},{"@type":"ListItem","position":4,"name":"Multi-Purpose Pro Paint Mitt\u2122"}]},{"@type":"WebSite","@id":"https:\/\/trimaco.com\/#website","url":"https:\/\/trimaco.com\/","name":"Trimaco","description":"Total Jobsite Protection\u2122","publisher":{"@id":"https:\/\/trimaco.com\/#organization"},"potentialAction":[{"@type":"SearchAction","target":{"@type":"EntryPoint","urlTemplate":"https:\/\/trimaco.com\/?s={search_term_string}"},"query-input":{"@type":"PropertyValueSpecification","valueRequired":true,"valueName":"search_term_string"}}],"inLanguage":"es"},{"@type":"Organization","@id":"https:\/\/trimaco.com\/#organization","name":"Trimaco","url":"https:\/\/trimaco.com\/","logo":{"@type":"ImageObject","inLanguage":"es","@id":"https:\/\/trimaco.com\/#\/schema\/logo\/image\/","url":"https:\/\/trimaco.com\/wp-content\/uploads\/2016\/08\/login-logo.png","contentUrl":"https:\/\/trimaco.com\/wp-content\/uploads\/2016\/08\/login-logo.png","width":450,"height":69,"caption":"Trimaco"},"image":{"@id":"https:\/\/trimaco.com\/#\/schema\/logo\/image\/"},"sameAs":["https:\/\/www.facebook.com\/pages\/Trimaco\/346858225385747?ref=ts","https:\/\/x.com\/trimacoinc","https:\/\/www.instagram.com\/trimaco_inc\/","https:\/\/pinterest.com\/trimaco\/","https:\/\/www.youtube.com\/c\/trimacoinc"]}]}},"_links":{"self":[{"href":"https:\/\/trimaco.com\/es\/wp-json\/wp\/v2\/pages\/14402","targetHints":{"allow":["GET"]}}],"collection":[{"href":"https:\/\/trimaco.com\/es\/wp-json\/wp\/v2\/pages"}],"about":[{"href":"https:\/\/trimaco.com\/es\/wp-json\/wp\/v2\/types\/page"}],"author":[{"embeddable":true,"href":"https:\/\/trimaco.com\/es\/wp-json\/wp\/v2\/users\/2"}],"replies":[{"embeddable":true,"href":"https:\/\/trimaco.com\/es\/wp-json\/wp\/v2\/comments?post=14402"}],"version-history":[{"count":0,"href":"https:\/\/trimaco.com\/es\/wp-json\/wp\/v2\/pages\/14402\/revisions"}],"up":[{"embeddable":true,"href":"https:\/\/trimaco.com\/es\/wp-json\/wp\/v2\/pages\/14394"}],"wp:featuredmedia":[{"embeddable":true,"href":"https:\/\/trimaco.com\/es\/wp-json\/wp\/v2\/media\/17647"}],"wp:attachment":[{"href":"https:\/\/trimaco.com\/es\/wp-json\/wp\/v2\/media?parent=14402"}],"curies":[{"name":"wp","href":"https:\/\/api.w.org\/{rel}","templated":true}]}}