{"id":14401,"date":"2021-09-09T14:25:45","date_gmt":"2021-09-09T18:25:45","guid":{"rendered":"https:\/\/trimaco.wpengine.com\/productos\/productos-de-limpieza-miscelaneos\/guante-para-pintar-supertuff\/"},"modified":"2024-04-09T09:18:49","modified_gmt":"2024-04-09T13:18:49","slug":"guante-para-pintar-supertuff","status":"publish","type":"page","link":"https:\/\/trimaco.com\/es\/productos\/productos-de-limpieza-miscelaneos\/guante-para-pintar-supertuff\/","title":{"rendered":"Guante para pintar SuperTuff\u00ae"},"content":{"rendered":"<p>Nuestro Guante para pintar SuperTuff\u00ae hace que pintar en \u00e1reas dif\u00edciles de alcanzar sea m\u00e1s f\u00e1cil. Desde barandillas hasta adornos, el guante para pintar acelera el trabajo. La construcci\u00f3n de tres capas proporciona comodidad, protecci\u00f3n y flexibilidad para trabajos de pintura y limpieza. Talla \u00fanica que le queda a la mayor\u00eda. <\/p>\n<ul>\n<li>Ideal para \u00e1reas de dif\u00edcil acceso<\/li>\n<li>Para pintar y limpiar<\/li>\n<li>Ideal para pintar barandillas<\/li>\n<\/ul>\n<p>\u00a1Aprenda m\u00e1s sobre todos los productos de limpieza de <a href=\"https:\/\/trimaco.com\/es\/productos\/productos-de-limpieza-miscelaneos\/\">Trimaco<\/a>!<\/p>\n<p><em>Guante para pintor SuperTuff\u00ae<\/em><\/p>\n<table>\n<tbody>\n<tr>\n<th>Art\u00edculo #<\/th>\n<th>Paquete de<\/th>\n<th>Tama\u00f1o<\/th>\n<\/tr>\n<tr>\n<td>10901<\/td>\n<td>12<\/td>\n<td>le queda a la mayor\u00eda<\/td>\n<\/tr>\n<\/tbody>\n<\/table>\n","protected":false},"excerpt":{"rendered":"<p>Ideal para pintar y limpiar, este guante tiene 3 capas para mantener la mano seca.<\/p>\n","protected":false},"author":2,"featured_media":17642,"parent":14394,"menu_order":4,"comment_status":"closed","ping_status":"closed","template":"page_products-grandchild.php","meta":{"_acf_changed":false,"footnotes":""},"class_list":["post-14401","page","type-page","status-publish","has-post-thumbnail","hentry"],"acf":[],"yoast_head":"<!-- This site is optimized with the Yoast SEO plugin v27.5 - https:\/\/yoast.com\/product\/yoast-seo-wordpress\/ -->\n<title>Guante para pintar SuperTuff\u00ae para \u00e1reas dif\u00edciles de alcanzar- Trimaco<\/title>\n<meta name=\"description\" content=\"El guante para pintar hace que pintar sea m\u00e1s f\u00e1cil en \u00e1reas dif\u00edciles de alcanzar, como barandillas y adornos. La construcci\u00f3n de tres capas proporciona protecci\u00f3n y flexibilidad.\" \/>\n<meta name=\"robots\" content=\"index, follow, max-snippet:-1, max-image-preview:large, max-video-preview:-1\" \/>\n<link rel=\"canonical\" href=\"https:\/\/trimaco.com\/es\/productos\/productos-de-limpieza-miscelaneos\/guante-para-pintar-supertuff\/\" \/>\n<meta property=\"og:locale\" content=\"es_ES\" \/>\n<meta property=\"og:type\" content=\"article\" \/>\n<meta property=\"og:title\" content=\"Guante para pintar SuperTuff\u00ae para \u00e1reas dif\u00edciles de alcanzar- Trimaco\" \/>\n<meta property=\"og:description\" content=\"El guante para pintar hace que pintar sea m\u00e1s f\u00e1cil en \u00e1reas dif\u00edciles de alcanzar, como barandillas y adornos. La construcci\u00f3n de tres capas proporciona protecci\u00f3n y flexibilidad.\" \/>\n<meta property=\"og:url\" content=\"https:\/\/trimaco.com\/es\/productos\/productos-de-limpieza-miscelaneos\/guante-para-pintar-supertuff\/\" \/>\n<meta property=\"og:site_name\" content=\"Trimaco\" \/>\n<meta property=\"article:publisher\" content=\"https:\/\/www.facebook.com\/pages\/Trimaco\/346858225385747?ref=ts\" \/>\n<meta property=\"article:modified_time\" content=\"2024-04-09T13:18:49+00:00\" \/>\n<meta property=\"og:image\" content=\"https:\/\/trimaco.com\/wp-content\/uploads\/2022\/02\/paintmitt-1.webp\" \/>\n\t<meta property=\"og:image:width\" content=\"284\" \/>\n\t<meta property=\"og:image:height\" content=\"283\" \/>\n\t<meta property=\"og:image:type\" content=\"image\/webp\" \/>\n<meta name=\"twitter:card\" content=\"summary_large_image\" \/>\n<meta name=\"twitter:site\" content=\"@trimacoinc\" \/>\n<meta name=\"twitter:label1\" content=\"Tiempo de lectura\" \/>\n\t<meta name=\"twitter:data1\" content=\"1 minuto\" \/>\n<!-- \/ Yoast SEO plugin. -->","yoast_head_json":{"title":"Guante para pintar SuperTuff\u00ae para \u00e1reas dif\u00edciles de alcanzar- Trimaco","description":"El guante para pintar hace que pintar sea m\u00e1s f\u00e1cil en \u00e1reas dif\u00edciles de alcanzar, como barandillas y adornos. La construcci\u00f3n de tres capas proporciona protecci\u00f3n y flexibilidad.","robots":{"index":"index","follow":"follow","max-snippet":"max-snippet:-1","max-image-preview":"max-image-preview:large","max-video-preview":"max-video-preview:-1"},"canonical":"https:\/\/trimaco.com\/es\/productos\/productos-de-limpieza-miscelaneos\/guante-para-pintar-supertuff\/","og_locale":"es_ES","og_type":"article","og_title":"Guante para pintar SuperTuff\u00ae para \u00e1reas dif\u00edciles de alcanzar- Trimaco","og_description":"El guante para pintar hace que pintar sea m\u00e1s f\u00e1cil en \u00e1reas dif\u00edciles de alcanzar, como barandillas y adornos. La construcci\u00f3n de tres capas proporciona protecci\u00f3n y flexibilidad.","og_url":"https:\/\/trimaco.com\/es\/productos\/productos-de-limpieza-miscelaneos\/guante-para-pintar-supertuff\/","og_site_name":"Trimaco","article_publisher":"https:\/\/www.facebook.com\/pages\/Trimaco\/346858225385747?ref=ts","article_modified_time":"2024-04-09T13:18:49+00:00","og_image":[{"width":284,"height":283,"url":"https:\/\/trimaco.com\/wp-content\/uploads\/2022\/02\/paintmitt-1.webp","type":"image\/webp"}],"twitter_card":"summary_large_image","twitter_site":"@trimacoinc","twitter_misc":{"Tiempo de lectura":"1 minuto"},"schema":{"@context":"https:\/\/schema.org","@graph":[{"@type":"WebPage","@id":"https:\/\/trimaco.com\/es\/productos\/productos-de-limpieza-miscelaneos\/guante-para-pintar-supertuff\/","url":"https:\/\/trimaco.com\/es\/productos\/productos-de-limpieza-miscelaneos\/guante-para-pintar-supertuff\/","name":"Guante para pintar SuperTuff\u00ae para \u00e1reas dif\u00edciles de alcanzar- Trimaco","isPartOf":{"@id":"https:\/\/trimaco.com\/#website"},"primaryImageOfPage":{"@id":"https:\/\/trimaco.com\/es\/productos\/productos-de-limpieza-miscelaneos\/guante-para-pintar-supertuff\/#primaryimage"},"image":{"@id":"https:\/\/trimaco.com\/es\/productos\/productos-de-limpieza-miscelaneos\/guante-para-pintar-supertuff\/#primaryimage"},"thumbnailUrl":"https:\/\/trimaco.com\/wp-content\/uploads\/2022\/02\/paintmitt-1.webp","datePublished":"2021-09-09T18:25:45+00:00","dateModified":"2024-04-09T13:18:49+00:00","description":"El guante para pintar hace que pintar sea m\u00e1s f\u00e1cil en \u00e1reas dif\u00edciles de alcanzar, como barandillas y adornos. La construcci\u00f3n de tres capas proporciona protecci\u00f3n y flexibilidad.","breadcrumb":{"@id":"https:\/\/trimaco.com\/es\/productos\/productos-de-limpieza-miscelaneos\/guante-para-pintar-supertuff\/#breadcrumb"},"inLanguage":"es","potentialAction":[{"@type":"ReadAction","target":["https:\/\/trimaco.com\/es\/productos\/productos-de-limpieza-miscelaneos\/guante-para-pintar-supertuff\/"]}]},{"@type":"ImageObject","inLanguage":"es","@id":"https:\/\/trimaco.com\/es\/productos\/productos-de-limpieza-miscelaneos\/guante-para-pintar-supertuff\/#primaryimage","url":"https:\/\/trimaco.com\/wp-content\/uploads\/2022\/02\/paintmitt-1.webp","contentUrl":"https:\/\/trimaco.com\/wp-content\/uploads\/2022\/02\/paintmitt-1.webp","width":284,"height":283,"caption":"Painting furniture leg with painter's mitt"},{"@type":"BreadcrumbList","@id":"https:\/\/trimaco.com\/es\/productos\/productos-de-limpieza-miscelaneos\/guante-para-pintar-supertuff\/#breadcrumb","itemListElement":[{"@type":"ListItem","position":1,"name":"Home","item":"https:\/\/trimaco.com\/"},{"@type":"ListItem","position":2,"name":"Productos","item":"https:\/\/trimaco.com\/es\/productos\/"},{"@type":"ListItem","position":3,"name":"Productos de limpieza miscel\u00e1neos","item":"https:\/\/trimaco.com\/es\/productos\/productos-de-limpieza-miscelaneos\/"},{"@type":"ListItem","position":4,"name":"Guante para pintar SuperTuff\u00ae"}]},{"@type":"WebSite","@id":"https:\/\/trimaco.com\/#website","url":"https:\/\/trimaco.com\/","name":"Trimaco","description":"Total Jobsite Protection\u2122","publisher":{"@id":"https:\/\/trimaco.com\/#organization"},"potentialAction":[{"@type":"SearchAction","target":{"@type":"EntryPoint","urlTemplate":"https:\/\/trimaco.com\/?s={search_term_string}"},"query-input":{"@type":"PropertyValueSpecification","valueRequired":true,"valueName":"search_term_string"}}],"inLanguage":"es"},{"@type":"Organization","@id":"https:\/\/trimaco.com\/#organization","name":"Trimaco","url":"https:\/\/trimaco.com\/","logo":{"@type":"ImageObject","inLanguage":"es","@id":"https:\/\/trimaco.com\/#\/schema\/logo\/image\/","url":"https:\/\/trimaco.com\/wp-content\/uploads\/2016\/08\/login-logo.png","contentUrl":"https:\/\/trimaco.com\/wp-content\/uploads\/2016\/08\/login-logo.png","width":450,"height":69,"caption":"Trimaco"},"image":{"@id":"https:\/\/trimaco.com\/#\/schema\/logo\/image\/"},"sameAs":["https:\/\/www.facebook.com\/pages\/Trimaco\/346858225385747?ref=ts","https:\/\/x.com\/trimacoinc","https:\/\/www.instagram.com\/trimaco_inc\/","https:\/\/pinterest.com\/trimaco\/","https:\/\/www.youtube.com\/c\/trimacoinc"]}]}},"_links":{"self":[{"href":"https:\/\/trimaco.com\/es\/wp-json\/wp\/v2\/pages\/14401","targetHints":{"allow":["GET"]}}],"collection":[{"href":"https:\/\/trimaco.com\/es\/wp-json\/wp\/v2\/pages"}],"about":[{"href":"https:\/\/trimaco.com\/es\/wp-json\/wp\/v2\/types\/page"}],"author":[{"embeddable":true,"href":"https:\/\/trimaco.com\/es\/wp-json\/wp\/v2\/users\/2"}],"replies":[{"embeddable":true,"href":"https:\/\/trimaco.com\/es\/wp-json\/wp\/v2\/comments?post=14401"}],"version-history":[{"count":0,"href":"https:\/\/trimaco.com\/es\/wp-json\/wp\/v2\/pages\/14401\/revisions"}],"up":[{"embeddable":true,"href":"https:\/\/trimaco.com\/es\/wp-json\/wp\/v2\/pages\/14394"}],"wp:featuredmedia":[{"embeddable":true,"href":"https:\/\/trimaco.com\/es\/wp-json\/wp\/v2\/media\/17642"}],"wp:attachment":[{"href":"https:\/\/trimaco.com\/es\/wp-json\/wp\/v2\/media?parent=14401"}],"curies":[{"name":"wp","href":"https:\/\/api.w.org\/{rel}","templated":true}]}}