{"id":14398,"date":"2021-09-09T14:08:22","date_gmt":"2021-09-09T18:08:22","guid":{"rendered":"https:\/\/trimaco.wpengine.com\/productos\/productos-de-limpieza-miscelaneos\/pano-de-gasa-engomado-profesional-supertuff\/"},"modified":"2024-04-09T09:18:15","modified_gmt":"2024-04-09T13:18:15","slug":"pano-de-gasa-engomado-profesional-supertuff","status":"publish","type":"page","link":"https:\/\/trimaco.com\/es\/productos\/productos-de-limpieza-miscelaneos\/pano-de-gasa-engomado-profesional-supertuff\/","title":{"rendered":"Pa\u00f1o de gasa engomado profesional SuperTuff\u00ae"},"content":{"rendered":"<p>Aseg\u00farese de un acabado suave y sin manchas cada vez con el pa\u00f1o de gasa engomado SuperTuff\u00ae de Trimaco. Mientras trabaja en pr\u00e1cticamente cualquier superficie, nuestro pa\u00f1o es excelente para limpiar y eliminar el polvo entre las capas de pintura o tinte y es reutilizable. Tambi\u00e9n uno de los favoritos en la industria automotriz.<\/p>\n<p>Para usar, simplemente abra el pa\u00f1o completamente, emp\u00fa\u00f1elo y limpie la superficie suavemente antes de cada capa de acabado. Este trapo pegajoso recoger\u00e1 cualquier residuo suelto o part\u00edculas de polvo. \u00a1Aseg\u00farese de revisar nuestra <a href=\"https:\/\/trimaco.com\/es\/productos\/productos-de-limpieza-miscelaneos\/el-pano-de-gasa-supertuff-100-de-algodon\/\">estopilla de gasa<\/a> de alta calidad y nuestra l\u00ednea completa de <a href=\"https:\/\/trimaco.com\/es\/productos\/trapos-y-limpiaparabrisas\/\">trapos y limpiadores<\/a>!<\/p>\n<p><em>Pa\u00f1o de gasa engomado SuperTuff\u00ae<\/em><\/p>\n<table>\n<tbody>\n<tr>\n<th>Art\u00edculo #<\/th>\n<th>Paquete de<\/th>\n<th>Tama\u00f1o<\/th>\n<\/tr>\n<tr>\n<td>10501<\/td>\n<td>24\/cart\u00f3n 144\/cj<\/td>\n<td>18&#8243; x 36&#8243; &#8211; 1ct<\/td>\n<\/tr>\n<tr>\n<td>10506<\/td>\n<td>24\/cart\u00f3n<\/td>\n<td>18&#8243; x 36&#8243; &#8211; 6ct<\/td>\n<\/tr>\n<\/tbody>\n<\/table>\n","protected":false},"excerpt":{"rendered":"<p>Se utiliza para preparar una superficie libre de polvo despu\u00e9s del lijado o antes de pintar.<\/p>\n","protected":false},"author":2,"featured_media":17633,"parent":14394,"menu_order":1,"comment_status":"closed","ping_status":"closed","template":"page_products-grandchild.php","meta":{"_acf_changed":false,"footnotes":""},"class_list":["post-14398","page","type-page","status-publish","has-post-thumbnail","hentry"],"acf":[],"yoast_head":"<!-- This site is optimized with the Yoast SEO plugin v27.1.1 - https:\/\/yoast.com\/product\/yoast-seo-wordpress\/ -->\n<title>El pa\u00f1o de gasa engomado SuperTuff\u00ae provee un acabado sin manchas- Trimaco<\/title>\n<meta name=\"description\" content=\"Aseg\u00farese de un acabado suave y sin manchas en todo momento. El pa\u00f1o de gasa engomado es excelente para la limpieza entre capas de pintura o manchas y es reutilizable.\" \/>\n<meta name=\"robots\" content=\"index, follow, max-snippet:-1, max-image-preview:large, max-video-preview:-1\" \/>\n<link rel=\"canonical\" href=\"https:\/\/trimaco.com\/es\/productos\/productos-de-limpieza-miscelaneos\/pano-de-gasa-engomado-profesional-supertuff\/\" \/>\n<meta property=\"og:locale\" content=\"es_ES\" \/>\n<meta property=\"og:type\" content=\"article\" \/>\n<meta property=\"og:title\" content=\"El pa\u00f1o de gasa engomado SuperTuff\u00ae provee un acabado sin manchas- Trimaco\" \/>\n<meta property=\"og:description\" content=\"Aseg\u00farese de un acabado suave y sin manchas en todo momento. El pa\u00f1o de gasa engomado es excelente para la limpieza entre capas de pintura o manchas y es reutilizable.\" \/>\n<meta property=\"og:url\" content=\"https:\/\/trimaco.com\/es\/productos\/productos-de-limpieza-miscelaneos\/pano-de-gasa-engomado-profesional-supertuff\/\" \/>\n<meta property=\"og:site_name\" content=\"Trimaco\" \/>\n<meta property=\"article:publisher\" content=\"https:\/\/www.facebook.com\/pages\/Trimaco\/346858225385747?ref=ts\" \/>\n<meta property=\"article:modified_time\" content=\"2024-04-09T13:18:15+00:00\" \/>\n<meta property=\"og:image\" content=\"https:\/\/trimaco.com\/wp-content\/uploads\/2022\/02\/tackcloth-3.webp\" \/>\n\t<meta property=\"og:image:width\" content=\"284\" \/>\n\t<meta property=\"og:image:height\" content=\"283\" \/>\n\t<meta property=\"og:image:type\" content=\"image\/webp\" \/>\n<meta name=\"twitter:card\" content=\"summary_large_image\" \/>\n<meta name=\"twitter:site\" content=\"@trimacoinc\" \/>\n<meta name=\"twitter:label1\" content=\"Tiempo de lectura\" \/>\n\t<meta name=\"twitter:data1\" content=\"1 minuto\" \/>\n<!-- \/ Yoast SEO plugin. -->","yoast_head_json":{"title":"El pa\u00f1o de gasa engomado SuperTuff\u00ae provee un acabado sin manchas- Trimaco","description":"Aseg\u00farese de un acabado suave y sin manchas en todo momento. El pa\u00f1o de gasa engomado es excelente para la limpieza entre capas de pintura o manchas y es reutilizable.","robots":{"index":"index","follow":"follow","max-snippet":"max-snippet:-1","max-image-preview":"max-image-preview:large","max-video-preview":"max-video-preview:-1"},"canonical":"https:\/\/trimaco.com\/es\/productos\/productos-de-limpieza-miscelaneos\/pano-de-gasa-engomado-profesional-supertuff\/","og_locale":"es_ES","og_type":"article","og_title":"El pa\u00f1o de gasa engomado SuperTuff\u00ae provee un acabado sin manchas- Trimaco","og_description":"Aseg\u00farese de un acabado suave y sin manchas en todo momento. El pa\u00f1o de gasa engomado es excelente para la limpieza entre capas de pintura o manchas y es reutilizable.","og_url":"https:\/\/trimaco.com\/es\/productos\/productos-de-limpieza-miscelaneos\/pano-de-gasa-engomado-profesional-supertuff\/","og_site_name":"Trimaco","article_publisher":"https:\/\/www.facebook.com\/pages\/Trimaco\/346858225385747?ref=ts","article_modified_time":"2024-04-09T13:18:15+00:00","og_image":[{"width":284,"height":283,"url":"https:\/\/trimaco.com\/wp-content\/uploads\/2022\/02\/tackcloth-3.webp","type":"image\/webp"}],"twitter_card":"summary_large_image","twitter_site":"@trimacoinc","twitter_misc":{"Tiempo de lectura":"1 minuto"},"schema":{"@context":"https:\/\/schema.org","@graph":[{"@type":"WebPage","@id":"https:\/\/trimaco.com\/es\/productos\/productos-de-limpieza-miscelaneos\/pano-de-gasa-engomado-profesional-supertuff\/","url":"https:\/\/trimaco.com\/es\/productos\/productos-de-limpieza-miscelaneos\/pano-de-gasa-engomado-profesional-supertuff\/","name":"El pa\u00f1o de gasa engomado SuperTuff\u00ae provee un acabado sin manchas- Trimaco","isPartOf":{"@id":"https:\/\/trimaco.com\/#website"},"primaryImageOfPage":{"@id":"https:\/\/trimaco.com\/es\/productos\/productos-de-limpieza-miscelaneos\/pano-de-gasa-engomado-profesional-supertuff\/#primaryimage"},"image":{"@id":"https:\/\/trimaco.com\/es\/productos\/productos-de-limpieza-miscelaneos\/pano-de-gasa-engomado-profesional-supertuff\/#primaryimage"},"thumbnailUrl":"https:\/\/trimaco.com\/wp-content\/uploads\/2022\/02\/tackcloth-3.webp","datePublished":"2021-09-09T18:08:22+00:00","dateModified":"2024-04-09T13:18:15+00:00","description":"Aseg\u00farese de un acabado suave y sin manchas en todo momento. El pa\u00f1o de gasa engomado es excelente para la limpieza entre capas de pintura o manchas y es reutilizable.","breadcrumb":{"@id":"https:\/\/trimaco.com\/es\/productos\/productos-de-limpieza-miscelaneos\/pano-de-gasa-engomado-profesional-supertuff\/#breadcrumb"},"inLanguage":"es","potentialAction":[{"@type":"ReadAction","target":["https:\/\/trimaco.com\/es\/productos\/productos-de-limpieza-miscelaneos\/pano-de-gasa-engomado-profesional-supertuff\/"]}]},{"@type":"ImageObject","inLanguage":"es","@id":"https:\/\/trimaco.com\/es\/productos\/productos-de-limpieza-miscelaneos\/pano-de-gasa-engomado-profesional-supertuff\/#primaryimage","url":"https:\/\/trimaco.com\/wp-content\/uploads\/2022\/02\/tackcloth-3.webp","contentUrl":"https:\/\/trimaco.com\/wp-content\/uploads\/2022\/02\/tackcloth-3.webp","width":284,"height":283,"caption":"tack cloth in use"},{"@type":"BreadcrumbList","@id":"https:\/\/trimaco.com\/es\/productos\/productos-de-limpieza-miscelaneos\/pano-de-gasa-engomado-profesional-supertuff\/#breadcrumb","itemListElement":[{"@type":"ListItem","position":1,"name":"Home","item":"https:\/\/trimaco.com\/"},{"@type":"ListItem","position":2,"name":"Productos","item":"https:\/\/trimaco.com\/es\/productos\/"},{"@type":"ListItem","position":3,"name":"Productos de limpieza miscel\u00e1neos","item":"https:\/\/trimaco.com\/es\/productos\/productos-de-limpieza-miscelaneos\/"},{"@type":"ListItem","position":4,"name":"Pa\u00f1o de gasa engomado profesional SuperTuff\u00ae"}]},{"@type":"WebSite","@id":"https:\/\/trimaco.com\/#website","url":"https:\/\/trimaco.com\/","name":"Trimaco","description":"Total Jobsite Protection\u2122","publisher":{"@id":"https:\/\/trimaco.com\/#organization"},"potentialAction":[{"@type":"SearchAction","target":{"@type":"EntryPoint","urlTemplate":"https:\/\/trimaco.com\/?s={search_term_string}"},"query-input":{"@type":"PropertyValueSpecification","valueRequired":true,"valueName":"search_term_string"}}],"inLanguage":"es"},{"@type":"Organization","@id":"https:\/\/trimaco.com\/#organization","name":"Trimaco","url":"https:\/\/trimaco.com\/","logo":{"@type":"ImageObject","inLanguage":"es","@id":"https:\/\/trimaco.com\/#\/schema\/logo\/image\/","url":"https:\/\/trimaco.com\/wp-content\/uploads\/2016\/08\/login-logo.png","contentUrl":"https:\/\/trimaco.com\/wp-content\/uploads\/2016\/08\/login-logo.png","width":450,"height":69,"caption":"Trimaco"},"image":{"@id":"https:\/\/trimaco.com\/#\/schema\/logo\/image\/"},"sameAs":["https:\/\/www.facebook.com\/pages\/Trimaco\/346858225385747?ref=ts","https:\/\/x.com\/trimacoinc","https:\/\/www.instagram.com\/trimaco_inc\/","https:\/\/pinterest.com\/trimaco\/","https:\/\/www.youtube.com\/c\/trimacoinc"]}]}},"_links":{"self":[{"href":"https:\/\/trimaco.com\/es\/wp-json\/wp\/v2\/pages\/14398","targetHints":{"allow":["GET"]}}],"collection":[{"href":"https:\/\/trimaco.com\/es\/wp-json\/wp\/v2\/pages"}],"about":[{"href":"https:\/\/trimaco.com\/es\/wp-json\/wp\/v2\/types\/page"}],"author":[{"embeddable":true,"href":"https:\/\/trimaco.com\/es\/wp-json\/wp\/v2\/users\/2"}],"replies":[{"embeddable":true,"href":"https:\/\/trimaco.com\/es\/wp-json\/wp\/v2\/comments?post=14398"}],"version-history":[{"count":0,"href":"https:\/\/trimaco.com\/es\/wp-json\/wp\/v2\/pages\/14398\/revisions"}],"up":[{"embeddable":true,"href":"https:\/\/trimaco.com\/es\/wp-json\/wp\/v2\/pages\/14394"}],"wp:featuredmedia":[{"embeddable":true,"href":"https:\/\/trimaco.com\/es\/wp-json\/wp\/v2\/media\/17633"}],"wp:attachment":[{"href":"https:\/\/trimaco.com\/es\/wp-json\/wp\/v2\/media?parent=14398"}],"curies":[{"name":"wp","href":"https:\/\/api.w.org\/{rel}","templated":true}]}}