{"id":14396,"date":"2021-09-09T14:03:38","date_gmt":"2021-09-09T18:03:38","guid":{"rendered":"https:\/\/trimaco.wpengine.com\/productos\/productos-de-limpieza-miscelaneos\/el-pano-de-gasa-supertuff-100-de-algodon\/"},"modified":"2024-04-09T09:18:01","modified_gmt":"2024-04-09T13:18:01","slug":"el-pano-de-gasa-supertuff-100-de-algodon","status":"publish","type":"page","link":"https:\/\/trimaco.com\/es\/productos\/productos-de-limpieza-miscelaneos\/el-pano-de-gasa-supertuff-100-de-algodon\/","title":{"rendered":"El pa\u00f1o de gasa SuperTuff\u00ae 100% de algod\u00f3n"},"content":{"rendered":"<p>El pa\u00f1o de gasa de lujo SuperTuff\u00ae de Trimaco es 100% de algod\u00f3n, no deja pelusas. Es perfecto para sus proyectos de tinci\u00f3n, pulido y acabado falso. El pa\u00f1o de gasa de algod\u00f3n funciona muy bien para desempolvar, pulir, limpiar, cocinar y colar. El pa\u00f1o de gasa reutilizable est\u00e1 disponible en varios tama\u00f1os.<\/p>\n<ul>\n<li>\u2022 100% algod\u00f3n<\/li>\n<li>Para tinci\u00f3n, pulido y acabado de imitaci\u00f3n<\/li>\n<li>Se puede utilizar para cocinar, sin embargo, enju\u00e1guelo bien antes de su uso<\/li>\n<\/ul>\n<p>Aseg\u00farese de revisar la l\u00ednea completa de <a href=\"https:\/\/trimaco.com\/es\/productos\/trapos-y-limpiaparabrisas\/\">trapos<\/a> y otros productos de limpieza de <a href=\"https:\/\/trimaco.com\/es\/productos\/productos-de-limpieza-miscelaneos\/\">Trimaco<\/a>.<\/p>\n<p><em>Pa\u00f1o de gasa SuperTuff\u00ae<\/em><\/p>\n<table>\n<tbody>\n<tr>\n<th># de Art\u00edculo<\/th>\n<th>Paquete de<\/th>\n<th>Tama\u00f1o<\/th>\n<\/tr>\n<tr>\n<td>10301<\/td>\n<td>12<\/td>\n<td>2 sq yd<\/td>\n<\/tr>\n<tr>\n<td>10303<\/td>\n<td>12<\/td>\n<td>4 sq yd<\/td>\n<\/tr>\n<tr>\n<td>10304<\/td>\n<td>4 rollos<\/td>\n<td># de malla 32&#215;28 &#8211; rollo de 60 yd<\/td>\n<\/tr>\n<\/tbody>\n<\/table>\n","protected":false},"excerpt":{"rendered":"<p>El pa\u00f1o de gasa de algod\u00f3n blanco es ideal para el acabado de imitaci\u00f3n, la tinci\u00f3n, la limpieza y la cocci\u00f3n.<\/p>\n","protected":false},"author":2,"featured_media":17629,"parent":14394,"menu_order":0,"comment_status":"closed","ping_status":"closed","template":"page_products-grandchild.php","meta":{"_acf_changed":false,"footnotes":""},"class_list":["post-14396","page","type-page","status-publish","has-post-thumbnail","hentry"],"acf":[],"yoast_head":"<!-- This site is optimized with the Yoast SEO plugin v27.3 - https:\/\/yoast.com\/product\/yoast-seo-wordpress\/ -->\n<title>Pa\u00f1o de gasa reutilizable 100% de algod\u00f3n tejido suelto- Trimaco<\/title>\n<meta name=\"description\" content=\"El pa\u00f1o de gasa de lujo SuperTuff\u00ae de Trimaco es 100% de algod\u00f3n, libre de pelusas, esta estopilla es reutilizable y perfecta para sus proyectos de tinci\u00f3n, pulido y acabado falso.\" \/>\n<meta name=\"robots\" content=\"index, follow, max-snippet:-1, max-image-preview:large, max-video-preview:-1\" \/>\n<link rel=\"canonical\" href=\"https:\/\/trimaco.com\/es\/productos\/productos-de-limpieza-miscelaneos\/el-pano-de-gasa-supertuff-100-de-algodon\/\" \/>\n<meta property=\"og:locale\" content=\"es_ES\" \/>\n<meta property=\"og:type\" content=\"article\" \/>\n<meta property=\"og:title\" content=\"Pa\u00f1o de gasa reutilizable 100% de algod\u00f3n tejido suelto- Trimaco\" \/>\n<meta property=\"og:description\" content=\"El pa\u00f1o de gasa de lujo SuperTuff\u00ae de Trimaco es 100% de algod\u00f3n, libre de pelusas, esta estopilla es reutilizable y perfecta para sus proyectos de tinci\u00f3n, pulido y acabado falso.\" \/>\n<meta property=\"og:url\" content=\"https:\/\/trimaco.com\/es\/productos\/productos-de-limpieza-miscelaneos\/el-pano-de-gasa-supertuff-100-de-algodon\/\" \/>\n<meta property=\"og:site_name\" content=\"Trimaco\" \/>\n<meta property=\"article:publisher\" content=\"https:\/\/www.facebook.com\/pages\/Trimaco\/346858225385747?ref=ts\" \/>\n<meta property=\"article:modified_time\" content=\"2024-04-09T13:18:01+00:00\" \/>\n<meta property=\"og:image\" content=\"https:\/\/trimaco.com\/wp-content\/uploads\/2022\/02\/cheesecloth-1.webp\" \/>\n\t<meta property=\"og:image:width\" content=\"284\" \/>\n\t<meta property=\"og:image:height\" content=\"283\" \/>\n\t<meta property=\"og:image:type\" content=\"image\/webp\" \/>\n<meta name=\"twitter:card\" content=\"summary_large_image\" \/>\n<meta name=\"twitter:site\" content=\"@trimacoinc\" \/>\n<meta name=\"twitter:label1\" content=\"Tiempo de lectura\" \/>\n\t<meta name=\"twitter:data1\" content=\"1 minuto\" \/>\n<!-- \/ Yoast SEO plugin. -->","yoast_head_json":{"title":"Pa\u00f1o de gasa reutilizable 100% de algod\u00f3n tejido suelto- Trimaco","description":"El pa\u00f1o de gasa de lujo SuperTuff\u00ae de Trimaco es 100% de algod\u00f3n, libre de pelusas, esta estopilla es reutilizable y perfecta para sus proyectos de tinci\u00f3n, pulido y acabado falso.","robots":{"index":"index","follow":"follow","max-snippet":"max-snippet:-1","max-image-preview":"max-image-preview:large","max-video-preview":"max-video-preview:-1"},"canonical":"https:\/\/trimaco.com\/es\/productos\/productos-de-limpieza-miscelaneos\/el-pano-de-gasa-supertuff-100-de-algodon\/","og_locale":"es_ES","og_type":"article","og_title":"Pa\u00f1o de gasa reutilizable 100% de algod\u00f3n tejido suelto- Trimaco","og_description":"El pa\u00f1o de gasa de lujo SuperTuff\u00ae de Trimaco es 100% de algod\u00f3n, libre de pelusas, esta estopilla es reutilizable y perfecta para sus proyectos de tinci\u00f3n, pulido y acabado falso.","og_url":"https:\/\/trimaco.com\/es\/productos\/productos-de-limpieza-miscelaneos\/el-pano-de-gasa-supertuff-100-de-algodon\/","og_site_name":"Trimaco","article_publisher":"https:\/\/www.facebook.com\/pages\/Trimaco\/346858225385747?ref=ts","article_modified_time":"2024-04-09T13:18:01+00:00","og_image":[{"width":284,"height":283,"url":"https:\/\/trimaco.com\/wp-content\/uploads\/2022\/02\/cheesecloth-1.webp","type":"image\/webp"}],"twitter_card":"summary_large_image","twitter_site":"@trimacoinc","twitter_misc":{"Tiempo de lectura":"1 minuto"},"schema":{"@context":"https:\/\/schema.org","@graph":[{"@type":"WebPage","@id":"https:\/\/trimaco.com\/es\/productos\/productos-de-limpieza-miscelaneos\/el-pano-de-gasa-supertuff-100-de-algodon\/","url":"https:\/\/trimaco.com\/es\/productos\/productos-de-limpieza-miscelaneos\/el-pano-de-gasa-supertuff-100-de-algodon\/","name":"Pa\u00f1o de gasa reutilizable 100% de algod\u00f3n tejido suelto- Trimaco","isPartOf":{"@id":"https:\/\/trimaco.com\/#website"},"primaryImageOfPage":{"@id":"https:\/\/trimaco.com\/es\/productos\/productos-de-limpieza-miscelaneos\/el-pano-de-gasa-supertuff-100-de-algodon\/#primaryimage"},"image":{"@id":"https:\/\/trimaco.com\/es\/productos\/productos-de-limpieza-miscelaneos\/el-pano-de-gasa-supertuff-100-de-algodon\/#primaryimage"},"thumbnailUrl":"https:\/\/trimaco.com\/wp-content\/uploads\/2022\/02\/cheesecloth-1.webp","datePublished":"2021-09-09T18:03:38+00:00","dateModified":"2024-04-09T13:18:01+00:00","description":"El pa\u00f1o de gasa de lujo SuperTuff\u00ae de Trimaco es 100% de algod\u00f3n, libre de pelusas, esta estopilla es reutilizable y perfecta para sus proyectos de tinci\u00f3n, pulido y acabado falso.","breadcrumb":{"@id":"https:\/\/trimaco.com\/es\/productos\/productos-de-limpieza-miscelaneos\/el-pano-de-gasa-supertuff-100-de-algodon\/#breadcrumb"},"inLanguage":"es","potentialAction":[{"@type":"ReadAction","target":["https:\/\/trimaco.com\/es\/productos\/productos-de-limpieza-miscelaneos\/el-pano-de-gasa-supertuff-100-de-algodon\/"]}]},{"@type":"ImageObject","inLanguage":"es","@id":"https:\/\/trimaco.com\/es\/productos\/productos-de-limpieza-miscelaneos\/el-pano-de-gasa-supertuff-100-de-algodon\/#primaryimage","url":"https:\/\/trimaco.com\/wp-content\/uploads\/2022\/02\/cheesecloth-1.webp","contentUrl":"https:\/\/trimaco.com\/wp-content\/uploads\/2022\/02\/cheesecloth-1.webp","width":284,"height":283,"caption":"Staining furniture leg with cheesecloth"},{"@type":"BreadcrumbList","@id":"https:\/\/trimaco.com\/es\/productos\/productos-de-limpieza-miscelaneos\/el-pano-de-gasa-supertuff-100-de-algodon\/#breadcrumb","itemListElement":[{"@type":"ListItem","position":1,"name":"Home","item":"https:\/\/trimaco.com\/"},{"@type":"ListItem","position":2,"name":"Productos","item":"https:\/\/trimaco.com\/es\/productos\/"},{"@type":"ListItem","position":3,"name":"Productos de limpieza miscel\u00e1neos","item":"https:\/\/trimaco.com\/es\/productos\/productos-de-limpieza-miscelaneos\/"},{"@type":"ListItem","position":4,"name":"El pa\u00f1o de gasa SuperTuff\u00ae 100% de algod\u00f3n"}]},{"@type":"WebSite","@id":"https:\/\/trimaco.com\/#website","url":"https:\/\/trimaco.com\/","name":"Trimaco","description":"Total Jobsite Protection\u2122","publisher":{"@id":"https:\/\/trimaco.com\/#organization"},"potentialAction":[{"@type":"SearchAction","target":{"@type":"EntryPoint","urlTemplate":"https:\/\/trimaco.com\/?s={search_term_string}"},"query-input":{"@type":"PropertyValueSpecification","valueRequired":true,"valueName":"search_term_string"}}],"inLanguage":"es"},{"@type":"Organization","@id":"https:\/\/trimaco.com\/#organization","name":"Trimaco","url":"https:\/\/trimaco.com\/","logo":{"@type":"ImageObject","inLanguage":"es","@id":"https:\/\/trimaco.com\/#\/schema\/logo\/image\/","url":"https:\/\/trimaco.com\/wp-content\/uploads\/2016\/08\/login-logo.png","contentUrl":"https:\/\/trimaco.com\/wp-content\/uploads\/2016\/08\/login-logo.png","width":450,"height":69,"caption":"Trimaco"},"image":{"@id":"https:\/\/trimaco.com\/#\/schema\/logo\/image\/"},"sameAs":["https:\/\/www.facebook.com\/pages\/Trimaco\/346858225385747?ref=ts","https:\/\/x.com\/trimacoinc","https:\/\/www.instagram.com\/trimaco_inc\/","https:\/\/pinterest.com\/trimaco\/","https:\/\/www.youtube.com\/c\/trimacoinc"]}]}},"_links":{"self":[{"href":"https:\/\/trimaco.com\/es\/wp-json\/wp\/v2\/pages\/14396","targetHints":{"allow":["GET"]}}],"collection":[{"href":"https:\/\/trimaco.com\/es\/wp-json\/wp\/v2\/pages"}],"about":[{"href":"https:\/\/trimaco.com\/es\/wp-json\/wp\/v2\/types\/page"}],"author":[{"embeddable":true,"href":"https:\/\/trimaco.com\/es\/wp-json\/wp\/v2\/users\/2"}],"replies":[{"embeddable":true,"href":"https:\/\/trimaco.com\/es\/wp-json\/wp\/v2\/comments?post=14396"}],"version-history":[{"count":0,"href":"https:\/\/trimaco.com\/es\/wp-json\/wp\/v2\/pages\/14396\/revisions"}],"up":[{"embeddable":true,"href":"https:\/\/trimaco.com\/es\/wp-json\/wp\/v2\/pages\/14394"}],"wp:featuredmedia":[{"embeddable":true,"href":"https:\/\/trimaco.com\/es\/wp-json\/wp\/v2\/media\/17629"}],"wp:attachment":[{"href":"https:\/\/trimaco.com\/es\/wp-json\/wp\/v2\/media?parent=14396"}],"curies":[{"name":"wp","href":"https:\/\/api.w.org\/{rel}","templated":true}]}}