{"id":14394,"date":"2021-09-09T14:01:46","date_gmt":"2021-09-09T18:01:46","guid":{"rendered":"https:\/\/trimaco.wpengine.com\/productos\/productos-de-limpieza-miscelaneos\/"},"modified":"2022-02-17T16:38:13","modified_gmt":"2022-02-17T20:38:13","slug":"productos-de-limpieza-miscelaneos","status":"publish","type":"page","link":"https:\/\/trimaco.com\/es\/productos\/productos-de-limpieza-miscelaneos\/","title":{"rendered":"Productos de limpieza miscel\u00e1neos"},"content":{"rendered":"<p>La colecci\u00f3n de productos de limpieza de alta calidad de Trimaco son perfectas para la preparaci\u00f3n de pintura, la limpieza del hogar y la limpieza automotriz. Desde pa\u00f1os y trapos de polvo de microfibra hasta <a href=\"https:\/\/trimaco.com\/es\/productos\/productos-de-limpieza-miscelaneos\/el-pano-de-gasa-supertuff-100-de-algodon\/\">estopillas de gasa<\/a> y guantes de tela para pintar, la l\u00ednea de productos de limpieza de Trimaco lo ayudar\u00e1 a hacer el trabajo. <\/p>\n<p>Todas nuestras toallas, toallitas y trapos cuentan con una construcci\u00f3n especial que los hace m\u00e1s duraderos y absorbentes que las toallas de papel <a href=\"https:\/\/trimaco.com\/es\/productos\/trapos-y-limpiaparabrisas\/\">y trapos est\u00e1ndar.<\/a> Ya sea que necesite pa\u00f1os de limpieza generales o toallitas industriales de servicio pesado, sabemos que estar\u00e1 satisfecho con la calidad de nuestros trapos.<\/p>\n","protected":false},"excerpt":{"rendered":"<p>La colecci\u00f3n de productos de limpieza de alta calidad de Trimaco son perfectas para la preparaci\u00f3n de pintura, la limpieza del hogar y la limpieza automotriz. Desde pa\u00f1os y trapos de polvo de microfibra hasta<a class=\"read-more\" href=\"https:\/\/trimaco.com\/es\/productos\/productos-de-limpieza-miscelaneos\/\"> &#8230;Continue Reading<\/a><\/p>\n","protected":false},"author":2,"featured_media":17647,"parent":10374,"menu_order":18,"comment_status":"closed","ping_status":"closed","template":"page_products-child.php","meta":{"_acf_changed":false,"footnotes":""},"class_list":["post-14394","page","type-page","status-publish","has-post-thumbnail","hentry"],"acf":[],"yoast_head":"<!-- This site is optimized with the Yoast SEO plugin v27.1.1 - https:\/\/yoast.com\/product\/yoast-seo-wordpress\/ -->\n<title>Productos de limpieza miscel\u00e1neos. Confianza en el sitio de trabajo. - Trimaco<\/title>\n<meta name=\"description\" content=\"Trimaco ofrece varios productos de limpieza para ayudarle a hacer su trabajo. Desde nuestro Guante para pintar Pro Paint hasta nuestras esponjas de tinci\u00f3n, \u00a1lo tenemos cubierto!\" \/>\n<meta name=\"robots\" content=\"index, follow, max-snippet:-1, max-image-preview:large, max-video-preview:-1\" \/>\n<link rel=\"canonical\" href=\"https:\/\/trimaco.com\/es\/productos\/productos-de-limpieza-miscelaneos\/\" \/>\n<meta property=\"og:locale\" content=\"es_ES\" \/>\n<meta property=\"og:type\" content=\"article\" \/>\n<meta property=\"og:title\" content=\"Productos de limpieza miscel\u00e1neos. Confianza en el sitio de trabajo. - Trimaco\" \/>\n<meta property=\"og:description\" content=\"Trimaco ofrece varios productos de limpieza para ayudarle a hacer su trabajo. Desde nuestro Guante para pintar Pro Paint hasta nuestras esponjas de tinci\u00f3n, \u00a1lo tenemos cubierto!\" \/>\n<meta property=\"og:url\" content=\"https:\/\/trimaco.com\/es\/productos\/productos-de-limpieza-miscelaneos\/\" \/>\n<meta property=\"og:site_name\" content=\"Trimaco\" \/>\n<meta property=\"article:publisher\" content=\"https:\/\/www.facebook.com\/pages\/Trimaco\/346858225385747?ref=ts\" \/>\n<meta property=\"article:modified_time\" content=\"2022-02-17T20:38:13+00:00\" \/>\n<meta property=\"og:image\" content=\"https:\/\/trimaco.com\/wp-content\/uploads\/2022\/02\/paintmitt-3.webp\" \/>\n\t<meta property=\"og:image:width\" content=\"284\" \/>\n\t<meta property=\"og:image:height\" content=\"283\" \/>\n\t<meta property=\"og:image:type\" content=\"image\/webp\" \/>\n<meta name=\"twitter:card\" content=\"summary_large_image\" \/>\n<meta name=\"twitter:site\" content=\"@trimacoinc\" \/>\n<meta name=\"twitter:label1\" content=\"Tiempo de lectura\" \/>\n\t<meta name=\"twitter:data1\" content=\"1 minuto\" \/>\n<!-- \/ Yoast SEO plugin. -->","yoast_head_json":{"title":"Productos de limpieza miscel\u00e1neos. Confianza en el sitio de trabajo. - Trimaco","description":"Trimaco ofrece varios productos de limpieza para ayudarle a hacer su trabajo. Desde nuestro Guante para pintar Pro Paint hasta nuestras esponjas de tinci\u00f3n, \u00a1lo tenemos cubierto!","robots":{"index":"index","follow":"follow","max-snippet":"max-snippet:-1","max-image-preview":"max-image-preview:large","max-video-preview":"max-video-preview:-1"},"canonical":"https:\/\/trimaco.com\/es\/productos\/productos-de-limpieza-miscelaneos\/","og_locale":"es_ES","og_type":"article","og_title":"Productos de limpieza miscel\u00e1neos. Confianza en el sitio de trabajo. - Trimaco","og_description":"Trimaco ofrece varios productos de limpieza para ayudarle a hacer su trabajo. Desde nuestro Guante para pintar Pro Paint hasta nuestras esponjas de tinci\u00f3n, \u00a1lo tenemos cubierto!","og_url":"https:\/\/trimaco.com\/es\/productos\/productos-de-limpieza-miscelaneos\/","og_site_name":"Trimaco","article_publisher":"https:\/\/www.facebook.com\/pages\/Trimaco\/346858225385747?ref=ts","article_modified_time":"2022-02-17T20:38:13+00:00","og_image":[{"width":284,"height":283,"url":"https:\/\/trimaco.com\/wp-content\/uploads\/2022\/02\/paintmitt-3.webp","type":"image\/webp"}],"twitter_card":"summary_large_image","twitter_site":"@trimacoinc","twitter_misc":{"Tiempo de lectura":"1 minuto"},"schema":{"@context":"https:\/\/schema.org","@graph":[{"@type":"WebPage","@id":"https:\/\/trimaco.com\/es\/productos\/productos-de-limpieza-miscelaneos\/","url":"https:\/\/trimaco.com\/es\/productos\/productos-de-limpieza-miscelaneos\/","name":"Productos de limpieza miscel\u00e1neos. Confianza en el sitio de trabajo. - Trimaco","isPartOf":{"@id":"https:\/\/trimaco.com\/#website"},"primaryImageOfPage":{"@id":"https:\/\/trimaco.com\/es\/productos\/productos-de-limpieza-miscelaneos\/#primaryimage"},"image":{"@id":"https:\/\/trimaco.com\/es\/productos\/productos-de-limpieza-miscelaneos\/#primaryimage"},"thumbnailUrl":"https:\/\/trimaco.com\/wp-content\/uploads\/2022\/02\/paintmitt-3.webp","datePublished":"2021-09-09T18:01:46+00:00","dateModified":"2022-02-17T20:38:13+00:00","description":"Trimaco ofrece varios productos de limpieza para ayudarle a hacer su trabajo. Desde nuestro Guante para pintar Pro Paint hasta nuestras esponjas de tinci\u00f3n, \u00a1lo tenemos cubierto!","breadcrumb":{"@id":"https:\/\/trimaco.com\/es\/productos\/productos-de-limpieza-miscelaneos\/#breadcrumb"},"inLanguage":"es","potentialAction":[{"@type":"ReadAction","target":["https:\/\/trimaco.com\/es\/productos\/productos-de-limpieza-miscelaneos\/"]}]},{"@type":"ImageObject","inLanguage":"es","@id":"https:\/\/trimaco.com\/es\/productos\/productos-de-limpieza-miscelaneos\/#primaryimage","url":"https:\/\/trimaco.com\/wp-content\/uploads\/2022\/02\/paintmitt-3.webp","contentUrl":"https:\/\/trimaco.com\/wp-content\/uploads\/2022\/02\/paintmitt-3.webp","width":284,"height":283,"caption":"staining a chair with painter's mitt"},{"@type":"BreadcrumbList","@id":"https:\/\/trimaco.com\/es\/productos\/productos-de-limpieza-miscelaneos\/#breadcrumb","itemListElement":[{"@type":"ListItem","position":1,"name":"Home","item":"https:\/\/trimaco.com\/"},{"@type":"ListItem","position":2,"name":"Productos","item":"https:\/\/trimaco.com\/es\/productos\/"},{"@type":"ListItem","position":3,"name":"Productos de limpieza miscel\u00e1neos"}]},{"@type":"WebSite","@id":"https:\/\/trimaco.com\/#website","url":"https:\/\/trimaco.com\/","name":"Trimaco","description":"Total Jobsite Protection\u2122","publisher":{"@id":"https:\/\/trimaco.com\/#organization"},"potentialAction":[{"@type":"SearchAction","target":{"@type":"EntryPoint","urlTemplate":"https:\/\/trimaco.com\/?s={search_term_string}"},"query-input":{"@type":"PropertyValueSpecification","valueRequired":true,"valueName":"search_term_string"}}],"inLanguage":"es"},{"@type":"Organization","@id":"https:\/\/trimaco.com\/#organization","name":"Trimaco","url":"https:\/\/trimaco.com\/","logo":{"@type":"ImageObject","inLanguage":"es","@id":"https:\/\/trimaco.com\/#\/schema\/logo\/image\/","url":"https:\/\/trimaco.com\/wp-content\/uploads\/2016\/08\/login-logo.png","contentUrl":"https:\/\/trimaco.com\/wp-content\/uploads\/2016\/08\/login-logo.png","width":450,"height":69,"caption":"Trimaco"},"image":{"@id":"https:\/\/trimaco.com\/#\/schema\/logo\/image\/"},"sameAs":["https:\/\/www.facebook.com\/pages\/Trimaco\/346858225385747?ref=ts","https:\/\/x.com\/trimacoinc","https:\/\/www.instagram.com\/trimaco_inc\/","https:\/\/pinterest.com\/trimaco\/","https:\/\/www.youtube.com\/c\/trimacoinc"]}]}},"_links":{"self":[{"href":"https:\/\/trimaco.com\/es\/wp-json\/wp\/v2\/pages\/14394","targetHints":{"allow":["GET"]}}],"collection":[{"href":"https:\/\/trimaco.com\/es\/wp-json\/wp\/v2\/pages"}],"about":[{"href":"https:\/\/trimaco.com\/es\/wp-json\/wp\/v2\/types\/page"}],"author":[{"embeddable":true,"href":"https:\/\/trimaco.com\/es\/wp-json\/wp\/v2\/users\/2"}],"replies":[{"embeddable":true,"href":"https:\/\/trimaco.com\/es\/wp-json\/wp\/v2\/comments?post=14394"}],"version-history":[{"count":0,"href":"https:\/\/trimaco.com\/es\/wp-json\/wp\/v2\/pages\/14394\/revisions"}],"up":[{"embeddable":true,"href":"https:\/\/trimaco.com\/es\/wp-json\/wp\/v2\/pages\/10374"}],"wp:featuredmedia":[{"embeddable":true,"href":"https:\/\/trimaco.com\/es\/wp-json\/wp\/v2\/media\/17647"}],"wp:attachment":[{"href":"https:\/\/trimaco.com\/es\/wp-json\/wp\/v2\/media?parent=14394"}],"curies":[{"name":"wp","href":"https:\/\/api.w.org\/{rel}","templated":true}]}}