{"id":14292,"date":"2021-07-30T10:04:49","date_gmt":"2021-07-30T14:04:49","guid":{"rendered":"https:\/\/trimaco.wpengine.com\/productos\/trapos-y-limpiaparabrisas\/limpiador-profesional-de-tela-sontara-one-tuff-absorbentes-y-duraderos\/"},"modified":"2024-04-09T09:29:53","modified_gmt":"2024-04-09T13:29:53","slug":"limpiador-profesional-de-tela-sontara-one-tuff-absorbentes-y-duraderos","status":"publish","type":"page","link":"https:\/\/trimaco.com\/es\/productos\/trapos-y-limpiaparabrisas\/limpiador-profesional-de-tela-sontara-one-tuff-absorbentes-y-duraderos\/","title":{"rendered":"Limpiador profesional de tela Sontara One Tuff\u00ae absorbentes y duraderos"},"content":{"rendered":"<h3>TELA DE LIMPIEZA AZUL DE GRADO PROFESIONAL<\/h3>\n<p>El pa\u00f1o de limpieza One Tuff\u00ae de Trimaco est\u00e1 dise\u00f1ado por Sontara\u00ae en un proceso de cordones hilados, utilizando chorros de agua en forma de aguja para tejer las fibras en uno de los pa\u00f1os de limpieza m\u00e1s <a href=\"https:\/\/trimaco.com\/es\/productos\/trapos-y-limpiaparabrisas\/\">duraderos<\/a> disponibles. <\/p>\n<p>\u00a1Es ideal para una amplia gama de aplicaciones, incluyendo limpieza de hogar y pintura, fabricaci\u00f3n, reparaci\u00f3n de autom\u00f3viles y maquinaria y muchos m\u00e1s! Con su mayor tama\u00f1o de hoja, resistencia y durabilidad, \u00a1puede usar y reutilizar el One Tuff\u00ae una y otra vez! Los limpiadores vienen en una caja dispensadora conveniente, orgullosamente hechos en los EE.UU.<\/p>\n<ul>\n<li>\u2022 Ideal para limpiar la pintura<\/li>\n<li>\u2022 Resistente en todas las superficies<\/li>\n<li>\u2022 Durable h\u00famedo o seco<\/li>\n<li>\u2022 S\u00faper absorbente<\/li>\n<li>\u2022 Ideal para uso en tiendas<\/li>\n<li>\u2022 No es lavable<\/li>\n<\/ul>\n<p><em>Pa\u00f1os de limpieza One Tuff\u00ae<\/em><\/p>\n<table>\n<tbody>\n<tr>\n<th># de Art\u00edculo<\/th>\n<th>Paquete de<\/th>\n<th>Tama\u00f1o<\/th>\n<\/tr>\n<tr>\n<td>84075<\/td>\n<td>8<\/td>\n<td>12&#8243; x 16.5&#8243; &#8211; 75ct<\/td>\n<\/tr>\n<tr>\n<td>84075\/4<\/td>\n<td>4<\/td>\n<td>12&#8243; x 16.5&#8243; &#8211; 75ct<\/td>\n<\/tr>\n<\/tbody>\n<\/table>\n","protected":false},"excerpt":{"rendered":"<p>Hecho de material Sontara patentado\u00ae para proporcionar limpiadores resistentes a los disolventes, resistentes y de alto rendimiento.<\/p>\n","protected":false},"author":2,"featured_media":19616,"parent":14278,"menu_order":8,"comment_status":"closed","ping_status":"closed","template":"page_products-grandchild.php","meta":{"_acf_changed":false,"footnotes":""},"class_list":["post-14292","page","type-page","status-publish","has-post-thumbnail","hentry"],"acf":[],"yoast_head":"<!-- This site is optimized with the Yoast SEO plugin v27.3 - https:\/\/yoast.com\/product\/yoast-seo-wordpress\/ -->\n<title>Limpiador profesional de tela Sontara One Tuff\u00ae<\/title>\n<meta name=\"description\" content=\"Dise\u00f1ado por Sontara\u00ae en un proceso de cordones hilados, utilizando chorros de agua en forma de aguja para tejer las fibras en el pa\u00f1o de limpieza m\u00e1s duradero disponible.\" \/>\n<meta name=\"robots\" content=\"index, follow, max-snippet:-1, max-image-preview:large, max-video-preview:-1\" \/>\n<link rel=\"canonical\" href=\"https:\/\/trimaco.com\/es\/productos\/trapos-y-limpiaparabrisas\/limpiador-profesional-de-tela-sontara-one-tuff-absorbentes-y-duraderos\/\" \/>\n<meta property=\"og:locale\" content=\"es_ES\" \/>\n<meta property=\"og:type\" content=\"article\" \/>\n<meta property=\"og:title\" content=\"Limpiador profesional de tela Sontara One Tuff\u00ae\" \/>\n<meta property=\"og:description\" content=\"Dise\u00f1ado por Sontara\u00ae en un proceso de cordones hilados, utilizando chorros de agua en forma de aguja para tejer las fibras en el pa\u00f1o de limpieza m\u00e1s duradero disponible.\" \/>\n<meta property=\"og:url\" content=\"https:\/\/trimaco.com\/es\/productos\/trapos-y-limpiaparabrisas\/limpiador-profesional-de-tela-sontara-one-tuff-absorbentes-y-duraderos\/\" \/>\n<meta property=\"og:site_name\" content=\"Trimaco\" \/>\n<meta property=\"article:publisher\" content=\"https:\/\/www.facebook.com\/pages\/Trimaco\/346858225385747?ref=ts\" \/>\n<meta property=\"article:modified_time\" content=\"2024-04-09T13:29:53+00:00\" \/>\n<meta property=\"og:image\" content=\"https:\/\/trimaco.com\/wp-content\/uploads\/2023\/02\/OneTuffWiper_action_6_sq-500x500-1.jpg\" \/>\n\t<meta property=\"og:image:width\" content=\"500\" \/>\n\t<meta property=\"og:image:height\" content=\"500\" \/>\n\t<meta property=\"og:image:type\" content=\"image\/jpeg\" \/>\n<meta name=\"twitter:card\" content=\"summary_large_image\" \/>\n<meta name=\"twitter:site\" content=\"@trimacoinc\" \/>\n<meta name=\"twitter:label1\" content=\"Tiempo de lectura\" \/>\n\t<meta name=\"twitter:data1\" content=\"1 minuto\" \/>\n<!-- \/ Yoast SEO plugin. -->","yoast_head_json":{"title":"Limpiador profesional de tela Sontara One Tuff\u00ae","description":"Dise\u00f1ado por Sontara\u00ae en un proceso de cordones hilados, utilizando chorros de agua en forma de aguja para tejer las fibras en el pa\u00f1o de limpieza m\u00e1s duradero disponible.","robots":{"index":"index","follow":"follow","max-snippet":"max-snippet:-1","max-image-preview":"max-image-preview:large","max-video-preview":"max-video-preview:-1"},"canonical":"https:\/\/trimaco.com\/es\/productos\/trapos-y-limpiaparabrisas\/limpiador-profesional-de-tela-sontara-one-tuff-absorbentes-y-duraderos\/","og_locale":"es_ES","og_type":"article","og_title":"Limpiador profesional de tela Sontara One Tuff\u00ae","og_description":"Dise\u00f1ado por Sontara\u00ae en un proceso de cordones hilados, utilizando chorros de agua en forma de aguja para tejer las fibras en el pa\u00f1o de limpieza m\u00e1s duradero disponible.","og_url":"https:\/\/trimaco.com\/es\/productos\/trapos-y-limpiaparabrisas\/limpiador-profesional-de-tela-sontara-one-tuff-absorbentes-y-duraderos\/","og_site_name":"Trimaco","article_publisher":"https:\/\/www.facebook.com\/pages\/Trimaco\/346858225385747?ref=ts","article_modified_time":"2024-04-09T13:29:53+00:00","og_image":[{"width":500,"height":500,"url":"https:\/\/trimaco.com\/wp-content\/uploads\/2023\/02\/OneTuffWiper_action_6_sq-500x500-1.jpg","type":"image\/jpeg"}],"twitter_card":"summary_large_image","twitter_site":"@trimacoinc","twitter_misc":{"Tiempo de lectura":"1 minuto"},"schema":{"@context":"https:\/\/schema.org","@graph":[{"@type":"WebPage","@id":"https:\/\/trimaco.com\/es\/productos\/trapos-y-limpiaparabrisas\/limpiador-profesional-de-tela-sontara-one-tuff-absorbentes-y-duraderos\/","url":"https:\/\/trimaco.com\/es\/productos\/trapos-y-limpiaparabrisas\/limpiador-profesional-de-tela-sontara-one-tuff-absorbentes-y-duraderos\/","name":"Limpiador profesional de tela Sontara One Tuff\u00ae","isPartOf":{"@id":"https:\/\/trimaco.com\/#website"},"primaryImageOfPage":{"@id":"https:\/\/trimaco.com\/es\/productos\/trapos-y-limpiaparabrisas\/limpiador-profesional-de-tela-sontara-one-tuff-absorbentes-y-duraderos\/#primaryimage"},"image":{"@id":"https:\/\/trimaco.com\/es\/productos\/trapos-y-limpiaparabrisas\/limpiador-profesional-de-tela-sontara-one-tuff-absorbentes-y-duraderos\/#primaryimage"},"thumbnailUrl":"https:\/\/trimaco.com\/wp-content\/uploads\/2023\/02\/OneTuffWiper_action_6_sq-500x500-1.jpg","datePublished":"2021-07-30T14:04:49+00:00","dateModified":"2024-04-09T13:29:53+00:00","description":"Dise\u00f1ado por Sontara\u00ae en un proceso de cordones hilados, utilizando chorros de agua en forma de aguja para tejer las fibras en el pa\u00f1o de limpieza m\u00e1s duradero disponible.","breadcrumb":{"@id":"https:\/\/trimaco.com\/es\/productos\/trapos-y-limpiaparabrisas\/limpiador-profesional-de-tela-sontara-one-tuff-absorbentes-y-duraderos\/#breadcrumb"},"inLanguage":"es","potentialAction":[{"@type":"ReadAction","target":["https:\/\/trimaco.com\/es\/productos\/trapos-y-limpiaparabrisas\/limpiador-profesional-de-tela-sontara-one-tuff-absorbentes-y-duraderos\/"]}]},{"@type":"ImageObject","inLanguage":"es","@id":"https:\/\/trimaco.com\/es\/productos\/trapos-y-limpiaparabrisas\/limpiador-profesional-de-tela-sontara-one-tuff-absorbentes-y-duraderos\/#primaryimage","url":"https:\/\/trimaco.com\/wp-content\/uploads\/2023\/02\/OneTuffWiper_action_6_sq-500x500-1.jpg","contentUrl":"https:\/\/trimaco.com\/wp-content\/uploads\/2023\/02\/OneTuffWiper_action_6_sq-500x500-1.jpg","width":500,"height":500,"caption":"wiper"},{"@type":"BreadcrumbList","@id":"https:\/\/trimaco.com\/es\/productos\/trapos-y-limpiaparabrisas\/limpiador-profesional-de-tela-sontara-one-tuff-absorbentes-y-duraderos\/#breadcrumb","itemListElement":[{"@type":"ListItem","position":1,"name":"Home","item":"https:\/\/trimaco.com\/"},{"@type":"ListItem","position":2,"name":"Productos","item":"https:\/\/trimaco.com\/es\/productos\/"},{"@type":"ListItem","position":3,"name":"Trapos y limpiaparabrisas","item":"https:\/\/trimaco.com\/es\/productos\/trapos-y-limpiaparabrisas\/"},{"@type":"ListItem","position":4,"name":"Limpiador profesional de tela Sontara One Tuff\u00ae absorbentes y duraderos"}]},{"@type":"WebSite","@id":"https:\/\/trimaco.com\/#website","url":"https:\/\/trimaco.com\/","name":"Trimaco","description":"Total Jobsite Protection\u2122","publisher":{"@id":"https:\/\/trimaco.com\/#organization"},"potentialAction":[{"@type":"SearchAction","target":{"@type":"EntryPoint","urlTemplate":"https:\/\/trimaco.com\/?s={search_term_string}"},"query-input":{"@type":"PropertyValueSpecification","valueRequired":true,"valueName":"search_term_string"}}],"inLanguage":"es"},{"@type":"Organization","@id":"https:\/\/trimaco.com\/#organization","name":"Trimaco","url":"https:\/\/trimaco.com\/","logo":{"@type":"ImageObject","inLanguage":"es","@id":"https:\/\/trimaco.com\/#\/schema\/logo\/image\/","url":"https:\/\/trimaco.com\/wp-content\/uploads\/2016\/08\/login-logo.png","contentUrl":"https:\/\/trimaco.com\/wp-content\/uploads\/2016\/08\/login-logo.png","width":450,"height":69,"caption":"Trimaco"},"image":{"@id":"https:\/\/trimaco.com\/#\/schema\/logo\/image\/"},"sameAs":["https:\/\/www.facebook.com\/pages\/Trimaco\/346858225385747?ref=ts","https:\/\/x.com\/trimacoinc","https:\/\/www.instagram.com\/trimaco_inc\/","https:\/\/pinterest.com\/trimaco\/","https:\/\/www.youtube.com\/c\/trimacoinc"]}]}},"_links":{"self":[{"href":"https:\/\/trimaco.com\/es\/wp-json\/wp\/v2\/pages\/14292","targetHints":{"allow":["GET"]}}],"collection":[{"href":"https:\/\/trimaco.com\/es\/wp-json\/wp\/v2\/pages"}],"about":[{"href":"https:\/\/trimaco.com\/es\/wp-json\/wp\/v2\/types\/page"}],"author":[{"embeddable":true,"href":"https:\/\/trimaco.com\/es\/wp-json\/wp\/v2\/users\/2"}],"replies":[{"embeddable":true,"href":"https:\/\/trimaco.com\/es\/wp-json\/wp\/v2\/comments?post=14292"}],"version-history":[{"count":0,"href":"https:\/\/trimaco.com\/es\/wp-json\/wp\/v2\/pages\/14292\/revisions"}],"up":[{"embeddable":true,"href":"https:\/\/trimaco.com\/es\/wp-json\/wp\/v2\/pages\/14278"}],"wp:featuredmedia":[{"embeddable":true,"href":"https:\/\/trimaco.com\/es\/wp-json\/wp\/v2\/media\/19616"}],"wp:attachment":[{"href":"https:\/\/trimaco.com\/es\/wp-json\/wp\/v2\/media?parent=14292"}],"curies":[{"name":"wp","href":"https:\/\/api.w.org\/{rel}","templated":true}]}}