{"id":14291,"date":"2021-07-30T10:02:41","date_gmt":"2021-07-30T14:02:41","guid":{"rendered":"https:\/\/trimaco.wpengine.com\/productos\/trapos-y-limpiaparabrisas\/toallas-absorbentes-de-limpieza-de-microfibra-supertuff\/"},"modified":"2024-04-09T09:29:40","modified_gmt":"2024-04-09T13:29:40","slug":"toallas-absorbentes-de-limpieza-de-microfibra-supertuff","status":"publish","type":"page","link":"https:\/\/trimaco.com\/es\/productos\/trapos-y-limpiaparabrisas\/toallas-absorbentes-de-limpieza-de-microfibra-supertuff\/","title":{"rendered":"Toallas absorbentes de limpieza de microfibra SuperTuff\u00ae"},"content":{"rendered":"<p>Las toallas de microfibra SuperTuff\u00ae de Trimaco son perfectas para la preparaci\u00f3n de pintura, la limpieza y el uso automotriz. \u00a1El limpiador sin pelusa atrae y atrapa el polvo como ning\u00fan otro pa\u00f1o! Las toallas limpiadoras de microfibra son s\u00faper absorbentes y no dejan residuos ni ara\u00f1azos en la superficie. Adem\u00e1s, tambi\u00e9n son lavables y reutilizables. Disponible en azul o blanco, no te arrepentir\u00e1s de tener algunos de estos a la mano. \u00a1Explora la l\u00ednea completa de <a href=\"https:\/\/trimaco.com\/es\/productos\/trapos-y-limpiaparabrisas\/\">toallas y trapos<\/a> de Trimaco! <\/p>\n<ul>\n<li>M\u00faltiples tama\u00f1os disponibles para adaptarse a su trabajo<\/li>\n<li>Las toallas atraen y atrapan el polvo<\/li>\n<li>S\u00faper absorbente, no dejan ara\u00f1azos y tienen bajo contenido de pelusa<\/li>\n<\/ul>\n<p><em>Toallas de microfibra SuperTuff\u00ae<\/em><\/p>\n<table>\n<tbody>\n<tr>\n<th># de Art\u00edculo<\/th>\n<th>Color<\/th>\n<th>Paquete de<\/th>\n<th>Tama\u00f1o<\/th>\n<\/tr>\n<tr>\n<td>10806<\/td>\n<td>Blanco<\/td>\n<td>12<\/td>\n<td>14&#8243; x 14&#8243; &#8211; 6pk<\/td>\n<\/tr>\n<tr>\n<td>10826<\/td>\n<td>azul<\/td>\n<td>12<\/td>\n<td>14&#8243; x 14&#8243; &#8211; 2pk<\/td>\n<\/tr>\n<tr>\n<td>10828<\/td>\n<td>azul<\/td>\n<td>12<\/td>\n<td>14&#8243; x 14&#8243; &#8211; 3pk<\/td>\n<\/tr>\n<tr>\n<td>10827<\/td>\n<td>azul<\/td>\n<td>12<\/td>\n<td>14&#8243; x 14&#8243; &#8211; 8pk<\/td>\n<\/tr>\n<tr>\n<td>10829<\/td>\n<td>azul<\/td>\n<td>12<\/td>\n<td>14&#8243; x 14&#8243; &#8211; 12pk<\/td>\n<\/tr>\n<tr>\n<td>10824<\/td>\n<td>azul<\/td>\n<td>10<\/td>\n<td>16&#8243; x 16&#8243; &#8211; 24pk<\/td>\n<\/tr>\n<tr>\n<td>10820<\/td>\n<td>azul<\/td>\n<td>12<\/td>\n<td>23.5&#8243; x 40&#8243; &#8211; extra pesado<\/td>\n<\/tr>\n<tr>\n<td>10810<\/td>\n<td>azul<\/td>\n<td>1<\/td>\n<td>16&#8243; x 16&#8243; &#8211; 100pk a granel<\/td>\n<\/tr>\n<\/tbody>\n<\/table>\n","protected":false},"excerpt":{"rendered":"<p>Estos limpiadores atraen y atrapan el polvo, y son ideales para limpiar superficies. <\/p>\n","protected":false},"author":2,"featured_media":17615,"parent":14278,"menu_order":7,"comment_status":"closed","ping_status":"closed","template":"page_products-grandchild.php","meta":{"_acf_changed":false,"footnotes":""},"class_list":["post-14291","page","type-page","status-publish","has-post-thumbnail","hentry"],"acf":[],"yoast_head":"<!-- This site is optimized with the Yoast SEO plugin v27.5 - https:\/\/yoast.com\/product\/yoast-seo-wordpress\/ -->\n<title>Toallas de limpieza de microfibra SuperTuff\u00ae<\/title>\n<meta name=\"description\" content=\"Las toallas de limpieza de microfibra son perfectas para la preparaci\u00f3n de pintura, la limpieza y el uso automotriz. \u00a1El limpiador sin pelusa atrae y atrapa el polvo como ning\u00fan otro pa\u00f1o!\" \/>\n<meta name=\"robots\" content=\"index, follow, max-snippet:-1, max-image-preview:large, max-video-preview:-1\" \/>\n<link rel=\"canonical\" href=\"https:\/\/trimaco.com\/es\/productos\/trapos-y-limpiaparabrisas\/toallas-absorbentes-de-limpieza-de-microfibra-supertuff\/\" \/>\n<meta property=\"og:locale\" content=\"es_ES\" \/>\n<meta property=\"og:type\" content=\"article\" \/>\n<meta property=\"og:title\" content=\"Toallas de limpieza de microfibra SuperTuff\u00ae\" \/>\n<meta property=\"og:description\" content=\"Las toallas de limpieza de microfibra son perfectas para la preparaci\u00f3n de pintura, la limpieza y el uso automotriz. \u00a1El limpiador sin pelusa atrae y atrapa el polvo como ning\u00fan otro pa\u00f1o!\" \/>\n<meta property=\"og:url\" content=\"https:\/\/trimaco.com\/es\/productos\/trapos-y-limpiaparabrisas\/toallas-absorbentes-de-limpieza-de-microfibra-supertuff\/\" \/>\n<meta property=\"og:site_name\" content=\"Trimaco\" \/>\n<meta property=\"article:publisher\" content=\"https:\/\/www.facebook.com\/pages\/Trimaco\/346858225385747?ref=ts\" \/>\n<meta property=\"article:modified_time\" content=\"2024-04-09T13:29:40+00:00\" \/>\n<meta property=\"og:image\" content=\"https:\/\/trimaco.com\/wp-content\/uploads\/2022\/02\/microfibertowel-4.webp\" \/>\n\t<meta property=\"og:image:width\" content=\"284\" \/>\n\t<meta property=\"og:image:height\" content=\"283\" \/>\n\t<meta property=\"og:image:type\" content=\"image\/webp\" \/>\n<meta name=\"twitter:card\" content=\"summary_large_image\" \/>\n<meta name=\"twitter:site\" content=\"@trimacoinc\" \/>\n<meta name=\"twitter:label1\" content=\"Tiempo de lectura\" \/>\n\t<meta name=\"twitter:data1\" content=\"1 minuto\" \/>\n<!-- \/ Yoast SEO plugin. -->","yoast_head_json":{"title":"Toallas de limpieza de microfibra SuperTuff\u00ae","description":"Las toallas de limpieza de microfibra son perfectas para la preparaci\u00f3n de pintura, la limpieza y el uso automotriz. \u00a1El limpiador sin pelusa atrae y atrapa el polvo como ning\u00fan otro pa\u00f1o!","robots":{"index":"index","follow":"follow","max-snippet":"max-snippet:-1","max-image-preview":"max-image-preview:large","max-video-preview":"max-video-preview:-1"},"canonical":"https:\/\/trimaco.com\/es\/productos\/trapos-y-limpiaparabrisas\/toallas-absorbentes-de-limpieza-de-microfibra-supertuff\/","og_locale":"es_ES","og_type":"article","og_title":"Toallas de limpieza de microfibra SuperTuff\u00ae","og_description":"Las toallas de limpieza de microfibra son perfectas para la preparaci\u00f3n de pintura, la limpieza y el uso automotriz. \u00a1El limpiador sin pelusa atrae y atrapa el polvo como ning\u00fan otro pa\u00f1o!","og_url":"https:\/\/trimaco.com\/es\/productos\/trapos-y-limpiaparabrisas\/toallas-absorbentes-de-limpieza-de-microfibra-supertuff\/","og_site_name":"Trimaco","article_publisher":"https:\/\/www.facebook.com\/pages\/Trimaco\/346858225385747?ref=ts","article_modified_time":"2024-04-09T13:29:40+00:00","og_image":[{"width":284,"height":283,"url":"https:\/\/trimaco.com\/wp-content\/uploads\/2022\/02\/microfibertowel-4.webp","type":"image\/webp"}],"twitter_card":"summary_large_image","twitter_site":"@trimacoinc","twitter_misc":{"Tiempo de lectura":"1 minuto"},"schema":{"@context":"https:\/\/schema.org","@graph":[{"@type":"WebPage","@id":"https:\/\/trimaco.com\/es\/productos\/trapos-y-limpiaparabrisas\/toallas-absorbentes-de-limpieza-de-microfibra-supertuff\/","url":"https:\/\/trimaco.com\/es\/productos\/trapos-y-limpiaparabrisas\/toallas-absorbentes-de-limpieza-de-microfibra-supertuff\/","name":"Toallas de limpieza de microfibra SuperTuff\u00ae","isPartOf":{"@id":"https:\/\/trimaco.com\/#website"},"primaryImageOfPage":{"@id":"https:\/\/trimaco.com\/es\/productos\/trapos-y-limpiaparabrisas\/toallas-absorbentes-de-limpieza-de-microfibra-supertuff\/#primaryimage"},"image":{"@id":"https:\/\/trimaco.com\/es\/productos\/trapos-y-limpiaparabrisas\/toallas-absorbentes-de-limpieza-de-microfibra-supertuff\/#primaryimage"},"thumbnailUrl":"https:\/\/trimaco.com\/wp-content\/uploads\/2022\/02\/microfibertowel-4.webp","datePublished":"2021-07-30T14:02:41+00:00","dateModified":"2024-04-09T13:29:40+00:00","description":"Las toallas de limpieza de microfibra son perfectas para la preparaci\u00f3n de pintura, la limpieza y el uso automotriz. \u00a1El limpiador sin pelusa atrae y atrapa el polvo como ning\u00fan otro pa\u00f1o!","breadcrumb":{"@id":"https:\/\/trimaco.com\/es\/productos\/trapos-y-limpiaparabrisas\/toallas-absorbentes-de-limpieza-de-microfibra-supertuff\/#breadcrumb"},"inLanguage":"es","potentialAction":[{"@type":"ReadAction","target":["https:\/\/trimaco.com\/es\/productos\/trapos-y-limpiaparabrisas\/toallas-absorbentes-de-limpieza-de-microfibra-supertuff\/"]}]},{"@type":"ImageObject","inLanguage":"es","@id":"https:\/\/trimaco.com\/es\/productos\/trapos-y-limpiaparabrisas\/toallas-absorbentes-de-limpieza-de-microfibra-supertuff\/#primaryimage","url":"https:\/\/trimaco.com\/wp-content\/uploads\/2022\/02\/microfibertowel-4.webp","contentUrl":"https:\/\/trimaco.com\/wp-content\/uploads\/2022\/02\/microfibertowel-4.webp","width":284,"height":283,"caption":"cleaning baseboard with microfiber towel"},{"@type":"BreadcrumbList","@id":"https:\/\/trimaco.com\/es\/productos\/trapos-y-limpiaparabrisas\/toallas-absorbentes-de-limpieza-de-microfibra-supertuff\/#breadcrumb","itemListElement":[{"@type":"ListItem","position":1,"name":"Home","item":"https:\/\/trimaco.com\/"},{"@type":"ListItem","position":2,"name":"Productos","item":"https:\/\/trimaco.com\/es\/productos\/"},{"@type":"ListItem","position":3,"name":"Trapos y limpiaparabrisas","item":"https:\/\/trimaco.com\/es\/productos\/trapos-y-limpiaparabrisas\/"},{"@type":"ListItem","position":4,"name":"Toallas absorbentes de limpieza de microfibra SuperTuff\u00ae"}]},{"@type":"WebSite","@id":"https:\/\/trimaco.com\/#website","url":"https:\/\/trimaco.com\/","name":"Trimaco","description":"Total Jobsite Protection\u2122","publisher":{"@id":"https:\/\/trimaco.com\/#organization"},"potentialAction":[{"@type":"SearchAction","target":{"@type":"EntryPoint","urlTemplate":"https:\/\/trimaco.com\/?s={search_term_string}"},"query-input":{"@type":"PropertyValueSpecification","valueRequired":true,"valueName":"search_term_string"}}],"inLanguage":"es"},{"@type":"Organization","@id":"https:\/\/trimaco.com\/#organization","name":"Trimaco","url":"https:\/\/trimaco.com\/","logo":{"@type":"ImageObject","inLanguage":"es","@id":"https:\/\/trimaco.com\/#\/schema\/logo\/image\/","url":"https:\/\/trimaco.com\/wp-content\/uploads\/2016\/08\/login-logo.png","contentUrl":"https:\/\/trimaco.com\/wp-content\/uploads\/2016\/08\/login-logo.png","width":450,"height":69,"caption":"Trimaco"},"image":{"@id":"https:\/\/trimaco.com\/#\/schema\/logo\/image\/"},"sameAs":["https:\/\/www.facebook.com\/pages\/Trimaco\/346858225385747?ref=ts","https:\/\/x.com\/trimacoinc","https:\/\/www.instagram.com\/trimaco_inc\/","https:\/\/pinterest.com\/trimaco\/","https:\/\/www.youtube.com\/c\/trimacoinc"]}]}},"_links":{"self":[{"href":"https:\/\/trimaco.com\/es\/wp-json\/wp\/v2\/pages\/14291","targetHints":{"allow":["GET"]}}],"collection":[{"href":"https:\/\/trimaco.com\/es\/wp-json\/wp\/v2\/pages"}],"about":[{"href":"https:\/\/trimaco.com\/es\/wp-json\/wp\/v2\/types\/page"}],"author":[{"embeddable":true,"href":"https:\/\/trimaco.com\/es\/wp-json\/wp\/v2\/users\/2"}],"replies":[{"embeddable":true,"href":"https:\/\/trimaco.com\/es\/wp-json\/wp\/v2\/comments?post=14291"}],"version-history":[{"count":0,"href":"https:\/\/trimaco.com\/es\/wp-json\/wp\/v2\/pages\/14291\/revisions"}],"up":[{"embeddable":true,"href":"https:\/\/trimaco.com\/es\/wp-json\/wp\/v2\/pages\/14278"}],"wp:featuredmedia":[{"embeddable":true,"href":"https:\/\/trimaco.com\/es\/wp-json\/wp\/v2\/media\/17615"}],"wp:attachment":[{"href":"https:\/\/trimaco.com\/es\/wp-json\/wp\/v2\/media?parent=14291"}],"curies":[{"name":"wp","href":"https:\/\/api.w.org\/{rel}","templated":true}]}}