{"id":14288,"date":"2021-07-30T10:00:07","date_gmt":"2021-07-30T14:00:07","guid":{"rendered":"https:\/\/trimaco.wpengine.com\/productos\/trapos-y-limpiaparabrisas\/toallas-rojas-supertuff-para-el-taller-mecanico\/"},"modified":"2024-04-09T09:29:28","modified_gmt":"2024-04-09T13:29:28","slug":"toallas-rojas-supertuff-para-el-taller-mecanico","status":"publish","type":"page","link":"https:\/\/trimaco.com\/es\/productos\/trapos-y-limpiaparabrisas\/toallas-rojas-supertuff-para-el-taller-mecanico\/","title":{"rendered":"TOALLAS ROJAS SUPERTUFF\u00ae PARA EL TALLER MEC\u00c1NICO"},"content":{"rendered":"<p>Las toallas rojas SuperTuff\u00ae para el taller son econ\u00f3micas y excelentes para la limpieza automotriz y mec\u00e1nica. Lavables y reutilizables, estas toallas rojas para el taller son econ\u00f3micas y multiusos. Los bordes cosidos proporcionan durabilidad y resistencia. \u00a1Aseg\u00farese de explorar la l\u00ednea completa de <a href=\"https:\/\/trimaco.com\/es\/productos\/trapos-y-limpiaparabrisas\/\">trapos y limpiadores<\/a> de Trimaco! <\/p>\n<ul>\n<li>\u2022 Toallas de 14&#8243;x14&#8243;<\/li>\n<li>\u2022 Bordes cosidos para para incrementar su resistencia<\/li>\n<li>\u2022 Ideal para la limpieza automotriz y mec\u00e1nica<\/li>\n<li>\u2022 Lavable: lavar a m\u00e1quina en fr\u00edo por separado, secar en ciclo bajo*<\/li>\n<\/ul>\n<p><em>Toallas Rojas SuperTuff\u00ae Para El Taller Mec\u00e1nico<\/em><\/p>\n<table>\n<tbody>\n<tr>\n<th># de Art\u00edculo<\/th>\n<th>Paquete de<\/th>\n<th>Tama\u00f1o<\/th>\n<\/tr>\n<tr>\n<td>32014<\/td>\n<td>12<\/td>\n<td>14&#8243; x 14&#8243; &#8211; 4pk<\/td>\n<\/tr>\n<tr>\n<td>32015<\/td>\n<td>24<\/td>\n<td>14&#8243; x 14&#8243; &#8211; 5pk<\/td>\n<\/tr>\n<tr>\n<td>32006<\/td>\n<td>12<\/td>\n<td>14&#8243; x 14&#8243; &#8211; 6pk<\/td>\n<\/tr>\n<tr>\n<td>32012<\/td>\n<td>12<\/td>\n<td>14&#8243; x 14&#8243; &#8211; 12pk<\/td>\n<\/tr>\n<\/tbody>\n<\/table>\n<p>*Los limpiadores empapados con manchas, aceite de linaza y\/o disolventes pueden incendiarse espont\u00e1neamente si se desechan incorrectamente. Coloque inmediatamente limpiaparabrisas empapados en un recipiente de metal sellado y lleno de agua. Deseche de acuerdo con las regulaciones locales contra incendios.<\/p>\n","protected":false},"excerpt":{"rendered":"<p>Las toallas multiusos son econ\u00f3micas y excelentes para uso automotriz.<\/p>\n","protected":false},"author":2,"featured_media":14290,"parent":14278,"menu_order":6,"comment_status":"closed","ping_status":"closed","template":"page_products-grandchild.php","meta":{"_acf_changed":false,"footnotes":""},"class_list":["post-14288","page","type-page","status-publish","has-post-thumbnail","hentry"],"acf":[],"yoast_head":"<!-- This site is optimized with the Yoast SEO plugin v27.5 - https:\/\/yoast.com\/product\/yoast-seo-wordpress\/ -->\n<title>Toallas rojas SuperTuff\u00ae para el taller mec\u00e1nico<\/title>\n<meta name=\"description\" content=\"Las toallas rojas SuperTuff\u00ae para el taller mec\u00e1nico son econ\u00f3micas y excelentes para la limpieza automotriz y mec\u00e1nica. Lavables y reutilizables, estas toallas son econ\u00f3micas.\" \/>\n<meta name=\"robots\" content=\"index, follow, max-snippet:-1, max-image-preview:large, max-video-preview:-1\" \/>\n<link rel=\"canonical\" href=\"https:\/\/trimaco.com\/es\/productos\/trapos-y-limpiaparabrisas\/toallas-rojas-supertuff-para-el-taller-mecanico\/\" \/>\n<meta property=\"og:locale\" content=\"es_ES\" \/>\n<meta property=\"og:type\" content=\"article\" \/>\n<meta property=\"og:title\" content=\"Toallas rojas SuperTuff\u00ae para el taller mec\u00e1nico\" \/>\n<meta property=\"og:description\" content=\"Las toallas rojas SuperTuff\u00ae para el taller mec\u00e1nico son econ\u00f3micas y excelentes para la limpieza automotriz y mec\u00e1nica. Lavables y reutilizables, estas toallas son econ\u00f3micas.\" \/>\n<meta property=\"og:url\" content=\"https:\/\/trimaco.com\/es\/productos\/trapos-y-limpiaparabrisas\/toallas-rojas-supertuff-para-el-taller-mecanico\/\" \/>\n<meta property=\"og:site_name\" content=\"Trimaco\" \/>\n<meta property=\"article:publisher\" content=\"https:\/\/www.facebook.com\/pages\/Trimaco\/346858225385747?ref=ts\" \/>\n<meta property=\"article:modified_time\" content=\"2024-04-09T13:29:28+00:00\" \/>\n<meta property=\"og:image\" content=\"https:\/\/trimaco.com\/wp-content\/uploads\/2016\/12\/redshoptowels-2.jpg\" \/>\n\t<meta property=\"og:image:width\" content=\"1000\" \/>\n\t<meta property=\"og:image:height\" content=\"1000\" \/>\n\t<meta property=\"og:image:type\" content=\"image\/jpeg\" \/>\n<meta name=\"twitter:card\" content=\"summary_large_image\" \/>\n<meta name=\"twitter:site\" content=\"@trimacoinc\" \/>\n<meta name=\"twitter:label1\" content=\"Tiempo de lectura\" \/>\n\t<meta name=\"twitter:data1\" content=\"1 minuto\" \/>\n<!-- \/ Yoast SEO plugin. -->","yoast_head_json":{"title":"Toallas rojas SuperTuff\u00ae para el taller mec\u00e1nico","description":"Las toallas rojas SuperTuff\u00ae para el taller mec\u00e1nico son econ\u00f3micas y excelentes para la limpieza automotriz y mec\u00e1nica. Lavables y reutilizables, estas toallas son econ\u00f3micas.","robots":{"index":"index","follow":"follow","max-snippet":"max-snippet:-1","max-image-preview":"max-image-preview:large","max-video-preview":"max-video-preview:-1"},"canonical":"https:\/\/trimaco.com\/es\/productos\/trapos-y-limpiaparabrisas\/toallas-rojas-supertuff-para-el-taller-mecanico\/","og_locale":"es_ES","og_type":"article","og_title":"Toallas rojas SuperTuff\u00ae para el taller mec\u00e1nico","og_description":"Las toallas rojas SuperTuff\u00ae para el taller mec\u00e1nico son econ\u00f3micas y excelentes para la limpieza automotriz y mec\u00e1nica. Lavables y reutilizables, estas toallas son econ\u00f3micas.","og_url":"https:\/\/trimaco.com\/es\/productos\/trapos-y-limpiaparabrisas\/toallas-rojas-supertuff-para-el-taller-mecanico\/","og_site_name":"Trimaco","article_publisher":"https:\/\/www.facebook.com\/pages\/Trimaco\/346858225385747?ref=ts","article_modified_time":"2024-04-09T13:29:28+00:00","og_image":[{"width":1000,"height":1000,"url":"https:\/\/trimaco.com\/wp-content\/uploads\/2016\/12\/redshoptowels-2.jpg","type":"image\/jpeg"}],"twitter_card":"summary_large_image","twitter_site":"@trimacoinc","twitter_misc":{"Tiempo de lectura":"1 minuto"},"schema":{"@context":"https:\/\/schema.org","@graph":[{"@type":"WebPage","@id":"https:\/\/trimaco.com\/es\/productos\/trapos-y-limpiaparabrisas\/toallas-rojas-supertuff-para-el-taller-mecanico\/","url":"https:\/\/trimaco.com\/es\/productos\/trapos-y-limpiaparabrisas\/toallas-rojas-supertuff-para-el-taller-mecanico\/","name":"Toallas rojas SuperTuff\u00ae para el taller mec\u00e1nico","isPartOf":{"@id":"https:\/\/trimaco.com\/#website"},"primaryImageOfPage":{"@id":"https:\/\/trimaco.com\/es\/productos\/trapos-y-limpiaparabrisas\/toallas-rojas-supertuff-para-el-taller-mecanico\/#primaryimage"},"image":{"@id":"https:\/\/trimaco.com\/es\/productos\/trapos-y-limpiaparabrisas\/toallas-rojas-supertuff-para-el-taller-mecanico\/#primaryimage"},"thumbnailUrl":"https:\/\/trimaco.com\/wp-content\/uploads\/2016\/12\/redshoptowels-2.jpg","datePublished":"2021-07-30T14:00:07+00:00","dateModified":"2024-04-09T13:29:28+00:00","description":"Las toallas rojas SuperTuff\u00ae para el taller mec\u00e1nico son econ\u00f3micas y excelentes para la limpieza automotriz y mec\u00e1nica. Lavables y reutilizables, estas toallas son econ\u00f3micas.","breadcrumb":{"@id":"https:\/\/trimaco.com\/es\/productos\/trapos-y-limpiaparabrisas\/toallas-rojas-supertuff-para-el-taller-mecanico\/#breadcrumb"},"inLanguage":"es","potentialAction":[{"@type":"ReadAction","target":["https:\/\/trimaco.com\/es\/productos\/trapos-y-limpiaparabrisas\/toallas-rojas-supertuff-para-el-taller-mecanico\/"]}]},{"@type":"ImageObject","inLanguage":"es","@id":"https:\/\/trimaco.com\/es\/productos\/trapos-y-limpiaparabrisas\/toallas-rojas-supertuff-para-el-taller-mecanico\/#primaryimage","url":"https:\/\/trimaco.com\/wp-content\/uploads\/2016\/12\/redshoptowels-2.jpg","contentUrl":"https:\/\/trimaco.com\/wp-content\/uploads\/2016\/12\/redshoptowels-2.jpg","width":1000,"height":1000,"caption":"A man's hands cleaning a mechanical part with a red mechanic shop towel"},{"@type":"BreadcrumbList","@id":"https:\/\/trimaco.com\/es\/productos\/trapos-y-limpiaparabrisas\/toallas-rojas-supertuff-para-el-taller-mecanico\/#breadcrumb","itemListElement":[{"@type":"ListItem","position":1,"name":"Home","item":"https:\/\/trimaco.com\/"},{"@type":"ListItem","position":2,"name":"Productos","item":"https:\/\/trimaco.com\/es\/productos\/"},{"@type":"ListItem","position":3,"name":"Trapos y limpiaparabrisas","item":"https:\/\/trimaco.com\/es\/productos\/trapos-y-limpiaparabrisas\/"},{"@type":"ListItem","position":4,"name":"TOALLAS ROJAS SUPERTUFF\u00ae PARA EL TALLER MEC\u00c1NICO"}]},{"@type":"WebSite","@id":"https:\/\/trimaco.com\/#website","url":"https:\/\/trimaco.com\/","name":"Trimaco","description":"Total Jobsite Protection\u2122","publisher":{"@id":"https:\/\/trimaco.com\/#organization"},"potentialAction":[{"@type":"SearchAction","target":{"@type":"EntryPoint","urlTemplate":"https:\/\/trimaco.com\/?s={search_term_string}"},"query-input":{"@type":"PropertyValueSpecification","valueRequired":true,"valueName":"search_term_string"}}],"inLanguage":"es"},{"@type":"Organization","@id":"https:\/\/trimaco.com\/#organization","name":"Trimaco","url":"https:\/\/trimaco.com\/","logo":{"@type":"ImageObject","inLanguage":"es","@id":"https:\/\/trimaco.com\/#\/schema\/logo\/image\/","url":"https:\/\/trimaco.com\/wp-content\/uploads\/2016\/08\/login-logo.png","contentUrl":"https:\/\/trimaco.com\/wp-content\/uploads\/2016\/08\/login-logo.png","width":450,"height":69,"caption":"Trimaco"},"image":{"@id":"https:\/\/trimaco.com\/#\/schema\/logo\/image\/"},"sameAs":["https:\/\/www.facebook.com\/pages\/Trimaco\/346858225385747?ref=ts","https:\/\/x.com\/trimacoinc","https:\/\/www.instagram.com\/trimaco_inc\/","https:\/\/pinterest.com\/trimaco\/","https:\/\/www.youtube.com\/c\/trimacoinc"]}]}},"_links":{"self":[{"href":"https:\/\/trimaco.com\/es\/wp-json\/wp\/v2\/pages\/14288","targetHints":{"allow":["GET"]}}],"collection":[{"href":"https:\/\/trimaco.com\/es\/wp-json\/wp\/v2\/pages"}],"about":[{"href":"https:\/\/trimaco.com\/es\/wp-json\/wp\/v2\/types\/page"}],"author":[{"embeddable":true,"href":"https:\/\/trimaco.com\/es\/wp-json\/wp\/v2\/users\/2"}],"replies":[{"embeddable":true,"href":"https:\/\/trimaco.com\/es\/wp-json\/wp\/v2\/comments?post=14288"}],"version-history":[{"count":0,"href":"https:\/\/trimaco.com\/es\/wp-json\/wp\/v2\/pages\/14288\/revisions"}],"up":[{"embeddable":true,"href":"https:\/\/trimaco.com\/es\/wp-json\/wp\/v2\/pages\/14278"}],"wp:featuredmedia":[{"embeddable":true,"href":"https:\/\/trimaco.com\/es\/wp-json\/wp\/v2\/media\/14290"}],"wp:attachment":[{"href":"https:\/\/trimaco.com\/es\/wp-json\/wp\/v2\/media?parent=14288"}],"curies":[{"name":"wp","href":"https:\/\/api.w.org\/{rel}","templated":true}]}}