{"id":14284,"date":"2021-07-30T09:43:34","date_gmt":"2021-07-30T13:43:34","guid":{"rendered":"https:\/\/trimaco.wpengine.com\/productos\/trapos-y-limpiaparabrisas\/trapos-de-algodon-de-primera-para-pintores-properfect\/"},"modified":"2024-04-04T09:28:58","modified_gmt":"2024-04-04T13:28:58","slug":"trapos-de-algodon-de-primera-para-pintores-properfect","status":"publish","type":"page","link":"https:\/\/trimaco.com\/es\/productos\/trapos-y-limpiaparabrisas\/trapos-de-algodon-de-primera-para-pintores-properfect\/","title":{"rendered":"Trapos de algod\u00f3n de primera para pintores ProPerfect\u00ae"},"content":{"rendered":"<h3>LA ELECCI\u00d3N DEL PROFESIONAL<\/h3>\n<p>Los trapos de algod\u00f3n de primera ProPerfect\u00ae est\u00e1n dise\u00f1ados para ser los trapos de tama\u00f1o perfecto para los pintores. Cada trapo de algod\u00f3n se corta a un tama\u00f1o constante de 18&#215;18 pulgadas y se empaca por n\u00famero de piezas, no por peso. A diferencia de la mayor\u00eda de las cajas de trapos de algod\u00f3n ordinarios, no encontrar\u00e1s desperdicios en el ProPerfect\u00ae. Cada pieza es utilizable, d\u00e1ndole m\u00e1s trapos por su dinero. <\/p>\n<p>Los trapos de primera ProPerfect\u00ae son de material nuevo de 100% algod\u00f3n y son prelavados, s\u00faper absorbentes y de baja pelusa. Simplemente el mejor trapo que puedes comprar, los trapos ProPerfect\u00ae son ideales para cualquier trabajo, especialmente para entintar, pulir y limpiar. Explore la l\u00ednea completa de <a href=\"https:\/\/trimaco.com\/es\/productos\/trapos-y-limpiaparabrisas\/\">pa\u00f1os<\/a> de limpieza reutilizables de Trimaco<\/p>\n<ul>\n<li>\u2022 Sin desperdicios<\/li>\n<li>\u2022 Tama\u00f1o cuadrado consistente de 18 &#8220;x18&#8221;<\/li>\n<li>\u2022 100% algod\u00f3n<\/li>\n<li>\u2022 Trapos blancos s\u00faper absorbentes y bajos en pelusa<\/li>\n<li>\u2022 Ideal para aplicar manchas<\/li>\n<li>\u2022 Lavable: lavar a m\u00e1quina en fr\u00edo, secar en ciclo bajo*<\/li>\n<\/ul>\n<p><em>Trapos ProPerfect\u00ae<\/em><\/p>\n<table>\n<tbody>\n<tr>\n<th># de Art\u00edculo<\/th>\n<th>Paquete de<\/th>\n<th>Tama\u00f1o<\/th>\n<\/tr>\n<tr>\n<td>80025<\/td>\n<td>1<\/td>\n<td>Caja de 18&#8243; x 18&#8243; &#8211; 25pk<\/td>\n<\/tr>\n<tr>\n<td>82505<\/td>\n<td>1<\/td>\n<td>Caja de 18&#8243; x 18&#8243; &#8211; 50pk<\/td>\n<\/tr>\n<tr>\n<td>82555<\/td>\n<td>6<\/td>\n<td>Bolsa de 18&#8243; x 18&#8243; &#8211; 50pk<\/td>\n<\/tr>\n<tr>\n<td>82510<\/td>\n<td>12<\/td>\n<td>18&#8243; x 18&#8243; &#8211; 10pk<\/td>\n<\/tr>\n<\/tbody>\n<\/table>\n<p>Los trapos empapados con manchas, aceite de linaza y\/o disolventes pueden incendiarse espont\u00e1neamente si se desechan incorrectamente. Coloque inmediatamente limpiaparabrisas empapados en un recipiente de metal sellado y lleno de agua. Deseche de acuerdo con las regulaciones locales contra incendios.<\/p>\n","protected":false},"excerpt":{"rendered":"<p>Las toallas blancas son de 100% algod\u00f3n y de 18 &#8220;x18&#8221; siempre. <\/p>\n","protected":false},"author":2,"featured_media":17605,"parent":14278,"menu_order":4,"comment_status":"closed","ping_status":"closed","template":"page_products-grandchild.php","meta":{"_acf_changed":false,"footnotes":""},"class_list":["post-14284","page","type-page","status-publish","has-post-thumbnail","hentry"],"acf":[],"yoast_head":"<!-- This site is optimized with the Yoast SEO plugin v27.5 - https:\/\/yoast.com\/product\/yoast-seo-wordpress\/ -->\n<title>Trapos de algod\u00f3n para pintores ProPerfect\u00ae<\/title>\n<meta name=\"description\" content=\"Los trapos de algod\u00f3n de primera para pintores ProPerfect\u00ae un tama\u00f1o de 18x18 pulgadas y se empaquetan por n\u00famero de piezas.\" \/>\n<meta name=\"robots\" content=\"index, follow, max-snippet:-1, max-image-preview:large, max-video-preview:-1\" \/>\n<link rel=\"canonical\" href=\"https:\/\/trimaco.com\/es\/productos\/trapos-y-limpiaparabrisas\/trapos-de-algodon-de-primera-para-pintores-properfect\/\" \/>\n<meta property=\"og:locale\" content=\"es_ES\" \/>\n<meta property=\"og:type\" content=\"article\" \/>\n<meta property=\"og:title\" content=\"Trapos de algod\u00f3n para pintores ProPerfect\u00ae\" \/>\n<meta property=\"og:description\" content=\"Los trapos de algod\u00f3n de primera para pintores ProPerfect\u00ae un tama\u00f1o de 18x18 pulgadas y se empaquetan por n\u00famero de piezas.\" \/>\n<meta property=\"og:url\" content=\"https:\/\/trimaco.com\/es\/productos\/trapos-y-limpiaparabrisas\/trapos-de-algodon-de-primera-para-pintores-properfect\/\" \/>\n<meta property=\"og:site_name\" content=\"Trimaco\" \/>\n<meta property=\"article:publisher\" content=\"https:\/\/www.facebook.com\/pages\/Trimaco\/346858225385747?ref=ts\" \/>\n<meta property=\"article:modified_time\" content=\"2024-04-04T13:28:58+00:00\" \/>\n<meta property=\"og:image\" content=\"https:\/\/trimaco.com\/wp-content\/uploads\/2022\/02\/properfect-4.webp\" \/>\n\t<meta property=\"og:image:width\" content=\"284\" \/>\n\t<meta property=\"og:image:height\" content=\"283\" \/>\n\t<meta property=\"og:image:type\" content=\"image\/webp\" \/>\n<meta name=\"twitter:card\" content=\"summary_large_image\" \/>\n<meta name=\"twitter:site\" content=\"@trimacoinc\" \/>\n<meta name=\"twitter:label1\" content=\"Tiempo de lectura\" \/>\n\t<meta name=\"twitter:data1\" content=\"2 minutos\" \/>\n<!-- \/ Yoast SEO plugin. -->","yoast_head_json":{"title":"Trapos de algod\u00f3n para pintores ProPerfect\u00ae","description":"Los trapos de algod\u00f3n de primera para pintores ProPerfect\u00ae un tama\u00f1o de 18x18 pulgadas y se empaquetan por n\u00famero de piezas.","robots":{"index":"index","follow":"follow","max-snippet":"max-snippet:-1","max-image-preview":"max-image-preview:large","max-video-preview":"max-video-preview:-1"},"canonical":"https:\/\/trimaco.com\/es\/productos\/trapos-y-limpiaparabrisas\/trapos-de-algodon-de-primera-para-pintores-properfect\/","og_locale":"es_ES","og_type":"article","og_title":"Trapos de algod\u00f3n para pintores ProPerfect\u00ae","og_description":"Los trapos de algod\u00f3n de primera para pintores ProPerfect\u00ae un tama\u00f1o de 18x18 pulgadas y se empaquetan por n\u00famero de piezas.","og_url":"https:\/\/trimaco.com\/es\/productos\/trapos-y-limpiaparabrisas\/trapos-de-algodon-de-primera-para-pintores-properfect\/","og_site_name":"Trimaco","article_publisher":"https:\/\/www.facebook.com\/pages\/Trimaco\/346858225385747?ref=ts","article_modified_time":"2024-04-04T13:28:58+00:00","og_image":[{"width":284,"height":283,"url":"https:\/\/trimaco.com\/wp-content\/uploads\/2022\/02\/properfect-4.webp","type":"image\/webp"}],"twitter_card":"summary_large_image","twitter_site":"@trimacoinc","twitter_misc":{"Tiempo de lectura":"2 minutos"},"schema":{"@context":"https:\/\/schema.org","@graph":[{"@type":"WebPage","@id":"https:\/\/trimaco.com\/es\/productos\/trapos-y-limpiaparabrisas\/trapos-de-algodon-de-primera-para-pintores-properfect\/","url":"https:\/\/trimaco.com\/es\/productos\/trapos-y-limpiaparabrisas\/trapos-de-algodon-de-primera-para-pintores-properfect\/","name":"Trapos de algod\u00f3n para pintores ProPerfect\u00ae","isPartOf":{"@id":"https:\/\/trimaco.com\/#website"},"primaryImageOfPage":{"@id":"https:\/\/trimaco.com\/es\/productos\/trapos-y-limpiaparabrisas\/trapos-de-algodon-de-primera-para-pintores-properfect\/#primaryimage"},"image":{"@id":"https:\/\/trimaco.com\/es\/productos\/trapos-y-limpiaparabrisas\/trapos-de-algodon-de-primera-para-pintores-properfect\/#primaryimage"},"thumbnailUrl":"https:\/\/trimaco.com\/wp-content\/uploads\/2022\/02\/properfect-4.webp","datePublished":"2021-07-30T13:43:34+00:00","dateModified":"2024-04-04T13:28:58+00:00","description":"Los trapos de algod\u00f3n de primera para pintores ProPerfect\u00ae un tama\u00f1o de 18x18 pulgadas y se empaquetan por n\u00famero de piezas.","breadcrumb":{"@id":"https:\/\/trimaco.com\/es\/productos\/trapos-y-limpiaparabrisas\/trapos-de-algodon-de-primera-para-pintores-properfect\/#breadcrumb"},"inLanguage":"es","potentialAction":[{"@type":"ReadAction","target":["https:\/\/trimaco.com\/es\/productos\/trapos-y-limpiaparabrisas\/trapos-de-algodon-de-primera-para-pintores-properfect\/"]}]},{"@type":"ImageObject","inLanguage":"es","@id":"https:\/\/trimaco.com\/es\/productos\/trapos-y-limpiaparabrisas\/trapos-de-algodon-de-primera-para-pintores-properfect\/#primaryimage","url":"https:\/\/trimaco.com\/wp-content\/uploads\/2022\/02\/properfect-4.webp","contentUrl":"https:\/\/trimaco.com\/wp-content\/uploads\/2022\/02\/properfect-4.webp","width":284,"height":283,"caption":"Pro perfect wipers and can of stain on leak resistant drop cloth"},{"@type":"BreadcrumbList","@id":"https:\/\/trimaco.com\/es\/productos\/trapos-y-limpiaparabrisas\/trapos-de-algodon-de-primera-para-pintores-properfect\/#breadcrumb","itemListElement":[{"@type":"ListItem","position":1,"name":"Home","item":"https:\/\/trimaco.com\/"},{"@type":"ListItem","position":2,"name":"Productos","item":"https:\/\/trimaco.com\/es\/productos\/"},{"@type":"ListItem","position":3,"name":"Trapos y limpiaparabrisas","item":"https:\/\/trimaco.com\/es\/productos\/trapos-y-limpiaparabrisas\/"},{"@type":"ListItem","position":4,"name":"Trapos de algod\u00f3n de primera para pintores ProPerfect\u00ae"}]},{"@type":"WebSite","@id":"https:\/\/trimaco.com\/#website","url":"https:\/\/trimaco.com\/","name":"Trimaco","description":"Total Jobsite Protection\u2122","publisher":{"@id":"https:\/\/trimaco.com\/#organization"},"potentialAction":[{"@type":"SearchAction","target":{"@type":"EntryPoint","urlTemplate":"https:\/\/trimaco.com\/?s={search_term_string}"},"query-input":{"@type":"PropertyValueSpecification","valueRequired":true,"valueName":"search_term_string"}}],"inLanguage":"es"},{"@type":"Organization","@id":"https:\/\/trimaco.com\/#organization","name":"Trimaco","url":"https:\/\/trimaco.com\/","logo":{"@type":"ImageObject","inLanguage":"es","@id":"https:\/\/trimaco.com\/#\/schema\/logo\/image\/","url":"https:\/\/trimaco.com\/wp-content\/uploads\/2016\/08\/login-logo.png","contentUrl":"https:\/\/trimaco.com\/wp-content\/uploads\/2016\/08\/login-logo.png","width":450,"height":69,"caption":"Trimaco"},"image":{"@id":"https:\/\/trimaco.com\/#\/schema\/logo\/image\/"},"sameAs":["https:\/\/www.facebook.com\/pages\/Trimaco\/346858225385747?ref=ts","https:\/\/x.com\/trimacoinc","https:\/\/www.instagram.com\/trimaco_inc\/","https:\/\/pinterest.com\/trimaco\/","https:\/\/www.youtube.com\/c\/trimacoinc"]}]}},"_links":{"self":[{"href":"https:\/\/trimaco.com\/es\/wp-json\/wp\/v2\/pages\/14284","targetHints":{"allow":["GET"]}}],"collection":[{"href":"https:\/\/trimaco.com\/es\/wp-json\/wp\/v2\/pages"}],"about":[{"href":"https:\/\/trimaco.com\/es\/wp-json\/wp\/v2\/types\/page"}],"author":[{"embeddable":true,"href":"https:\/\/trimaco.com\/es\/wp-json\/wp\/v2\/users\/2"}],"replies":[{"embeddable":true,"href":"https:\/\/trimaco.com\/es\/wp-json\/wp\/v2\/comments?post=14284"}],"version-history":[{"count":0,"href":"https:\/\/trimaco.com\/es\/wp-json\/wp\/v2\/pages\/14284\/revisions"}],"up":[{"embeddable":true,"href":"https:\/\/trimaco.com\/es\/wp-json\/wp\/v2\/pages\/14278"}],"wp:featuredmedia":[{"embeddable":true,"href":"https:\/\/trimaco.com\/es\/wp-json\/wp\/v2\/media\/17605"}],"wp:attachment":[{"href":"https:\/\/trimaco.com\/es\/wp-json\/wp\/v2\/media?parent=14284"}],"curies":[{"name":"wp","href":"https:\/\/api.w.org\/{rel}","templated":true}]}}