{"id":14283,"date":"2021-07-30T09:33:35","date_gmt":"2021-07-30T13:33:35","guid":{"rendered":"https:\/\/trimaco.wpengine.com\/productos\/trapos-y-limpiaparabrisas\/toallas-de-tela-terry-absorbente-supertuff\/"},"modified":"2024-04-09T09:29:04","modified_gmt":"2024-04-09T13:29:04","slug":"toallas-de-tela-terry-absorbente-supertuff","status":"publish","type":"page","link":"https:\/\/trimaco.com\/es\/productos\/trapos-y-limpiaparabrisas\/toallas-de-tela-terry-absorbente-supertuff\/","title":{"rendered":"Toallas de tela Terry absorbente SuperTuff\u00ae"},"content":{"rendered":"<p>Un elemento b\u00e1sico en la industria de la pintura y la limpieza, las toallas de tela Terry SuperTuff\u00ae son la opci\u00f3n perfecta para cualquier trabajo. Las toallas de algod\u00f3n blanco son extra gruesas y altamente absorbentes, lavables y reutilizables. Cada toalla de limpieza se lava previamente para mayor suavidad y absorci\u00f3n, por lo que est\u00e1n listas para usar desde el punto de la salida del paquete. <\/p>\n<p>Ideal para lavar, secar, encerar, pulir, desempolvar, limpiar y m\u00e1s. Hecho con tela en bucle para absorber una gran cantidad de agua, pintura y l\u00edquidos. \u00a1Trimaco se enorgullece de la construcci\u00f3n y calidad de nuestras toallas de tela de algod\u00f3n! Disponible en m\u00faltiples tama\u00f1os de paquete, lo que los hace perfectos para trabajos de cualquier tama\u00f1o. Obtenga m\u00e1s informaci\u00f3n sobre todos los pa\u00f1os y <a href=\"https:\/\/trimaco.com\/es\/productos\/trapos-y-limpiaparabrisas\/\">trapos<\/a> de Trimaco.<\/p>\n<ul>\n<li>\u2022 Toallas de 14&#8243;x17&#8243;<\/li>\n<li>\u2022 Bordes sellados para la fuerza<\/li>\n<li>\u2022 Altamente absorbente y genial para todos los trabajos<\/li>\n<li>\u2022 Lavable a m\u00e1quina: lavado a m\u00e1quina fr\u00edo, secar en bajo ciclo*<\/li>\n<\/ul>\n<p><em>\u2022 Toallas de tela Terry SuperTuff\u00ae<\/em><\/p>\n<table>\n<tbody>\n<tr>\n<th># de Art\u00edculo<\/th>\n<th>Paquete de<\/th>\n<th>Tama\u00f1o<\/th>\n<\/tr>\n<tr>\n<td>10756<\/td>\n<td>30<\/td>\n<td>14&#8243; x 17&#8243; &#8211; 6ct<\/td>\n<\/tr>\n<tr>\n<td>10756\/12<\/td>\n<td>12<\/td>\n<td>14&#8243; x 17&#8243; &#8211; 6ct<\/td>\n<\/tr>\n<tr>\n<td>10750<\/td>\n<td>18<\/td>\n<td>14&#8243; x 17&#8243; &#8211; 12ct<\/td>\n<\/tr>\n<tr>\n<td>10720<\/td>\n<td>6<\/td>\n<td>14&#8243; x 17&#8243; &#8211; 24ct<\/td>\n<\/tr>\n<tr>\n<td>10748<\/td>\n<td>6<\/td>\n<td>14&#8243; x 17&#8243; &#8211; 48ct<\/td>\n<\/tr>\n<tr>\n<td>10757<\/td>\n<td>1<\/td>\n<td>14&#8243; x 17&#8243; &#8211; 100ct<\/td>\n<\/tr>\n<tr>\n<td>10759<\/td>\n<td>1<\/td>\n<td>14&#8243; x 17&#8243; &#8211; 200ct<\/td>\n<\/tr>\n<\/tbody>\n<\/table>\n<p>*Los trapos empapados con manchas, aceite de linaza y\/o disolventes pueden incendiarse espont\u00e1neamente si se desechan incorrectamente. Coloque inmediatamente limpiaparabrisas empapados en un recipiente de metal sellado y lleno de agua. Deseche de acuerdo con las regulaciones locales contra incendios.<\/p>\n","protected":false},"excerpt":{"rendered":"<p>La toalla de algod\u00f3n blanco extra gruesa es altamente absorbente, lavable y reutilizable.<\/p>\n","protected":false},"author":2,"featured_media":17600,"parent":14278,"menu_order":3,"comment_status":"closed","ping_status":"closed","template":"page_products-grandchild.php","meta":{"_acf_changed":false,"footnotes":""},"class_list":["post-14283","page","type-page","status-publish","has-post-thumbnail","hentry"],"acf":[],"yoast_head":"<!-- This site is optimized with the Yoast SEO plugin v27.3 - https:\/\/yoast.com\/product\/yoast-seo-wordpress\/ -->\n<title>Toallas de tela Terry Absorbentes, Lavables y Reutilizables<\/title>\n<meta name=\"description\" content=\"\u00a1Las toallas de tela terry SuperTuff\u00ae son ideales para pintar, limpiar, depilar con cera y mucho m\u00e1s! Las toallas de tela de algod\u00f3n son altamente absorbentes, lavables y reutilizables.\" \/>\n<meta name=\"robots\" content=\"index, follow, max-snippet:-1, max-image-preview:large, max-video-preview:-1\" \/>\n<link rel=\"canonical\" href=\"https:\/\/trimaco.com\/es\/productos\/trapos-y-limpiaparabrisas\/toallas-de-tela-terry-absorbente-supertuff\/\" \/>\n<meta property=\"og:locale\" content=\"es_ES\" \/>\n<meta property=\"og:type\" content=\"article\" \/>\n<meta property=\"og:title\" content=\"Toallas de tela Terry Absorbentes, Lavables y Reutilizables\" \/>\n<meta property=\"og:description\" content=\"\u00a1Las toallas de tela terry SuperTuff\u00ae son ideales para pintar, limpiar, depilar con cera y mucho m\u00e1s! Las toallas de tela de algod\u00f3n son altamente absorbentes, lavables y reutilizables.\" \/>\n<meta property=\"og:url\" content=\"https:\/\/trimaco.com\/es\/productos\/trapos-y-limpiaparabrisas\/toallas-de-tela-terry-absorbente-supertuff\/\" \/>\n<meta property=\"og:site_name\" content=\"Trimaco\" \/>\n<meta property=\"article:publisher\" content=\"https:\/\/www.facebook.com\/pages\/Trimaco\/346858225385747?ref=ts\" \/>\n<meta property=\"article:modified_time\" content=\"2024-04-09T13:29:04+00:00\" \/>\n<meta property=\"og:image\" content=\"https:\/\/trimaco.com\/wp-content\/uploads\/2022\/02\/terrytowel-1.webp\" \/>\n\t<meta property=\"og:image:width\" content=\"284\" \/>\n\t<meta property=\"og:image:height\" content=\"283\" \/>\n\t<meta property=\"og:image:type\" content=\"image\/webp\" \/>\n<meta name=\"twitter:card\" content=\"summary_large_image\" \/>\n<meta name=\"twitter:site\" content=\"@trimacoinc\" \/>\n<meta name=\"twitter:label1\" content=\"Tiempo de lectura\" \/>\n\t<meta name=\"twitter:data1\" content=\"2 minutos\" \/>\n<!-- \/ Yoast SEO plugin. -->","yoast_head_json":{"title":"Toallas de tela Terry Absorbentes, Lavables y Reutilizables","description":"\u00a1Las toallas de tela terry SuperTuff\u00ae son ideales para pintar, limpiar, depilar con cera y mucho m\u00e1s! Las toallas de tela de algod\u00f3n son altamente absorbentes, lavables y reutilizables.","robots":{"index":"index","follow":"follow","max-snippet":"max-snippet:-1","max-image-preview":"max-image-preview:large","max-video-preview":"max-video-preview:-1"},"canonical":"https:\/\/trimaco.com\/es\/productos\/trapos-y-limpiaparabrisas\/toallas-de-tela-terry-absorbente-supertuff\/","og_locale":"es_ES","og_type":"article","og_title":"Toallas de tela Terry Absorbentes, Lavables y Reutilizables","og_description":"\u00a1Las toallas de tela terry SuperTuff\u00ae son ideales para pintar, limpiar, depilar con cera y mucho m\u00e1s! Las toallas de tela de algod\u00f3n son altamente absorbentes, lavables y reutilizables.","og_url":"https:\/\/trimaco.com\/es\/productos\/trapos-y-limpiaparabrisas\/toallas-de-tela-terry-absorbente-supertuff\/","og_site_name":"Trimaco","article_publisher":"https:\/\/www.facebook.com\/pages\/Trimaco\/346858225385747?ref=ts","article_modified_time":"2024-04-09T13:29:04+00:00","og_image":[{"width":284,"height":283,"url":"https:\/\/trimaco.com\/wp-content\/uploads\/2022\/02\/terrytowel-1.webp","type":"image\/webp"}],"twitter_card":"summary_large_image","twitter_site":"@trimacoinc","twitter_misc":{"Tiempo de lectura":"2 minutos"},"schema":{"@context":"https:\/\/schema.org","@graph":[{"@type":"WebPage","@id":"https:\/\/trimaco.com\/es\/productos\/trapos-y-limpiaparabrisas\/toallas-de-tela-terry-absorbente-supertuff\/","url":"https:\/\/trimaco.com\/es\/productos\/trapos-y-limpiaparabrisas\/toallas-de-tela-terry-absorbente-supertuff\/","name":"Toallas de tela Terry Absorbentes, Lavables y Reutilizables","isPartOf":{"@id":"https:\/\/trimaco.com\/#website"},"primaryImageOfPage":{"@id":"https:\/\/trimaco.com\/es\/productos\/trapos-y-limpiaparabrisas\/toallas-de-tela-terry-absorbente-supertuff\/#primaryimage"},"image":{"@id":"https:\/\/trimaco.com\/es\/productos\/trapos-y-limpiaparabrisas\/toallas-de-tela-terry-absorbente-supertuff\/#primaryimage"},"thumbnailUrl":"https:\/\/trimaco.com\/wp-content\/uploads\/2022\/02\/terrytowel-1.webp","datePublished":"2021-07-30T13:33:35+00:00","dateModified":"2024-04-09T13:29:04+00:00","description":"\u00a1Las toallas de tela terry SuperTuff\u00ae son ideales para pintar, limpiar, depilar con cera y mucho m\u00e1s! Las toallas de tela de algod\u00f3n son altamente absorbentes, lavables y reutilizables.","breadcrumb":{"@id":"https:\/\/trimaco.com\/es\/productos\/trapos-y-limpiaparabrisas\/toallas-de-tela-terry-absorbente-supertuff\/#breadcrumb"},"inLanguage":"es","potentialAction":[{"@type":"ReadAction","target":["https:\/\/trimaco.com\/es\/productos\/trapos-y-limpiaparabrisas\/toallas-de-tela-terry-absorbente-supertuff\/"]}]},{"@type":"ImageObject","inLanguage":"es","@id":"https:\/\/trimaco.com\/es\/productos\/trapos-y-limpiaparabrisas\/toallas-de-tela-terry-absorbente-supertuff\/#primaryimage","url":"https:\/\/trimaco.com\/wp-content\/uploads\/2022\/02\/terrytowel-1.webp","contentUrl":"https:\/\/trimaco.com\/wp-content\/uploads\/2022\/02\/terrytowel-1.webp","width":284,"height":283,"caption":"Cleaning with a white terry towel"},{"@type":"BreadcrumbList","@id":"https:\/\/trimaco.com\/es\/productos\/trapos-y-limpiaparabrisas\/toallas-de-tela-terry-absorbente-supertuff\/#breadcrumb","itemListElement":[{"@type":"ListItem","position":1,"name":"Home","item":"https:\/\/trimaco.com\/"},{"@type":"ListItem","position":2,"name":"Productos","item":"https:\/\/trimaco.com\/es\/productos\/"},{"@type":"ListItem","position":3,"name":"Trapos y limpiaparabrisas","item":"https:\/\/trimaco.com\/es\/productos\/trapos-y-limpiaparabrisas\/"},{"@type":"ListItem","position":4,"name":"Toallas de tela Terry absorbente SuperTuff\u00ae"}]},{"@type":"WebSite","@id":"https:\/\/trimaco.com\/#website","url":"https:\/\/trimaco.com\/","name":"Trimaco","description":"Total Jobsite Protection\u2122","publisher":{"@id":"https:\/\/trimaco.com\/#organization"},"potentialAction":[{"@type":"SearchAction","target":{"@type":"EntryPoint","urlTemplate":"https:\/\/trimaco.com\/?s={search_term_string}"},"query-input":{"@type":"PropertyValueSpecification","valueRequired":true,"valueName":"search_term_string"}}],"inLanguage":"es"},{"@type":"Organization","@id":"https:\/\/trimaco.com\/#organization","name":"Trimaco","url":"https:\/\/trimaco.com\/","logo":{"@type":"ImageObject","inLanguage":"es","@id":"https:\/\/trimaco.com\/#\/schema\/logo\/image\/","url":"https:\/\/trimaco.com\/wp-content\/uploads\/2016\/08\/login-logo.png","contentUrl":"https:\/\/trimaco.com\/wp-content\/uploads\/2016\/08\/login-logo.png","width":450,"height":69,"caption":"Trimaco"},"image":{"@id":"https:\/\/trimaco.com\/#\/schema\/logo\/image\/"},"sameAs":["https:\/\/www.facebook.com\/pages\/Trimaco\/346858225385747?ref=ts","https:\/\/x.com\/trimacoinc","https:\/\/www.instagram.com\/trimaco_inc\/","https:\/\/pinterest.com\/trimaco\/","https:\/\/www.youtube.com\/c\/trimacoinc"]}]}},"_links":{"self":[{"href":"https:\/\/trimaco.com\/es\/wp-json\/wp\/v2\/pages\/14283","targetHints":{"allow":["GET"]}}],"collection":[{"href":"https:\/\/trimaco.com\/es\/wp-json\/wp\/v2\/pages"}],"about":[{"href":"https:\/\/trimaco.com\/es\/wp-json\/wp\/v2\/types\/page"}],"author":[{"embeddable":true,"href":"https:\/\/trimaco.com\/es\/wp-json\/wp\/v2\/users\/2"}],"replies":[{"embeddable":true,"href":"https:\/\/trimaco.com\/es\/wp-json\/wp\/v2\/comments?post=14283"}],"version-history":[{"count":0,"href":"https:\/\/trimaco.com\/es\/wp-json\/wp\/v2\/pages\/14283\/revisions"}],"up":[{"embeddable":true,"href":"https:\/\/trimaco.com\/es\/wp-json\/wp\/v2\/pages\/14278"}],"wp:featuredmedia":[{"embeddable":true,"href":"https:\/\/trimaco.com\/es\/wp-json\/wp\/v2\/media\/17600"}],"wp:attachment":[{"href":"https:\/\/trimaco.com\/es\/wp-json\/wp\/v2\/media?parent=14283"}],"curies":[{"name":"wp","href":"https:\/\/api.w.org\/{rel}","templated":true}]}}