{"id":14281,"date":"2021-07-30T09:15:33","date_gmt":"2021-07-30T13:15:33","guid":{"rendered":"https:\/\/trimaco.wpengine.com\/productos\/trapos-y-limpiaparabrisas\/trapos-de-tela-camiseta-blancos-absorbentes-profesionales\/"},"modified":"2024-04-09T09:28:51","modified_gmt":"2024-04-09T13:28:51","slug":"trapos-de-tela-camiseta-blancos-absorbentes-profesionales","status":"publish","type":"page","link":"https:\/\/trimaco.com\/es\/productos\/trapos-y-limpiaparabrisas\/trapos-de-tela-camiseta-blancos-absorbentes-profesionales\/","title":{"rendered":"Trapos de tela camiseta blancos absorbentes profesionales"},"content":{"rendered":"<h3>TRAPOS RESISTENTES, FIABLES Y ABSORBENTES<\/h3>\n<p>Desde trapos de tela camiseta blancos de primera calidad hasta trapos de colores, tenemos una amplia gama para su trabajo. Todas las variedades son absorbentes y suaves. Estos trapos son ideales para proyectos de pintura, tinte y acabados de imitaci\u00f3n, as\u00ed como para la limpieza, el pulido y muchas otras tareas. <\/p>\n<p>La l\u00ednea completa de trapos de Trimaco incluye trapos de tela camiseta blancos de primera s\u00faper brillantes; Camiseta de punto, lisa, trapos de camiseta blanqueados; Trapos de tela camiseta mixtos, una mezcla econ\u00f3mica de camisetas blancas y trapos de punto mixtos; trapos de tela Heather gris, una mezcla variada de trapos de Heather gris; Tejidos de colores, los trapos de uso general son absorbentes y econ\u00f3micos. \u00a1Aseg\u00farese de explorar la l\u00ednea completa de productos de limpieza de <a href=\"https:\/\/trimaco.com\/es\/productos\/trapos-y-limpiaparabrisas\/\">Trimaco!<\/a><\/p>\n<ul>\n<li>Absorbentes y suaves<\/li>\n<li>Ideal para proyectos de pintura, tinte y acabados de imitaci\u00f3n, as\u00ed como para tareas de limpieza, pulido y muchas otras tareas<\/li>\n<li>Lavable: lavado a m\u00e1quina fr\u00edo, secar al aire Lave los trapos de colores por separado*<\/li>\n<\/ul>\n<p><em>Trapos de tela camiseta blancos de primera <\/em><br \/>\nPara todos los prop\u00f3sitos, suaves, s\u00faper brillantes trapos de camiseta blanca son s\u00faper absorbentes y suaves.<\/p>\n<table>\n<tbody>\n<tr>\n<th># de Art\u00edculo<\/th>\n<th>Tama\u00f1o<\/th>\n<th>Paquete de<\/th>\n<\/tr>\n<tr>\n<td>10821<\/td>\n<td>Bolsa de 1 lb<\/td>\n<td>24<\/td>\n<\/tr>\n<td>10822<\/td>\n<td>caja #5, 4 libras<\/td>\n<td>1<\/td>\n<\/tr>\n<tr>\n<td>10422<\/td>\n<td>#5 de caja comprimida, 4 libras<\/td>\n<td>1<\/td>\n<\/tr>\n<tr>\n<td>10854<\/td>\n<td>Mini-paca de 4 libras<\/td>\n<td>10<\/td>\n<\/tr>\n<tr>\n<td>10823<\/td>\n<td>caja #10, 8 lb<\/td>\n<td>1<\/td>\n<\/tr>\n<tr>\n<td>10423<\/td>\n<td>#10 de caja comprimida, 8 lb<\/td>\n<td>1<\/td>\n<\/tr>\n<tr>\n<td>10855<\/td>\n<td>Paca de 8 libras<\/td>\n<td>5<\/td>\n<\/tr>\n<tr>\n<td>10885<\/td>\n<td>caja de #25, 22lb<\/td>\n<td>1<\/td>\n<\/tr>\n<tr>\n<td>10850<\/td>\n<td>caja #50, 45lb<\/td>\n<td>1<\/td>\n<\/tbody>\n<\/table>\n<p><em>TRAPOS DE TELA CAMISETA<\/em><br \/>\nPara todos los prop\u00f3sitos lisos, camiseta blanqueada y trapos de punto de polo son s\u00faper absorbentes, el favorito del pintor.<\/p>\n<table>\n<tbody>\n<tr>\n<th># de Art\u00edculo<\/th>\n<th>Tama\u00f1o<\/th>\n<th>Paquete de<\/th>\n<\/tr>\n<tr>\n<td>10811<\/td>\n<td>Bolsa de 1\/2 lb<\/td>\n<td>24<\/td>\n<\/tr>\n<tr>\n<td>10844<\/td>\n<td>Bolsa de 1 lb<\/td>\n<td>24<\/td>\n<\/tr>\n<tr>\n<td>10817<\/td>\n<td>caja #5, 4 libras<\/td>\n<td>1<\/td>\n<\/tr>\n<tr>\n<td>10432<\/td>\n<td>#5 de caja comprimida, 4 libras<\/td>\n<td>1<\/td>\n<\/tr>\n<tr>\n<td>10852<\/td>\n<td>Mini-paca de 4 libras<\/td>\n<td>10<\/td>\n<\/tr>\n<tr>\n<td>10848<\/td>\n<td>caja #10, 8 lb<\/td>\n<td>1<\/td>\n<\/tr>\n<tr>\n<td>10433<\/td>\n<td>#10 de caja comprimida, 8 lb<\/td>\n<td>1<\/td>\n<\/tr>\n<tr>\n<td>10853<\/td>\n<td>Paca de 8 libras<\/td>\n<td>5<\/td>\n<\/tr>\n<tr>\n<td>10875<\/td>\n<td>caja de #25, 22lb<\/td>\n<td>1<\/td>\n<\/tr>\n<tr>\n<td>10886<\/td>\n<td>caja #50, 45lb<\/td>\n<td>1<\/td>\n<\/tr>\n<\/tbody>\n<\/table>\n<p><em>Trapos blancos mixtos de tela camiseta<\/em><br \/>\nTodo prop\u00f3sito, econ\u00f3mico, camiseta blanca y trapos de punto mixtos son s\u00faper absorbentes y suaves.<\/p>\n<table>\n<tbody>\n<tr>\n<th># de Art\u00edculo<\/th>\n<th>Tama\u00f1o<\/th>\n<th>Paquete de<\/th>\n<\/tr>\n<tr>\n<td>10832<\/td>\n<td>caja #5, 4 libras<\/td>\n<td>1<\/td>\n<\/tr>\n<tr>\n<td>10442<\/td>\n<td>#5 de caja comprimida, 4 libras<\/td>\n<td>1<\/td>\n<\/tr>\n<tr>\n<td>10856<\/td>\n<td>Mini-paca de 4 libras<\/td>\n<td>10<\/td>\n<\/tr>\n<tr>\n<td>10833<\/td>\n<td>caja #10, 8 lb<\/td>\n<td>1<\/td>\n<\/tr>\n<tr>\n<td>10443<\/td>\n<td>#10 de caja comprimida, 8 lb<\/td>\n<td>1<\/td>\n<\/tr>\n<tr>\n<td>10857<\/td>\n<td>Paca de 8 libras<\/td>\n<td>5<\/td>\n<\/tr>\n<tr>\n<td>10865<\/td>\n<td>caja de #25, 22lb<\/td>\n<td>1<\/td>\n<\/tr>\n<tr>\n<td>10860<\/td>\n<td>caja #50, 45lb<\/td>\n<td>1<\/td>\n<\/tr>\n<\/tbody>\n<\/table>\n<p><em>Trapos de tela Heather Gris<\/em><br \/>\nTodos los trapos lisos, grises del brezo del prop\u00f3sito son color-r\u00e1pidos y absorbentes.<\/p>\n<table>\n<tbody>\n<tr>\n<th># de Art\u00edculo<\/th>\n<th>Tama\u00f1o<\/th>\n<th>Paquete de<\/th>\n<\/tr>\n<tr>\n<td>10877<\/td>\n<td>Caja comprimida #5, 4 libras<\/td>\n<td>1<\/td>\n<\/tr>\n<tr>\n<td>10452<\/td>\n<td>#5 de caja comprimida, 4 libras<\/td>\n<td>1<\/td>\n<\/tr>\n<tr>\n<td>10874<\/td>\n<td>Mini-paca de 4 libras<\/td>\n<td>10<\/td>\n<\/tr>\n<tr>\n<td>10873<\/td>\n<td>caja #10, 8 lb<\/td>\n<td>1<\/td>\n<\/tr>\n<tr>\n<td>10453<\/td>\n<td>#10 de caja comprimida, 8 lb<\/td>\n<td>1<\/td>\n<\/tr>\n<tr>\n<td>10878<\/td>\n<td>Paca de 8 libras<\/td>\n<td>5<\/td>\n<\/tr>\n<tr>\n<td>10880<\/td>\n<td>caja de #25, 22lb<\/td>\n<td>1<\/td>\n<\/tr>\n<tr>\n<td>10882<\/td>\n<td>caja #50, 45lb<\/td>\n<td>1<\/td>\n<\/tr>\n<\/tbody>\n<\/table>\n<p><em>Trapos de tela camiseta de color<\/em><br \/>\nEstos trapos de uso general son absorbentes y econ\u00f3micos.<\/p>\n<table>\n<tbody>\n<td>10801<\/td>\n<td>Bolsa de 1\/2 lb<\/td>\n<td>24<\/td>\n<\/tr>\n<tr>\n<td>10803<\/td>\n<td>Bolsa de 1 lb<\/td>\n<td>12<\/td>\n<\/tr>\n<tr>\n<td>10805<\/td>\n<td>caja #5, 4 libras<\/td>\n<td>1<\/td>\n<\/tr>\n<tr>\n<td>10462<\/td>\n<td>#5 de caja comprimida, 4 libras<\/td>\n<td>1<\/td>\n<\/tr>\n<tr>\n<td>10858<\/td>\n<td>Mini-paca de 4 libras<\/td>\n<td>10<\/td>\n<\/tr>\n<tr>\n<td>10807<\/td>\n<td>caja #10, 8 lb<\/td>\n<td>1<\/td>\n<\/tr>\n<tr>\n<td>10463<\/td>\n<td>#10 de caja comprimida, 8 lb<\/td>\n<td>1<\/td>\n<\/tr>\n<tr>\n<td>10859<\/td>\n<td>Paca de 8 libras<\/td>\n<td>5<\/td>\n<\/tr>\n<tr>\n<td>10818<\/td>\n<td>caja de #25, 22lb<\/td>\n<td>1<\/td>\n<\/tr>\n<tr>\n<td>10819<\/td>\n<td>caja #50, 45lb<\/td>\n<td>1<\/td>\n<\/tbody>\n<\/table>\n<p>*Los limpiadores empapados con manchas, aceite de linaza y\/o disolventes pueden incendiarse espont\u00e1neamente si se desechan incorrectamente. Coloque inmediatamente los trapos empapados en un recipiente de metal sellado y lleno de agua. Deseche de acuerdo con las regulaciones locales contra incendios.<\/p>\n","protected":false},"excerpt":{"rendered":"<p>Desde los trapos de tela camiseta blancos de primera hasta los de colores, tenemos una amplia gama de trapos para su trabajo. <\/p>\n","protected":false},"author":2,"featured_media":17591,"parent":14278,"menu_order":1,"comment_status":"closed","ping_status":"closed","template":"page_products-grandchild.php","meta":{"_acf_changed":false,"footnotes":""},"class_list":["post-14281","page","type-page","status-publish","has-post-thumbnail","hentry"],"acf":[],"yoast_head":"<!-- This site is optimized with the Yoast SEO plugin v27.3 - https:\/\/yoast.com\/product\/yoast-seo-wordpress\/ -->\n<title>Trapos de tela camiseta absorbentes y suaves<\/title>\n<meta name=\"description\" content=\"Desde trapos de tela camiseta blancos de primera calidad hasta trapos de colores, tenemos una amplia gama para su trabajo. Todas las variedades de trapos son absorbentes y suaves. Ideal para muchos trabajos.\" \/>\n<meta name=\"robots\" content=\"index, follow, max-snippet:-1, max-image-preview:large, max-video-preview:-1\" \/>\n<link rel=\"canonical\" href=\"https:\/\/trimaco.com\/es\/productos\/trapos-y-limpiaparabrisas\/trapos-de-tela-camiseta-blancos-absorbentes-profesionales\/\" \/>\n<meta property=\"og:locale\" content=\"es_ES\" \/>\n<meta property=\"og:type\" content=\"article\" \/>\n<meta property=\"og:title\" content=\"Trapos de tela camiseta absorbentes y suaves\" \/>\n<meta property=\"og:description\" content=\"Desde trapos de tela camiseta blancos de primera calidad hasta trapos de colores, tenemos una amplia gama para su trabajo. Todas las variedades de trapos son absorbentes y suaves. Ideal para muchos trabajos.\" \/>\n<meta property=\"og:url\" content=\"https:\/\/trimaco.com\/es\/productos\/trapos-y-limpiaparabrisas\/trapos-de-tela-camiseta-blancos-absorbentes-profesionales\/\" \/>\n<meta property=\"og:site_name\" content=\"Trimaco\" \/>\n<meta property=\"article:publisher\" content=\"https:\/\/www.facebook.com\/pages\/Trimaco\/346858225385747?ref=ts\" \/>\n<meta property=\"article:modified_time\" content=\"2024-04-09T13:28:51+00:00\" \/>\n<meta property=\"og:image\" content=\"https:\/\/trimaco.com\/wp-content\/uploads\/2022\/02\/knit-1.webp\" \/>\n\t<meta property=\"og:image:width\" content=\"284\" \/>\n\t<meta property=\"og:image:height\" content=\"283\" \/>\n\t<meta property=\"og:image:type\" content=\"image\/webp\" \/>\n<meta name=\"twitter:card\" content=\"summary_large_image\" \/>\n<meta name=\"twitter:site\" content=\"@trimacoinc\" \/>\n<meta name=\"twitter:label1\" content=\"Tiempo de lectura\" \/>\n\t<meta name=\"twitter:data1\" content=\"2 minutos\" \/>\n<!-- \/ Yoast SEO plugin. -->","yoast_head_json":{"title":"Trapos de tela camiseta absorbentes y suaves","description":"Desde trapos de tela camiseta blancos de primera calidad hasta trapos de colores, tenemos una amplia gama para su trabajo. Todas las variedades de trapos son absorbentes y suaves. Ideal para muchos trabajos.","robots":{"index":"index","follow":"follow","max-snippet":"max-snippet:-1","max-image-preview":"max-image-preview:large","max-video-preview":"max-video-preview:-1"},"canonical":"https:\/\/trimaco.com\/es\/productos\/trapos-y-limpiaparabrisas\/trapos-de-tela-camiseta-blancos-absorbentes-profesionales\/","og_locale":"es_ES","og_type":"article","og_title":"Trapos de tela camiseta absorbentes y suaves","og_description":"Desde trapos de tela camiseta blancos de primera calidad hasta trapos de colores, tenemos una amplia gama para su trabajo. Todas las variedades de trapos son absorbentes y suaves. Ideal para muchos trabajos.","og_url":"https:\/\/trimaco.com\/es\/productos\/trapos-y-limpiaparabrisas\/trapos-de-tela-camiseta-blancos-absorbentes-profesionales\/","og_site_name":"Trimaco","article_publisher":"https:\/\/www.facebook.com\/pages\/Trimaco\/346858225385747?ref=ts","article_modified_time":"2024-04-09T13:28:51+00:00","og_image":[{"width":284,"height":283,"url":"https:\/\/trimaco.com\/wp-content\/uploads\/2022\/02\/knit-1.webp","type":"image\/webp"}],"twitter_card":"summary_large_image","twitter_site":"@trimacoinc","twitter_misc":{"Tiempo de lectura":"2 minutos"},"schema":{"@context":"https:\/\/schema.org","@graph":[{"@type":"WebPage","@id":"https:\/\/trimaco.com\/es\/productos\/trapos-y-limpiaparabrisas\/trapos-de-tela-camiseta-blancos-absorbentes-profesionales\/","url":"https:\/\/trimaco.com\/es\/productos\/trapos-y-limpiaparabrisas\/trapos-de-tela-camiseta-blancos-absorbentes-profesionales\/","name":"Trapos de tela camiseta absorbentes y suaves","isPartOf":{"@id":"https:\/\/trimaco.com\/#website"},"primaryImageOfPage":{"@id":"https:\/\/trimaco.com\/es\/productos\/trapos-y-limpiaparabrisas\/trapos-de-tela-camiseta-blancos-absorbentes-profesionales\/#primaryimage"},"image":{"@id":"https:\/\/trimaco.com\/es\/productos\/trapos-y-limpiaparabrisas\/trapos-de-tela-camiseta-blancos-absorbentes-profesionales\/#primaryimage"},"thumbnailUrl":"https:\/\/trimaco.com\/wp-content\/uploads\/2022\/02\/knit-1.webp","datePublished":"2021-07-30T13:15:33+00:00","dateModified":"2024-04-09T13:28:51+00:00","description":"Desde trapos de tela camiseta blancos de primera calidad hasta trapos de colores, tenemos una amplia gama para su trabajo. Todas las variedades de trapos son absorbentes y suaves. Ideal para muchos trabajos.","breadcrumb":{"@id":"https:\/\/trimaco.com\/es\/productos\/trapos-y-limpiaparabrisas\/trapos-de-tela-camiseta-blancos-absorbentes-profesionales\/#breadcrumb"},"inLanguage":"es","potentialAction":[{"@type":"ReadAction","target":["https:\/\/trimaco.com\/es\/productos\/trapos-y-limpiaparabrisas\/trapos-de-tela-camiseta-blancos-absorbentes-profesionales\/"]}]},{"@type":"ImageObject","inLanguage":"es","@id":"https:\/\/trimaco.com\/es\/productos\/trapos-y-limpiaparabrisas\/trapos-de-tela-camiseta-blancos-absorbentes-profesionales\/#primaryimage","url":"https:\/\/trimaco.com\/wp-content\/uploads\/2022\/02\/knit-1.webp","contentUrl":"https:\/\/trimaco.com\/wp-content\/uploads\/2022\/02\/knit-1.webp","width":284,"height":283,"caption":"Cleaning with knit wiper"},{"@type":"BreadcrumbList","@id":"https:\/\/trimaco.com\/es\/productos\/trapos-y-limpiaparabrisas\/trapos-de-tela-camiseta-blancos-absorbentes-profesionales\/#breadcrumb","itemListElement":[{"@type":"ListItem","position":1,"name":"Home","item":"https:\/\/trimaco.com\/"},{"@type":"ListItem","position":2,"name":"Productos","item":"https:\/\/trimaco.com\/es\/productos\/"},{"@type":"ListItem","position":3,"name":"Trapos y limpiaparabrisas","item":"https:\/\/trimaco.com\/es\/productos\/trapos-y-limpiaparabrisas\/"},{"@type":"ListItem","position":4,"name":"Trapos de tela camiseta blancos absorbentes profesionales"}]},{"@type":"WebSite","@id":"https:\/\/trimaco.com\/#website","url":"https:\/\/trimaco.com\/","name":"Trimaco","description":"Total Jobsite Protection\u2122","publisher":{"@id":"https:\/\/trimaco.com\/#organization"},"potentialAction":[{"@type":"SearchAction","target":{"@type":"EntryPoint","urlTemplate":"https:\/\/trimaco.com\/?s={search_term_string}"},"query-input":{"@type":"PropertyValueSpecification","valueRequired":true,"valueName":"search_term_string"}}],"inLanguage":"es"},{"@type":"Organization","@id":"https:\/\/trimaco.com\/#organization","name":"Trimaco","url":"https:\/\/trimaco.com\/","logo":{"@type":"ImageObject","inLanguage":"es","@id":"https:\/\/trimaco.com\/#\/schema\/logo\/image\/","url":"https:\/\/trimaco.com\/wp-content\/uploads\/2016\/08\/login-logo.png","contentUrl":"https:\/\/trimaco.com\/wp-content\/uploads\/2016\/08\/login-logo.png","width":450,"height":69,"caption":"Trimaco"},"image":{"@id":"https:\/\/trimaco.com\/#\/schema\/logo\/image\/"},"sameAs":["https:\/\/www.facebook.com\/pages\/Trimaco\/346858225385747?ref=ts","https:\/\/x.com\/trimacoinc","https:\/\/www.instagram.com\/trimaco_inc\/","https:\/\/pinterest.com\/trimaco\/","https:\/\/www.youtube.com\/c\/trimacoinc"]}]}},"_links":{"self":[{"href":"https:\/\/trimaco.com\/es\/wp-json\/wp\/v2\/pages\/14281","targetHints":{"allow":["GET"]}}],"collection":[{"href":"https:\/\/trimaco.com\/es\/wp-json\/wp\/v2\/pages"}],"about":[{"href":"https:\/\/trimaco.com\/es\/wp-json\/wp\/v2\/types\/page"}],"author":[{"embeddable":true,"href":"https:\/\/trimaco.com\/es\/wp-json\/wp\/v2\/users\/2"}],"replies":[{"embeddable":true,"href":"https:\/\/trimaco.com\/es\/wp-json\/wp\/v2\/comments?post=14281"}],"version-history":[{"count":0,"href":"https:\/\/trimaco.com\/es\/wp-json\/wp\/v2\/pages\/14281\/revisions"}],"up":[{"embeddable":true,"href":"https:\/\/trimaco.com\/es\/wp-json\/wp\/v2\/pages\/14278"}],"wp:featuredmedia":[{"embeddable":true,"href":"https:\/\/trimaco.com\/es\/wp-json\/wp\/v2\/media\/17591"}],"wp:attachment":[{"href":"https:\/\/trimaco.com\/es\/wp-json\/wp\/v2\/media?parent=14281"}],"curies":[{"name":"wp","href":"https:\/\/api.w.org\/{rel}","templated":true}]}}