{"id":14279,"date":"2021-07-30T09:02:33","date_gmt":"2021-07-30T13:02:33","guid":{"rendered":"https:\/\/trimaco.wpengine.com\/productos\/trapos-y-limpiaparabrisas\/panos-de-microfibra-wonder-rag-de-trimaco\/"},"modified":"2024-04-09T09:28:29","modified_gmt":"2024-04-09T13:28:29","slug":"panos-de-microfibra-wonder-rag-de-trimaco","status":"publish","type":"page","link":"https:\/\/trimaco.com\/es\/productos\/trapos-y-limpiaparabrisas\/panos-de-microfibra-wonder-rag-de-trimaco\/","title":{"rendered":"Pa\u00f1os de Microfibra Wonder Rag\u00ae de Trimaco"},"content":{"rendered":"<h2>Wonder Rag\u00ae estilo Shammy<\/h2>\n<p>Los pa\u00f1os Wonder Rag\u00ae de Trimaco est\u00e1n hechos de un material de microfibra \u00fanico que es ideal para eliminar derrames de pintura y salpicaduras de las superficies. Este trapo limpia sin dejar rayas o pelusas y es ideal para pulir y limpiar todas las superficies. Los Wonder Rags\u00ae est\u00e1n prelavados para mayor suavidad y absorci\u00f3n. Son altamente absorbentes adem\u00e1s de lavables y reutilizables. \u00a1El Wonder Rag ser\u00e1 uno de sus trapos favoritos! Orgullosamente hecho en los EE.UU.<\/p>\n<p>Aseg\u00farese de explorar la l\u00ednea completa de <a href=\"https:\/\/trimaco.com\/es\/productos\/trapos-y-limpiaparabrisas\/\">trapos y limpiadores<\/a> de Trimaco.<\/p>\n<ul>\n<li>\u2022 Trapo de 14&#8243;x17&#8243;<\/li>\n<li>\u2022 Absorbe como una esponja<\/li>\n<li>\u2022 Sin rayas y sin pelusas<\/li>\n<li>\u2022 Hecho en los EE.UU.<\/li>\n<li>\u2022 Lavable: lavar a m\u00e1quina en fr\u00edo, secar bajo*<\/li>\n<\/ul>\n<p><em>Wonder Rags\u00ae<\/em><\/p>\n<table>\n<tbody>\n<tr>\n<th># de Art\u00edculo<\/th>\n<th>Paquete de<\/th>\n<th>Tama\u00f1o<\/th>\n<\/tr>\n<tr>\n<td>83625<\/td>\n<td>1<\/td>\n<td>Caja dispensadora de 14&#8243; x 17&#8243; &#8211; 25pk<\/td>\n<\/tr>\n<tr>\n<td>83650<\/td>\n<td>1<\/td>\n<td>Caja dispensadora de 14&#8243; x 17&#8243; &#8211; 50pk<\/td>\n<\/tr>\n<\/tbody>\n<\/table>\n<p>*Los limpiadores empapados con manchas, aceite de linaza y\/o disolventes pueden incendiarse espont\u00e1neamente si se desechan incorrectamente. Coloque inmediatamente los trapos empapados en un recipiente de metal sellado y lleno de agua. Deseche de acuerdo con las regulaciones locales contra incendios.<\/p>\n","protected":false},"excerpt":{"rendered":"<p>Toallas de microfibra \u00fanicas ideales para eliminar derrames y salpicaduras. Sin rayas y sin pelusas. <\/p>\n","protected":false},"author":2,"featured_media":17586,"parent":14278,"menu_order":0,"comment_status":"closed","ping_status":"closed","template":"page_products-grandchild.php","meta":{"_acf_changed":false,"footnotes":""},"class_list":["post-14279","page","type-page","status-publish","has-post-thumbnail","hentry"],"acf":[],"yoast_head":"<!-- This site is optimized with the Yoast SEO plugin v27.5 - https:\/\/yoast.com\/product\/yoast-seo-wordpress\/ -->\n<title>Trapos de Microfibra Wonder Rag\u00ae<\/title>\n<meta name=\"description\" content=\"Hecho de un material de microfibra \u00fanico que es ideal para eliminar los derrames de pintura. Este trapo limpia sin dejar rayas o pelusas y es ideal para pulir y limpiar.\" \/>\n<meta name=\"robots\" content=\"index, follow, max-snippet:-1, max-image-preview:large, max-video-preview:-1\" \/>\n<link rel=\"canonical\" href=\"https:\/\/trimaco.com\/es\/productos\/trapos-y-limpiaparabrisas\/panos-de-microfibra-wonder-rag-de-trimaco\/\" \/>\n<meta property=\"og:locale\" content=\"es_ES\" \/>\n<meta property=\"og:type\" content=\"article\" \/>\n<meta property=\"og:title\" content=\"Trapos de Microfibra Wonder Rag\u00ae\" \/>\n<meta property=\"og:description\" content=\"Hecho de un material de microfibra \u00fanico que es ideal para eliminar los derrames de pintura. Este trapo limpia sin dejar rayas o pelusas y es ideal para pulir y limpiar.\" \/>\n<meta property=\"og:url\" content=\"https:\/\/trimaco.com\/es\/productos\/trapos-y-limpiaparabrisas\/panos-de-microfibra-wonder-rag-de-trimaco\/\" \/>\n<meta property=\"og:site_name\" content=\"Trimaco\" \/>\n<meta property=\"article:publisher\" content=\"https:\/\/www.facebook.com\/pages\/Trimaco\/346858225385747?ref=ts\" \/>\n<meta property=\"article:modified_time\" content=\"2024-04-09T13:28:29+00:00\" \/>\n<meta property=\"og:image\" content=\"https:\/\/trimaco.com\/wp-content\/uploads\/2022\/02\/wonderrag-5.webp\" \/>\n\t<meta property=\"og:image:width\" content=\"284\" \/>\n\t<meta property=\"og:image:height\" content=\"283\" \/>\n\t<meta property=\"og:image:type\" content=\"image\/webp\" \/>\n<meta name=\"twitter:card\" content=\"summary_large_image\" \/>\n<meta name=\"twitter:site\" content=\"@trimacoinc\" \/>\n<meta name=\"twitter:label1\" content=\"Tiempo de lectura\" \/>\n\t<meta name=\"twitter:data1\" content=\"2 minutos\" \/>\n<!-- \/ Yoast SEO plugin. -->","yoast_head_json":{"title":"Trapos de Microfibra Wonder Rag\u00ae","description":"Hecho de un material de microfibra \u00fanico que es ideal para eliminar los derrames de pintura. Este trapo limpia sin dejar rayas o pelusas y es ideal para pulir y limpiar.","robots":{"index":"index","follow":"follow","max-snippet":"max-snippet:-1","max-image-preview":"max-image-preview:large","max-video-preview":"max-video-preview:-1"},"canonical":"https:\/\/trimaco.com\/es\/productos\/trapos-y-limpiaparabrisas\/panos-de-microfibra-wonder-rag-de-trimaco\/","og_locale":"es_ES","og_type":"article","og_title":"Trapos de Microfibra Wonder Rag\u00ae","og_description":"Hecho de un material de microfibra \u00fanico que es ideal para eliminar los derrames de pintura. Este trapo limpia sin dejar rayas o pelusas y es ideal para pulir y limpiar.","og_url":"https:\/\/trimaco.com\/es\/productos\/trapos-y-limpiaparabrisas\/panos-de-microfibra-wonder-rag-de-trimaco\/","og_site_name":"Trimaco","article_publisher":"https:\/\/www.facebook.com\/pages\/Trimaco\/346858225385747?ref=ts","article_modified_time":"2024-04-09T13:28:29+00:00","og_image":[{"width":284,"height":283,"url":"https:\/\/trimaco.com\/wp-content\/uploads\/2022\/02\/wonderrag-5.webp","type":"image\/webp"}],"twitter_card":"summary_large_image","twitter_site":"@trimacoinc","twitter_misc":{"Tiempo de lectura":"2 minutos"},"schema":{"@context":"https:\/\/schema.org","@graph":[{"@type":"WebPage","@id":"https:\/\/trimaco.com\/es\/productos\/trapos-y-limpiaparabrisas\/panos-de-microfibra-wonder-rag-de-trimaco\/","url":"https:\/\/trimaco.com\/es\/productos\/trapos-y-limpiaparabrisas\/panos-de-microfibra-wonder-rag-de-trimaco\/","name":"Trapos de Microfibra Wonder Rag\u00ae","isPartOf":{"@id":"https:\/\/trimaco.com\/#website"},"primaryImageOfPage":{"@id":"https:\/\/trimaco.com\/es\/productos\/trapos-y-limpiaparabrisas\/panos-de-microfibra-wonder-rag-de-trimaco\/#primaryimage"},"image":{"@id":"https:\/\/trimaco.com\/es\/productos\/trapos-y-limpiaparabrisas\/panos-de-microfibra-wonder-rag-de-trimaco\/#primaryimage"},"thumbnailUrl":"https:\/\/trimaco.com\/wp-content\/uploads\/2022\/02\/wonderrag-5.webp","datePublished":"2021-07-30T13:02:33+00:00","dateModified":"2024-04-09T13:28:29+00:00","description":"Hecho de un material de microfibra \u00fanico que es ideal para eliminar los derrames de pintura. Este trapo limpia sin dejar rayas o pelusas y es ideal para pulir y limpiar.","breadcrumb":{"@id":"https:\/\/trimaco.com\/es\/productos\/trapos-y-limpiaparabrisas\/panos-de-microfibra-wonder-rag-de-trimaco\/#breadcrumb"},"inLanguage":"es","potentialAction":[{"@type":"ReadAction","target":["https:\/\/trimaco.com\/es\/productos\/trapos-y-limpiaparabrisas\/panos-de-microfibra-wonder-rag-de-trimaco\/"]}]},{"@type":"ImageObject","inLanguage":"es","@id":"https:\/\/trimaco.com\/es\/productos\/trapos-y-limpiaparabrisas\/panos-de-microfibra-wonder-rag-de-trimaco\/#primaryimage","url":"https:\/\/trimaco.com\/wp-content\/uploads\/2022\/02\/wonderrag-5.webp","contentUrl":"https:\/\/trimaco.com\/wp-content\/uploads\/2022\/02\/wonderrag-5.webp","width":284,"height":283,"caption":"wonder rag wiping up paint"},{"@type":"BreadcrumbList","@id":"https:\/\/trimaco.com\/es\/productos\/trapos-y-limpiaparabrisas\/panos-de-microfibra-wonder-rag-de-trimaco\/#breadcrumb","itemListElement":[{"@type":"ListItem","position":1,"name":"Home","item":"https:\/\/trimaco.com\/"},{"@type":"ListItem","position":2,"name":"Productos","item":"https:\/\/trimaco.com\/es\/productos\/"},{"@type":"ListItem","position":3,"name":"Trapos y limpiaparabrisas","item":"https:\/\/trimaco.com\/es\/productos\/trapos-y-limpiaparabrisas\/"},{"@type":"ListItem","position":4,"name":"Pa\u00f1os de Microfibra Wonder Rag\u00ae de Trimaco"}]},{"@type":"WebSite","@id":"https:\/\/trimaco.com\/#website","url":"https:\/\/trimaco.com\/","name":"Trimaco","description":"Total Jobsite Protection\u2122","publisher":{"@id":"https:\/\/trimaco.com\/#organization"},"potentialAction":[{"@type":"SearchAction","target":{"@type":"EntryPoint","urlTemplate":"https:\/\/trimaco.com\/?s={search_term_string}"},"query-input":{"@type":"PropertyValueSpecification","valueRequired":true,"valueName":"search_term_string"}}],"inLanguage":"es"},{"@type":"Organization","@id":"https:\/\/trimaco.com\/#organization","name":"Trimaco","url":"https:\/\/trimaco.com\/","logo":{"@type":"ImageObject","inLanguage":"es","@id":"https:\/\/trimaco.com\/#\/schema\/logo\/image\/","url":"https:\/\/trimaco.com\/wp-content\/uploads\/2016\/08\/login-logo.png","contentUrl":"https:\/\/trimaco.com\/wp-content\/uploads\/2016\/08\/login-logo.png","width":450,"height":69,"caption":"Trimaco"},"image":{"@id":"https:\/\/trimaco.com\/#\/schema\/logo\/image\/"},"sameAs":["https:\/\/www.facebook.com\/pages\/Trimaco\/346858225385747?ref=ts","https:\/\/x.com\/trimacoinc","https:\/\/www.instagram.com\/trimaco_inc\/","https:\/\/pinterest.com\/trimaco\/","https:\/\/www.youtube.com\/c\/trimacoinc"]}]}},"_links":{"self":[{"href":"https:\/\/trimaco.com\/es\/wp-json\/wp\/v2\/pages\/14279","targetHints":{"allow":["GET"]}}],"collection":[{"href":"https:\/\/trimaco.com\/es\/wp-json\/wp\/v2\/pages"}],"about":[{"href":"https:\/\/trimaco.com\/es\/wp-json\/wp\/v2\/types\/page"}],"author":[{"embeddable":true,"href":"https:\/\/trimaco.com\/es\/wp-json\/wp\/v2\/users\/2"}],"replies":[{"embeddable":true,"href":"https:\/\/trimaco.com\/es\/wp-json\/wp\/v2\/comments?post=14279"}],"version-history":[{"count":0,"href":"https:\/\/trimaco.com\/es\/wp-json\/wp\/v2\/pages\/14279\/revisions"}],"up":[{"embeddable":true,"href":"https:\/\/trimaco.com\/es\/wp-json\/wp\/v2\/pages\/14278"}],"wp:featuredmedia":[{"embeddable":true,"href":"https:\/\/trimaco.com\/es\/wp-json\/wp\/v2\/media\/17586"}],"wp:attachment":[{"href":"https:\/\/trimaco.com\/es\/wp-json\/wp\/v2\/media?parent=14279"}],"curies":[{"name":"wp","href":"https:\/\/api.w.org\/{rel}","templated":true}]}}