{"id":14273,"date":"2021-07-30T08:43:09","date_gmt":"2021-07-30T12:43:09","guid":{"rendered":"https:\/\/trimaco.wpengine.com\/productos\/barreras-de-sonido\/db3-max-para-paredes\/"},"modified":"2024-04-08T17:02:56","modified_gmt":"2024-04-08T21:02:56","slug":"db3-max-para-paredes","status":"publish","type":"page","link":"https:\/\/trimaco.com\/es\/productos\/barreras-de-sonido\/db3-max-para-paredes\/","title":{"rendered":"dB3 Max para paredes"},"content":{"rendered":"<h2>CONTROL DE RUIDO POE DE PESO PESADO<\/h2>\n<p>\nControle los niveles de ruido con la barrera de POE dB3 Max. Similar a las barreras de ruido dB3 y dB3 Lite, sin embargo, la opci\u00f3n de absorci\u00f3n de sonido de peso pesado incluye una capa de fibra de poli\u00e9ster adjunta. El aislamiento ac\u00fastico y de sonido de impacto ofrece un rendimiento de insonorizaci\u00f3n robusto y es una opci\u00f3n de control de ruido popular para contratistas y arquitectos. <\/p>\n<p>Esta barrera de sonido POE de peso pesado viene con una capa de fibra de poli\u00e9ster adjunta, lo que tambi\u00e9n lo convierte en una opci\u00f3n de insonorizaci\u00f3n ideal para instalaciones de retro adaptaci\u00f3n. La combinaci\u00f3n de los materiales bloquea tanto el sonido en el aire como las vibraciones estructurales que generan ondas sonoras. Todos los productos de barrera de ruido dB est\u00e1n hechos con POE (elast\u00f3mero de poliolefina), el compuesto de barrera de sonido de mayor rendimiento para aplicaciones ac\u00fasticas con carga masiva. El POE es seguro y no libera gases o absorbe productos qu\u00edmicos peligrosos. La flexibilidad permite que el material de control de sonido vibre convirtiendo el sonido en calor, mejorando la reducci\u00f3n de ruido. El POE no se vuelve quebradizo con el tiempo. Hecho en Los Estados Unidos de Am\u00e9rica.<\/p>\n<p>El dB3 Max es ambientalmente seguro y adem\u00e1s de la reducci\u00f3n del sonido, act\u00faa como una barrera de aire y humedad para resistir el moho y los hongos. \u00a1Ideal para paredes de insonorizaci\u00f3n en construcci\u00f3n comercial y residencial, apartamentos, hoteles, estudios de grabaci\u00f3n, cines p\u00fablicos o en casa, salas de conferencias y mucho m\u00e1s!<\/p>\n<ul>\n<li>Dise\u00f1ado para aplicaciones que necesitan bloqueo de sonido y aislamiento de sonido de la vibraci\u00f3n, como instalaciones industriales y deportivas<\/li>\n<li>Bloquea el sonido en entornos de construcci\u00f3n comercial o residencial<\/li>\n<li>Excelente material para instalaciones de retro adaptaci\u00f3n o construcci\u00f3n de nuevos muros<\/li>\n<li>Se puede instalar en una pared existente y cubrirse con paneles de yeso sin eliminar la capa existente de paneles de yeso.<\/li>\n<li>Barrera de protecci\u00f3n contra la humedad adem\u00e1s de la absorci\u00f3n del sonido<\/li>\n<\/ul>\n<p>Aseg\u00farese de explorar todos los otros productos de barrera de<a href=\"https:\/\/trimaco.com\/es\/productos\/barreras-de-sonido\/\">ruido dB3<\/a> ofrecidos por Trimaco, como <a href=\"https:\/\/trimaco.com\/es\/productos\/barreras-de-sonido\/db3-para-muros\/\">dB3<\/a>, <a href=\"https:\/\/trimaco.com\/es\/productos\/barreras-de-sonido\/db3-lite-para-paredes\/\">dB3 Lite<\/a> y <a href=\"https:\/\/trimaco.com\/es\/productos\/barreras-de-sonido\/db-top-stop-para-techos\/\">dBTop Stop<\/a> para techos.<\/p>\n<p><em>dB3 Barrera de ruido m\u00e1xima para paredes<\/em><\/p>\n<table>\n<tbody>\n<tr>\n<th># de Art\u00edculo<\/th>\n<th>Plataforma<\/th>\n<th>Tama\u00f1o<\/th>\n<\/tr>\n<tr>\n<td>42358UPC<\/td>\n<td>50 hojas\/plt<\/td>\n<td>4&#8242; x 8&#8242;<\/td>\n<\/tr>\n<tr>\n<td>42355UPC<\/td>\n<td>10 rollos\/plt<\/td>\n<td>4&#8242; x 25&#8242;<\/td>\n<\/tr>\n<\/tbody>\n<\/table>\n","protected":false},"excerpt":{"rendered":"<p>Peso pesado POE barrera de bloqueo de sonido con una capa de fibra de poli\u00e9ster adjunta.<\/p>\n","protected":false},"author":2,"featured_media":17577,"parent":14268,"menu_order":3,"comment_status":"closed","ping_status":"closed","template":"page_products-grandchild.php","meta":{"_acf_changed":false,"footnotes":""},"class_list":["post-14273","page","type-page","status-publish","has-post-thumbnail","hentry"],"acf":[],"yoast_head":"<!-- This site is optimized with the Yoast SEO plugin v27.3 - https:\/\/yoast.com\/product\/yoast-seo-wordpress\/ -->\n<title>Materiales de control de ruido dB3 Max para paredes<\/title>\n<meta name=\"description\" content=\"Controle los niveles de ruido con la barrera de POE dB3 Max. El aislador ac\u00fastico y de impacto ofrece un rendimiento de insonorizaci\u00f3n robusto. \u00a1Aprende m\u00e1s!\" \/>\n<meta name=\"robots\" content=\"index, follow, max-snippet:-1, max-image-preview:large, max-video-preview:-1\" \/>\n<link rel=\"canonical\" href=\"https:\/\/trimaco.com\/es\/productos\/barreras-de-sonido\/db3-max-para-paredes\/\" \/>\n<meta property=\"og:locale\" content=\"es_ES\" \/>\n<meta property=\"og:type\" content=\"article\" \/>\n<meta property=\"og:title\" content=\"Materiales de control de ruido dB3 Max para paredes\" \/>\n<meta property=\"og:description\" content=\"Controle los niveles de ruido con la barrera de POE dB3 Max. El aislador ac\u00fastico y de impacto ofrece un rendimiento de insonorizaci\u00f3n robusto. \u00a1Aprende m\u00e1s!\" \/>\n<meta property=\"og:url\" content=\"https:\/\/trimaco.com\/es\/productos\/barreras-de-sonido\/db3-max-para-paredes\/\" \/>\n<meta property=\"og:site_name\" content=\"Trimaco\" \/>\n<meta property=\"article:publisher\" content=\"https:\/\/www.facebook.com\/pages\/Trimaco\/346858225385747?ref=ts\" \/>\n<meta property=\"article:modified_time\" content=\"2024-04-08T21:02:56+00:00\" \/>\n<meta property=\"og:image\" content=\"https:\/\/trimaco.com\/wp-content\/uploads\/2022\/02\/db3max-rolledout.webp\" \/>\n\t<meta property=\"og:image:width\" content=\"500\" \/>\n\t<meta property=\"og:image:height\" content=\"500\" \/>\n\t<meta property=\"og:image:type\" content=\"image\/webp\" \/>\n<meta name=\"twitter:card\" content=\"summary_large_image\" \/>\n<meta name=\"twitter:site\" content=\"@trimacoinc\" \/>\n<meta name=\"twitter:label1\" content=\"Tiempo de lectura\" \/>\n\t<meta name=\"twitter:data1\" content=\"2 minutos\" \/>\n<!-- \/ Yoast SEO plugin. -->","yoast_head_json":{"title":"Materiales de control de ruido dB3 Max para paredes","description":"Controle los niveles de ruido con la barrera de POE dB3 Max. El aislador ac\u00fastico y de impacto ofrece un rendimiento de insonorizaci\u00f3n robusto. \u00a1Aprende m\u00e1s!","robots":{"index":"index","follow":"follow","max-snippet":"max-snippet:-1","max-image-preview":"max-image-preview:large","max-video-preview":"max-video-preview:-1"},"canonical":"https:\/\/trimaco.com\/es\/productos\/barreras-de-sonido\/db3-max-para-paredes\/","og_locale":"es_ES","og_type":"article","og_title":"Materiales de control de ruido dB3 Max para paredes","og_description":"Controle los niveles de ruido con la barrera de POE dB3 Max. El aislador ac\u00fastico y de impacto ofrece un rendimiento de insonorizaci\u00f3n robusto. \u00a1Aprende m\u00e1s!","og_url":"https:\/\/trimaco.com\/es\/productos\/barreras-de-sonido\/db3-max-para-paredes\/","og_site_name":"Trimaco","article_publisher":"https:\/\/www.facebook.com\/pages\/Trimaco\/346858225385747?ref=ts","article_modified_time":"2024-04-08T21:02:56+00:00","og_image":[{"width":500,"height":500,"url":"https:\/\/trimaco.com\/wp-content\/uploads\/2022\/02\/db3max-rolledout.webp","type":"image\/webp"}],"twitter_card":"summary_large_image","twitter_site":"@trimacoinc","twitter_misc":{"Tiempo de lectura":"2 minutos"},"schema":{"@context":"https:\/\/schema.org","@graph":[{"@type":"WebPage","@id":"https:\/\/trimaco.com\/es\/productos\/barreras-de-sonido\/db3-max-para-paredes\/","url":"https:\/\/trimaco.com\/es\/productos\/barreras-de-sonido\/db3-max-para-paredes\/","name":"Materiales de control de ruido dB3 Max para paredes","isPartOf":{"@id":"https:\/\/trimaco.com\/#website"},"primaryImageOfPage":{"@id":"https:\/\/trimaco.com\/es\/productos\/barreras-de-sonido\/db3-max-para-paredes\/#primaryimage"},"image":{"@id":"https:\/\/trimaco.com\/es\/productos\/barreras-de-sonido\/db3-max-para-paredes\/#primaryimage"},"thumbnailUrl":"https:\/\/trimaco.com\/wp-content\/uploads\/2022\/02\/db3max-rolledout.webp","datePublished":"2021-07-30T12:43:09+00:00","dateModified":"2024-04-08T21:02:56+00:00","description":"Controle los niveles de ruido con la barrera de POE dB3 Max. El aislador ac\u00fastico y de impacto ofrece un rendimiento de insonorizaci\u00f3n robusto. \u00a1Aprende m\u00e1s!","breadcrumb":{"@id":"https:\/\/trimaco.com\/es\/productos\/barreras-de-sonido\/db3-max-para-paredes\/#breadcrumb"},"inLanguage":"es","potentialAction":[{"@type":"ReadAction","target":["https:\/\/trimaco.com\/es\/productos\/barreras-de-sonido\/db3-max-para-paredes\/"]}]},{"@type":"ImageObject","inLanguage":"es","@id":"https:\/\/trimaco.com\/es\/productos\/barreras-de-sonido\/db3-max-para-paredes\/#primaryimage","url":"https:\/\/trimaco.com\/wp-content\/uploads\/2022\/02\/db3max-rolledout.webp","contentUrl":"https:\/\/trimaco.com\/wp-content\/uploads\/2022\/02\/db3max-rolledout.webp","width":500,"height":500,"caption":"db3 max rolled out"},{"@type":"BreadcrumbList","@id":"https:\/\/trimaco.com\/es\/productos\/barreras-de-sonido\/db3-max-para-paredes\/#breadcrumb","itemListElement":[{"@type":"ListItem","position":1,"name":"Home","item":"https:\/\/trimaco.com\/"},{"@type":"ListItem","position":2,"name":"Productos","item":"https:\/\/trimaco.com\/es\/productos\/"},{"@type":"ListItem","position":3,"name":"Contenci\u00f3n de ruido","item":"https:\/\/trimaco.com\/es\/productos\/barreras-de-sonido\/"},{"@type":"ListItem","position":4,"name":"dB3 Max para paredes"}]},{"@type":"WebSite","@id":"https:\/\/trimaco.com\/#website","url":"https:\/\/trimaco.com\/","name":"Trimaco","description":"Total Jobsite Protection\u2122","publisher":{"@id":"https:\/\/trimaco.com\/#organization"},"potentialAction":[{"@type":"SearchAction","target":{"@type":"EntryPoint","urlTemplate":"https:\/\/trimaco.com\/?s={search_term_string}"},"query-input":{"@type":"PropertyValueSpecification","valueRequired":true,"valueName":"search_term_string"}}],"inLanguage":"es"},{"@type":"Organization","@id":"https:\/\/trimaco.com\/#organization","name":"Trimaco","url":"https:\/\/trimaco.com\/","logo":{"@type":"ImageObject","inLanguage":"es","@id":"https:\/\/trimaco.com\/#\/schema\/logo\/image\/","url":"https:\/\/trimaco.com\/wp-content\/uploads\/2016\/08\/login-logo.png","contentUrl":"https:\/\/trimaco.com\/wp-content\/uploads\/2016\/08\/login-logo.png","width":450,"height":69,"caption":"Trimaco"},"image":{"@id":"https:\/\/trimaco.com\/#\/schema\/logo\/image\/"},"sameAs":["https:\/\/www.facebook.com\/pages\/Trimaco\/346858225385747?ref=ts","https:\/\/x.com\/trimacoinc","https:\/\/www.instagram.com\/trimaco_inc\/","https:\/\/pinterest.com\/trimaco\/","https:\/\/www.youtube.com\/c\/trimacoinc"]}]}},"_links":{"self":[{"href":"https:\/\/trimaco.com\/es\/wp-json\/wp\/v2\/pages\/14273","targetHints":{"allow":["GET"]}}],"collection":[{"href":"https:\/\/trimaco.com\/es\/wp-json\/wp\/v2\/pages"}],"about":[{"href":"https:\/\/trimaco.com\/es\/wp-json\/wp\/v2\/types\/page"}],"author":[{"embeddable":true,"href":"https:\/\/trimaco.com\/es\/wp-json\/wp\/v2\/users\/2"}],"replies":[{"embeddable":true,"href":"https:\/\/trimaco.com\/es\/wp-json\/wp\/v2\/comments?post=14273"}],"version-history":[{"count":0,"href":"https:\/\/trimaco.com\/es\/wp-json\/wp\/v2\/pages\/14273\/revisions"}],"up":[{"embeddable":true,"href":"https:\/\/trimaco.com\/es\/wp-json\/wp\/v2\/pages\/14268"}],"wp:featuredmedia":[{"embeddable":true,"href":"https:\/\/trimaco.com\/es\/wp-json\/wp\/v2\/media\/17577"}],"wp:attachment":[{"href":"https:\/\/trimaco.com\/es\/wp-json\/wp\/v2\/media?parent=14273"}],"curies":[{"name":"wp","href":"https:\/\/api.w.org\/{rel}","templated":true}]}}