{"id":14272,"date":"2021-07-30T08:39:32","date_gmt":"2021-07-30T12:39:32","guid":{"rendered":"https:\/\/trimaco.wpengine.com\/productos\/barreras-de-sonido\/db3-lite-para-paredes\/"},"modified":"2024-04-08T17:04:03","modified_gmt":"2024-04-08T21:04:03","slug":"db3-lite-para-paredes","status":"publish","type":"page","link":"https:\/\/trimaco.com\/es\/productos\/barreras-de-sonido\/db3-lite-para-paredes\/","title":{"rendered":"dB3 Lite para paredes"},"content":{"rendered":"<h2>BARRERA DE RUIDO DB3 DE POE CON CARGA MASIVA PARA EL CONTROL DE RUIDO<\/h2>\n<p>Este material fono aislante est\u00e1 dise\u00f1ado espec\u00edficamente para ofrecer el m\u00e1ximo control de ruido para sistemas de pared y reducir los decibelios que entran o salen de un espacio. Si una oficina est\u00e1 justo al lado de una autopista, el dB3 es excelente para reducir el ruido del tr\u00e1fico. Estos paneles de control de sonido est\u00e1n hechos de marcos met\u00e1licos de calibre ligero. Todas las barreras de ruido dB est\u00e1n hechas con POE (elast\u00f3mero de poliolefina), el compuesto de barrera de sonido de mayor rendimiento para aplicaciones ac\u00fasticas con carga masiva. El POE es seguro y no libera gases o absorbe productos qu\u00edmicos peligrosos. La flexibilidad del material de reducci\u00f3n de sonido permite que la absorci\u00f3n de sonido vibre, convirtiendo el sonido en calor y mejorando el potencial de reducci\u00f3n de ruido. El POE no se vuelve quebradizo con el tiempo. <\/p>\n<p>Es ideal para reducir el ruido no deseado en entornos comerciales donde la reverberaci\u00f3n y las ondas sonoras pueden viajar por todo el edificio. Bloquea el sonido desde el espacio de al lado o el piso de arriba. La f\u00e1cil instalaci\u00f3n en la pared con soporte durante la construcci\u00f3n de la pared evita la transmisi\u00f3n de sonido y proporciona a los inquilinos del edificio una mejor experiencia ac\u00fastica.<\/p>\n<p>Adem\u00e1s de la reducci\u00f3n y el control de los ruidos, el dB3 es respetuoso con el medio ambiente. Tambi\u00e9n ayuda a sellar la humedad, reduciendo el moho y los hongos y est\u00e1 aprobado para su uso en ensamblajes de 1 hora con clasificaci\u00f3n contra incendios. Ideal para reducir los niveles de sonido mediante la insonorizaci\u00f3n de paredes en edificios de oficinas, centros comerciales, cl\u00ednicas, hospitales, hoteles, escuelas y hogares.\n<\/p>\n<ul>\n<li>El mejor rendimiento de STC al menor costo para el encuadre de sistemas de pared met\u00e1lica<\/li>\n<li>Ligero para una f\u00e1cil instalaci\u00f3n de la capa subyacente<\/li>\n<li>Flexible para facilitar la fijaci\u00f3n durante la construcci\u00f3n de la pared<\/li>\n<li>Disponible en rollos fonoabsorbentes de 4&#8217;x25\u2032<\/li>\n<li>Dise\u00f1ado para aplicaciones de barrera de ruido comerciales, institucionales y de uso mixto<\/li>\n<li>Aislamiento de sonido comercial: edificios de oficinas, centros comerciales, cl\u00ednicas<\/li>\n<li>Bloqueo de sonido institucional: hospitales, hoteles, escuelas<\/li>\n<li>Ideal para instalaciones de uso mixto: combinadas residenciales y comerciales<\/li>\n<li>Aprobado para su uso en conjuntos de 1 hora con clasificaci\u00f3n contra incendios<\/li>\n<li>Protecci\u00f3n contra barreras contra la humedad, adem\u00e1s de mejorar la calidad del sonido<\/li>\n<\/ul>\n<p>Aseg\u00farese de explorar otros <a href=\"https:\/\/trimaco.com\/es\/productos\/barreras-de-sonido\/\">productos de barrera de ruido dB3<\/a>, como <a href=\"https:\/\/trimaco.com\/es\/productos\/barreras-de-sonido\/db3-para-muros\/\">dB3<\/a>, <a href=\"https:\/\/trimaco.com\/es\/productos\/barreras-de-sonido\/db3-max-para-paredes\/\">dB3 Max<\/a> y <a href=\"https:\/\/trimaco.com\/es\/productos\/barreras-de-sonido\/db-top-stop-para-techos\/\">dBTop Stop<\/a> para sistemas de techos.<\/p>\n<p><em>barrera de ruido para paredes dB3 Lite<\/em><\/p>\n<table>\n<tbody>\n<tr>\n<th># de Art\u00edculo<\/th>\n<th>Plataforma<\/th>\n<th>Tama\u00f1o<\/th>\n<\/tr>\n<tr>\n<td>42315UPC<\/td>\n<td>25 rollos\/plt<\/td>\n<td>4&#8242; x 25&#8242;<\/td>\n<\/tr>\n<\/tbody>\n<\/table>\n","protected":false},"excerpt":{"rendered":"<p>Dise\u00f1ado espec\u00edficamente para ofrecer el m\u00e1ximo bloqueo de ruido para sistemas de pared que utilizan marcos met\u00e1licos de calibre ligero.<\/p>\n","protected":false},"author":2,"featured_media":17573,"parent":14268,"menu_order":2,"comment_status":"closed","ping_status":"closed","template":"page_products-grandchild.php","meta":{"_acf_changed":false,"footnotes":""},"class_list":["post-14272","page","type-page","status-publish","has-post-thumbnail","hentry"],"acf":[],"yoast_head":"<!-- This site is optimized with the Yoast SEO plugin v27.3 - https:\/\/yoast.com\/product\/yoast-seo-wordpress\/ -->\n<title>Materiales de reducci\u00f3n de sonido para paredes dB3 Lite<\/title>\n<meta name=\"description\" content=\"Reduzca el ruido con la barrera de ruido DB3 lite de POE con carga masiva Los materiales de reducci\u00f3n de sonido son ideales para usos residenciales y comerciales. \u00a1Aprenda m\u00e1s!\" \/>\n<meta name=\"robots\" content=\"index, follow, max-snippet:-1, max-image-preview:large, max-video-preview:-1\" \/>\n<link rel=\"canonical\" href=\"https:\/\/trimaco.com\/es\/productos\/barreras-de-sonido\/db3-lite-para-paredes\/\" \/>\n<meta property=\"og:locale\" content=\"es_ES\" \/>\n<meta property=\"og:type\" content=\"article\" \/>\n<meta property=\"og:title\" content=\"Materiales de reducci\u00f3n de sonido para paredes dB3 Lite\" \/>\n<meta property=\"og:description\" content=\"Reduzca el ruido con la barrera de ruido DB3 lite de POE con carga masiva Los materiales de reducci\u00f3n de sonido son ideales para usos residenciales y comerciales. \u00a1Aprenda m\u00e1s!\" \/>\n<meta property=\"og:url\" content=\"https:\/\/trimaco.com\/es\/productos\/barreras-de-sonido\/db3-lite-para-paredes\/\" \/>\n<meta property=\"og:site_name\" content=\"Trimaco\" \/>\n<meta property=\"article:publisher\" content=\"https:\/\/www.facebook.com\/pages\/Trimaco\/346858225385747?ref=ts\" \/>\n<meta property=\"article:modified_time\" content=\"2024-04-08T21:04:03+00:00\" \/>\n<meta property=\"og:image\" content=\"https:\/\/trimaco.com\/wp-content\/uploads\/2022\/02\/db3lite-rolledout.webp\" \/>\n\t<meta property=\"og:image:width\" content=\"500\" \/>\n\t<meta property=\"og:image:height\" content=\"500\" \/>\n\t<meta property=\"og:image:type\" content=\"image\/webp\" \/>\n<meta name=\"twitter:card\" content=\"summary_large_image\" \/>\n<meta name=\"twitter:site\" content=\"@trimacoinc\" \/>\n<meta name=\"twitter:label1\" content=\"Tiempo de lectura\" \/>\n\t<meta name=\"twitter:data1\" content=\"3 minutos\" \/>\n<!-- \/ Yoast SEO plugin. -->","yoast_head_json":{"title":"Materiales de reducci\u00f3n de sonido para paredes dB3 Lite","description":"Reduzca el ruido con la barrera de ruido DB3 lite de POE con carga masiva Los materiales de reducci\u00f3n de sonido son ideales para usos residenciales y comerciales. \u00a1Aprenda m\u00e1s!","robots":{"index":"index","follow":"follow","max-snippet":"max-snippet:-1","max-image-preview":"max-image-preview:large","max-video-preview":"max-video-preview:-1"},"canonical":"https:\/\/trimaco.com\/es\/productos\/barreras-de-sonido\/db3-lite-para-paredes\/","og_locale":"es_ES","og_type":"article","og_title":"Materiales de reducci\u00f3n de sonido para paredes dB3 Lite","og_description":"Reduzca el ruido con la barrera de ruido DB3 lite de POE con carga masiva Los materiales de reducci\u00f3n de sonido son ideales para usos residenciales y comerciales. \u00a1Aprenda m\u00e1s!","og_url":"https:\/\/trimaco.com\/es\/productos\/barreras-de-sonido\/db3-lite-para-paredes\/","og_site_name":"Trimaco","article_publisher":"https:\/\/www.facebook.com\/pages\/Trimaco\/346858225385747?ref=ts","article_modified_time":"2024-04-08T21:04:03+00:00","og_image":[{"width":500,"height":500,"url":"https:\/\/trimaco.com\/wp-content\/uploads\/2022\/02\/db3lite-rolledout.webp","type":"image\/webp"}],"twitter_card":"summary_large_image","twitter_site":"@trimacoinc","twitter_misc":{"Tiempo de lectura":"3 minutos"},"schema":{"@context":"https:\/\/schema.org","@graph":[{"@type":"WebPage","@id":"https:\/\/trimaco.com\/es\/productos\/barreras-de-sonido\/db3-lite-para-paredes\/","url":"https:\/\/trimaco.com\/es\/productos\/barreras-de-sonido\/db3-lite-para-paredes\/","name":"Materiales de reducci\u00f3n de sonido para paredes dB3 Lite","isPartOf":{"@id":"https:\/\/trimaco.com\/#website"},"primaryImageOfPage":{"@id":"https:\/\/trimaco.com\/es\/productos\/barreras-de-sonido\/db3-lite-para-paredes\/#primaryimage"},"image":{"@id":"https:\/\/trimaco.com\/es\/productos\/barreras-de-sonido\/db3-lite-para-paredes\/#primaryimage"},"thumbnailUrl":"https:\/\/trimaco.com\/wp-content\/uploads\/2022\/02\/db3lite-rolledout.webp","datePublished":"2021-07-30T12:39:32+00:00","dateModified":"2024-04-08T21:04:03+00:00","description":"Reduzca el ruido con la barrera de ruido DB3 lite de POE con carga masiva Los materiales de reducci\u00f3n de sonido son ideales para usos residenciales y comerciales. \u00a1Aprenda m\u00e1s!","breadcrumb":{"@id":"https:\/\/trimaco.com\/es\/productos\/barreras-de-sonido\/db3-lite-para-paredes\/#breadcrumb"},"inLanguage":"es","potentialAction":[{"@type":"ReadAction","target":["https:\/\/trimaco.com\/es\/productos\/barreras-de-sonido\/db3-lite-para-paredes\/"]}]},{"@type":"ImageObject","inLanguage":"es","@id":"https:\/\/trimaco.com\/es\/productos\/barreras-de-sonido\/db3-lite-para-paredes\/#primaryimage","url":"https:\/\/trimaco.com\/wp-content\/uploads\/2022\/02\/db3lite-rolledout.webp","contentUrl":"https:\/\/trimaco.com\/wp-content\/uploads\/2022\/02\/db3lite-rolledout.webp","width":500,"height":500,"caption":"db3 lite rolled out"},{"@type":"BreadcrumbList","@id":"https:\/\/trimaco.com\/es\/productos\/barreras-de-sonido\/db3-lite-para-paredes\/#breadcrumb","itemListElement":[{"@type":"ListItem","position":1,"name":"Home","item":"https:\/\/trimaco.com\/"},{"@type":"ListItem","position":2,"name":"Productos","item":"https:\/\/trimaco.com\/es\/productos\/"},{"@type":"ListItem","position":3,"name":"Contenci\u00f3n de ruido","item":"https:\/\/trimaco.com\/es\/productos\/barreras-de-sonido\/"},{"@type":"ListItem","position":4,"name":"dB3 Lite para paredes"}]},{"@type":"WebSite","@id":"https:\/\/trimaco.com\/#website","url":"https:\/\/trimaco.com\/","name":"Trimaco","description":"Total Jobsite Protection\u2122","publisher":{"@id":"https:\/\/trimaco.com\/#organization"},"potentialAction":[{"@type":"SearchAction","target":{"@type":"EntryPoint","urlTemplate":"https:\/\/trimaco.com\/?s={search_term_string}"},"query-input":{"@type":"PropertyValueSpecification","valueRequired":true,"valueName":"search_term_string"}}],"inLanguage":"es"},{"@type":"Organization","@id":"https:\/\/trimaco.com\/#organization","name":"Trimaco","url":"https:\/\/trimaco.com\/","logo":{"@type":"ImageObject","inLanguage":"es","@id":"https:\/\/trimaco.com\/#\/schema\/logo\/image\/","url":"https:\/\/trimaco.com\/wp-content\/uploads\/2016\/08\/login-logo.png","contentUrl":"https:\/\/trimaco.com\/wp-content\/uploads\/2016\/08\/login-logo.png","width":450,"height":69,"caption":"Trimaco"},"image":{"@id":"https:\/\/trimaco.com\/#\/schema\/logo\/image\/"},"sameAs":["https:\/\/www.facebook.com\/pages\/Trimaco\/346858225385747?ref=ts","https:\/\/x.com\/trimacoinc","https:\/\/www.instagram.com\/trimaco_inc\/","https:\/\/pinterest.com\/trimaco\/","https:\/\/www.youtube.com\/c\/trimacoinc"]}]}},"_links":{"self":[{"href":"https:\/\/trimaco.com\/es\/wp-json\/wp\/v2\/pages\/14272","targetHints":{"allow":["GET"]}}],"collection":[{"href":"https:\/\/trimaco.com\/es\/wp-json\/wp\/v2\/pages"}],"about":[{"href":"https:\/\/trimaco.com\/es\/wp-json\/wp\/v2\/types\/page"}],"author":[{"embeddable":true,"href":"https:\/\/trimaco.com\/es\/wp-json\/wp\/v2\/users\/2"}],"replies":[{"embeddable":true,"href":"https:\/\/trimaco.com\/es\/wp-json\/wp\/v2\/comments?post=14272"}],"version-history":[{"count":0,"href":"https:\/\/trimaco.com\/es\/wp-json\/wp\/v2\/pages\/14272\/revisions"}],"up":[{"embeddable":true,"href":"https:\/\/trimaco.com\/es\/wp-json\/wp\/v2\/pages\/14268"}],"wp:featuredmedia":[{"embeddable":true,"href":"https:\/\/trimaco.com\/es\/wp-json\/wp\/v2\/media\/17573"}],"wp:attachment":[{"href":"https:\/\/trimaco.com\/es\/wp-json\/wp\/v2\/media?parent=14272"}],"curies":[{"name":"wp","href":"https:\/\/api.w.org\/{rel}","templated":true}]}}