{"id":14270,"date":"2021-07-30T08:33:21","date_gmt":"2021-07-30T12:33:21","guid":{"rendered":"https:\/\/trimaco.wpengine.com\/productos\/barreras-de-sonido\/db3-para-muros\/"},"modified":"2024-04-08T17:03:52","modified_gmt":"2024-04-08T21:03:52","slug":"db3-para-muros","status":"publish","type":"page","link":"https:\/\/trimaco.com\/es\/productos\/barreras-de-sonido\/db3-para-muros\/","title":{"rendered":"dB3 para muros"},"content":{"rendered":"<h2>BARRERA DE RUIDO DB3 DE POE CON CARGA MASIVA<\/h2>\n<p>Esta barrera de ruido de peso pesado se utiliza principalmente detr\u00e1s de las superficies de pared terminadas, como capas de paneles de yeso para bloquear la transmisi\u00f3n de sonido. Todos los materiales ac\u00fasticos de bloqueo de sonido dB est\u00e1n hechos con POE (elast\u00f3mero de poliolefina), el compuesto de barrera de sonido de mayor rendimiento para aplicaciones ac\u00fasticas con carga masiva. El POE es seguro y no libera gases o absorbe productos qu\u00edmicos peligrosos. La flexibilidad permite que los materiales ac\u00fasticos vibren convirtiendo el sonido en calor, mejorando la reducci\u00f3n de ruido. El POE no se vuelve quebradizo con el tiempo. <\/p>\n<p>Este material seguro para el medio ambiente funciona mediante la absorci\u00f3n de sonidos como voces, m\u00fasica y televisi\u00f3n para crear un espacio tranquilo y c\u00f3modo. Es ideal para la absorci\u00f3n de sonido en edificios residenciales comunitarios, espacios de oficinas comerciales, estudios de grabaci\u00f3n o cines en casa. Los residentes pueden disfrutar de su espacio sin molestar al piso de arriba.<\/p>\n<p>Adem\u00e1s de controlar el ruido, dB3 tambi\u00e9n act\u00faa como una barrera de aire y humedad para resistir el moho y los hongos sin necesidad de sellador adicional. Los materiales absorbentes de sonido de Trimaco son flexibles, vers\u00e1tiles y est\u00e1n orgullosamente hechos en los Estados Unidos.\n<\/p>\n<ul>\n<li>Para aplicaciones de barrera de ruido residencial, comercial e industrial<\/li>\n<li>Funciona bien en sistemas de pared de madera y metal de calibre pesado<\/li>\n<li>El aislamiento de sonido impide que el ruido como las voces, la televisi\u00f3n y la m\u00fasica pasen a trav\u00e9s de las paredes<\/li>\n<li>Mejora la calidad del sonido<\/li>\n<li>Extremadamente eficaz como una tuber\u00eda y una envoltura de conductos dentro de las paredes interiores<\/li>\n<li>El material de barrera de ruido m\u00e1s especificado para el control del sonido<\/li>\n<li>Disponible en rollos 4&#8217;x25&#8242;, hojas 4&#8217;x8&#8242; y 4&#8217;x10&#8242;<\/li>\n<li>F\u00e1cil de instalar durante la construcci\u00f3n de la pared, no se requieren herramientas especiales<\/li>\n<li>Aprobado para su uso en conjuntos de 1 hora con clasificaci\u00f3n contra incendios<\/li>\n<li>Protecci\u00f3n como barrera contra la humedad y reducci\u00f3n del sonido<\/li>\n<\/ul>\n<p>Aseg\u00farese de explorar la l\u00ednea completa de materiales de <a href=\"https:\/\/trimaco.com\/es\/productos\/barreras-de-sonido\/\">barrera<\/a> de ruidos e insonorizaci\u00f3n de Trimaco, como el <a href=\"https:\/\/trimaco.com\/es\/productos\/barreras-de-sonido\/db3-lite-para-paredes\/\">dB3 Lite<\/a> y el <a href=\"https:\/\/trimaco.com\/es\/productos\/barreras-de-sonido\/db3-max-para-paredes\/\">dB3 Max<\/a>.<\/p>\n<p><em>Barrera de ruido para paredes dB3<\/em><\/p>\n<table>\n<tbody>\n<tr>\n<th># de Art\u00edculo<\/th>\n<th>Plataforma<\/th>\n<th>Tama\u00f1o<\/th>\n<\/tr>\n<tr>\n<td>42308UPC<\/td>\n<td>50 hojas\/plt<\/td>\n<td>4&#8242; x 8&#8242;<\/td>\n<\/tr>\n<tr>\n<td>42310UPC<\/td>\n<td>50 hojas\/plt<\/td>\n<td>4&#8242; x 10&#8242;<\/td>\n<\/tr>\n<tr>\n<td>42325UPC<\/td>\n<td>20 rollos\/plt<\/td>\n<td>4&#8242; x 25&#8242;<\/td>\n<\/tr>\n<\/tbody>\n<\/table>\n","protected":false},"excerpt":{"rendered":"<p>Barrera de ruido de peso pesado utilizada principalmente detr\u00e1s de las superficies de pared y paneles de yeso terminadas para bloquear y amortiguar el ruido.<\/p>\n","protected":false},"author":2,"featured_media":17569,"parent":14268,"menu_order":1,"comment_status":"closed","ping_status":"closed","template":"page_products-grandchild.php","meta":{"_acf_changed":false,"footnotes":""},"class_list":["post-14270","page","type-page","status-publish","has-post-thumbnail","hentry"],"acf":[],"yoast_head":"<!-- This site is optimized with the Yoast SEO plugin v27.5 - https:\/\/yoast.com\/product\/yoast-seo-wordpress\/ -->\n<title>Materiales ac\u00fasticos para paredes de United Plastic dB3<\/title>\n<meta name=\"description\" content=\"Los materiales ac\u00fasticos de peso pesado se pueden utilizar principalmente detr\u00e1s de las superficies de pared terminadas para bloquear y amortiguar el ruido. Explore la l\u00ednea completa de dB de Trimaco.\" \/>\n<meta name=\"robots\" content=\"index, follow, max-snippet:-1, max-image-preview:large, max-video-preview:-1\" \/>\n<link rel=\"canonical\" href=\"https:\/\/trimaco.com\/es\/productos\/barreras-de-sonido\/db3-para-muros\/\" \/>\n<meta property=\"og:locale\" content=\"es_ES\" \/>\n<meta property=\"og:type\" content=\"article\" \/>\n<meta property=\"og:title\" content=\"Materiales ac\u00fasticos para paredes de United Plastic dB3\" \/>\n<meta property=\"og:description\" content=\"Los materiales ac\u00fasticos de peso pesado se pueden utilizar principalmente detr\u00e1s de las superficies de pared terminadas para bloquear y amortiguar el ruido. Explore la l\u00ednea completa de dB de Trimaco.\" \/>\n<meta property=\"og:url\" content=\"https:\/\/trimaco.com\/es\/productos\/barreras-de-sonido\/db3-para-muros\/\" \/>\n<meta property=\"og:site_name\" content=\"Trimaco\" \/>\n<meta property=\"article:publisher\" content=\"https:\/\/www.facebook.com\/pages\/Trimaco\/346858225385747?ref=ts\" \/>\n<meta property=\"article:modified_time\" content=\"2024-04-08T21:03:52+00:00\" \/>\n<meta property=\"og:image\" content=\"https:\/\/trimaco.com\/wp-content\/uploads\/2022\/02\/db3_rolledout.webp\" \/>\n\t<meta property=\"og:image:width\" content=\"500\" \/>\n\t<meta property=\"og:image:height\" content=\"500\" \/>\n\t<meta property=\"og:image:type\" content=\"image\/webp\" \/>\n<meta name=\"twitter:card\" content=\"summary_large_image\" \/>\n<meta name=\"twitter:site\" content=\"@trimacoinc\" \/>\n<meta name=\"twitter:label1\" content=\"Tiempo de lectura\" \/>\n\t<meta name=\"twitter:data1\" content=\"2 minutos\" \/>\n<!-- \/ Yoast SEO plugin. -->","yoast_head_json":{"title":"Materiales ac\u00fasticos para paredes de United Plastic dB3","description":"Los materiales ac\u00fasticos de peso pesado se pueden utilizar principalmente detr\u00e1s de las superficies de pared terminadas para bloquear y amortiguar el ruido. Explore la l\u00ednea completa de dB de Trimaco.","robots":{"index":"index","follow":"follow","max-snippet":"max-snippet:-1","max-image-preview":"max-image-preview:large","max-video-preview":"max-video-preview:-1"},"canonical":"https:\/\/trimaco.com\/es\/productos\/barreras-de-sonido\/db3-para-muros\/","og_locale":"es_ES","og_type":"article","og_title":"Materiales ac\u00fasticos para paredes de United Plastic dB3","og_description":"Los materiales ac\u00fasticos de peso pesado se pueden utilizar principalmente detr\u00e1s de las superficies de pared terminadas para bloquear y amortiguar el ruido. Explore la l\u00ednea completa de dB de Trimaco.","og_url":"https:\/\/trimaco.com\/es\/productos\/barreras-de-sonido\/db3-para-muros\/","og_site_name":"Trimaco","article_publisher":"https:\/\/www.facebook.com\/pages\/Trimaco\/346858225385747?ref=ts","article_modified_time":"2024-04-08T21:03:52+00:00","og_image":[{"width":500,"height":500,"url":"https:\/\/trimaco.com\/wp-content\/uploads\/2022\/02\/db3_rolledout.webp","type":"image\/webp"}],"twitter_card":"summary_large_image","twitter_site":"@trimacoinc","twitter_misc":{"Tiempo de lectura":"2 minutos"},"schema":{"@context":"https:\/\/schema.org","@graph":[{"@type":"WebPage","@id":"https:\/\/trimaco.com\/es\/productos\/barreras-de-sonido\/db3-para-muros\/","url":"https:\/\/trimaco.com\/es\/productos\/barreras-de-sonido\/db3-para-muros\/","name":"Materiales ac\u00fasticos para paredes de United Plastic dB3","isPartOf":{"@id":"https:\/\/trimaco.com\/#website"},"primaryImageOfPage":{"@id":"https:\/\/trimaco.com\/es\/productos\/barreras-de-sonido\/db3-para-muros\/#primaryimage"},"image":{"@id":"https:\/\/trimaco.com\/es\/productos\/barreras-de-sonido\/db3-para-muros\/#primaryimage"},"thumbnailUrl":"https:\/\/trimaco.com\/wp-content\/uploads\/2022\/02\/db3_rolledout.webp","datePublished":"2021-07-30T12:33:21+00:00","dateModified":"2024-04-08T21:03:52+00:00","description":"Los materiales ac\u00fasticos de peso pesado se pueden utilizar principalmente detr\u00e1s de las superficies de pared terminadas para bloquear y amortiguar el ruido. Explore la l\u00ednea completa de dB de Trimaco.","breadcrumb":{"@id":"https:\/\/trimaco.com\/es\/productos\/barreras-de-sonido\/db3-para-muros\/#breadcrumb"},"inLanguage":"es","potentialAction":[{"@type":"ReadAction","target":["https:\/\/trimaco.com\/es\/productos\/barreras-de-sonido\/db3-para-muros\/"]}]},{"@type":"ImageObject","inLanguage":"es","@id":"https:\/\/trimaco.com\/es\/productos\/barreras-de-sonido\/db3-para-muros\/#primaryimage","url":"https:\/\/trimaco.com\/wp-content\/uploads\/2022\/02\/db3_rolledout.webp","contentUrl":"https:\/\/trimaco.com\/wp-content\/uploads\/2022\/02\/db3_rolledout.webp","width":500,"height":500,"caption":"db3 rolled out"},{"@type":"BreadcrumbList","@id":"https:\/\/trimaco.com\/es\/productos\/barreras-de-sonido\/db3-para-muros\/#breadcrumb","itemListElement":[{"@type":"ListItem","position":1,"name":"Home","item":"https:\/\/trimaco.com\/"},{"@type":"ListItem","position":2,"name":"Productos","item":"https:\/\/trimaco.com\/es\/productos\/"},{"@type":"ListItem","position":3,"name":"Contenci\u00f3n de ruido","item":"https:\/\/trimaco.com\/es\/productos\/barreras-de-sonido\/"},{"@type":"ListItem","position":4,"name":"dB3 para muros"}]},{"@type":"WebSite","@id":"https:\/\/trimaco.com\/#website","url":"https:\/\/trimaco.com\/","name":"Trimaco","description":"Total Jobsite Protection\u2122","publisher":{"@id":"https:\/\/trimaco.com\/#organization"},"potentialAction":[{"@type":"SearchAction","target":{"@type":"EntryPoint","urlTemplate":"https:\/\/trimaco.com\/?s={search_term_string}"},"query-input":{"@type":"PropertyValueSpecification","valueRequired":true,"valueName":"search_term_string"}}],"inLanguage":"es"},{"@type":"Organization","@id":"https:\/\/trimaco.com\/#organization","name":"Trimaco","url":"https:\/\/trimaco.com\/","logo":{"@type":"ImageObject","inLanguage":"es","@id":"https:\/\/trimaco.com\/#\/schema\/logo\/image\/","url":"https:\/\/trimaco.com\/wp-content\/uploads\/2016\/08\/login-logo.png","contentUrl":"https:\/\/trimaco.com\/wp-content\/uploads\/2016\/08\/login-logo.png","width":450,"height":69,"caption":"Trimaco"},"image":{"@id":"https:\/\/trimaco.com\/#\/schema\/logo\/image\/"},"sameAs":["https:\/\/www.facebook.com\/pages\/Trimaco\/346858225385747?ref=ts","https:\/\/x.com\/trimacoinc","https:\/\/www.instagram.com\/trimaco_inc\/","https:\/\/pinterest.com\/trimaco\/","https:\/\/www.youtube.com\/c\/trimacoinc"]}]}},"_links":{"self":[{"href":"https:\/\/trimaco.com\/es\/wp-json\/wp\/v2\/pages\/14270","targetHints":{"allow":["GET"]}}],"collection":[{"href":"https:\/\/trimaco.com\/es\/wp-json\/wp\/v2\/pages"}],"about":[{"href":"https:\/\/trimaco.com\/es\/wp-json\/wp\/v2\/types\/page"}],"author":[{"embeddable":true,"href":"https:\/\/trimaco.com\/es\/wp-json\/wp\/v2\/users\/2"}],"replies":[{"embeddable":true,"href":"https:\/\/trimaco.com\/es\/wp-json\/wp\/v2\/comments?post=14270"}],"version-history":[{"count":0,"href":"https:\/\/trimaco.com\/es\/wp-json\/wp\/v2\/pages\/14270\/revisions"}],"up":[{"embeddable":true,"href":"https:\/\/trimaco.com\/es\/wp-json\/wp\/v2\/pages\/14268"}],"wp:featuredmedia":[{"embeddable":true,"href":"https:\/\/trimaco.com\/es\/wp-json\/wp\/v2\/media\/17569"}],"wp:attachment":[{"href":"https:\/\/trimaco.com\/es\/wp-json\/wp\/v2\/media?parent=14270"}],"curies":[{"name":"wp","href":"https:\/\/api.w.org\/{rel}","templated":true}]}}