{"id":14268,"date":"2021-07-30T08:28:11","date_gmt":"2021-07-30T12:28:11","guid":{"rendered":"https:\/\/trimaco.wpengine.com\/productos\/barreras-de-sonido\/"},"modified":"2025-03-05T18:16:19","modified_gmt":"2025-03-05T22:16:19","slug":"barreras-de-sonido","status":"publish","type":"page","link":"https:\/\/trimaco.com\/es\/productos\/barreras-de-sonido\/","title":{"rendered":"Contenci\u00f3n de ruido"},"content":{"rendered":"<h2>BARRERAS AC\u00daSTICAS DE ABSORCI\u00d3N PARA PAREDES, TECHOS Y SUELOS<\/h2>\n<p>Cree espacios insonorizados ya sea residenciales y comerciales con la l\u00ednea de materiales fonoabsorbentes de United Plastics. Estos productos de barrera de ruido f\u00e1ciles de instalar son ideales para paredes, techos y pisos y est\u00e1n dise\u00f1ados para ayudar a disminuir el ruido en el aire, el ruido de afluencia y otras transmisiones de sonido.<\/p>\n<p>Desde materiales de insonorizaci\u00f3n ligeros hasta materiales de alta calidad, la l\u00ednea dB de productos de barrera de sonido de United Plastics ayuda a crear espacios silenciosos, calmantes y c\u00f3modos. Creados con la reducci\u00f3n de ruido comercial y residencial en mente, los materiales resistentes y de absorci\u00f3n de sonido de dB son mejores en el control de sonido que los productos de vinilo cargados en masa equivalentes y trabajan con proyectos de construcci\u00f3n nuevos o existentes.<\/p>\n<h2>PRODUCTOS FLEXIBLES DE BARRERA DE SONIDO PARA UNA VARIEDAD DE NECESIDADES DE CONSTRUCCI\u00d3N<\/h2>\n<p>Util\u00edcese durante la construcci\u00f3n de pisos, techos o paredes para limitar la transmisi\u00f3n de ondas sonoras ac\u00fasticas o de ruido de impacto y crear una reducci\u00f3n de sonido en espacios comerciales compartidos, estudios de grabaci\u00f3n o en proyectos residenciales como salas de cine en casa donde la calidad del sonido es importante. Los productos de barrera de ruido de United Plastics pueden usarse como revestimiento detr\u00e1s de una capa de paneles de yeso, sistemas de pared con marco met\u00e1lico, sistemas de techo, pisos laminados de superficie dura y alfombras. Son lo suficientemente flexibles como para ser utilizados como barrera de sonido del subsuelo o incluso ser utilizados dentro de capas de paneles de yeso para satisfacer muchas necesidades diferentes de barrera de ruido.<\/p>\n<p><a href=\"https:\/\/trimaco.com\/es\/contactenos\/\" target=\"\u201d_blank\u201d\" rel=\"noopener\">P\u00f3ngase<\/a> en contacto con el equipo de Trimaco hoy mismo. Podemos revisar su proyecto de construcci\u00f3n y guiarlo a trav\u00e9s de sus necesidades de dise\u00f1o de control de ruido. Obtenga m\u00e1s informaci\u00f3n sobre todas nuestras opciones de prueba de ruido, incluyendo <a href=\"https:\/\/trimaco.com\/es\/productos\/barreras-de-sonido\/db3-para-muros\/\" target=\"\u201d_blank\u201d\" rel=\"noopener\">dB3<\/a>, <a href=\"https:\/\/trimaco.com\/es\/productos\/barreras-de-sonido\/db3-lite-para-paredes\/\" target=\"\u201d_blank\u201d\" rel=\"noopener\">dB3 Lite<\/a> y <a href=\"https:\/\/trimaco.com\/es\/productos\/barreras-de-sonido\/db3-max-para-paredes\/\" target=\"\u201d_blank\u201d\" rel=\"noopener\">dB3 Max<\/a>para paredes, dB4 Lite y db4 Max revestimiento de suelo y dB Top Stop para techos.<\/p>\n","protected":false},"excerpt":{"rendered":"<p>L\u00ednea United Plastic de Trimaco de materiales de reducci\u00f3n de sonido.<\/p>\n","protected":false},"author":9,"featured_media":16761,"parent":10374,"menu_order":15,"comment_status":"closed","ping_status":"closed","template":"page_products-child.php","meta":{"_acf_changed":false,"footnotes":""},"class_list":["post-14268","page","type-page","status-publish","has-post-thumbnail","hentry"],"acf":[],"yoast_head":"<!-- This site is optimized with the Yoast SEO plugin v27.5 - https:\/\/yoast.com\/product\/yoast-seo-wordpress\/ -->\n<title>Contenci\u00f3n de Ruido Para Paredes y Techos - Trimaco<\/title>\n<meta name=\"description\" content=\"Productos para contenci\u00f3n de ruido para paredes y techos de Trimaco. Crea espacios sin ruidos con la l\u00ednea de materiales de reducci\u00f3n de sonido.\" \/>\n<meta name=\"robots\" content=\"index, follow, max-snippet:-1, max-image-preview:large, max-video-preview:-1\" \/>\n<link rel=\"canonical\" href=\"https:\/\/trimaco.com\/es\/productos\/barreras-de-sonido\/\" \/>\n<meta property=\"og:locale\" content=\"es_ES\" \/>\n<meta property=\"og:type\" content=\"article\" \/>\n<meta property=\"og:title\" content=\"Contenci\u00f3n de Ruido Para Paredes y Techos - Trimaco\" \/>\n<meta property=\"og:description\" content=\"Productos para contenci\u00f3n de ruido para paredes y techos de Trimaco. Crea espacios sin ruidos con la l\u00ednea de materiales de reducci\u00f3n de sonido.\" \/>\n<meta property=\"og:url\" content=\"https:\/\/trimaco.com\/es\/productos\/barreras-de-sonido\/\" \/>\n<meta property=\"og:site_name\" content=\"Trimaco\" \/>\n<meta property=\"article:publisher\" content=\"https:\/\/www.facebook.com\/pages\/Trimaco\/346858225385747?ref=ts\" \/>\n<meta property=\"article:modified_time\" content=\"2025-03-05T22:16:19+00:00\" \/>\n<meta property=\"og:image\" content=\"https:\/\/trimaco.com\/wp-content\/uploads\/2019\/12\/db3-install-1.jpg\" \/>\n\t<meta property=\"og:image:width\" content=\"500\" \/>\n\t<meta property=\"og:image:height\" content=\"500\" \/>\n\t<meta property=\"og:image:type\" content=\"image\/jpeg\" \/>\n<meta name=\"twitter:card\" content=\"summary_large_image\" \/>\n<meta name=\"twitter:site\" content=\"@trimacoinc\" \/>\n<meta name=\"twitter:label1\" content=\"Tiempo de lectura\" \/>\n\t<meta name=\"twitter:data1\" content=\"2 minutos\" \/>\n<!-- \/ Yoast SEO plugin. -->","yoast_head_json":{"title":"Contenci\u00f3n de Ruido Para Paredes y Techos - Trimaco","description":"Productos para contenci\u00f3n de ruido para paredes y techos de Trimaco. Crea espacios sin ruidos con la l\u00ednea de materiales de reducci\u00f3n de sonido.","robots":{"index":"index","follow":"follow","max-snippet":"max-snippet:-1","max-image-preview":"max-image-preview:large","max-video-preview":"max-video-preview:-1"},"canonical":"https:\/\/trimaco.com\/es\/productos\/barreras-de-sonido\/","og_locale":"es_ES","og_type":"article","og_title":"Contenci\u00f3n de Ruido Para Paredes y Techos - Trimaco","og_description":"Productos para contenci\u00f3n de ruido para paredes y techos de Trimaco. Crea espacios sin ruidos con la l\u00ednea de materiales de reducci\u00f3n de sonido.","og_url":"https:\/\/trimaco.com\/es\/productos\/barreras-de-sonido\/","og_site_name":"Trimaco","article_publisher":"https:\/\/www.facebook.com\/pages\/Trimaco\/346858225385747?ref=ts","article_modified_time":"2025-03-05T22:16:19+00:00","og_image":[{"width":500,"height":500,"url":"https:\/\/trimaco.com\/wp-content\/uploads\/2019\/12\/db3-install-1.jpg","type":"image\/jpeg"}],"twitter_card":"summary_large_image","twitter_site":"@trimacoinc","twitter_misc":{"Tiempo de lectura":"2 minutos"},"schema":{"@context":"https:\/\/schema.org","@graph":[{"@type":"WebPage","@id":"https:\/\/trimaco.com\/es\/productos\/barreras-de-sonido\/","url":"https:\/\/trimaco.com\/es\/productos\/barreras-de-sonido\/","name":"Contenci\u00f3n de Ruido Para Paredes y Techos - Trimaco","isPartOf":{"@id":"https:\/\/trimaco.com\/#website"},"primaryImageOfPage":{"@id":"https:\/\/trimaco.com\/es\/productos\/barreras-de-sonido\/#primaryimage"},"image":{"@id":"https:\/\/trimaco.com\/es\/productos\/barreras-de-sonido\/#primaryimage"},"thumbnailUrl":"https:\/\/trimaco.com\/wp-content\/uploads\/2019\/12\/db3-install-1.jpg","datePublished":"2021-07-30T12:28:11+00:00","dateModified":"2025-03-05T22:16:19+00:00","description":"Productos para contenci\u00f3n de ruido para paredes y techos de Trimaco. Crea espacios sin ruidos con la l\u00ednea de materiales de reducci\u00f3n de sonido.","breadcrumb":{"@id":"https:\/\/trimaco.com\/es\/productos\/barreras-de-sonido\/#breadcrumb"},"inLanguage":"es","potentialAction":[{"@type":"ReadAction","target":["https:\/\/trimaco.com\/es\/productos\/barreras-de-sonido\/"]}]},{"@type":"ImageObject","inLanguage":"es","@id":"https:\/\/trimaco.com\/es\/productos\/barreras-de-sonido\/#primaryimage","url":"https:\/\/trimaco.com\/wp-content\/uploads\/2019\/12\/db3-install-1.jpg","contentUrl":"https:\/\/trimaco.com\/wp-content\/uploads\/2019\/12\/db3-install-1.jpg","width":500,"height":500,"caption":"dB3 install"},{"@type":"BreadcrumbList","@id":"https:\/\/trimaco.com\/es\/productos\/barreras-de-sonido\/#breadcrumb","itemListElement":[{"@type":"ListItem","position":1,"name":"Home","item":"https:\/\/trimaco.com\/"},{"@type":"ListItem","position":2,"name":"Productos","item":"https:\/\/trimaco.com\/es\/productos\/"},{"@type":"ListItem","position":3,"name":"Contenci\u00f3n de ruido"}]},{"@type":"WebSite","@id":"https:\/\/trimaco.com\/#website","url":"https:\/\/trimaco.com\/","name":"Trimaco","description":"Total Jobsite Protection\u2122","publisher":{"@id":"https:\/\/trimaco.com\/#organization"},"potentialAction":[{"@type":"SearchAction","target":{"@type":"EntryPoint","urlTemplate":"https:\/\/trimaco.com\/?s={search_term_string}"},"query-input":{"@type":"PropertyValueSpecification","valueRequired":true,"valueName":"search_term_string"}}],"inLanguage":"es"},{"@type":"Organization","@id":"https:\/\/trimaco.com\/#organization","name":"Trimaco","url":"https:\/\/trimaco.com\/","logo":{"@type":"ImageObject","inLanguage":"es","@id":"https:\/\/trimaco.com\/#\/schema\/logo\/image\/","url":"https:\/\/trimaco.com\/wp-content\/uploads\/2016\/08\/login-logo.png","contentUrl":"https:\/\/trimaco.com\/wp-content\/uploads\/2016\/08\/login-logo.png","width":450,"height":69,"caption":"Trimaco"},"image":{"@id":"https:\/\/trimaco.com\/#\/schema\/logo\/image\/"},"sameAs":["https:\/\/www.facebook.com\/pages\/Trimaco\/346858225385747?ref=ts","https:\/\/x.com\/trimacoinc","https:\/\/www.instagram.com\/trimaco_inc\/","https:\/\/pinterest.com\/trimaco\/","https:\/\/www.youtube.com\/c\/trimacoinc"]}]}},"_links":{"self":[{"href":"https:\/\/trimaco.com\/es\/wp-json\/wp\/v2\/pages\/14268","targetHints":{"allow":["GET"]}}],"collection":[{"href":"https:\/\/trimaco.com\/es\/wp-json\/wp\/v2\/pages"}],"about":[{"href":"https:\/\/trimaco.com\/es\/wp-json\/wp\/v2\/types\/page"}],"author":[{"embeddable":true,"href":"https:\/\/trimaco.com\/es\/wp-json\/wp\/v2\/users\/9"}],"replies":[{"embeddable":true,"href":"https:\/\/trimaco.com\/es\/wp-json\/wp\/v2\/comments?post=14268"}],"version-history":[{"count":0,"href":"https:\/\/trimaco.com\/es\/wp-json\/wp\/v2\/pages\/14268\/revisions"}],"up":[{"embeddable":true,"href":"https:\/\/trimaco.com\/es\/wp-json\/wp\/v2\/pages\/10374"}],"wp:featuredmedia":[{"embeddable":true,"href":"https:\/\/trimaco.com\/es\/wp-json\/wp\/v2\/media\/16761"}],"wp:attachment":[{"href":"https:\/\/trimaco.com\/es\/wp-json\/wp\/v2\/media?parent=14268"}],"curies":[{"name":"wp","href":"https:\/\/api.w.org\/{rel}","templated":true}]}}