{"id":14112,"date":"2021-06-17T13:36:42","date_gmt":"2021-06-17T17:36:42","guid":{"rendered":"https:\/\/trimaco.wpengine.com\/productos\/sistemas-de-contencion-de-polvo-soluciones\/juegos-de-postes-de-contencion-de-polvo-e-z-up-de-trimaco\/"},"modified":"2024-04-08T16:53:22","modified_gmt":"2024-04-08T20:53:22","slug":"juegos-de-postes-de-contencion-de-polvo-e-z-up-de-trimaco","status":"publish","type":"page","link":"https:\/\/trimaco.com\/es\/productos\/sistemas-de-contencion-de-polvo-soluciones\/juegos-de-postes-de-contencion-de-polvo-e-z-up-de-trimaco\/","title":{"rendered":"Juegos de postes de contenci\u00f3n de polvo E-Z Up\u00ae de Trimaco"},"content":{"rendered":"<h2>M\u00faltiples opciones para satisfacer sus necesidades<\/h2>\n<p>\nDurante la remodelaci\u00f3n, restauraci\u00f3n y otros proyectos de construcci\u00f3n, es importante evitar la propagaci\u00f3n de polvo, suciedad y otras part\u00edculas en el aire. Al <a href=\"https:\/\/trimaco.com\/blog\/build-a-dust-containment-system\/\">crear un sistema de contenci\u00f3n de polvo<\/a>, no s\u00f3lo ayuda a proteger sus superficies, sino que tambi\u00e9n ayuda a mantener la calidad del aire adecuada.<\/p>\n<p>Trimaco proporciona soluciones para construir un sistema de contenci\u00f3n de polvo. Nuestras opciones de juegos de postes incluyen todo lo que necesita para construir una habitaci\u00f3n. Cuando se utiliza con l\u00e1minas de pl\u00e1stico, los sistemas y accesorios de poste de contenci\u00f3n de polvo de Trimaco crean un confinamiento temporal y una barrera contra el polvo. Los juegos incluyen postes para l\u00e1minas de pl\u00e1stico, <a href=\"https:\/\/trimaco.com\/es\/productos\/sistemas-de-contencion-de-polvo-soluciones\/el-cierre-autoadhesivo-e-z-up-despega-pega-de-trimaco\/\" rel=\"noopener noreferrer\" target=\"_blank\">cierres<\/a>y una bolsa de poste para facilitar el transporte. <a href=\"https:\/\/trimaco.com\/es\/advertencia-tres\/\" rel=\"noopener noreferrer\" target=\"_blank\">ADVERTENCIA<\/a>.<\/p>\n<p>Los juegos de postes tambi\u00e9n se pueden utilizar para crear una barrera temporal en \u00e1reas abiertas. \u00daselo en peluquer\u00edas, oficinas, quioscos y m\u00e1s para crear un \u00e1rea socialmente distante y separada.\n<\/p>\n<ul>\n<li>Opciones de juegos de postes: ligeros y pesados<\/li>\n<li>Bolsa de transporte c\u00f3moda y conveniente<\/li>\n<li>Los juegos de postes incluyen postes para l\u00e1minas de pl\u00e1stico, cierre y bolsa para transportar los postes<\/li>\n<li>Mantiene el polvo contenido<\/li>\n<li>\u00a1Sin piezas sueltas!<\/li>\n<\/ul>\n<p><em>Juego de poste de contenci\u00f3n de polvo E-Z Up de Trimaco<\/em><\/p>\n<p>Funciona con l\u00e1minas de pl\u00e1stico para crear una barrera contra el polvo en el lugar de trabajo. Este juego incluye cuatro <a href=\"https:\/\/trimaco.com\/es\/productos\/sistemas-de-contencion-de-polvo-soluciones\/postes-de-contencion-de-polvo-e-z-up-de-trimaco-12-pies\/\" rel=\"noopener noreferrer\" target=\"_blank\">postes de 12 pies<\/a>, <a href=\"https:\/\/trimaco.com\/es\/productos\/sistemas-de-contencion-de-polvo-soluciones\/el-cierre-autoadhesivo-e-z-up-despega-pega-de-trimaco\/\" rel=\"noopener noreferrer\" target=\"_blank\">dos cierres pega y despega<\/a> y una <a href=\"https:\/\/trimaco.com\/es\/productos\/sistemas-de-contencion-de-polvo-soluciones\/bolsa-para-postes-de-contencion-de-polvo-e-z-up-de-trimaco\/\" rel=\"noopener noreferrer\" target=\"_blank\">bolsa transportadora de postes<\/a>.<\/p>\n<table>\n<tbody>\n<tr>\n<th># de Art\u00edculo<\/th>\n<th>descripci\u00f3n<\/th>\n<th>Paquete de<\/th>\n<th>Tama\u00f1o<\/th>\n<\/tr>\n<tr>\n<td>54734<\/td>\n<td>Cuatro postes de 12 pies, 1 bolsa, 2 cierres<\/td>\n<td>4 juegos por caja<\/td>\n<td>4&#8242; 9&#8243; a 12&#8242;<\/td>\n<\/tr>\n<\/tbody>\n<\/table>\n<p><em>Equipo de postes de contenci\u00f3n de polvo E-Z Up de servicio pesado de Trimaco<\/em><\/p>\n<p>Los postes de contenci\u00f3n de polvo E-Z Up de servicio pesado de Trimaco funcionan con l\u00e1minas de pl\u00e1stico para crear una barrera contra el polvo en el lugar de trabajo. Estos kits incluyen postes de aluminio de servicio pesado de <a href=\"https:\/\/trimaco.com\/es\/productos\/sistemas-de-contencion-de-polvo-soluciones\/poste-de-contencion-de-polvo-e-z-up-de-servicio-pesado-de-trimaco\/\" rel=\"noopener noreferrer\" target=\"_blank\">12 pies<\/a>, <a href=\"https:\/\/trimaco.com\/es\/productos\/sistemas-de-contencion-de-polvo-soluciones\/el-cierre-autoadhesivo-e-z-up-despega-pega-de-trimaco\/\" rel=\"noopener noreferrer\" target=\"_blank\">cierres pega y despega<\/a> y <a href=\"https:\/\/trimaco.com\/es\/productos\/sistemas-de-contencion-de-polvo-soluciones\/bolsa-para-postes-de-contencion-de-polvo-e-z-up-de-trimaco\/\" rel=\"noopener noreferrer\" target=\"_blank\">una bolsa transportadora de postes.<\/a>\n<\/p>\n<table>\n<tbody>\n<tr>\n<th># de Art\u00edculo<\/th>\n<th>descripci\u00f3n<\/th>\n<th>Paquete de<\/th>\n<th>Tama\u00f1o<\/th>\n<\/tr>\n<tr>\n<td>54745<\/td>\n<td>Dos polos de servicio pesado de 12 pies, 1 bolsa, 1 cierre<\/td>\n<td>1 juego\/caja<\/td>\n<td>5&#8242; 43\/4&#8243; a 12&#8242;<\/td>\n<\/tr>\n<tr>\n<td>54746<\/td>\n<td>Cuatro postes de servicio pesado de 12 pies, 1 bolsa, 2 cierres<\/td>\n<td>1 juego\/caja<\/td>\n<td>5&#8242; 43\/4&#8243; a 12&#8242;<\/td>\n<\/tr>\n<\/tbody>\n<\/table>\n","protected":false},"excerpt":{"rendered":"<p> Nuestras opciones de juegos de postes incluyen todo lo que necesita para construir una habitaci\u00f3n.<\/p>\n","protected":false},"author":2,"featured_media":14115,"parent":14093,"menu_order":9,"comment_status":"closed","ping_status":"closed","template":"page_products-grandchild.php","meta":{"_acf_changed":false,"footnotes":""},"class_list":["post-14112","page","type-page","status-publish","has-post-thumbnail","hentry"],"acf":[],"yoast_head":"<!-- This site is optimized with the Yoast SEO plugin v27.1.1 - https:\/\/yoast.com\/product\/yoast-seo-wordpress\/ -->\n<title>Juegos de postes de contenci\u00f3n de polvo E-Z Up\u00ae de Trimaco - Trimaco<\/title>\n<meta name=\"description\" content=\"Los sistemas y accesorios de poste de contenci\u00f3n de polvo de Trimaco crean un confinamiento temporal y una barrera contra el polvo. \u00a1Obtenga m\u00e1s informaci\u00f3n sobre nuestros juegos de postes!\" \/>\n<meta name=\"robots\" content=\"index, follow, max-snippet:-1, max-image-preview:large, max-video-preview:-1\" \/>\n<link rel=\"canonical\" href=\"https:\/\/trimaco.com\/es\/productos\/sistemas-de-contencion-de-polvo-soluciones\/juegos-de-postes-de-contencion-de-polvo-e-z-up-de-trimaco\/\" \/>\n<meta property=\"og:locale\" content=\"es_ES\" \/>\n<meta property=\"og:type\" content=\"article\" \/>\n<meta property=\"og:title\" content=\"Juegos de postes de contenci\u00f3n de polvo E-Z Up\u00ae de Trimaco - Trimaco\" \/>\n<meta property=\"og:description\" content=\"Los sistemas y accesorios de poste de contenci\u00f3n de polvo de Trimaco crean un confinamiento temporal y una barrera contra el polvo. \u00a1Obtenga m\u00e1s informaci\u00f3n sobre nuestros juegos de postes!\" \/>\n<meta property=\"og:url\" content=\"https:\/\/trimaco.com\/es\/productos\/sistemas-de-contencion-de-polvo-soluciones\/juegos-de-postes-de-contencion-de-polvo-e-z-up-de-trimaco\/\" \/>\n<meta property=\"og:site_name\" content=\"Trimaco\" \/>\n<meta property=\"article:publisher\" content=\"https:\/\/www.facebook.com\/pages\/Trimaco\/346858225385747?ref=ts\" \/>\n<meta property=\"article:modified_time\" content=\"2024-04-08T20:53:22+00:00\" \/>\n<meta property=\"og:image\" content=\"https:\/\/trimaco.com\/wp-content\/uploads\/2020\/03\/pole-kit-3.jpg\" \/>\n\t<meta property=\"og:image:width\" content=\"600\" \/>\n\t<meta property=\"og:image:height\" content=\"600\" \/>\n\t<meta property=\"og:image:type\" content=\"image\/jpeg\" \/>\n<meta name=\"twitter:card\" content=\"summary_large_image\" \/>\n<meta name=\"twitter:site\" content=\"@trimacoinc\" \/>\n<meta name=\"twitter:label1\" content=\"Tiempo de lectura\" \/>\n\t<meta name=\"twitter:data1\" content=\"2 minutos\" \/>\n<!-- \/ Yoast SEO plugin. -->","yoast_head_json":{"title":"Juegos de postes de contenci\u00f3n de polvo E-Z Up\u00ae de Trimaco - Trimaco","description":"Los sistemas y accesorios de poste de contenci\u00f3n de polvo de Trimaco crean un confinamiento temporal y una barrera contra el polvo. \u00a1Obtenga m\u00e1s informaci\u00f3n sobre nuestros juegos de postes!","robots":{"index":"index","follow":"follow","max-snippet":"max-snippet:-1","max-image-preview":"max-image-preview:large","max-video-preview":"max-video-preview:-1"},"canonical":"https:\/\/trimaco.com\/es\/productos\/sistemas-de-contencion-de-polvo-soluciones\/juegos-de-postes-de-contencion-de-polvo-e-z-up-de-trimaco\/","og_locale":"es_ES","og_type":"article","og_title":"Juegos de postes de contenci\u00f3n de polvo E-Z Up\u00ae de Trimaco - Trimaco","og_description":"Los sistemas y accesorios de poste de contenci\u00f3n de polvo de Trimaco crean un confinamiento temporal y una barrera contra el polvo. \u00a1Obtenga m\u00e1s informaci\u00f3n sobre nuestros juegos de postes!","og_url":"https:\/\/trimaco.com\/es\/productos\/sistemas-de-contencion-de-polvo-soluciones\/juegos-de-postes-de-contencion-de-polvo-e-z-up-de-trimaco\/","og_site_name":"Trimaco","article_publisher":"https:\/\/www.facebook.com\/pages\/Trimaco\/346858225385747?ref=ts","article_modified_time":"2024-04-08T20:53:22+00:00","og_image":[{"width":600,"height":600,"url":"https:\/\/trimaco.com\/wp-content\/uploads\/2020\/03\/pole-kit-3.jpg","type":"image\/jpeg"}],"twitter_card":"summary_large_image","twitter_site":"@trimacoinc","twitter_misc":{"Tiempo de lectura":"2 minutos"},"schema":{"@context":"https:\/\/schema.org","@graph":[{"@type":"WebPage","@id":"https:\/\/trimaco.com\/es\/productos\/sistemas-de-contencion-de-polvo-soluciones\/juegos-de-postes-de-contencion-de-polvo-e-z-up-de-trimaco\/","url":"https:\/\/trimaco.com\/es\/productos\/sistemas-de-contencion-de-polvo-soluciones\/juegos-de-postes-de-contencion-de-polvo-e-z-up-de-trimaco\/","name":"Juegos de postes de contenci\u00f3n de polvo E-Z Up\u00ae de Trimaco - Trimaco","isPartOf":{"@id":"https:\/\/trimaco.com\/#website"},"primaryImageOfPage":{"@id":"https:\/\/trimaco.com\/es\/productos\/sistemas-de-contencion-de-polvo-soluciones\/juegos-de-postes-de-contencion-de-polvo-e-z-up-de-trimaco\/#primaryimage"},"image":{"@id":"https:\/\/trimaco.com\/es\/productos\/sistemas-de-contencion-de-polvo-soluciones\/juegos-de-postes-de-contencion-de-polvo-e-z-up-de-trimaco\/#primaryimage"},"thumbnailUrl":"https:\/\/trimaco.com\/wp-content\/uploads\/2020\/03\/pole-kit-3.jpg","datePublished":"2021-06-17T17:36:42+00:00","dateModified":"2024-04-08T20:53:22+00:00","description":"Los sistemas y accesorios de poste de contenci\u00f3n de polvo de Trimaco crean un confinamiento temporal y una barrera contra el polvo. \u00a1Obtenga m\u00e1s informaci\u00f3n sobre nuestros juegos de postes!","breadcrumb":{"@id":"https:\/\/trimaco.com\/es\/productos\/sistemas-de-contencion-de-polvo-soluciones\/juegos-de-postes-de-contencion-de-polvo-e-z-up-de-trimaco\/#breadcrumb"},"inLanguage":"es","potentialAction":[{"@type":"ReadAction","target":["https:\/\/trimaco.com\/es\/productos\/sistemas-de-contencion-de-polvo-soluciones\/juegos-de-postes-de-contencion-de-polvo-e-z-up-de-trimaco\/"]}]},{"@type":"ImageObject","inLanguage":"es","@id":"https:\/\/trimaco.com\/es\/productos\/sistemas-de-contencion-de-polvo-soluciones\/juegos-de-postes-de-contencion-de-polvo-e-z-up-de-trimaco\/#primaryimage","url":"https:\/\/trimaco.com\/wp-content\/uploads\/2020\/03\/pole-kit-3.jpg","contentUrl":"https:\/\/trimaco.com\/wp-content\/uploads\/2020\/03\/pole-kit-3.jpg","width":600,"height":600,"caption":"E-Z Up pole kit out of packaging"},{"@type":"BreadcrumbList","@id":"https:\/\/trimaco.com\/es\/productos\/sistemas-de-contencion-de-polvo-soluciones\/juegos-de-postes-de-contencion-de-polvo-e-z-up-de-trimaco\/#breadcrumb","itemListElement":[{"@type":"ListItem","position":1,"name":"Home","item":"https:\/\/trimaco.com\/"},{"@type":"ListItem","position":2,"name":"Productos","item":"https:\/\/trimaco.com\/es\/productos\/"},{"@type":"ListItem","position":3,"name":"Sistemas de contenci\u00f3n de polvo","item":"https:\/\/trimaco.com\/es\/productos\/sistemas-de-contencion-de-polvo-soluciones\/"},{"@type":"ListItem","position":4,"name":"Juegos de postes de contenci\u00f3n de polvo E-Z Up\u00ae de Trimaco"}]},{"@type":"WebSite","@id":"https:\/\/trimaco.com\/#website","url":"https:\/\/trimaco.com\/","name":"Trimaco","description":"Total Jobsite Protection\u2122","publisher":{"@id":"https:\/\/trimaco.com\/#organization"},"potentialAction":[{"@type":"SearchAction","target":{"@type":"EntryPoint","urlTemplate":"https:\/\/trimaco.com\/?s={search_term_string}"},"query-input":{"@type":"PropertyValueSpecification","valueRequired":true,"valueName":"search_term_string"}}],"inLanguage":"es"},{"@type":"Organization","@id":"https:\/\/trimaco.com\/#organization","name":"Trimaco","url":"https:\/\/trimaco.com\/","logo":{"@type":"ImageObject","inLanguage":"es","@id":"https:\/\/trimaco.com\/#\/schema\/logo\/image\/","url":"https:\/\/trimaco.com\/wp-content\/uploads\/2016\/08\/login-logo.png","contentUrl":"https:\/\/trimaco.com\/wp-content\/uploads\/2016\/08\/login-logo.png","width":450,"height":69,"caption":"Trimaco"},"image":{"@id":"https:\/\/trimaco.com\/#\/schema\/logo\/image\/"},"sameAs":["https:\/\/www.facebook.com\/pages\/Trimaco\/346858225385747?ref=ts","https:\/\/x.com\/trimacoinc","https:\/\/www.instagram.com\/trimaco_inc\/","https:\/\/pinterest.com\/trimaco\/","https:\/\/www.youtube.com\/c\/trimacoinc"]}]}},"_links":{"self":[{"href":"https:\/\/trimaco.com\/es\/wp-json\/wp\/v2\/pages\/14112","targetHints":{"allow":["GET"]}}],"collection":[{"href":"https:\/\/trimaco.com\/es\/wp-json\/wp\/v2\/pages"}],"about":[{"href":"https:\/\/trimaco.com\/es\/wp-json\/wp\/v2\/types\/page"}],"author":[{"embeddable":true,"href":"https:\/\/trimaco.com\/es\/wp-json\/wp\/v2\/users\/2"}],"replies":[{"embeddable":true,"href":"https:\/\/trimaco.com\/es\/wp-json\/wp\/v2\/comments?post=14112"}],"version-history":[{"count":0,"href":"https:\/\/trimaco.com\/es\/wp-json\/wp\/v2\/pages\/14112\/revisions"}],"up":[{"embeddable":true,"href":"https:\/\/trimaco.com\/es\/wp-json\/wp\/v2\/pages\/14093"}],"wp:featuredmedia":[{"embeddable":true,"href":"https:\/\/trimaco.com\/es\/wp-json\/wp\/v2\/media\/14115"}],"wp:attachment":[{"href":"https:\/\/trimaco.com\/es\/wp-json\/wp\/v2\/media?parent=14112"}],"curies":[{"name":"wp","href":"https:\/\/api.w.org\/{rel}","templated":true}]}}