{"id":14110,"date":"2021-06-17T13:22:27","date_gmt":"2021-06-17T17:22:27","guid":{"rendered":"https:\/\/trimaco.wpengine.com\/productos\/sistemas-de-contencion-de-polvo-soluciones\/trimaco-e-z-up-cinta-de-doble-lado\/"},"modified":"2024-04-08T16:52:45","modified_gmt":"2024-04-08T20:52:45","slug":"trimaco-e-z-up-cinta-de-doble-lado","status":"publish","type":"page","link":"https:\/\/trimaco.com\/es\/productos\/sistemas-de-contencion-de-polvo-soluciones\/trimaco-e-z-up-cinta-de-doble-lado\/","title":{"rendered":"Trimaco E-Z Up\u00ae cinta de doble lado"},"content":{"rendered":"<h2>Cinta adhesiva de doble cara<\/h2>\n<p><a href=\"https:\/\/trimaco.com\/es\/products\/dust-containment\/\">La contenci\u00f3n del polvo<\/a> es una parte crucial de cualquier lugar de trabajo. Controlar el polvo y los desechos no solo evita da\u00f1os en las superficies, sino que ayuda a mantener la calidad del aire adecuada. La cinta de doble lado es fuerte ayuda a sellar los sistemas de contenci\u00f3n de polvo para garantizar ambos. <\/p>\n<p>Nuestra fuerte cinta de doble lado proporciona un sello apretado con l\u00e1minas de pl\u00e1stico y cuenta con papel de liberaci\u00f3n para una f\u00e1cil aplicaci\u00f3n. La cinta adhesiva permite hasta 14 d\u00edas de uso. Mantenga el polvo contenido durante el trabajo, \u00a1y su cliente definitivamente lo apreciar\u00e1!<\/p>\n<p>Para utilizarla, primero pruebe la cinta en un \u00e1rea discreta en la superficie a la que desea aplicarla. Se recomienda realizar pruebas antes de aplicarlas a toda la superficie. Una vez probada, coloque la cinta en el \u00e1rea a la que desea aplicar las l\u00e1minas de pl\u00e1stico. Una vez aplicada la cinta a doble cara de servicio pesado, retire cuidadosamente el papel de liberaci\u00f3n, exponiendo el segundo lado adhesivo. Coloque cuidadosamente las l\u00e1minas de pl\u00e1stico y presione firmemente contra la cinta adhesiva, creando una pared o puerta de contenci\u00f3n temporal de polvo.<\/p>\n<p><em>Para obtener mejores resultados, retire la cinta de la superficie despu\u00e9s de 14 d\u00edas de uso. <\/em><\/p>\n<ul>\n<li>Proporciona una uni\u00f3n de servicio pesado + sello apretado con l\u00e1minas de pl\u00e1stico<\/li>\n<li>Rollo de 2&#8243; x 60&#8242;<\/li>\n<li>Hasta 14 d\u00edas de uso<\/li>\n<li>Con adhesivo en ambos lados de la cinta<\/li>\n<li>La cinta es f\u00e1cil de usar<\/li>\n<\/ul>\n<p><a href=\"https:\/\/trimaco.com\/es\/products\/dust-containment\/\">\u00a1Obtenga m\u00e1s informaci\u00f3n<\/a> sobre todos los postes E-Z Up\u00ae y accesorios de contenci\u00f3n de polvo de Trimaco!<\/p>\n<p><em>Trimaco E-Z Up\u00ae cinta de doble lado<\/em><\/p>\n<table>\n<tbody>\n<tr>\n<th># DE ART\u00cdCULO<\/th>\n<th>PAQUETE DE<\/th>\n<th>TAMA\u00d1O<\/th>\n<\/tr>\n<tr>\n<td>54744  <\/td>\n<td>4<\/td>\n<td>2&#8243; x 60&#8242; (48 mm x 18,28 m)<\/td>\n<\/tr>\n<\/tr>\n<\/tbody>\n<\/table>\n","protected":false},"excerpt":{"rendered":"<p>Nuestra cinta de doble lado proporciona un sello apretado con l\u00e1minas de pl\u00e1stico y cuenta con papel de liberaci\u00f3n para una f\u00e1cil aplicaci\u00f3n. <\/p>\n","protected":false},"author":2,"featured_media":17749,"parent":14093,"menu_order":8,"comment_status":"closed","ping_status":"closed","template":"page_products-grandchild.php","meta":{"_acf_changed":false,"footnotes":""},"class_list":["post-14110","page","type-page","status-publish","has-post-thumbnail","hentry"],"acf":[],"yoast_head":"<!-- This site is optimized with the Yoast SEO plugin v27.5 - https:\/\/yoast.com\/product\/yoast-seo-wordpress\/ -->\n<title>Cinta fuerte de doble lado E-Z Up\u00ae de Trimaco- Trimaco<\/title>\n<meta name=\"description\" content=\"Nuestra fuerte cinta de doble lado proporciona un sello apretado con l\u00e1minas de pl\u00e1stico y cuenta con papel de liberaci\u00f3n para una f\u00e1cil aplicaci\u00f3n. Hasta 14 d\u00edas de uso.\" \/>\n<meta name=\"robots\" content=\"index, follow, max-snippet:-1, max-image-preview:large, max-video-preview:-1\" \/>\n<link rel=\"canonical\" href=\"https:\/\/trimaco.com\/es\/productos\/sistemas-de-contencion-de-polvo-soluciones\/trimaco-e-z-up-cinta-de-doble-lado\/\" \/>\n<meta property=\"og:locale\" content=\"es_ES\" \/>\n<meta property=\"og:type\" content=\"article\" \/>\n<meta property=\"og:title\" content=\"Cinta fuerte de doble lado E-Z Up\u00ae de Trimaco- Trimaco\" \/>\n<meta property=\"og:description\" content=\"Nuestra fuerte cinta de doble lado proporciona un sello apretado con l\u00e1minas de pl\u00e1stico y cuenta con papel de liberaci\u00f3n para una f\u00e1cil aplicaci\u00f3n. Hasta 14 d\u00edas de uso.\" \/>\n<meta property=\"og:url\" content=\"https:\/\/trimaco.com\/es\/productos\/sistemas-de-contencion-de-polvo-soluciones\/trimaco-e-z-up-cinta-de-doble-lado\/\" \/>\n<meta property=\"og:site_name\" content=\"Trimaco\" \/>\n<meta property=\"article:publisher\" content=\"https:\/\/www.facebook.com\/pages\/Trimaco\/346858225385747?ref=ts\" \/>\n<meta property=\"article:modified_time\" content=\"2024-04-08T20:52:45+00:00\" \/>\n<meta property=\"og:image\" content=\"https:\/\/trimaco.com\/wp-content\/uploads\/2022\/02\/double-sided-tape-2.webp\" \/>\n\t<meta property=\"og:image:width\" content=\"284\" \/>\n\t<meta property=\"og:image:height\" content=\"283\" \/>\n\t<meta property=\"og:image:type\" content=\"image\/webp\" \/>\n<meta name=\"twitter:card\" content=\"summary_large_image\" \/>\n<meta name=\"twitter:site\" content=\"@trimacoinc\" \/>\n<meta name=\"twitter:label1\" content=\"Tiempo de lectura\" \/>\n\t<meta name=\"twitter:data1\" content=\"2 minutos\" \/>\n<!-- \/ Yoast SEO plugin. -->","yoast_head_json":{"title":"Cinta fuerte de doble lado E-Z Up\u00ae de Trimaco- Trimaco","description":"Nuestra fuerte cinta de doble lado proporciona un sello apretado con l\u00e1minas de pl\u00e1stico y cuenta con papel de liberaci\u00f3n para una f\u00e1cil aplicaci\u00f3n. Hasta 14 d\u00edas de uso.","robots":{"index":"index","follow":"follow","max-snippet":"max-snippet:-1","max-image-preview":"max-image-preview:large","max-video-preview":"max-video-preview:-1"},"canonical":"https:\/\/trimaco.com\/es\/productos\/sistemas-de-contencion-de-polvo-soluciones\/trimaco-e-z-up-cinta-de-doble-lado\/","og_locale":"es_ES","og_type":"article","og_title":"Cinta fuerte de doble lado E-Z Up\u00ae de Trimaco- Trimaco","og_description":"Nuestra fuerte cinta de doble lado proporciona un sello apretado con l\u00e1minas de pl\u00e1stico y cuenta con papel de liberaci\u00f3n para una f\u00e1cil aplicaci\u00f3n. Hasta 14 d\u00edas de uso.","og_url":"https:\/\/trimaco.com\/es\/productos\/sistemas-de-contencion-de-polvo-soluciones\/trimaco-e-z-up-cinta-de-doble-lado\/","og_site_name":"Trimaco","article_publisher":"https:\/\/www.facebook.com\/pages\/Trimaco\/346858225385747?ref=ts","article_modified_time":"2024-04-08T20:52:45+00:00","og_image":[{"width":284,"height":283,"url":"https:\/\/trimaco.com\/wp-content\/uploads\/2022\/02\/double-sided-tape-2.webp","type":"image\/webp"}],"twitter_card":"summary_large_image","twitter_site":"@trimacoinc","twitter_misc":{"Tiempo de lectura":"2 minutos"},"schema":{"@context":"https:\/\/schema.org","@graph":[{"@type":"WebPage","@id":"https:\/\/trimaco.com\/es\/productos\/sistemas-de-contencion-de-polvo-soluciones\/trimaco-e-z-up-cinta-de-doble-lado\/","url":"https:\/\/trimaco.com\/es\/productos\/sistemas-de-contencion-de-polvo-soluciones\/trimaco-e-z-up-cinta-de-doble-lado\/","name":"Cinta fuerte de doble lado E-Z Up\u00ae de Trimaco- Trimaco","isPartOf":{"@id":"https:\/\/trimaco.com\/#website"},"primaryImageOfPage":{"@id":"https:\/\/trimaco.com\/es\/productos\/sistemas-de-contencion-de-polvo-soluciones\/trimaco-e-z-up-cinta-de-doble-lado\/#primaryimage"},"image":{"@id":"https:\/\/trimaco.com\/es\/productos\/sistemas-de-contencion-de-polvo-soluciones\/trimaco-e-z-up-cinta-de-doble-lado\/#primaryimage"},"thumbnailUrl":"https:\/\/trimaco.com\/wp-content\/uploads\/2022\/02\/double-sided-tape-2.webp","datePublished":"2021-06-17T17:22:27+00:00","dateModified":"2024-04-08T20:52:45+00:00","description":"Nuestra fuerte cinta de doble lado proporciona un sello apretado con l\u00e1minas de pl\u00e1stico y cuenta con papel de liberaci\u00f3n para una f\u00e1cil aplicaci\u00f3n. Hasta 14 d\u00edas de uso.","breadcrumb":{"@id":"https:\/\/trimaco.com\/es\/productos\/sistemas-de-contencion-de-polvo-soluciones\/trimaco-e-z-up-cinta-de-doble-lado\/#breadcrumb"},"inLanguage":"es","potentialAction":[{"@type":"ReadAction","target":["https:\/\/trimaco.com\/es\/productos\/sistemas-de-contencion-de-polvo-soluciones\/trimaco-e-z-up-cinta-de-doble-lado\/"]}]},{"@type":"ImageObject","inLanguage":"es","@id":"https:\/\/trimaco.com\/es\/productos\/sistemas-de-contencion-de-polvo-soluciones\/trimaco-e-z-up-cinta-de-doble-lado\/#primaryimage","url":"https:\/\/trimaco.com\/wp-content\/uploads\/2022\/02\/double-sided-tape-2.webp","contentUrl":"https:\/\/trimaco.com\/wp-content\/uploads\/2022\/02\/double-sided-tape-2.webp","width":284,"height":283,"caption":"installing double sided tape"},{"@type":"BreadcrumbList","@id":"https:\/\/trimaco.com\/es\/productos\/sistemas-de-contencion-de-polvo-soluciones\/trimaco-e-z-up-cinta-de-doble-lado\/#breadcrumb","itemListElement":[{"@type":"ListItem","position":1,"name":"Home","item":"https:\/\/trimaco.com\/"},{"@type":"ListItem","position":2,"name":"Productos","item":"https:\/\/trimaco.com\/es\/productos\/"},{"@type":"ListItem","position":3,"name":"Sistemas de contenci\u00f3n de polvo","item":"https:\/\/trimaco.com\/es\/productos\/sistemas-de-contencion-de-polvo-soluciones\/"},{"@type":"ListItem","position":4,"name":"Trimaco E-Z Up\u00ae cinta de doble lado"}]},{"@type":"WebSite","@id":"https:\/\/trimaco.com\/#website","url":"https:\/\/trimaco.com\/","name":"Trimaco","description":"Total Jobsite Protection\u2122","publisher":{"@id":"https:\/\/trimaco.com\/#organization"},"potentialAction":[{"@type":"SearchAction","target":{"@type":"EntryPoint","urlTemplate":"https:\/\/trimaco.com\/?s={search_term_string}"},"query-input":{"@type":"PropertyValueSpecification","valueRequired":true,"valueName":"search_term_string"}}],"inLanguage":"es"},{"@type":"Organization","@id":"https:\/\/trimaco.com\/#organization","name":"Trimaco","url":"https:\/\/trimaco.com\/","logo":{"@type":"ImageObject","inLanguage":"es","@id":"https:\/\/trimaco.com\/#\/schema\/logo\/image\/","url":"https:\/\/trimaco.com\/wp-content\/uploads\/2016\/08\/login-logo.png","contentUrl":"https:\/\/trimaco.com\/wp-content\/uploads\/2016\/08\/login-logo.png","width":450,"height":69,"caption":"Trimaco"},"image":{"@id":"https:\/\/trimaco.com\/#\/schema\/logo\/image\/"},"sameAs":["https:\/\/www.facebook.com\/pages\/Trimaco\/346858225385747?ref=ts","https:\/\/x.com\/trimacoinc","https:\/\/www.instagram.com\/trimaco_inc\/","https:\/\/pinterest.com\/trimaco\/","https:\/\/www.youtube.com\/c\/trimacoinc"]}]}},"_links":{"self":[{"href":"https:\/\/trimaco.com\/es\/wp-json\/wp\/v2\/pages\/14110","targetHints":{"allow":["GET"]}}],"collection":[{"href":"https:\/\/trimaco.com\/es\/wp-json\/wp\/v2\/pages"}],"about":[{"href":"https:\/\/trimaco.com\/es\/wp-json\/wp\/v2\/types\/page"}],"author":[{"embeddable":true,"href":"https:\/\/trimaco.com\/es\/wp-json\/wp\/v2\/users\/2"}],"replies":[{"embeddable":true,"href":"https:\/\/trimaco.com\/es\/wp-json\/wp\/v2\/comments?post=14110"}],"version-history":[{"count":0,"href":"https:\/\/trimaco.com\/es\/wp-json\/wp\/v2\/pages\/14110\/revisions"}],"up":[{"embeddable":true,"href":"https:\/\/trimaco.com\/es\/wp-json\/wp\/v2\/pages\/14093"}],"wp:featuredmedia":[{"embeddable":true,"href":"https:\/\/trimaco.com\/es\/wp-json\/wp\/v2\/media\/17749"}],"wp:attachment":[{"href":"https:\/\/trimaco.com\/es\/wp-json\/wp\/v2\/media?parent=14110"}],"curies":[{"name":"wp","href":"https:\/\/api.w.org\/{rel}","templated":true}]}}