{"id":14105,"date":"2021-06-17T13:14:49","date_gmt":"2021-06-17T17:14:49","guid":{"rendered":"https:\/\/trimaco.wpengine.com\/productos\/sistemas-de-contencion-de-polvo-soluciones\/juego-de-puerta-de-contencion-de-polvo-e-z-up-de-trimaco\/"},"modified":"2024-03-14T17:26:15","modified_gmt":"2024-03-14T21:26:15","slug":"juego-de-puerta-de-contencion-de-polvo-e-z-up-de-trimaco","status":"publish","type":"page","link":"https:\/\/trimaco.com\/es\/productos\/sistemas-de-contencion-de-polvo-soluciones\/juego-de-puerta-de-contencion-de-polvo-e-z-up-de-trimaco\/","title":{"rendered":"Juego de puerta de contenci\u00f3n de polvo E-Z Up\u00ae de Trimaco"},"content":{"rendered":"<h3>PROTECCI\u00d3N R\u00c1PIDA<\/h3>\n<p>El kit de puertas de contenci\u00f3n de polvo E-Z Up\u00ae de Trimaco proporciona una protecci\u00f3n r\u00e1pida contra la contenci\u00f3n del polvo. El cierre \u00fanico crea una barrera de contenci\u00f3n de polvo de f\u00e1cil acceso en el lugar de trabajo. \u00a1El kit incluso se puede reutilizar! Simplemente vuelva a aplicar la nueva <a href=\"https:\/\/trimaco.com\/es\/productos\/sistemas-de-contencion-de-polvo-soluciones\/trimaco-e-z-up-cinta-de-doble-lado\/\">Cinta de doble cara E-Z Up\u00ae de Trimaco<\/a> (hasta 14 d\u00edas de uso). Mantenga el polvo contenido durante el trabajo, \u00a1su cliente definitivamente lo apreciar\u00e1! <em>ADVERTENCIA: Pruebe la cinta en una superficie discreta antes de aplicarla a la puerta. <\/em><\/p>\n<ul>\n<li style=\"list-style-type: none;\">\n<ul>\n<li>Crea un gabinete de contenci\u00f3n de polvo de f\u00e1cil acceso<\/li>\n<li>La parte inferior abierta permite f\u00e1cilmente que los carritos de servicio pasen por la puerta<\/li>\n<li>Incluye 1 hoja de pl\u00e1stico con un cierre pre montado<\/li>\n<li>Incluye 1 rollo de cinta de lanzamiento de 1&#8243; x 18&#8242;<\/li>\n<li>reutilizable<\/li>\n<\/ul>\n<\/li>\n<\/ul>\n<p>\u00a1<a href=\"https:\/\/trimaco.com\/es\/productos\/sistemas-de-contencion-de-polvo-soluciones\/\">Obtenga m\u00e1s informaci\u00f3n<\/a> sobre todos los postes E-Z Up de Trimaco y accesorios de contenci\u00f3n de polvo!<\/p>\n<p><em>Kit de puerta de contenci\u00f3n de polvo Trimaco E-Z Up<\/em><\/p>\n<table>\n<tbody>\n<tr>\n<th># de Art\u00edculo<\/th>\n<th>Paquete de<\/th>\n<th>Tama\u00f1o<\/th>\n<\/tr>\n<tr>\n<td>54740<\/td>\n<td>6<\/td>\n<td>hasta 3&#8217;x7&#8242;<\/td>\n<\/tr>\n<\/tbody>\n<\/table>\n","protected":false},"excerpt":{"rendered":"<p>Cree una puerta instant\u00e1nea, lo que permite un acceso r\u00e1pido dentro y fuera del lugar de trabajo.<\/p>\n","protected":false},"author":2,"featured_media":10296,"parent":14093,"menu_order":7,"comment_status":"closed","ping_status":"closed","template":"page_products-grandchild.php","meta":{"_acf_changed":false,"footnotes":""},"class_list":["post-14105","page","type-page","status-publish","has-post-thumbnail","hentry"],"acf":[],"yoast_head":"<!-- This site is optimized with the Yoast SEO plugin v27.5 - https:\/\/yoast.com\/product\/yoast-seo-wordpress\/ -->\n<title>Juego de puerta de contenci\u00f3n de polvo E-Z Up\u00ae de Trimaco - Trimaco<\/title>\n<meta name=\"description\" content=\"Mantenga su lugar de trabajo libre de polvo con nuestro juego de puerta de contenci\u00f3n de polvo E-Z Up\u00ae de Trimaco. El kit es f\u00e1cil de montar y crea una barrera de contenci\u00f3n de polvo de f\u00e1cil acceso.\" \/>\n<meta name=\"robots\" content=\"index, follow, max-snippet:-1, max-image-preview:large, max-video-preview:-1\" \/>\n<link rel=\"canonical\" href=\"https:\/\/trimaco.com\/es\/productos\/sistemas-de-contencion-de-polvo-soluciones\/juego-de-puerta-de-contencion-de-polvo-e-z-up-de-trimaco\/\" \/>\n<meta property=\"og:locale\" content=\"es_ES\" \/>\n<meta property=\"og:type\" content=\"article\" \/>\n<meta property=\"og:title\" content=\"Juego de puerta de contenci\u00f3n de polvo E-Z Up\u00ae de Trimaco - Trimaco\" \/>\n<meta property=\"og:description\" content=\"Mantenga su lugar de trabajo libre de polvo con nuestro juego de puerta de contenci\u00f3n de polvo E-Z Up\u00ae de Trimaco. El kit es f\u00e1cil de montar y crea una barrera de contenci\u00f3n de polvo de f\u00e1cil acceso.\" \/>\n<meta property=\"og:url\" content=\"https:\/\/trimaco.com\/es\/productos\/sistemas-de-contencion-de-polvo-soluciones\/juego-de-puerta-de-contencion-de-polvo-e-z-up-de-trimaco\/\" \/>\n<meta property=\"og:site_name\" content=\"Trimaco\" \/>\n<meta property=\"article:publisher\" content=\"https:\/\/www.facebook.com\/pages\/Trimaco\/346858225385747?ref=ts\" \/>\n<meta property=\"article:modified_time\" content=\"2024-03-14T21:26:15+00:00\" \/>\n<meta property=\"og:image\" content=\"https:\/\/trimaco.com\/wp-content\/uploads\/2020\/11\/54740-EZUP-DoorKit_action1.jpg\" \/>\n\t<meta property=\"og:image:width\" content=\"400\" \/>\n\t<meta property=\"og:image:height\" content=\"400\" \/>\n\t<meta property=\"og:image:type\" content=\"image\/jpeg\" \/>\n<meta name=\"twitter:card\" content=\"summary_large_image\" \/>\n<meta name=\"twitter:site\" content=\"@trimacoinc\" \/>\n<meta name=\"twitter:label1\" content=\"Tiempo de lectura\" \/>\n\t<meta name=\"twitter:data1\" content=\"1 minuto\" \/>\n<!-- \/ Yoast SEO plugin. -->","yoast_head_json":{"title":"Juego de puerta de contenci\u00f3n de polvo E-Z Up\u00ae de Trimaco - Trimaco","description":"Mantenga su lugar de trabajo libre de polvo con nuestro juego de puerta de contenci\u00f3n de polvo E-Z Up\u00ae de Trimaco. El kit es f\u00e1cil de montar y crea una barrera de contenci\u00f3n de polvo de f\u00e1cil acceso.","robots":{"index":"index","follow":"follow","max-snippet":"max-snippet:-1","max-image-preview":"max-image-preview:large","max-video-preview":"max-video-preview:-1"},"canonical":"https:\/\/trimaco.com\/es\/productos\/sistemas-de-contencion-de-polvo-soluciones\/juego-de-puerta-de-contencion-de-polvo-e-z-up-de-trimaco\/","og_locale":"es_ES","og_type":"article","og_title":"Juego de puerta de contenci\u00f3n de polvo E-Z Up\u00ae de Trimaco - Trimaco","og_description":"Mantenga su lugar de trabajo libre de polvo con nuestro juego de puerta de contenci\u00f3n de polvo E-Z Up\u00ae de Trimaco. El kit es f\u00e1cil de montar y crea una barrera de contenci\u00f3n de polvo de f\u00e1cil acceso.","og_url":"https:\/\/trimaco.com\/es\/productos\/sistemas-de-contencion-de-polvo-soluciones\/juego-de-puerta-de-contencion-de-polvo-e-z-up-de-trimaco\/","og_site_name":"Trimaco","article_publisher":"https:\/\/www.facebook.com\/pages\/Trimaco\/346858225385747?ref=ts","article_modified_time":"2024-03-14T21:26:15+00:00","og_image":[{"width":400,"height":400,"url":"https:\/\/trimaco.com\/wp-content\/uploads\/2020\/11\/54740-EZUP-DoorKit_action1.jpg","type":"image\/jpeg"}],"twitter_card":"summary_large_image","twitter_site":"@trimacoinc","twitter_misc":{"Tiempo de lectura":"1 minuto"},"schema":{"@context":"https:\/\/schema.org","@graph":[{"@type":"WebPage","@id":"https:\/\/trimaco.com\/es\/productos\/sistemas-de-contencion-de-polvo-soluciones\/juego-de-puerta-de-contencion-de-polvo-e-z-up-de-trimaco\/","url":"https:\/\/trimaco.com\/es\/productos\/sistemas-de-contencion-de-polvo-soluciones\/juego-de-puerta-de-contencion-de-polvo-e-z-up-de-trimaco\/","name":"Juego de puerta de contenci\u00f3n de polvo E-Z Up\u00ae de Trimaco - Trimaco","isPartOf":{"@id":"https:\/\/trimaco.com\/#website"},"primaryImageOfPage":{"@id":"https:\/\/trimaco.com\/es\/productos\/sistemas-de-contencion-de-polvo-soluciones\/juego-de-puerta-de-contencion-de-polvo-e-z-up-de-trimaco\/#primaryimage"},"image":{"@id":"https:\/\/trimaco.com\/es\/productos\/sistemas-de-contencion-de-polvo-soluciones\/juego-de-puerta-de-contencion-de-polvo-e-z-up-de-trimaco\/#primaryimage"},"thumbnailUrl":"https:\/\/trimaco.com\/wp-content\/uploads\/2020\/11\/54740-EZUP-DoorKit_action1.jpg","datePublished":"2021-06-17T17:14:49+00:00","dateModified":"2024-03-14T21:26:15+00:00","description":"Mantenga su lugar de trabajo libre de polvo con nuestro juego de puerta de contenci\u00f3n de polvo E-Z Up\u00ae de Trimaco. El kit es f\u00e1cil de montar y crea una barrera de contenci\u00f3n de polvo de f\u00e1cil acceso.","breadcrumb":{"@id":"https:\/\/trimaco.com\/es\/productos\/sistemas-de-contencion-de-polvo-soluciones\/juego-de-puerta-de-contencion-de-polvo-e-z-up-de-trimaco\/#breadcrumb"},"inLanguage":"es","potentialAction":[{"@type":"ReadAction","target":["https:\/\/trimaco.com\/es\/productos\/sistemas-de-contencion-de-polvo-soluciones\/juego-de-puerta-de-contencion-de-polvo-e-z-up-de-trimaco\/"]}]},{"@type":"ImageObject","inLanguage":"es","@id":"https:\/\/trimaco.com\/es\/productos\/sistemas-de-contencion-de-polvo-soluciones\/juego-de-puerta-de-contencion-de-polvo-e-z-up-de-trimaco\/#primaryimage","url":"https:\/\/trimaco.com\/wp-content\/uploads\/2020\/11\/54740-EZUP-DoorKit_action1.jpg","contentUrl":"https:\/\/trimaco.com\/wp-content\/uploads\/2020\/11\/54740-EZUP-DoorKit_action1.jpg","width":400,"height":400,"caption":"E-Z Up door"},{"@type":"BreadcrumbList","@id":"https:\/\/trimaco.com\/es\/productos\/sistemas-de-contencion-de-polvo-soluciones\/juego-de-puerta-de-contencion-de-polvo-e-z-up-de-trimaco\/#breadcrumb","itemListElement":[{"@type":"ListItem","position":1,"name":"Home","item":"https:\/\/trimaco.com\/"},{"@type":"ListItem","position":2,"name":"Productos","item":"https:\/\/trimaco.com\/es\/productos\/"},{"@type":"ListItem","position":3,"name":"Sistemas de contenci\u00f3n de polvo","item":"https:\/\/trimaco.com\/es\/productos\/sistemas-de-contencion-de-polvo-soluciones\/"},{"@type":"ListItem","position":4,"name":"Juego de puerta de contenci\u00f3n de polvo E-Z Up\u00ae de Trimaco"}]},{"@type":"WebSite","@id":"https:\/\/trimaco.com\/#website","url":"https:\/\/trimaco.com\/","name":"Trimaco","description":"Total Jobsite Protection\u2122","publisher":{"@id":"https:\/\/trimaco.com\/#organization"},"potentialAction":[{"@type":"SearchAction","target":{"@type":"EntryPoint","urlTemplate":"https:\/\/trimaco.com\/?s={search_term_string}"},"query-input":{"@type":"PropertyValueSpecification","valueRequired":true,"valueName":"search_term_string"}}],"inLanguage":"es"},{"@type":"Organization","@id":"https:\/\/trimaco.com\/#organization","name":"Trimaco","url":"https:\/\/trimaco.com\/","logo":{"@type":"ImageObject","inLanguage":"es","@id":"https:\/\/trimaco.com\/#\/schema\/logo\/image\/","url":"https:\/\/trimaco.com\/wp-content\/uploads\/2016\/08\/login-logo.png","contentUrl":"https:\/\/trimaco.com\/wp-content\/uploads\/2016\/08\/login-logo.png","width":450,"height":69,"caption":"Trimaco"},"image":{"@id":"https:\/\/trimaco.com\/#\/schema\/logo\/image\/"},"sameAs":["https:\/\/www.facebook.com\/pages\/Trimaco\/346858225385747?ref=ts","https:\/\/x.com\/trimacoinc","https:\/\/www.instagram.com\/trimaco_inc\/","https:\/\/pinterest.com\/trimaco\/","https:\/\/www.youtube.com\/c\/trimacoinc"]}]}},"_links":{"self":[{"href":"https:\/\/trimaco.com\/es\/wp-json\/wp\/v2\/pages\/14105","targetHints":{"allow":["GET"]}}],"collection":[{"href":"https:\/\/trimaco.com\/es\/wp-json\/wp\/v2\/pages"}],"about":[{"href":"https:\/\/trimaco.com\/es\/wp-json\/wp\/v2\/types\/page"}],"author":[{"embeddable":true,"href":"https:\/\/trimaco.com\/es\/wp-json\/wp\/v2\/users\/2"}],"replies":[{"embeddable":true,"href":"https:\/\/trimaco.com\/es\/wp-json\/wp\/v2\/comments?post=14105"}],"version-history":[{"count":0,"href":"https:\/\/trimaco.com\/es\/wp-json\/wp\/v2\/pages\/14105\/revisions"}],"up":[{"embeddable":true,"href":"https:\/\/trimaco.com\/es\/wp-json\/wp\/v2\/pages\/14093"}],"wp:featuredmedia":[{"embeddable":true,"href":"https:\/\/trimaco.com\/es\/wp-json\/wp\/v2\/media\/10296"}],"wp:attachment":[{"href":"https:\/\/trimaco.com\/es\/wp-json\/wp\/v2\/media?parent=14105"}],"curies":[{"name":"wp","href":"https:\/\/api.w.org\/{rel}","templated":true}]}}