{"id":14104,"date":"2021-06-17T12:45:59","date_gmt":"2021-06-17T16:45:59","guid":{"rendered":"https:\/\/trimaco.wpengine.com\/productos\/sistemas-de-contencion-de-polvo-soluciones\/bolsa-para-postes-de-contencion-de-polvo-e-z-up-de-trimaco\/"},"modified":"2024-02-29T13:05:55","modified_gmt":"2024-02-29T17:05:55","slug":"bolsa-para-postes-de-contencion-de-polvo-e-z-up-de-trimaco","status":"publish","type":"page","link":"https:\/\/trimaco.com\/es\/productos\/sistemas-de-contencion-de-polvo-soluciones\/bolsa-para-postes-de-contencion-de-polvo-e-z-up-de-trimaco\/","title":{"rendered":"Bolsa para postes de contenci\u00f3n de polvo E-Z Up\u00ae de Trimaco"},"content":{"rendered":"<p>La colecci\u00f3n de postes y accesorios de l\u00e1minas de Trimaco crea sistemas de contenci\u00f3n de polvo para ayudar a proteger contra todo tipo de polvo, suciedad y escombros. El sistema temporal suprime estas part\u00edculas no deseadas para mantener un \u00e1rea de trabajo segura y limpia. Los postes E-Z Up de Trimaco no solo crean una partici\u00f3n temporal de polvo para cualquier trabajo de tama\u00f1o, sino que tambi\u00e9n son port\u00e1tiles con la ayuda de la bolsa de poste E-Z Up\u00ae de Trimaco.  <\/p>\n<p>La bolsa de poli\u00e9ster 100% duradera puede transportar hasta 4 <a href=\"https:\/\/trimaco.com\/es\/productos\/sistemas-de-contencion-de-polvo-soluciones\/poste-de-contencion-de-polvo-e-z-up-de-servicio-pesado-de-trimaco\/\">postes para l\u00e1minas de pl\u00e1stico.<\/a> Reforzada con un cierre, correas y un mango de agarre c\u00f3modo, esta bolsa hace que el transporte al sitio de trabajo sea r\u00e1pido y f\u00e1cil. \u00a1La bolsa para poster E-Z Up\u00ae de Trimaco de Trimaco puede almacenar y transportar todo tipo de postes de contenci\u00f3n de polvo (cualquier altura o peso) y \u00a1cualquiera de los accesorios E-Z Up de Trimaco! <a href=\"https:\/\/trimaco.com\/es\/advertencia-tres\/\" rel=\"noopener noreferrer\" target=\"_blank\">ADVERTENCIA.<\/a><\/p>\n<ul>\n<li>Lleva hasta 4 postes de barrera anti polvo<\/li>\n<li>C\u00f3modo y conveniente<\/li>\n<\/ul>\n<p>\u00a1<a href=\"https:\/\/trimaco.com\/es\/productos\/sistemas-de-contencion-de-polvo-soluciones\/\">Obtenga m\u00e1s informaci\u00f3n<\/a> sobre todos los postes E-Z Up de Trimaco y accesorios de contenci\u00f3n de polvo!<\/p>\n<p><em>Trimaco E-Z Up Pole Bag<\/em><\/p>\n<table>\n<tbody>\n<tr>\n<th># de Art\u00edculo<\/th>\n<th>Paquete de<\/th>\n<th>Tama\u00f1o<\/th>\n<\/tr>\n<tr>\n<td>54731<\/td>\n<td>1<\/td>\n<td>cabe hasta 4 polos<\/td>\n<\/tr>\n<\/tr>\n<\/tbody>\n<\/table>\n","protected":false},"excerpt":{"rendered":"<p>Lleve hasta 4 postes de contenci\u00f3n en nuestra bolsa de servicio pesado con cierre y correas reforzadas.<\/p>\n","protected":false},"author":2,"featured_media":14113,"parent":14093,"menu_order":6,"comment_status":"closed","ping_status":"closed","template":"page_products-grandchild.php","meta":{"_acf_changed":false,"footnotes":""},"class_list":["post-14104","page","type-page","status-publish","has-post-thumbnail","hentry"],"acf":[],"yoast_head":"<!-- This site is optimized with the Yoast SEO plugin v27.5 - https:\/\/yoast.com\/product\/yoast-seo-wordpress\/ -->\n<title>Bolsa para de poste de contenci\u00f3n de polvo \u00a1Sostiene hasta 4 polos! - Trimaco<\/title>\n<meta name=\"description\" content=\"\u00bfNecesita una bolsa para llevar tus postes de contenci\u00f3n de polvo? \u00a1Lleve hasta 4 postes de contenci\u00f3n de polvo en nuestra bolsa de poste Heavy Duty con cierre y correas!\" \/>\n<meta name=\"robots\" content=\"index, follow, max-snippet:-1, max-image-preview:large, max-video-preview:-1\" \/>\n<link rel=\"canonical\" href=\"https:\/\/trimaco.com\/es\/productos\/sistemas-de-contencion-de-polvo-soluciones\/bolsa-para-postes-de-contencion-de-polvo-e-z-up-de-trimaco\/\" \/>\n<meta property=\"og:locale\" content=\"es_ES\" \/>\n<meta property=\"og:type\" content=\"article\" \/>\n<meta property=\"og:title\" content=\"Bolsa para de poste de contenci\u00f3n de polvo \u00a1Sostiene hasta 4 polos! - Trimaco\" \/>\n<meta property=\"og:description\" content=\"\u00bfNecesita una bolsa para llevar tus postes de contenci\u00f3n de polvo? \u00a1Lleve hasta 4 postes de contenci\u00f3n de polvo en nuestra bolsa de poste Heavy Duty con cierre y correas!\" \/>\n<meta property=\"og:url\" content=\"https:\/\/trimaco.com\/es\/productos\/sistemas-de-contencion-de-polvo-soluciones\/bolsa-para-postes-de-contencion-de-polvo-e-z-up-de-trimaco\/\" \/>\n<meta property=\"og:site_name\" content=\"Trimaco\" \/>\n<meta property=\"article:publisher\" content=\"https:\/\/www.facebook.com\/pages\/Trimaco\/346858225385747?ref=ts\" \/>\n<meta property=\"article:modified_time\" content=\"2024-02-29T17:05:55+00:00\" \/>\n<meta property=\"og:image\" content=\"https:\/\/trimaco.com\/wp-content\/uploads\/2020\/03\/pole-kit-1.jpg\" \/>\n\t<meta property=\"og:image:width\" content=\"600\" \/>\n\t<meta property=\"og:image:height\" content=\"600\" \/>\n\t<meta property=\"og:image:type\" content=\"image\/jpeg\" \/>\n<meta name=\"twitter:card\" content=\"summary_large_image\" \/>\n<meta name=\"twitter:site\" content=\"@trimacoinc\" \/>\n<meta name=\"twitter:label1\" content=\"Tiempo de lectura\" \/>\n\t<meta name=\"twitter:data1\" content=\"2 minutos\" \/>\n<!-- \/ Yoast SEO plugin. -->","yoast_head_json":{"title":"Bolsa para de poste de contenci\u00f3n de polvo \u00a1Sostiene hasta 4 polos! - Trimaco","description":"\u00bfNecesita una bolsa para llevar tus postes de contenci\u00f3n de polvo? \u00a1Lleve hasta 4 postes de contenci\u00f3n de polvo en nuestra bolsa de poste Heavy Duty con cierre y correas!","robots":{"index":"index","follow":"follow","max-snippet":"max-snippet:-1","max-image-preview":"max-image-preview:large","max-video-preview":"max-video-preview:-1"},"canonical":"https:\/\/trimaco.com\/es\/productos\/sistemas-de-contencion-de-polvo-soluciones\/bolsa-para-postes-de-contencion-de-polvo-e-z-up-de-trimaco\/","og_locale":"es_ES","og_type":"article","og_title":"Bolsa para de poste de contenci\u00f3n de polvo \u00a1Sostiene hasta 4 polos! - Trimaco","og_description":"\u00bfNecesita una bolsa para llevar tus postes de contenci\u00f3n de polvo? \u00a1Lleve hasta 4 postes de contenci\u00f3n de polvo en nuestra bolsa de poste Heavy Duty con cierre y correas!","og_url":"https:\/\/trimaco.com\/es\/productos\/sistemas-de-contencion-de-polvo-soluciones\/bolsa-para-postes-de-contencion-de-polvo-e-z-up-de-trimaco\/","og_site_name":"Trimaco","article_publisher":"https:\/\/www.facebook.com\/pages\/Trimaco\/346858225385747?ref=ts","article_modified_time":"2024-02-29T17:05:55+00:00","og_image":[{"width":600,"height":600,"url":"https:\/\/trimaco.com\/wp-content\/uploads\/2020\/03\/pole-kit-1.jpg","type":"image\/jpeg"}],"twitter_card":"summary_large_image","twitter_site":"@trimacoinc","twitter_misc":{"Tiempo de lectura":"2 minutos"},"schema":{"@context":"https:\/\/schema.org","@graph":[{"@type":"WebPage","@id":"https:\/\/trimaco.com\/es\/productos\/sistemas-de-contencion-de-polvo-soluciones\/bolsa-para-postes-de-contencion-de-polvo-e-z-up-de-trimaco\/","url":"https:\/\/trimaco.com\/es\/productos\/sistemas-de-contencion-de-polvo-soluciones\/bolsa-para-postes-de-contencion-de-polvo-e-z-up-de-trimaco\/","name":"Bolsa para de poste de contenci\u00f3n de polvo \u00a1Sostiene hasta 4 polos! - Trimaco","isPartOf":{"@id":"https:\/\/trimaco.com\/#website"},"primaryImageOfPage":{"@id":"https:\/\/trimaco.com\/es\/productos\/sistemas-de-contencion-de-polvo-soluciones\/bolsa-para-postes-de-contencion-de-polvo-e-z-up-de-trimaco\/#primaryimage"},"image":{"@id":"https:\/\/trimaco.com\/es\/productos\/sistemas-de-contencion-de-polvo-soluciones\/bolsa-para-postes-de-contencion-de-polvo-e-z-up-de-trimaco\/#primaryimage"},"thumbnailUrl":"https:\/\/trimaco.com\/wp-content\/uploads\/2020\/03\/pole-kit-1.jpg","datePublished":"2021-06-17T16:45:59+00:00","dateModified":"2024-02-29T17:05:55+00:00","description":"\u00bfNecesita una bolsa para llevar tus postes de contenci\u00f3n de polvo? \u00a1Lleve hasta 4 postes de contenci\u00f3n de polvo en nuestra bolsa de poste Heavy Duty con cierre y correas!","breadcrumb":{"@id":"https:\/\/trimaco.com\/es\/productos\/sistemas-de-contencion-de-polvo-soluciones\/bolsa-para-postes-de-contencion-de-polvo-e-z-up-de-trimaco\/#breadcrumb"},"inLanguage":"es","potentialAction":[{"@type":"ReadAction","target":["https:\/\/trimaco.com\/es\/productos\/sistemas-de-contencion-de-polvo-soluciones\/bolsa-para-postes-de-contencion-de-polvo-e-z-up-de-trimaco\/"]}]},{"@type":"ImageObject","inLanguage":"es","@id":"https:\/\/trimaco.com\/es\/productos\/sistemas-de-contencion-de-polvo-soluciones\/bolsa-para-postes-de-contencion-de-polvo-e-z-up-de-trimaco\/#primaryimage","url":"https:\/\/trimaco.com\/wp-content\/uploads\/2020\/03\/pole-kit-1.jpg","contentUrl":"https:\/\/trimaco.com\/wp-content\/uploads\/2020\/03\/pole-kit-1.jpg","width":600,"height":600,"caption":"Worker carrying E-Z Up Pole Kit in bag"},{"@type":"BreadcrumbList","@id":"https:\/\/trimaco.com\/es\/productos\/sistemas-de-contencion-de-polvo-soluciones\/bolsa-para-postes-de-contencion-de-polvo-e-z-up-de-trimaco\/#breadcrumb","itemListElement":[{"@type":"ListItem","position":1,"name":"Home","item":"https:\/\/trimaco.com\/"},{"@type":"ListItem","position":2,"name":"Productos","item":"https:\/\/trimaco.com\/es\/productos\/"},{"@type":"ListItem","position":3,"name":"Sistemas de contenci\u00f3n de polvo","item":"https:\/\/trimaco.com\/es\/productos\/sistemas-de-contencion-de-polvo-soluciones\/"},{"@type":"ListItem","position":4,"name":"Bolsa para postes de contenci\u00f3n de polvo E-Z Up\u00ae de Trimaco"}]},{"@type":"WebSite","@id":"https:\/\/trimaco.com\/#website","url":"https:\/\/trimaco.com\/","name":"Trimaco","description":"Total Jobsite Protection\u2122","publisher":{"@id":"https:\/\/trimaco.com\/#organization"},"potentialAction":[{"@type":"SearchAction","target":{"@type":"EntryPoint","urlTemplate":"https:\/\/trimaco.com\/?s={search_term_string}"},"query-input":{"@type":"PropertyValueSpecification","valueRequired":true,"valueName":"search_term_string"}}],"inLanguage":"es"},{"@type":"Organization","@id":"https:\/\/trimaco.com\/#organization","name":"Trimaco","url":"https:\/\/trimaco.com\/","logo":{"@type":"ImageObject","inLanguage":"es","@id":"https:\/\/trimaco.com\/#\/schema\/logo\/image\/","url":"https:\/\/trimaco.com\/wp-content\/uploads\/2016\/08\/login-logo.png","contentUrl":"https:\/\/trimaco.com\/wp-content\/uploads\/2016\/08\/login-logo.png","width":450,"height":69,"caption":"Trimaco"},"image":{"@id":"https:\/\/trimaco.com\/#\/schema\/logo\/image\/"},"sameAs":["https:\/\/www.facebook.com\/pages\/Trimaco\/346858225385747?ref=ts","https:\/\/x.com\/trimacoinc","https:\/\/www.instagram.com\/trimaco_inc\/","https:\/\/pinterest.com\/trimaco\/","https:\/\/www.youtube.com\/c\/trimacoinc"]}]}},"_links":{"self":[{"href":"https:\/\/trimaco.com\/es\/wp-json\/wp\/v2\/pages\/14104","targetHints":{"allow":["GET"]}}],"collection":[{"href":"https:\/\/trimaco.com\/es\/wp-json\/wp\/v2\/pages"}],"about":[{"href":"https:\/\/trimaco.com\/es\/wp-json\/wp\/v2\/types\/page"}],"author":[{"embeddable":true,"href":"https:\/\/trimaco.com\/es\/wp-json\/wp\/v2\/users\/2"}],"replies":[{"embeddable":true,"href":"https:\/\/trimaco.com\/es\/wp-json\/wp\/v2\/comments?post=14104"}],"version-history":[{"count":0,"href":"https:\/\/trimaco.com\/es\/wp-json\/wp\/v2\/pages\/14104\/revisions"}],"up":[{"embeddable":true,"href":"https:\/\/trimaco.com\/es\/wp-json\/wp\/v2\/pages\/14093"}],"wp:featuredmedia":[{"embeddable":true,"href":"https:\/\/trimaco.com\/es\/wp-json\/wp\/v2\/media\/14113"}],"wp:attachment":[{"href":"https:\/\/trimaco.com\/es\/wp-json\/wp\/v2\/media?parent=14104"}],"curies":[{"name":"wp","href":"https:\/\/api.w.org\/{rel}","templated":true}]}}