{"id":14102,"date":"2021-06-17T12:40:35","date_gmt":"2021-06-17T16:40:35","guid":{"rendered":"https:\/\/trimaco.wpengine.com\/productos\/sistemas-de-contencion-de-polvo-soluciones\/el-cierre-autoadhesivo-e-z-up-despega-pega-de-trimaco\/"},"modified":"2024-12-19T12:11:46","modified_gmt":"2024-12-19T16:11:46","slug":"el-cierre-autoadhesivo-e-z-up-despega-pega-de-trimaco","status":"publish","type":"page","link":"https:\/\/trimaco.com\/es\/productos\/sistemas-de-contencion-de-polvo-soluciones\/el-cierre-autoadhesivo-e-z-up-despega-pega-de-trimaco\/","title":{"rendered":"El cierre autoadhesivo E-Z Up Despega + Pega de Trimaco"},"content":{"rendered":"<h3>R\u00e1pido, f\u00e1cil y conveniente<\/h3>\n<p>El cierre autoadhesivo E-Z Up Despega + Pega de Trimaco crea una puerta instant\u00e1nea en lonas, cubiertas de pl\u00e1stico, tejidos de poli y vinilo y envolturas retr\u00e1ctiles. El cierre autoadhesivo E-Z Up Despega + Pega de Trimaco es de doble cara para facilitar el funcionamiento desde ambos lados. Ideal para uso en sistemas de contenci\u00f3n de polvo para varios tipos de trabajo, incluyendo remodelaci\u00f3n residencial, renovaciones, restauraci\u00f3n industrial y remediaci\u00f3n. El cierre autoadhesivo es f\u00e1cil de instalar crea una puerta conveniente en las paredes de polvo que protegen las superficies del polvo y los desechos. Tambi\u00e9n se puede utilizar para estaciones de reducci\u00f3n de materiales peligrosos.<\/p>\n<p>Para usar, primero mida la altura de la puerta deseada. Una vez que tenga las l\u00e1minas de pl\u00e1stico en su lugar, retire el respaldo del papel para exponer el adhesivo. De abajo hacia arriba, adhiera lentamente el respaldo pegajoso a las l\u00e1minas de pl\u00e1stico de servicio pesado. Una vez que el cierre est\u00e9 firmemente en su lugar, descomprima y corte una abertura con un cuchillo de caja.<\/p>\n<p>La ley federal requiere que los contratistas que realicen proyectos de renovaci\u00f3n, reparaci\u00f3n y pintura en hogares, instalaciones de cuidado infantil y escuelas construidas antes de 1978 deben ser certificados y capacitados para seguir pr\u00e1cticas de trabajo espec\u00edficas para prevenir la contaminaci\u00f3n por plomo. El cierre autoadhesivo E-Z Up Despega + Pega de Trimaco le ayuda a cumplir con los est\u00e1ndares de seguridad de los clientes potenciales.<\/p>\n<p>Utilizadas con postes, estos cierres se pueden utilizar para crear habitaciones temporales separadas. Se puede utilizar en \u00e1reas como peluquer\u00edas, oficinas, quioscos y m\u00e1s para crear un \u00e1rea separada de f\u00e1cil acceso.<\/p>\n<ul>\n<li>El cierre autoadhesivo para l\u00e1minas de pl\u00e1stico<\/li>\n<li>Cree una puerta instant\u00e1nea en lonas, cubiertas de pl\u00e1stico y envolturas retr\u00e1ctiles<\/li>\n<li>F\u00e1cil acceso dentro y fuera del sitio de trabajo <\/li>\n<li>Uso para estaciones de reducci\u00f3n de materiales peligrosos y la creaci\u00f3n de divisores para entornos de salas limpias<\/li>\n<li>Funciona muy bien con l\u00e1minas de pl\u00e1stico, lonas, telas y envolturas retr\u00e1ctiles<\/li>\n<\/ul>\n<p><a href=\"https:\/\/trimaco.com\/es\/productos\/sistemas-de-contencion-de-polvo-soluciones\/\">\u00a1Obtenga m\u00e1s informaci\u00f3n<\/a> sobre todos los postes E-Z Up de Trimaco y accesorios de contenci\u00f3n de polvo!<\/p>\n<p><em>El cierre autoadhesivo E-Z Up Despega + Pega para trabajo pesado de Trimaco<\/em><\/p>\n<table>\n<tbody>\n<tr>\n<th># de Art\u00edculo<\/th>\n<th>Paquete de<\/th>\n<th>caso<\/th>\n<th>Tama\u00f1o<\/th>\n<\/tr>\n<tr>\n<td>06184-4<\/td>\n<td>Paquete de 2<\/td>\n<td>4<\/td>\n<td>23\/4&#8243; x 7&#8242;<\/td>\n<\/tr>\n<tr>\n<td>06186<\/td>\n<td>Paquete de 12<\/td>\n<td>8<\/td>\n<td>23\/4&#8243; x 7&#8242;<\/td>\n<\/tr>\n<\/tbody>\n<\/table>\n","protected":false},"excerpt":{"rendered":"<p>Cree una puerta instant\u00e1nea dentro y fuera del espacio de trabajo con nuestro cierre y l\u00e1minas de pl\u00e1stico.<\/p>\n","protected":false},"author":2,"featured_media":14103,"parent":14093,"menu_order":5,"comment_status":"closed","ping_status":"closed","template":"page_products-grandchild.php","meta":{"_acf_changed":false,"footnotes":""},"class_list":["post-14102","page","type-page","status-publish","has-post-thumbnail","hentry"],"acf":[],"yoast_head":"<!-- This site is optimized with the Yoast SEO plugin v27.3 - https:\/\/yoast.com\/product\/yoast-seo-wordpress\/ -->\n<title>Cremallera autoadhesiva Trimaco E-Z Up\u00ae Peel + Stick- Trimaco<\/title>\n<meta name=\"description\" content=\"El cierre autoadhesivo E-Z Up Despega + Pega de Trimaco crea una puerta instant\u00e1nea en lonas, cubiertas de pl\u00e1stico, tejidos de poli y vinilo y envolturas retr\u00e1ctiles.\" \/>\n<meta name=\"robots\" content=\"index, follow, max-snippet:-1, max-image-preview:large, max-video-preview:-1\" \/>\n<link rel=\"canonical\" href=\"https:\/\/trimaco.com\/es\/productos\/sistemas-de-contencion-de-polvo-soluciones\/el-cierre-autoadhesivo-e-z-up-despega-pega-de-trimaco\/\" \/>\n<meta property=\"og:locale\" content=\"es_ES\" \/>\n<meta property=\"og:type\" content=\"article\" \/>\n<meta property=\"og:title\" content=\"Cremallera autoadhesiva Trimaco E-Z Up\u00ae Peel + Stick- Trimaco\" \/>\n<meta property=\"og:description\" content=\"El cierre autoadhesivo E-Z Up Despega + Pega de Trimaco crea una puerta instant\u00e1nea en lonas, cubiertas de pl\u00e1stico, tejidos de poli y vinilo y envolturas retr\u00e1ctiles.\" \/>\n<meta property=\"og:url\" content=\"https:\/\/trimaco.com\/es\/productos\/sistemas-de-contencion-de-polvo-soluciones\/el-cierre-autoadhesivo-e-z-up-despega-pega-de-trimaco\/\" \/>\n<meta property=\"og:site_name\" content=\"Trimaco\" \/>\n<meta property=\"article:publisher\" content=\"https:\/\/www.facebook.com\/pages\/Trimaco\/346858225385747?ref=ts\" \/>\n<meta property=\"article:modified_time\" content=\"2024-12-19T16:11:46+00:00\" \/>\n<meta property=\"og:image\" content=\"https:\/\/trimaco.com\/wp-content\/uploads\/2017\/02\/peelandstickzippers-2.jpg\" \/>\n\t<meta property=\"og:image:width\" content=\"1000\" \/>\n\t<meta property=\"og:image:height\" content=\"1000\" \/>\n\t<meta property=\"og:image:type\" content=\"image\/jpeg\" \/>\n<meta name=\"twitter:card\" content=\"summary_large_image\" \/>\n<meta name=\"twitter:site\" content=\"@trimacoinc\" \/>\n<meta name=\"twitter:label1\" content=\"Tiempo de lectura\" \/>\n\t<meta name=\"twitter:data1\" content=\"2 minutos\" \/>\n<!-- \/ Yoast SEO plugin. -->","yoast_head_json":{"title":"Cremallera autoadhesiva Trimaco E-Z Up\u00ae Peel + Stick- Trimaco","description":"El cierre autoadhesivo E-Z Up Despega + Pega de Trimaco crea una puerta instant\u00e1nea en lonas, cubiertas de pl\u00e1stico, tejidos de poli y vinilo y envolturas retr\u00e1ctiles.","robots":{"index":"index","follow":"follow","max-snippet":"max-snippet:-1","max-image-preview":"max-image-preview:large","max-video-preview":"max-video-preview:-1"},"canonical":"https:\/\/trimaco.com\/es\/productos\/sistemas-de-contencion-de-polvo-soluciones\/el-cierre-autoadhesivo-e-z-up-despega-pega-de-trimaco\/","og_locale":"es_ES","og_type":"article","og_title":"Cremallera autoadhesiva Trimaco E-Z Up\u00ae Peel + Stick- Trimaco","og_description":"El cierre autoadhesivo E-Z Up Despega + Pega de Trimaco crea una puerta instant\u00e1nea en lonas, cubiertas de pl\u00e1stico, tejidos de poli y vinilo y envolturas retr\u00e1ctiles.","og_url":"https:\/\/trimaco.com\/es\/productos\/sistemas-de-contencion-de-polvo-soluciones\/el-cierre-autoadhesivo-e-z-up-despega-pega-de-trimaco\/","og_site_name":"Trimaco","article_publisher":"https:\/\/www.facebook.com\/pages\/Trimaco\/346858225385747?ref=ts","article_modified_time":"2024-12-19T16:11:46+00:00","og_image":[{"width":1000,"height":1000,"url":"https:\/\/trimaco.com\/wp-content\/uploads\/2017\/02\/peelandstickzippers-2.jpg","type":"image\/jpeg"}],"twitter_card":"summary_large_image","twitter_site":"@trimacoinc","twitter_misc":{"Tiempo de lectura":"2 minutos"},"schema":{"@context":"https:\/\/schema.org","@graph":[{"@type":"WebPage","@id":"https:\/\/trimaco.com\/es\/productos\/sistemas-de-contencion-de-polvo-soluciones\/el-cierre-autoadhesivo-e-z-up-despega-pega-de-trimaco\/","url":"https:\/\/trimaco.com\/es\/productos\/sistemas-de-contencion-de-polvo-soluciones\/el-cierre-autoadhesivo-e-z-up-despega-pega-de-trimaco\/","name":"Cremallera autoadhesiva Trimaco E-Z Up\u00ae Peel + Stick- Trimaco","isPartOf":{"@id":"https:\/\/trimaco.com\/#website"},"primaryImageOfPage":{"@id":"https:\/\/trimaco.com\/es\/productos\/sistemas-de-contencion-de-polvo-soluciones\/el-cierre-autoadhesivo-e-z-up-despega-pega-de-trimaco\/#primaryimage"},"image":{"@id":"https:\/\/trimaco.com\/es\/productos\/sistemas-de-contencion-de-polvo-soluciones\/el-cierre-autoadhesivo-e-z-up-despega-pega-de-trimaco\/#primaryimage"},"thumbnailUrl":"https:\/\/trimaco.com\/wp-content\/uploads\/2017\/02\/peelandstickzippers-2.jpg","datePublished":"2021-06-17T16:40:35+00:00","dateModified":"2024-12-19T16:11:46+00:00","description":"El cierre autoadhesivo E-Z Up Despega + Pega de Trimaco crea una puerta instant\u00e1nea en lonas, cubiertas de pl\u00e1stico, tejidos de poli y vinilo y envolturas retr\u00e1ctiles.","breadcrumb":{"@id":"https:\/\/trimaco.com\/es\/productos\/sistemas-de-contencion-de-polvo-soluciones\/el-cierre-autoadhesivo-e-z-up-despega-pega-de-trimaco\/#breadcrumb"},"inLanguage":"es","potentialAction":[{"@type":"ReadAction","target":["https:\/\/trimaco.com\/es\/productos\/sistemas-de-contencion-de-polvo-soluciones\/el-cierre-autoadhesivo-e-z-up-despega-pega-de-trimaco\/"]}]},{"@type":"ImageObject","inLanguage":"es","@id":"https:\/\/trimaco.com\/es\/productos\/sistemas-de-contencion-de-polvo-soluciones\/el-cierre-autoadhesivo-e-z-up-despega-pega-de-trimaco\/#primaryimage","url":"https:\/\/trimaco.com\/wp-content\/uploads\/2017\/02\/peelandstickzippers-2.jpg","contentUrl":"https:\/\/trimaco.com\/wp-content\/uploads\/2017\/02\/peelandstickzippers-2.jpg","width":1000,"height":1000,"caption":"installing peel and stick zippers"},{"@type":"BreadcrumbList","@id":"https:\/\/trimaco.com\/es\/productos\/sistemas-de-contencion-de-polvo-soluciones\/el-cierre-autoadhesivo-e-z-up-despega-pega-de-trimaco\/#breadcrumb","itemListElement":[{"@type":"ListItem","position":1,"name":"Home","item":"https:\/\/trimaco.com\/"},{"@type":"ListItem","position":2,"name":"Productos","item":"https:\/\/trimaco.com\/es\/productos\/"},{"@type":"ListItem","position":3,"name":"Sistemas de contenci\u00f3n de polvo","item":"https:\/\/trimaco.com\/es\/productos\/sistemas-de-contencion-de-polvo-soluciones\/"},{"@type":"ListItem","position":4,"name":"El cierre autoadhesivo E-Z Up Despega + Pega de Trimaco"}]},{"@type":"WebSite","@id":"https:\/\/trimaco.com\/#website","url":"https:\/\/trimaco.com\/","name":"Trimaco","description":"Total Jobsite Protection\u2122","publisher":{"@id":"https:\/\/trimaco.com\/#organization"},"potentialAction":[{"@type":"SearchAction","target":{"@type":"EntryPoint","urlTemplate":"https:\/\/trimaco.com\/?s={search_term_string}"},"query-input":{"@type":"PropertyValueSpecification","valueRequired":true,"valueName":"search_term_string"}}],"inLanguage":"es"},{"@type":"Organization","@id":"https:\/\/trimaco.com\/#organization","name":"Trimaco","url":"https:\/\/trimaco.com\/","logo":{"@type":"ImageObject","inLanguage":"es","@id":"https:\/\/trimaco.com\/#\/schema\/logo\/image\/","url":"https:\/\/trimaco.com\/wp-content\/uploads\/2016\/08\/login-logo.png","contentUrl":"https:\/\/trimaco.com\/wp-content\/uploads\/2016\/08\/login-logo.png","width":450,"height":69,"caption":"Trimaco"},"image":{"@id":"https:\/\/trimaco.com\/#\/schema\/logo\/image\/"},"sameAs":["https:\/\/www.facebook.com\/pages\/Trimaco\/346858225385747?ref=ts","https:\/\/x.com\/trimacoinc","https:\/\/www.instagram.com\/trimaco_inc\/","https:\/\/pinterest.com\/trimaco\/","https:\/\/www.youtube.com\/c\/trimacoinc"]}]}},"_links":{"self":[{"href":"https:\/\/trimaco.com\/es\/wp-json\/wp\/v2\/pages\/14102","targetHints":{"allow":["GET"]}}],"collection":[{"href":"https:\/\/trimaco.com\/es\/wp-json\/wp\/v2\/pages"}],"about":[{"href":"https:\/\/trimaco.com\/es\/wp-json\/wp\/v2\/types\/page"}],"author":[{"embeddable":true,"href":"https:\/\/trimaco.com\/es\/wp-json\/wp\/v2\/users\/2"}],"replies":[{"embeddable":true,"href":"https:\/\/trimaco.com\/es\/wp-json\/wp\/v2\/comments?post=14102"}],"version-history":[{"count":0,"href":"https:\/\/trimaco.com\/es\/wp-json\/wp\/v2\/pages\/14102\/revisions"}],"up":[{"embeddable":true,"href":"https:\/\/trimaco.com\/es\/wp-json\/wp\/v2\/pages\/14093"}],"wp:featuredmedia":[{"embeddable":true,"href":"https:\/\/trimaco.com\/es\/wp-json\/wp\/v2\/media\/14103"}],"wp:attachment":[{"href":"https:\/\/trimaco.com\/es\/wp-json\/wp\/v2\/media?parent=14102"}],"curies":[{"name":"wp","href":"https:\/\/api.w.org\/{rel}","templated":true}]}}