{"id":14097,"date":"2021-06-17T12:25:09","date_gmt":"2021-06-17T16:25:09","guid":{"rendered":"https:\/\/trimaco.wpengine.com\/productos\/sistemas-de-contencion-de-polvo-soluciones\/poste-de-contencion-de-polvo-e-z-up-de-servicio-pesado-de-trimaco\/"},"modified":"2024-09-05T13:56:41","modified_gmt":"2024-09-05T17:56:41","slug":"poste-de-contencion-de-polvo-e-z-up-de-servicio-pesado-de-trimaco","status":"publish","type":"page","link":"https:\/\/trimaco.com\/es\/productos\/sistemas-de-contencion-de-polvo-soluciones\/poste-de-contencion-de-polvo-e-z-up-de-servicio-pesado-de-trimaco\/","title":{"rendered":"Poste de contenci\u00f3n de polvo E-Z Up de servicio pesado\u00ae de Trimaco"},"content":{"rendered":"<h3>Utilice postes con l\u00e1minas de pl\u00e1stico para crear una barrera contra el polvo<\/h3>\n<p>Afront\u00e9moslo, todos hemos visto el polvo creado durante un trabajo de construcci\u00f3n y pintura&#8230; \u00bfpor qu\u00e9 no hacer las cosas m\u00e1s f\u00e1ciles? Los postes E-Z Up de Trimaco mantendr\u00e1n los desechos y el polvo contenidos en el \u00e1rea de trabajo, reduciendo la limpieza y manteniendo contento al cliente. El poste de contenci\u00f3n de polvo E-Z Up\u00ae de servicio pesado de Trimaco funciona con l\u00e1minas de pl\u00e1stico para crear una barrera contra el polvo en el lugar de trabajo. <\/p>\n<p>\u00bfQu\u00e9 hace que nuestros postes de contenci\u00f3n de polvo sean diferentes? No hay piezas sueltas que se rompan o desbaraten, con durabilidad adicional y f\u00e1cil configuraci\u00f3n. Los postes de aluminio de servicio pesado est\u00e1n disponibles en tres alturas &#8211; 12 pies, 16 pies y 20 pies. Simplemente sujete el pl\u00e1stico con el Quick Clip y ajuste el poste a la altura del techo. El pedal \u00fanico garantiza un ajuste apropiado. Incluso puede utilizar <a href=\"https:\/\/trimaco.com\/es\/productos\/sistemas-de-contencion-de-polvo-soluciones\/el-cierre-autoadhesivo-e-z-up-despega-pega-de-trimaco\/\">el cierre E-Z Up<\/a> de Trimaco para crear una puerta instant\u00e1nea dentro y fuera del espacio de trabajo. \u00a1<a href=\"https:\/\/trimaco.com\/es\/productos\/sistemas-de-contencion-de-polvo-soluciones\/\">Obt\u00e9n m\u00e1s informaci\u00f3n<\/a> sobre todos los postes E-Z Up de Trimaco y accesorios de contenci\u00f3n de polvo!<\/p>\n<p>Otro uso para nuestros postes es crear separaci\u00f3n temporal en \u00e1reas abiertas. \u00daselo en peluquer\u00edas, oficinas, quioscos y m\u00e1s para crear una barrera socialmente distante. <\/p>\n<ul>\n<li>Mantenga el polvo contenido y los clientes felices<\/li>\n<li>Simplemente recorta y ajusta el poste a la altura del techo<\/li>\n<li>\u00a1Sin piezas sueltas!<\/li>\n<li>Polo de 20 pies: Altura m\u00e1xima de 20&#8242;, altura m\u00ednima de 6&#8242; 5&#8243;<\/li>\n<li>Polo de 16 pies: Altura m\u00e1xima de 16&#8242;, altura m\u00ednima de 6&#8242; 91\/2&#8243;<\/li>\n<li>Polo de 12 pies: Altura m\u00e1xima de 12&#8242;, altura m\u00ednima de 5&#8242; 43\/4&#8243;<\/li>\n<\/ul>\n<p>\u00bfBuscas protecci\u00f3n total en el lugar de trabajo? \u00a1Aseg\u00farese de echar un vistazo a algunos de los productos m\u00e1s nuevos de Trimaco, tales como, <a href=\"https:\/\/trimaco.com\/es\/productos\/proteccion-de-superficies-de-servicio-pesado\/proteccion-temporal-de-superficie-floorshell-de-servicio-pesado\/\">FloorShell ProBoard<\/a> y<a href=\"https:\/\/trimaco.com\/es\/productos\/prendas-de-proteccion\/las-gafas-e-z-clean-de-trimaco\/\">E-Z Clean Goggles<\/a>!<\/p>\n<p><em>Poste de contenci\u00f3n de polvo Trimaco E-Z Up de servicio pesado<\/em><\/p>\n<table>\n<tbody>\n<tr>\n<th># de Art\u00edculo<\/th>\n<th>ALTURA M\u00c1XIMA<\/th>\n<th>Paquete de<\/th>\n<th>Tama\u00f1o<\/th>\n<\/tr>\n<tr>\n<td>54732<\/td>\n<td>12 pies<\/td>\n<td>2<\/td>\n<td>5&#8242; 43\/4&#8243; a 12&#8242;<\/td>\n<\/tr>\n<tr>\n<td>54736<\/td>\n<td>16 pies<\/td>\n<td>2<\/td>\n<td>6&#8242; 91\/2&#8243; a 16&#8242;<\/td>\n<\/tr>\n<tr>\n<td>54738<\/td>\n<td>20 pies<\/td>\n<td>2<\/td>\n<td>6&#8242; 5&#8243; a 20&#8242;<\/td>\n<\/tr>\n<\/tbody>\n<\/table>\n","protected":false},"excerpt":{"rendered":"<p>Utilice postes de servicio pesado con l\u00e1minas de pl\u00e1stico para crear una pared temporal para bloquear el polvo.<\/p>\n","protected":false},"author":2,"featured_media":19587,"parent":14093,"menu_order":4,"comment_status":"closed","ping_status":"closed","template":"page_products-grandchild.php","meta":{"_acf_changed":false,"footnotes":""},"class_list":["post-14097","page","type-page","status-publish","has-post-thumbnail","hentry"],"acf":[],"yoast_head":"<!-- This site is optimized with the Yoast SEO plugin v27.3 - https:\/\/yoast.com\/product\/yoast-seo-wordpress\/ -->\n<title>Postes de contenci\u00f3n de polvo pesado Trimaco E-Z Up\u00ae - Trimaco<\/title>\n<meta name=\"description\" content=\"\u00a1Los postes de contenci\u00f3n de polvo E-Z Up de servicio pesado de Trimaco mantendr\u00e1n los desechos y el polvo contenidos en el \u00e1rea de trabajo, reduciendo la limpieza y manteniendo contento al cliente!\" \/>\n<meta name=\"robots\" content=\"index, follow, max-snippet:-1, max-image-preview:large, max-video-preview:-1\" \/>\n<link rel=\"canonical\" href=\"https:\/\/trimaco.com\/es\/productos\/sistemas-de-contencion-de-polvo-soluciones\/poste-de-contencion-de-polvo-e-z-up-de-servicio-pesado-de-trimaco\/\" \/>\n<meta property=\"og:locale\" content=\"es_ES\" \/>\n<meta property=\"og:type\" content=\"article\" \/>\n<meta property=\"og:title\" content=\"Postes de contenci\u00f3n de polvo pesado Trimaco E-Z Up\u00ae - Trimaco\" \/>\n<meta property=\"og:description\" content=\"\u00a1Los postes de contenci\u00f3n de polvo E-Z Up de servicio pesado de Trimaco mantendr\u00e1n los desechos y el polvo contenidos en el \u00e1rea de trabajo, reduciendo la limpieza y manteniendo contento al cliente!\" \/>\n<meta property=\"og:url\" content=\"https:\/\/trimaco.com\/es\/productos\/sistemas-de-contencion-de-polvo-soluciones\/poste-de-contencion-de-polvo-e-z-up-de-servicio-pesado-de-trimaco\/\" \/>\n<meta property=\"og:site_name\" content=\"Trimaco\" \/>\n<meta property=\"article:publisher\" content=\"https:\/\/www.facebook.com\/pages\/Trimaco\/346858225385747?ref=ts\" \/>\n<meta property=\"article:modified_time\" content=\"2024-09-05T17:56:41+00:00\" \/>\n<meta property=\"og:image\" content=\"https:\/\/trimaco.com\/wp-content\/uploads\/2023\/02\/EZUP_Poles_HD_action_2_sq-500x500-1.jpg\" \/>\n\t<meta property=\"og:image:width\" content=\"500\" \/>\n\t<meta property=\"og:image:height\" content=\"500\" \/>\n\t<meta property=\"og:image:type\" content=\"image\/jpeg\" \/>\n<meta name=\"twitter:card\" content=\"summary_large_image\" \/>\n<meta name=\"twitter:site\" content=\"@trimacoinc\" \/>\n<meta name=\"twitter:label1\" content=\"Tiempo de lectura\" \/>\n\t<meta name=\"twitter:data1\" content=\"2 minutos\" \/>\n<!-- \/ Yoast SEO plugin. -->","yoast_head_json":{"title":"Postes de contenci\u00f3n de polvo pesado Trimaco E-Z Up\u00ae - Trimaco","description":"\u00a1Los postes de contenci\u00f3n de polvo E-Z Up de servicio pesado de Trimaco mantendr\u00e1n los desechos y el polvo contenidos en el \u00e1rea de trabajo, reduciendo la limpieza y manteniendo contento al cliente!","robots":{"index":"index","follow":"follow","max-snippet":"max-snippet:-1","max-image-preview":"max-image-preview:large","max-video-preview":"max-video-preview:-1"},"canonical":"https:\/\/trimaco.com\/es\/productos\/sistemas-de-contencion-de-polvo-soluciones\/poste-de-contencion-de-polvo-e-z-up-de-servicio-pesado-de-trimaco\/","og_locale":"es_ES","og_type":"article","og_title":"Postes de contenci\u00f3n de polvo pesado Trimaco E-Z Up\u00ae - Trimaco","og_description":"\u00a1Los postes de contenci\u00f3n de polvo E-Z Up de servicio pesado de Trimaco mantendr\u00e1n los desechos y el polvo contenidos en el \u00e1rea de trabajo, reduciendo la limpieza y manteniendo contento al cliente!","og_url":"https:\/\/trimaco.com\/es\/productos\/sistemas-de-contencion-de-polvo-soluciones\/poste-de-contencion-de-polvo-e-z-up-de-servicio-pesado-de-trimaco\/","og_site_name":"Trimaco","article_publisher":"https:\/\/www.facebook.com\/pages\/Trimaco\/346858225385747?ref=ts","article_modified_time":"2024-09-05T17:56:41+00:00","og_image":[{"width":500,"height":500,"url":"https:\/\/trimaco.com\/wp-content\/uploads\/2023\/02\/EZUP_Poles_HD_action_2_sq-500x500-1.jpg","type":"image\/jpeg"}],"twitter_card":"summary_large_image","twitter_site":"@trimacoinc","twitter_misc":{"Tiempo de lectura":"2 minutos"},"schema":{"@context":"https:\/\/schema.org","@graph":[{"@type":"WebPage","@id":"https:\/\/trimaco.com\/es\/productos\/sistemas-de-contencion-de-polvo-soluciones\/poste-de-contencion-de-polvo-e-z-up-de-servicio-pesado-de-trimaco\/","url":"https:\/\/trimaco.com\/es\/productos\/sistemas-de-contencion-de-polvo-soluciones\/poste-de-contencion-de-polvo-e-z-up-de-servicio-pesado-de-trimaco\/","name":"Postes de contenci\u00f3n de polvo pesado Trimaco E-Z Up\u00ae - Trimaco","isPartOf":{"@id":"https:\/\/trimaco.com\/#website"},"primaryImageOfPage":{"@id":"https:\/\/trimaco.com\/es\/productos\/sistemas-de-contencion-de-polvo-soluciones\/poste-de-contencion-de-polvo-e-z-up-de-servicio-pesado-de-trimaco\/#primaryimage"},"image":{"@id":"https:\/\/trimaco.com\/es\/productos\/sistemas-de-contencion-de-polvo-soluciones\/poste-de-contencion-de-polvo-e-z-up-de-servicio-pesado-de-trimaco\/#primaryimage"},"thumbnailUrl":"https:\/\/trimaco.com\/wp-content\/uploads\/2023\/02\/EZUP_Poles_HD_action_2_sq-500x500-1.jpg","datePublished":"2021-06-17T16:25:09+00:00","dateModified":"2024-09-05T17:56:41+00:00","description":"\u00a1Los postes de contenci\u00f3n de polvo E-Z Up de servicio pesado de Trimaco mantendr\u00e1n los desechos y el polvo contenidos en el \u00e1rea de trabajo, reduciendo la limpieza y manteniendo contento al cliente!","breadcrumb":{"@id":"https:\/\/trimaco.com\/es\/productos\/sistemas-de-contencion-de-polvo-soluciones\/poste-de-contencion-de-polvo-e-z-up-de-servicio-pesado-de-trimaco\/#breadcrumb"},"inLanguage":"es","potentialAction":[{"@type":"ReadAction","target":["https:\/\/trimaco.com\/es\/productos\/sistemas-de-contencion-de-polvo-soluciones\/poste-de-contencion-de-polvo-e-z-up-de-servicio-pesado-de-trimaco\/"]}]},{"@type":"ImageObject","inLanguage":"es","@id":"https:\/\/trimaco.com\/es\/productos\/sistemas-de-contencion-de-polvo-soluciones\/poste-de-contencion-de-polvo-e-z-up-de-servicio-pesado-de-trimaco\/#primaryimage","url":"https:\/\/trimaco.com\/wp-content\/uploads\/2023\/02\/EZUP_Poles_HD_action_2_sq-500x500-1.jpg","contentUrl":"https:\/\/trimaco.com\/wp-content\/uploads\/2023\/02\/EZUP_Poles_HD_action_2_sq-500x500-1.jpg","width":500,"height":500,"caption":"dust cont"},{"@type":"BreadcrumbList","@id":"https:\/\/trimaco.com\/es\/productos\/sistemas-de-contencion-de-polvo-soluciones\/poste-de-contencion-de-polvo-e-z-up-de-servicio-pesado-de-trimaco\/#breadcrumb","itemListElement":[{"@type":"ListItem","position":1,"name":"Home","item":"https:\/\/trimaco.com\/"},{"@type":"ListItem","position":2,"name":"Productos","item":"https:\/\/trimaco.com\/es\/productos\/"},{"@type":"ListItem","position":3,"name":"Sistemas de contenci\u00f3n de polvo","item":"https:\/\/trimaco.com\/es\/productos\/sistemas-de-contencion-de-polvo-soluciones\/"},{"@type":"ListItem","position":4,"name":"Poste de contenci\u00f3n de polvo E-Z Up de servicio pesado\u00ae de Trimaco"}]},{"@type":"WebSite","@id":"https:\/\/trimaco.com\/#website","url":"https:\/\/trimaco.com\/","name":"Trimaco","description":"Total Jobsite Protection\u2122","publisher":{"@id":"https:\/\/trimaco.com\/#organization"},"potentialAction":[{"@type":"SearchAction","target":{"@type":"EntryPoint","urlTemplate":"https:\/\/trimaco.com\/?s={search_term_string}"},"query-input":{"@type":"PropertyValueSpecification","valueRequired":true,"valueName":"search_term_string"}}],"inLanguage":"es"},{"@type":"Organization","@id":"https:\/\/trimaco.com\/#organization","name":"Trimaco","url":"https:\/\/trimaco.com\/","logo":{"@type":"ImageObject","inLanguage":"es","@id":"https:\/\/trimaco.com\/#\/schema\/logo\/image\/","url":"https:\/\/trimaco.com\/wp-content\/uploads\/2016\/08\/login-logo.png","contentUrl":"https:\/\/trimaco.com\/wp-content\/uploads\/2016\/08\/login-logo.png","width":450,"height":69,"caption":"Trimaco"},"image":{"@id":"https:\/\/trimaco.com\/#\/schema\/logo\/image\/"},"sameAs":["https:\/\/www.facebook.com\/pages\/Trimaco\/346858225385747?ref=ts","https:\/\/x.com\/trimacoinc","https:\/\/www.instagram.com\/trimaco_inc\/","https:\/\/pinterest.com\/trimaco\/","https:\/\/www.youtube.com\/c\/trimacoinc"]}]}},"_links":{"self":[{"href":"https:\/\/trimaco.com\/es\/wp-json\/wp\/v2\/pages\/14097","targetHints":{"allow":["GET"]}}],"collection":[{"href":"https:\/\/trimaco.com\/es\/wp-json\/wp\/v2\/pages"}],"about":[{"href":"https:\/\/trimaco.com\/es\/wp-json\/wp\/v2\/types\/page"}],"author":[{"embeddable":true,"href":"https:\/\/trimaco.com\/es\/wp-json\/wp\/v2\/users\/2"}],"replies":[{"embeddable":true,"href":"https:\/\/trimaco.com\/es\/wp-json\/wp\/v2\/comments?post=14097"}],"version-history":[{"count":0,"href":"https:\/\/trimaco.com\/es\/wp-json\/wp\/v2\/pages\/14097\/revisions"}],"up":[{"embeddable":true,"href":"https:\/\/trimaco.com\/es\/wp-json\/wp\/v2\/pages\/14093"}],"wp:featuredmedia":[{"embeddable":true,"href":"https:\/\/trimaco.com\/es\/wp-json\/wp\/v2\/media\/19587"}],"wp:attachment":[{"href":"https:\/\/trimaco.com\/es\/wp-json\/wp\/v2\/media?parent=14097"}],"curies":[{"name":"wp","href":"https:\/\/api.w.org\/{rel}","templated":true}]}}