{"id":14095,"date":"2021-06-17T12:13:43","date_gmt":"2021-06-17T16:13:43","guid":{"rendered":"https:\/\/trimaco.wpengine.com\/productos\/sistemas-de-contencion-de-polvo-soluciones\/postes-de-contencion-de-polvo-e-z-up-de-trimaco-12-pies\/"},"modified":"2024-04-04T09:36:32","modified_gmt":"2024-04-04T13:36:32","slug":"postes-de-contencion-de-polvo-e-z-up-de-trimaco-12-pies","status":"publish","type":"page","link":"https:\/\/trimaco.com\/es\/productos\/sistemas-de-contencion-de-polvo-soluciones\/postes-de-contencion-de-polvo-e-z-up-de-trimaco-12-pies\/","title":{"rendered":"Postes de contenci\u00f3n de polvo E-Z Up\u00ae de Trimaco &#8211; 12 pies"},"content":{"rendered":"<h3>\u00datil con l\u00e1minas de pl\u00e1stico para crear una barrera contra el polvo<\/h3>\n<p>El poste de contenci\u00f3n de polvo E-Z Up\u00ae de Trimaco funciona con l\u00e1minas de pl\u00e1stico para crear una pared cerrada contra el polvo en el lugar de trabajo. La construcci\u00f3n de acero duradero se ajusta a una altura m\u00e1xima de 12 pies (3,66mt) y proporciona protecci\u00f3n contra el polvo para proyectos de remodelaci\u00f3n y restauraci\u00f3n de la construcci\u00f3n.<\/p>\n<p>Para usarlo, simplemente estire la cubierta de pl\u00e1stico bajo la almohadilla superior de agarre, sujete la cubierta de pl\u00e1stico bajo el Sujetador r\u00e1pido, ajuste la altura del poste presionando el Bot\u00f3n del Alargador amarillo y manualmente estire el poste hacia arriba. Pise al final del Pedal de pie para un ajuste apropiado. Para crear una entrada f\u00e1cil, aplique <a href=\"https:\/\/trimaco.com\/es\/productos\/sistemas-de-contencion-de-polvo-soluciones\/el-cierre-autoadhesivo-e-z-up-despega-pega-de-trimaco\/\">el cierre E-Z Up de Trimaco<\/a> a una parte de las l\u00e1minas de pl\u00e1stico. Esto crea una puerta instant\u00e1nea y reutilizable para un f\u00e1cil acceso dentro y fuera del espacio de trabajo.  <\/p>\n<p>\u00bfBusca una opci\u00f3n de servicio pesado? Eche un vistazo a l<a href=\"https:\/\/trimaco.com\/es\/productos\/sistemas-de-contencion-de-polvo-soluciones\/poste-de-contencion-de-polvo-e-z-up-de-servicio-pesado-de-trimaco\/\">os postes de servicio pesado E-Z Up de Trimaco<\/a>, disponibles en tres tama\u00f1os diferentes: 12&#8242;, 16&#8242; y 20&#8242;. Adem\u00e1s, Trimaco tambi\u00e9n ofrece una l\u00ednea completa de <a href=\"https:\/\/trimaco.com\/es\/productos\/sistemas-de-contencion-de-polvo-soluciones\/\">accesorios Trimaco E-Z Up<\/a>que ayudan a proporcionar un sistema temporal de barrera de polvo de construcci\u00f3n. <\/p>\n<p>Otro uso para nuestros postes es crear separaci\u00f3n temporal en \u00e1reas abiertas. \u00daselo en peluquer\u00edas, oficinas, quioscos y m\u00e1s para crear una barrera socialmente distante. <\/p>\n<ul>\n<li>Poste de 12 pies: Altura m\u00e1xima de 12&#8242;, altura m\u00ednima de 4&#8242; 71\/2&#8243;<\/li>\n<li>Mantiene el polvo contenido<\/li>\n<li>Mantenga contentos a los clientes<\/li>\n<li>\u00a1Sin piezas sueltas!<\/li>\n<\/ul>\n<p><em>Poste de contenci\u00f3n de polvo E-Z Up de Trimaco<\/em><\/p>\n<table>\n<tbody>\n<tr>\n<th># de Art\u00edculo<\/th>\n<th>ALTURA M\u00c1XIMA<\/th>\n<th>Paquete de<\/th>\n<th>Tama\u00f1o<\/th>\n<\/tr>\n<tr>\n<td>54733<\/td>\n<td>Poste de 12 pies &#8211; caja de 2pk<\/td>\n<td>4 cajas<\/td>\n<td>4&#8242; 71\/2&#8243; a 12&#8242;<\/td>\n<\/tr>\n<\/tbody>\n<\/table>\n","protected":false},"excerpt":{"rendered":"<p>Utilice postes de 12 pies con l\u00e1minas de pl\u00e1stico para crear una pared temporal para bloquear el polvo.<\/p>\n","protected":false},"author":2,"featured_media":13529,"parent":14093,"menu_order":2,"comment_status":"closed","ping_status":"closed","template":"page_products-grandchild.php","meta":{"_acf_changed":false,"footnotes":""},"class_list":["post-14095","page","type-page","status-publish","has-post-thumbnail","hentry"],"acf":[],"yoast_head":"<!-- This site is optimized with the Yoast SEO plugin v27.4 - https:\/\/yoast.com\/product\/yoast-seo-wordpress\/ -->\n<title>Postes de contenci\u00f3n de polvo E-Z Up\u00ae de Trimaco - Trimaco<\/title>\n<meta name=\"description\" content=\"Los postes de contenci\u00f3n de polvo E-Z Up\u00ae de Trimaco se pueden utilizar con nuestras pel\u00edculas protectoras, para crear barreras de polvo.\" \/>\n<meta name=\"robots\" content=\"index, follow, max-snippet:-1, max-image-preview:large, max-video-preview:-1\" \/>\n<link rel=\"canonical\" href=\"https:\/\/trimaco.com\/es\/productos\/sistemas-de-contencion-de-polvo-soluciones\/postes-de-contencion-de-polvo-e-z-up-de-trimaco-12-pies\/\" \/>\n<meta property=\"og:locale\" content=\"es_ES\" \/>\n<meta property=\"og:type\" content=\"article\" \/>\n<meta property=\"og:title\" content=\"Postes de contenci\u00f3n de polvo E-Z Up\u00ae de Trimaco - Trimaco\" \/>\n<meta property=\"og:description\" content=\"Los postes de contenci\u00f3n de polvo E-Z Up\u00ae de Trimaco se pueden utilizar con nuestras pel\u00edculas protectoras, para crear barreras de polvo.\" \/>\n<meta property=\"og:url\" content=\"https:\/\/trimaco.com\/es\/productos\/sistemas-de-contencion-de-polvo-soluciones\/postes-de-contencion-de-polvo-e-z-up-de-trimaco-12-pies\/\" \/>\n<meta property=\"og:site_name\" content=\"Trimaco\" \/>\n<meta property=\"article:publisher\" content=\"https:\/\/www.facebook.com\/pages\/Trimaco\/346858225385747?ref=ts\" \/>\n<meta property=\"article:modified_time\" content=\"2024-04-04T13:36:32+00:00\" \/>\n<meta property=\"og:image\" content=\"https:\/\/trimaco.com\/wp-content\/uploads\/2017\/06\/reg-e-z-up-poles-4.jpg\" \/>\n\t<meta property=\"og:image:width\" content=\"500\" \/>\n\t<meta property=\"og:image:height\" content=\"500\" \/>\n\t<meta property=\"og:image:type\" content=\"image\/jpeg\" \/>\n<meta name=\"twitter:card\" content=\"summary_large_image\" \/>\n<meta name=\"twitter:site\" content=\"@trimacoinc\" \/>\n<meta name=\"twitter:label1\" content=\"Tiempo de lectura\" \/>\n\t<meta name=\"twitter:data1\" content=\"2 minutos\" \/>\n<!-- \/ Yoast SEO plugin. -->","yoast_head_json":{"title":"Postes de contenci\u00f3n de polvo E-Z Up\u00ae de Trimaco - Trimaco","description":"Los postes de contenci\u00f3n de polvo E-Z Up\u00ae de Trimaco se pueden utilizar con nuestras pel\u00edculas protectoras, para crear barreras de polvo.","robots":{"index":"index","follow":"follow","max-snippet":"max-snippet:-1","max-image-preview":"max-image-preview:large","max-video-preview":"max-video-preview:-1"},"canonical":"https:\/\/trimaco.com\/es\/productos\/sistemas-de-contencion-de-polvo-soluciones\/postes-de-contencion-de-polvo-e-z-up-de-trimaco-12-pies\/","og_locale":"es_ES","og_type":"article","og_title":"Postes de contenci\u00f3n de polvo E-Z Up\u00ae de Trimaco - Trimaco","og_description":"Los postes de contenci\u00f3n de polvo E-Z Up\u00ae de Trimaco se pueden utilizar con nuestras pel\u00edculas protectoras, para crear barreras de polvo.","og_url":"https:\/\/trimaco.com\/es\/productos\/sistemas-de-contencion-de-polvo-soluciones\/postes-de-contencion-de-polvo-e-z-up-de-trimaco-12-pies\/","og_site_name":"Trimaco","article_publisher":"https:\/\/www.facebook.com\/pages\/Trimaco\/346858225385747?ref=ts","article_modified_time":"2024-04-04T13:36:32+00:00","og_image":[{"width":500,"height":500,"url":"https:\/\/trimaco.com\/wp-content\/uploads\/2017\/06\/reg-e-z-up-poles-4.jpg","type":"image\/jpeg"}],"twitter_card":"summary_large_image","twitter_site":"@trimacoinc","twitter_misc":{"Tiempo de lectura":"2 minutos"},"schema":{"@context":"https:\/\/schema.org","@graph":[{"@type":"WebPage","@id":"https:\/\/trimaco.com\/es\/productos\/sistemas-de-contencion-de-polvo-soluciones\/postes-de-contencion-de-polvo-e-z-up-de-trimaco-12-pies\/","url":"https:\/\/trimaco.com\/es\/productos\/sistemas-de-contencion-de-polvo-soluciones\/postes-de-contencion-de-polvo-e-z-up-de-trimaco-12-pies\/","name":"Postes de contenci\u00f3n de polvo E-Z Up\u00ae de Trimaco - Trimaco","isPartOf":{"@id":"https:\/\/trimaco.com\/#website"},"primaryImageOfPage":{"@id":"https:\/\/trimaco.com\/es\/productos\/sistemas-de-contencion-de-polvo-soluciones\/postes-de-contencion-de-polvo-e-z-up-de-trimaco-12-pies\/#primaryimage"},"image":{"@id":"https:\/\/trimaco.com\/es\/productos\/sistemas-de-contencion-de-polvo-soluciones\/postes-de-contencion-de-polvo-e-z-up-de-trimaco-12-pies\/#primaryimage"},"thumbnailUrl":"https:\/\/trimaco.com\/wp-content\/uploads\/2017\/06\/reg-e-z-up-poles-4.jpg","datePublished":"2021-06-17T16:13:43+00:00","dateModified":"2024-04-04T13:36:32+00:00","description":"Los postes de contenci\u00f3n de polvo E-Z Up\u00ae de Trimaco se pueden utilizar con nuestras pel\u00edculas protectoras, para crear barreras de polvo.","breadcrumb":{"@id":"https:\/\/trimaco.com\/es\/productos\/sistemas-de-contencion-de-polvo-soluciones\/postes-de-contencion-de-polvo-e-z-up-de-trimaco-12-pies\/#breadcrumb"},"inLanguage":"es","potentialAction":[{"@type":"ReadAction","target":["https:\/\/trimaco.com\/es\/productos\/sistemas-de-contencion-de-polvo-soluciones\/postes-de-contencion-de-polvo-e-z-up-de-trimaco-12-pies\/"]}]},{"@type":"ImageObject","inLanguage":"es","@id":"https:\/\/trimaco.com\/es\/productos\/sistemas-de-contencion-de-polvo-soluciones\/postes-de-contencion-de-polvo-e-z-up-de-trimaco-12-pies\/#primaryimage","url":"https:\/\/trimaco.com\/wp-content\/uploads\/2017\/06\/reg-e-z-up-poles-4.jpg","contentUrl":"https:\/\/trimaco.com\/wp-content\/uploads\/2017\/06\/reg-e-z-up-poles-4.jpg","width":500,"height":500,"caption":"temporary wall poles"},{"@type":"BreadcrumbList","@id":"https:\/\/trimaco.com\/es\/productos\/sistemas-de-contencion-de-polvo-soluciones\/postes-de-contencion-de-polvo-e-z-up-de-trimaco-12-pies\/#breadcrumb","itemListElement":[{"@type":"ListItem","position":1,"name":"Home","item":"https:\/\/trimaco.com\/"},{"@type":"ListItem","position":2,"name":"Productos","item":"https:\/\/trimaco.com\/es\/productos\/"},{"@type":"ListItem","position":3,"name":"Sistemas de contenci\u00f3n de polvo","item":"https:\/\/trimaco.com\/es\/productos\/sistemas-de-contencion-de-polvo-soluciones\/"},{"@type":"ListItem","position":4,"name":"Postes de contenci\u00f3n de polvo E-Z Up\u00ae de Trimaco &#8211; 12 pies"}]},{"@type":"WebSite","@id":"https:\/\/trimaco.com\/#website","url":"https:\/\/trimaco.com\/","name":"Trimaco","description":"Total Jobsite Protection\u2122","publisher":{"@id":"https:\/\/trimaco.com\/#organization"},"potentialAction":[{"@type":"SearchAction","target":{"@type":"EntryPoint","urlTemplate":"https:\/\/trimaco.com\/?s={search_term_string}"},"query-input":{"@type":"PropertyValueSpecification","valueRequired":true,"valueName":"search_term_string"}}],"inLanguage":"es"},{"@type":"Organization","@id":"https:\/\/trimaco.com\/#organization","name":"Trimaco","url":"https:\/\/trimaco.com\/","logo":{"@type":"ImageObject","inLanguage":"es","@id":"https:\/\/trimaco.com\/#\/schema\/logo\/image\/","url":"https:\/\/trimaco.com\/wp-content\/uploads\/2016\/08\/login-logo.png","contentUrl":"https:\/\/trimaco.com\/wp-content\/uploads\/2016\/08\/login-logo.png","width":450,"height":69,"caption":"Trimaco"},"image":{"@id":"https:\/\/trimaco.com\/#\/schema\/logo\/image\/"},"sameAs":["https:\/\/www.facebook.com\/pages\/Trimaco\/346858225385747?ref=ts","https:\/\/x.com\/trimacoinc","https:\/\/www.instagram.com\/trimaco_inc\/","https:\/\/pinterest.com\/trimaco\/","https:\/\/www.youtube.com\/c\/trimacoinc"]}]}},"_links":{"self":[{"href":"https:\/\/trimaco.com\/es\/wp-json\/wp\/v2\/pages\/14095","targetHints":{"allow":["GET"]}}],"collection":[{"href":"https:\/\/trimaco.com\/es\/wp-json\/wp\/v2\/pages"}],"about":[{"href":"https:\/\/trimaco.com\/es\/wp-json\/wp\/v2\/types\/page"}],"author":[{"embeddable":true,"href":"https:\/\/trimaco.com\/es\/wp-json\/wp\/v2\/users\/2"}],"replies":[{"embeddable":true,"href":"https:\/\/trimaco.com\/es\/wp-json\/wp\/v2\/comments?post=14095"}],"version-history":[{"count":0,"href":"https:\/\/trimaco.com\/es\/wp-json\/wp\/v2\/pages\/14095\/revisions"}],"up":[{"embeddable":true,"href":"https:\/\/trimaco.com\/es\/wp-json\/wp\/v2\/pages\/14093"}],"wp:featuredmedia":[{"embeddable":true,"href":"https:\/\/trimaco.com\/es\/wp-json\/wp\/v2\/media\/13529"}],"wp:attachment":[{"href":"https:\/\/trimaco.com\/es\/wp-json\/wp\/v2\/media?parent=14095"}],"curies":[{"name":"wp","href":"https:\/\/api.w.org\/{rel}","templated":true}]}}