{"id":14093,"date":"2021-06-17T11:42:25","date_gmt":"2021-06-17T15:42:25","guid":{"rendered":"https:\/\/trimaco.wpengine.com\/productos\/sistemas-de-contencion-de-polvo-soluciones\/"},"modified":"2022-03-25T15:02:06","modified_gmt":"2022-03-25T19:02:06","slug":"sistemas-de-contencion-de-polvo-soluciones","status":"publish","type":"page","link":"https:\/\/trimaco.com\/es\/productos\/sistemas-de-contencion-de-polvo-soluciones\/","title":{"rendered":"Sistemas de contenci\u00f3n de polvo"},"content":{"rendered":"<p>Trimaco entiende que la protecci\u00f3n de la superficie no s\u00f3lo se trata de proteger contra derrames y manchas. Nuestra colecci\u00f3n de sistemas y soluciones de contenci\u00f3n de polvo proteger\u00e1 contra todo tipo de polvo, incluyendo polvo en el aire, polvo combustible, polvo de s\u00edlice y m\u00e1s.<br \/>\n<br \/>\nCuando se combina con nuestras pel\u00edculas protectoras y l\u00e1minas de pl\u00e1stico para crear barreras de polvo, obtiene un sistema completo de contenci\u00f3n de polvo. Las paredes temporales suprimen part\u00edculas peligrosas de polvo, protegen las superficies y ayudan a mantener la calidad adecuada del aire. Desde trabajos de construcci\u00f3n a gran escala hasta renovaciones residenciales, los sistemas de contenci\u00f3n de polvo de Trimaco mantendr\u00e1n su espacio seguro y limpio.<br \/>\n<br \/>\n\u00bfBusca otras maneras de mantener su sitio de trabajo protegido de polvo y desperdicios? \u00a1Echa un vistazo a la extensa l\u00ednea de <a href=\"https:\/\/trimaco.com\/es\/productos\/proteccion-de-superficies-de-servicio-pesado\/\">protectores<\/a> de superficies de servicio pesado y <a href=\"https:\/\/trimaco.com\/es\/productos\/productos-de-enmascarar-de-plastico\/\">productos para enmascarar<\/a> de Trimaco!<\/p>\n","protected":false},"excerpt":{"rendered":"<p>Trimaco entiende que la protecci\u00f3n de la superficie no s\u00f3lo se trata de proteger contra derrames y manchas. Nuestra colecci\u00f3n de sistemas y soluciones de contenci\u00f3n de polvo proteger\u00e1 contra todo tipo de polvo, incluyendo<a class=\"read-more\" href=\"https:\/\/trimaco.com\/es\/productos\/sistemas-de-contencion-de-polvo-soluciones\/\"> &#8230;Continue Reading<\/a><\/p>\n","protected":false},"author":2,"featured_media":13262,"parent":10374,"menu_order":1,"comment_status":"closed","ping_status":"closed","template":"page_products-child.php","meta":{"_acf_changed":false,"footnotes":""},"class_list":["post-14093","page","type-page","status-publish","has-post-thumbnail","hentry"],"acf":[],"yoast_head":"<!-- This site is optimized with the Yoast SEO plugin v27.3 - https:\/\/yoast.com\/product\/yoast-seo-wordpress\/ -->\n<title>Sistemas de Contenci\u00f3n de Polvo - Trimaco<\/title>\n<meta name=\"description\" content=\"Sistemas de contenci\u00f3n de polvo. Mantenga contento al propietario de la casa, manteniendo el polvo alejado utilizando nuestros postes, cierres y kit de puertas.\" \/>\n<meta name=\"robots\" content=\"index, follow, max-snippet:-1, max-image-preview:large, max-video-preview:-1\" \/>\n<link rel=\"canonical\" href=\"https:\/\/trimaco.com\/es\/productos\/sistemas-de-contencion-de-polvo-soluciones\/\" \/>\n<meta property=\"og:locale\" content=\"es_ES\" \/>\n<meta property=\"og:type\" content=\"article\" \/>\n<meta property=\"og:title\" content=\"Sistemas de Contenci\u00f3n de Polvo - Trimaco\" \/>\n<meta property=\"og:description\" content=\"Sistemas de contenci\u00f3n de polvo. Mantenga contento al propietario de la casa, manteniendo el polvo alejado utilizando nuestros postes, cierres y kit de puertas.\" \/>\n<meta property=\"og:url\" content=\"https:\/\/trimaco.com\/es\/productos\/sistemas-de-contencion-de-polvo-soluciones\/\" \/>\n<meta property=\"og:site_name\" content=\"Trimaco\" \/>\n<meta property=\"article:publisher\" content=\"https:\/\/www.facebook.com\/pages\/Trimaco\/346858225385747?ref=ts\" \/>\n<meta property=\"article:modified_time\" content=\"2022-03-25T19:02:06+00:00\" \/>\n<meta property=\"og:image\" content=\"https:\/\/trimaco.com\/wp-content\/uploads\/2017\/01\/hdezuppoles-4.jpg\" \/>\n\t<meta property=\"og:image:width\" content=\"1000\" \/>\n\t<meta property=\"og:image:height\" content=\"1000\" \/>\n\t<meta property=\"og:image:type\" content=\"image\/jpeg\" \/>\n<meta name=\"twitter:card\" content=\"summary_large_image\" \/>\n<meta name=\"twitter:site\" content=\"@trimacoinc\" \/>\n<meta name=\"twitter:label1\" content=\"Tiempo de lectura\" \/>\n\t<meta name=\"twitter:data1\" content=\"1 minuto\" \/>\n<!-- \/ Yoast SEO plugin. -->","yoast_head_json":{"title":"Sistemas de Contenci\u00f3n de Polvo - Trimaco","description":"Sistemas de contenci\u00f3n de polvo. Mantenga contento al propietario de la casa, manteniendo el polvo alejado utilizando nuestros postes, cierres y kit de puertas.","robots":{"index":"index","follow":"follow","max-snippet":"max-snippet:-1","max-image-preview":"max-image-preview:large","max-video-preview":"max-video-preview:-1"},"canonical":"https:\/\/trimaco.com\/es\/productos\/sistemas-de-contencion-de-polvo-soluciones\/","og_locale":"es_ES","og_type":"article","og_title":"Sistemas de Contenci\u00f3n de Polvo - Trimaco","og_description":"Sistemas de contenci\u00f3n de polvo. Mantenga contento al propietario de la casa, manteniendo el polvo alejado utilizando nuestros postes, cierres y kit de puertas.","og_url":"https:\/\/trimaco.com\/es\/productos\/sistemas-de-contencion-de-polvo-soluciones\/","og_site_name":"Trimaco","article_publisher":"https:\/\/www.facebook.com\/pages\/Trimaco\/346858225385747?ref=ts","article_modified_time":"2022-03-25T19:02:06+00:00","og_image":[{"width":1000,"height":1000,"url":"https:\/\/trimaco.com\/wp-content\/uploads\/2017\/01\/hdezuppoles-4.jpg","type":"image\/jpeg"}],"twitter_card":"summary_large_image","twitter_site":"@trimacoinc","twitter_misc":{"Tiempo de lectura":"1 minuto"},"schema":{"@context":"https:\/\/schema.org","@graph":[{"@type":"WebPage","@id":"https:\/\/trimaco.com\/es\/productos\/sistemas-de-contencion-de-polvo-soluciones\/","url":"https:\/\/trimaco.com\/es\/productos\/sistemas-de-contencion-de-polvo-soluciones\/","name":"Sistemas de Contenci\u00f3n de Polvo - Trimaco","isPartOf":{"@id":"https:\/\/trimaco.com\/#website"},"primaryImageOfPage":{"@id":"https:\/\/trimaco.com\/es\/productos\/sistemas-de-contencion-de-polvo-soluciones\/#primaryimage"},"image":{"@id":"https:\/\/trimaco.com\/es\/productos\/sistemas-de-contencion-de-polvo-soluciones\/#primaryimage"},"thumbnailUrl":"https:\/\/trimaco.com\/wp-content\/uploads\/2017\/01\/hdezuppoles-4.jpg","datePublished":"2021-06-17T15:42:25+00:00","dateModified":"2022-03-25T19:02:06+00:00","description":"Sistemas de contenci\u00f3n de polvo. Mantenga contento al propietario de la casa, manteniendo el polvo alejado utilizando nuestros postes, cierres y kit de puertas.","breadcrumb":{"@id":"https:\/\/trimaco.com\/es\/productos\/sistemas-de-contencion-de-polvo-soluciones\/#breadcrumb"},"inLanguage":"es","potentialAction":[{"@type":"ReadAction","target":["https:\/\/trimaco.com\/es\/productos\/sistemas-de-contencion-de-polvo-soluciones\/"]}]},{"@type":"ImageObject","inLanguage":"es","@id":"https:\/\/trimaco.com\/es\/productos\/sistemas-de-contencion-de-polvo-soluciones\/#primaryimage","url":"https:\/\/trimaco.com\/wp-content\/uploads\/2017\/01\/hdezuppoles-4.jpg","contentUrl":"https:\/\/trimaco.com\/wp-content\/uploads\/2017\/01\/hdezuppoles-4.jpg","width":1000,"height":1000,"caption":"dust protection"},{"@type":"BreadcrumbList","@id":"https:\/\/trimaco.com\/es\/productos\/sistemas-de-contencion-de-polvo-soluciones\/#breadcrumb","itemListElement":[{"@type":"ListItem","position":1,"name":"Home","item":"https:\/\/trimaco.com\/"},{"@type":"ListItem","position":2,"name":"Productos","item":"https:\/\/trimaco.com\/es\/productos\/"},{"@type":"ListItem","position":3,"name":"Sistemas de contenci\u00f3n de polvo"}]},{"@type":"WebSite","@id":"https:\/\/trimaco.com\/#website","url":"https:\/\/trimaco.com\/","name":"Trimaco","description":"Total Jobsite Protection\u2122","publisher":{"@id":"https:\/\/trimaco.com\/#organization"},"potentialAction":[{"@type":"SearchAction","target":{"@type":"EntryPoint","urlTemplate":"https:\/\/trimaco.com\/?s={search_term_string}"},"query-input":{"@type":"PropertyValueSpecification","valueRequired":true,"valueName":"search_term_string"}}],"inLanguage":"es"},{"@type":"Organization","@id":"https:\/\/trimaco.com\/#organization","name":"Trimaco","url":"https:\/\/trimaco.com\/","logo":{"@type":"ImageObject","inLanguage":"es","@id":"https:\/\/trimaco.com\/#\/schema\/logo\/image\/","url":"https:\/\/trimaco.com\/wp-content\/uploads\/2016\/08\/login-logo.png","contentUrl":"https:\/\/trimaco.com\/wp-content\/uploads\/2016\/08\/login-logo.png","width":450,"height":69,"caption":"Trimaco"},"image":{"@id":"https:\/\/trimaco.com\/#\/schema\/logo\/image\/"},"sameAs":["https:\/\/www.facebook.com\/pages\/Trimaco\/346858225385747?ref=ts","https:\/\/x.com\/trimacoinc","https:\/\/www.instagram.com\/trimaco_inc\/","https:\/\/pinterest.com\/trimaco\/","https:\/\/www.youtube.com\/c\/trimacoinc"]}]}},"_links":{"self":[{"href":"https:\/\/trimaco.com\/es\/wp-json\/wp\/v2\/pages\/14093","targetHints":{"allow":["GET"]}}],"collection":[{"href":"https:\/\/trimaco.com\/es\/wp-json\/wp\/v2\/pages"}],"about":[{"href":"https:\/\/trimaco.com\/es\/wp-json\/wp\/v2\/types\/page"}],"author":[{"embeddable":true,"href":"https:\/\/trimaco.com\/es\/wp-json\/wp\/v2\/users\/2"}],"replies":[{"embeddable":true,"href":"https:\/\/trimaco.com\/es\/wp-json\/wp\/v2\/comments?post=14093"}],"version-history":[{"count":0,"href":"https:\/\/trimaco.com\/es\/wp-json\/wp\/v2\/pages\/14093\/revisions"}],"up":[{"embeddable":true,"href":"https:\/\/trimaco.com\/es\/wp-json\/wp\/v2\/pages\/10374"}],"wp:featuredmedia":[{"embeddable":true,"href":"https:\/\/trimaco.com\/es\/wp-json\/wp\/v2\/media\/13262"}],"wp:attachment":[{"href":"https:\/\/trimaco.com\/es\/wp-json\/wp\/v2\/media?parent=14093"}],"curies":[{"name":"wp","href":"https:\/\/api.w.org\/{rel}","templated":true}]}}