{"id":14091,"date":"2021-06-17T11:36:06","date_gmt":"2021-06-17T15:36:06","guid":{"rendered":"https:\/\/trimaco.wpengine.com\/productos\/panos-colgantes\/pano-recoge-gotas-rubber-duckie-con-parte-posterior-recubierta-de-butilo\/"},"modified":"2026-04-01T15:13:34","modified_gmt":"2026-04-01T19:13:34","slug":"pano-recoge-gotas-rubber-duckie-con-parte-posterior-recubierta-de-butilo","status":"publish","type":"page","link":"https:\/\/trimaco.com\/es\/productos\/panos-colgantes\/pano-recoge-gotas-rubber-duckie-con-parte-posterior-recubierta-de-butilo\/","title":{"rendered":"Pa\u00f1o recoge gotas Rubber-Duckie\u00ae con parte posterior recubierta de butilo"},"content":{"rendered":"<p>El pa\u00f1o recoge gotas Rubber-Duckie\u00ae de Trimaco es un pa\u00f1o resistente al agua y de peso pesado perfecto para cualquier tipo de trabajo. El pa\u00f1o recoge gotas recubierto de butilo est\u00e1 dise\u00f1ado para proteger las superficies de derrames y salpicaduras, haciendo que la limpieza sea una brisa. Tambi\u00e9n es lavable y reutilizable, por lo que es una opci\u00f3n econ\u00f3mica. <a href=\"https:\/\/trimaco.com\/warning-six\/\" rel=\"noopener noreferrer\" target=\"_blank\">ADVERTENCIA.<\/a> <\/p>\n<ul>\n<li>Resistente a filtraciones de la pintura<\/li>\n<li>Elimina las limpiezas innecesarias<\/li>\n<li>Durable + Reutilizable<\/li>\n<li>Econ\u00f3mico<\/li>\n<li>Lavable: Lavar a m\u00e1quina caliente, secar al aire libre<\/li>\n<\/ul>\n<p><em>Rubber-Duckie\u00ae<\/em><\/p>\n<table>\n<tbody>\n<tr>\n<th># de Art\u00edculo<\/th>\n<th>Paquete de<\/th>\n<th>Tama\u00f1o<\/th>\n<\/tr>\n<tr>\n<td>80201<\/td>\n<td>6<\/td>\n<td>9&#8242; x 12&#8242;<\/td>\n<\/tr>\n<tr>\n<td>80203<\/td>\n<td>4<\/td>\n<td>12&#8242; x 15&#8242;<\/td>\n<\/tr>\n<tr>\n<td>80207<\/td>\n<td>12<\/td>\n<td>4&#8242; x 12&#8242;<\/td>\n<\/tr>\n<tr>\n<td>80208<\/td>\n<td>12<\/td>\n<td>4&#8242; x 15&#8242;<\/td>\n<\/tr>\n<\/tbody>\n<\/table>\n","protected":false},"excerpt":{"rendered":"<p>Pa\u00f1o recoge gotas recubierto de butilo resistente a fugas. <\/p>\n","protected":false},"author":2,"featured_media":13499,"parent":13675,"menu_order":16,"comment_status":"closed","ping_status":"closed","template":"page_products-grandchild.php","meta":{"_acf_changed":false,"footnotes":""},"class_list":["post-14091","page","type-page","status-publish","has-post-thumbnail","hentry"],"acf":[],"yoast_head":"<!-- This site is optimized with the Yoast SEO plugin v27.3 - https:\/\/yoast.com\/product\/yoast-seo-wordpress\/ -->\n<title>Pa\u00f1o Recoge Gotas Resistente al Agua Rubber-Duckie\u00ae<\/title>\n<meta name=\"description\" content=\"El pa\u00f1o recoge gotas Rubber-Duckie\u00ae es resistente al agua y cargas pesadas, perfecto para proteger cualquier superficie mientras trabajos de pintura.\" \/>\n<meta name=\"robots\" content=\"index, follow, max-snippet:-1, max-image-preview:large, max-video-preview:-1\" \/>\n<link rel=\"canonical\" href=\"https:\/\/trimaco.com\/es\/productos\/panos-colgantes\/pano-recoge-gotas-rubber-duckie-con-parte-posterior-recubierta-de-butilo\/\" \/>\n<meta property=\"og:locale\" content=\"es_ES\" \/>\n<meta property=\"og:type\" content=\"article\" \/>\n<meta property=\"og:title\" content=\"Pa\u00f1o Recoge Gotas Resistente al Agua Rubber-Duckie\u00ae\" \/>\n<meta property=\"og:description\" content=\"El pa\u00f1o recoge gotas Rubber-Duckie\u00ae es resistente al agua y cargas pesadas, perfecto para proteger cualquier superficie mientras trabajos de pintura.\" \/>\n<meta property=\"og:url\" content=\"https:\/\/trimaco.com\/es\/productos\/panos-colgantes\/pano-recoge-gotas-rubber-duckie-con-parte-posterior-recubierta-de-butilo\/\" \/>\n<meta property=\"og:site_name\" content=\"Trimaco\" \/>\n<meta property=\"article:publisher\" content=\"https:\/\/www.facebook.com\/pages\/Trimaco\/346858225385747?ref=ts\" \/>\n<meta property=\"article:modified_time\" content=\"2026-04-01T19:13:34+00:00\" \/>\n<meta property=\"og:image\" content=\"https:\/\/trimaco.com\/wp-content\/uploads\/2016\/11\/rubber-duckie-3.jpg\" \/>\n\t<meta property=\"og:image:width\" content=\"1000\" \/>\n\t<meta property=\"og:image:height\" content=\"1000\" \/>\n\t<meta property=\"og:image:type\" content=\"image\/jpeg\" \/>\n<meta name=\"twitter:card\" content=\"summary_large_image\" \/>\n<meta name=\"twitter:site\" content=\"@trimacoinc\" \/>\n<meta name=\"twitter:label1\" content=\"Tiempo de lectura\" \/>\n\t<meta name=\"twitter:data1\" content=\"1 minuto\" \/>\n<!-- \/ Yoast SEO plugin. -->","yoast_head_json":{"title":"Pa\u00f1o Recoge Gotas Resistente al Agua Rubber-Duckie\u00ae","description":"El pa\u00f1o recoge gotas Rubber-Duckie\u00ae es resistente al agua y cargas pesadas, perfecto para proteger cualquier superficie mientras trabajos de pintura.","robots":{"index":"index","follow":"follow","max-snippet":"max-snippet:-1","max-image-preview":"max-image-preview:large","max-video-preview":"max-video-preview:-1"},"canonical":"https:\/\/trimaco.com\/es\/productos\/panos-colgantes\/pano-recoge-gotas-rubber-duckie-con-parte-posterior-recubierta-de-butilo\/","og_locale":"es_ES","og_type":"article","og_title":"Pa\u00f1o Recoge Gotas Resistente al Agua Rubber-Duckie\u00ae","og_description":"El pa\u00f1o recoge gotas Rubber-Duckie\u00ae es resistente al agua y cargas pesadas, perfecto para proteger cualquier superficie mientras trabajos de pintura.","og_url":"https:\/\/trimaco.com\/es\/productos\/panos-colgantes\/pano-recoge-gotas-rubber-duckie-con-parte-posterior-recubierta-de-butilo\/","og_site_name":"Trimaco","article_publisher":"https:\/\/www.facebook.com\/pages\/Trimaco\/346858225385747?ref=ts","article_modified_time":"2026-04-01T19:13:34+00:00","og_image":[{"width":1000,"height":1000,"url":"https:\/\/trimaco.com\/wp-content\/uploads\/2016\/11\/rubber-duckie-3.jpg","type":"image\/jpeg"}],"twitter_card":"summary_large_image","twitter_site":"@trimacoinc","twitter_misc":{"Tiempo de lectura":"1 minuto"},"schema":{"@context":"https:\/\/schema.org","@graph":[{"@type":"WebPage","@id":"https:\/\/trimaco.com\/es\/productos\/panos-colgantes\/pano-recoge-gotas-rubber-duckie-con-parte-posterior-recubierta-de-butilo\/","url":"https:\/\/trimaco.com\/es\/productos\/panos-colgantes\/pano-recoge-gotas-rubber-duckie-con-parte-posterior-recubierta-de-butilo\/","name":"Pa\u00f1o Recoge Gotas Resistente al Agua Rubber-Duckie\u00ae","isPartOf":{"@id":"https:\/\/trimaco.com\/#website"},"primaryImageOfPage":{"@id":"https:\/\/trimaco.com\/es\/productos\/panos-colgantes\/pano-recoge-gotas-rubber-duckie-con-parte-posterior-recubierta-de-butilo\/#primaryimage"},"image":{"@id":"https:\/\/trimaco.com\/es\/productos\/panos-colgantes\/pano-recoge-gotas-rubber-duckie-con-parte-posterior-recubierta-de-butilo\/#primaryimage"},"thumbnailUrl":"https:\/\/trimaco.com\/wp-content\/uploads\/2016\/11\/rubber-duckie-3.jpg","datePublished":"2021-06-17T15:36:06+00:00","dateModified":"2026-04-01T19:13:34+00:00","description":"El pa\u00f1o recoge gotas Rubber-Duckie\u00ae es resistente al agua y cargas pesadas, perfecto para proteger cualquier superficie mientras trabajos de pintura.","breadcrumb":{"@id":"https:\/\/trimaco.com\/es\/productos\/panos-colgantes\/pano-recoge-gotas-rubber-duckie-con-parte-posterior-recubierta-de-butilo\/#breadcrumb"},"inLanguage":"es","potentialAction":[{"@type":"ReadAction","target":["https:\/\/trimaco.com\/es\/productos\/panos-colgantes\/pano-recoge-gotas-rubber-duckie-con-parte-posterior-recubierta-de-butilo\/"]}]},{"@type":"ImageObject","inLanguage":"es","@id":"https:\/\/trimaco.com\/es\/productos\/panos-colgantes\/pano-recoge-gotas-rubber-duckie-con-parte-posterior-recubierta-de-butilo\/#primaryimage","url":"https:\/\/trimaco.com\/wp-content\/uploads\/2016\/11\/rubber-duckie-3.jpg","contentUrl":"https:\/\/trimaco.com\/wp-content\/uploads\/2016\/11\/rubber-duckie-3.jpg","width":1000,"height":1000,"caption":"water resistant drop sheet"},{"@type":"BreadcrumbList","@id":"https:\/\/trimaco.com\/es\/productos\/panos-colgantes\/pano-recoge-gotas-rubber-duckie-con-parte-posterior-recubierta-de-butilo\/#breadcrumb","itemListElement":[{"@type":"ListItem","position":1,"name":"Home","item":"https:\/\/trimaco.com\/"},{"@type":"ListItem","position":2,"name":"Productos","item":"https:\/\/trimaco.com\/es\/productos\/"},{"@type":"ListItem","position":3,"name":"Pa\u00f1os colgantes","item":"https:\/\/trimaco.com\/es\/productos\/panos-colgantes\/"},{"@type":"ListItem","position":4,"name":"Pa\u00f1o recoge gotas Rubber-Duckie\u00ae con parte posterior recubierta de butilo"}]},{"@type":"WebSite","@id":"https:\/\/trimaco.com\/#website","url":"https:\/\/trimaco.com\/","name":"Trimaco","description":"Total Jobsite Protection\u2122","publisher":{"@id":"https:\/\/trimaco.com\/#organization"},"potentialAction":[{"@type":"SearchAction","target":{"@type":"EntryPoint","urlTemplate":"https:\/\/trimaco.com\/?s={search_term_string}"},"query-input":{"@type":"PropertyValueSpecification","valueRequired":true,"valueName":"search_term_string"}}],"inLanguage":"es"},{"@type":"Organization","@id":"https:\/\/trimaco.com\/#organization","name":"Trimaco","url":"https:\/\/trimaco.com\/","logo":{"@type":"ImageObject","inLanguage":"es","@id":"https:\/\/trimaco.com\/#\/schema\/logo\/image\/","url":"https:\/\/trimaco.com\/wp-content\/uploads\/2016\/08\/login-logo.png","contentUrl":"https:\/\/trimaco.com\/wp-content\/uploads\/2016\/08\/login-logo.png","width":450,"height":69,"caption":"Trimaco"},"image":{"@id":"https:\/\/trimaco.com\/#\/schema\/logo\/image\/"},"sameAs":["https:\/\/www.facebook.com\/pages\/Trimaco\/346858225385747?ref=ts","https:\/\/x.com\/trimacoinc","https:\/\/www.instagram.com\/trimaco_inc\/","https:\/\/pinterest.com\/trimaco\/","https:\/\/www.youtube.com\/c\/trimacoinc"]}]}},"_links":{"self":[{"href":"https:\/\/trimaco.com\/es\/wp-json\/wp\/v2\/pages\/14091","targetHints":{"allow":["GET"]}}],"collection":[{"href":"https:\/\/trimaco.com\/es\/wp-json\/wp\/v2\/pages"}],"about":[{"href":"https:\/\/trimaco.com\/es\/wp-json\/wp\/v2\/types\/page"}],"author":[{"embeddable":true,"href":"https:\/\/trimaco.com\/es\/wp-json\/wp\/v2\/users\/2"}],"replies":[{"embeddable":true,"href":"https:\/\/trimaco.com\/es\/wp-json\/wp\/v2\/comments?post=14091"}],"version-history":[{"count":0,"href":"https:\/\/trimaco.com\/es\/wp-json\/wp\/v2\/pages\/14091\/revisions"}],"up":[{"embeddable":true,"href":"https:\/\/trimaco.com\/es\/wp-json\/wp\/v2\/pages\/13675"}],"wp:featuredmedia":[{"embeddable":true,"href":"https:\/\/trimaco.com\/es\/wp-json\/wp\/v2\/media\/13499"}],"wp:attachment":[{"href":"https:\/\/trimaco.com\/es\/wp-json\/wp\/v2\/media?parent=14091"}],"curies":[{"name":"wp","href":"https:\/\/api.w.org\/{rel}","templated":true}]}}