{"id":14089,"date":"2021-06-17T11:30:38","date_gmt":"2021-06-17T15:30:38","guid":{"rendered":"https:\/\/trimaco.wpengine.com\/productos\/panos-colgantes\/el-pano-de-papel-poli-supertuff\/"},"modified":"2024-04-08T17:22:04","modified_gmt":"2024-04-08T21:22:04","slug":"el-pano-de-papel-poli-supertuff","status":"publish","type":"page","link":"https:\/\/trimaco.com\/es\/productos\/panos-colgantes\/el-pano-de-papel-poli-supertuff\/","title":{"rendered":"Pa\u00f1o Recoge Gotas de papel\/poli SuperTuff\u00ae"},"content":{"rendered":"<p>El pa\u00f1o de papel\/poli SuperTuff\u00ae de Trimaco\u00ae es ideal para pintar, limpiar y remover papel tapiz. El material protector tambi\u00e9n es ideal para cubrir arbustos y muebles. Este pa\u00f1o consta de dos capas: de papel y de pl\u00e1stico. El respaldo de pl\u00e1stico evita fugas mientras la capa de papel recubierto absorbe. Para obtener mejores resultados, utilice la superficie del papel hacia arriba, y la parte de poli hacia abajo.<\/p>\n<ul>\n<li>Material de doble capa<\/li>\n<li>Capa de papel absorbente<\/li>\n<li>Respaldo de pl\u00e1stico resistente a fugas para una protecci\u00f3n adicional<\/li>\n<li>El pa\u00f1o de papel\/poli es ideal para pintar, limpiar + eliminar papel tapiz<\/li>\n<\/ul>\n<p>\u00a1Obtenga m\u00e1s informaci\u00f3n sobre la l\u00ednea completa de <a href=\"https:\/\/trimaco.com\/es\/productos\/panos-colgantes\/\">pa\u00f1os recoge gotas<\/a> de Trimaco!<\/p>\n<p><em>Pa\u00f1o de papel\/poli<\/em><\/p>\n<table>\n<tbody>\n<tr>\n<th># de Art\u00edculo<\/th>\n<th>Paquete de<\/th>\n<th>Tama\u00f1o<\/th>\n<\/tr>\n<tr>\n<td>02301<\/td>\n<td>12<\/td>\n<td>9&#8242; x 12&#8242;<\/td>\n<\/tr>\n<td>02304<\/td>\n<td>12<\/td>\n<td>9&#8242; x 12&#8242; &#8211; 2pk<\/td>\n<tr>\n<td>02501<\/td>\n<td>12<\/td>\n<td>4&#8242; x 10&#8242;<\/td>\n<\/tr>\n<\/tbody>\n<\/table>\n","protected":false},"excerpt":{"rendered":"<p>Pa\u00f1o ligero de pl\u00e1stico que es absorbente y resistente a fugas.<\/p>\n","protected":false},"author":2,"featured_media":13496,"parent":13675,"menu_order":15,"comment_status":"closed","ping_status":"closed","template":"page_products-grandchild.php","meta":{"_acf_changed":false,"footnotes":""},"class_list":["post-14089","page","type-page","status-publish","has-post-thumbnail","hentry"],"acf":[],"yoast_head":"<!-- This site is optimized with the Yoast SEO plugin v27.1.1 - https:\/\/yoast.com\/product\/yoast-seo-wordpress\/ -->\n<title>Pa\u00f1o Recoge Gotas de Ligero de Papel &amp; Poli<\/title>\n<meta name=\"description\" content=\"Este papel es ideal para proteger superficies durante trabajoz de pintura, limpieza, etc. Protege f\u00e1cilmente los muebles durante trabajos.\" \/>\n<meta name=\"robots\" content=\"index, follow, max-snippet:-1, max-image-preview:large, max-video-preview:-1\" \/>\n<link rel=\"canonical\" href=\"https:\/\/trimaco.com\/es\/productos\/panos-colgantes\/el-pano-de-papel-poli-supertuff\/\" \/>\n<meta property=\"og:locale\" content=\"es_ES\" \/>\n<meta property=\"og:type\" content=\"article\" \/>\n<meta property=\"og:title\" content=\"Pa\u00f1o Recoge Gotas de Ligero de Papel &amp; Poli\" \/>\n<meta property=\"og:description\" content=\"Este papel es ideal para proteger superficies durante trabajoz de pintura, limpieza, etc. Protege f\u00e1cilmente los muebles durante trabajos.\" \/>\n<meta property=\"og:url\" content=\"https:\/\/trimaco.com\/es\/productos\/panos-colgantes\/el-pano-de-papel-poli-supertuff\/\" \/>\n<meta property=\"og:site_name\" content=\"Trimaco\" \/>\n<meta property=\"article:publisher\" content=\"https:\/\/www.facebook.com\/pages\/Trimaco\/346858225385747?ref=ts\" \/>\n<meta property=\"article:modified_time\" content=\"2024-04-08T21:22:04+00:00\" \/>\n<meta property=\"og:image\" content=\"https:\/\/trimaco.com\/wp-content\/uploads\/2016\/11\/paperpolydrop-3.jpg\" \/>\n\t<meta property=\"og:image:width\" content=\"1000\" \/>\n\t<meta property=\"og:image:height\" content=\"1000\" \/>\n\t<meta property=\"og:image:type\" content=\"image\/jpeg\" \/>\n<meta name=\"twitter:card\" content=\"summary_large_image\" \/>\n<meta name=\"twitter:site\" content=\"@trimacoinc\" \/>\n<meta name=\"twitter:label1\" content=\"Tiempo de lectura\" \/>\n\t<meta name=\"twitter:data1\" content=\"1 minuto\" \/>\n<!-- \/ Yoast SEO plugin. -->","yoast_head_json":{"title":"Pa\u00f1o Recoge Gotas de Ligero de Papel & Poli","description":"Este papel es ideal para proteger superficies durante trabajoz de pintura, limpieza, etc. Protege f\u00e1cilmente los muebles durante trabajos.","robots":{"index":"index","follow":"follow","max-snippet":"max-snippet:-1","max-image-preview":"max-image-preview:large","max-video-preview":"max-video-preview:-1"},"canonical":"https:\/\/trimaco.com\/es\/productos\/panos-colgantes\/el-pano-de-papel-poli-supertuff\/","og_locale":"es_ES","og_type":"article","og_title":"Pa\u00f1o Recoge Gotas de Ligero de Papel & Poli","og_description":"Este papel es ideal para proteger superficies durante trabajoz de pintura, limpieza, etc. Protege f\u00e1cilmente los muebles durante trabajos.","og_url":"https:\/\/trimaco.com\/es\/productos\/panos-colgantes\/el-pano-de-papel-poli-supertuff\/","og_site_name":"Trimaco","article_publisher":"https:\/\/www.facebook.com\/pages\/Trimaco\/346858225385747?ref=ts","article_modified_time":"2024-04-08T21:22:04+00:00","og_image":[{"width":1000,"height":1000,"url":"https:\/\/trimaco.com\/wp-content\/uploads\/2016\/11\/paperpolydrop-3.jpg","type":"image\/jpeg"}],"twitter_card":"summary_large_image","twitter_site":"@trimacoinc","twitter_misc":{"Tiempo de lectura":"1 minuto"},"schema":{"@context":"https:\/\/schema.org","@graph":[{"@type":"WebPage","@id":"https:\/\/trimaco.com\/es\/productos\/panos-colgantes\/el-pano-de-papel-poli-supertuff\/","url":"https:\/\/trimaco.com\/es\/productos\/panos-colgantes\/el-pano-de-papel-poli-supertuff\/","name":"Pa\u00f1o Recoge Gotas de Ligero de Papel & Poli","isPartOf":{"@id":"https:\/\/trimaco.com\/#website"},"primaryImageOfPage":{"@id":"https:\/\/trimaco.com\/es\/productos\/panos-colgantes\/el-pano-de-papel-poli-supertuff\/#primaryimage"},"image":{"@id":"https:\/\/trimaco.com\/es\/productos\/panos-colgantes\/el-pano-de-papel-poli-supertuff\/#primaryimage"},"thumbnailUrl":"https:\/\/trimaco.com\/wp-content\/uploads\/2016\/11\/paperpolydrop-3.jpg","datePublished":"2021-06-17T15:30:38+00:00","dateModified":"2024-04-08T21:22:04+00:00","description":"Este papel es ideal para proteger superficies durante trabajoz de pintura, limpieza, etc. Protege f\u00e1cilmente los muebles durante trabajos.","breadcrumb":{"@id":"https:\/\/trimaco.com\/es\/productos\/panos-colgantes\/el-pano-de-papel-poli-supertuff\/#breadcrumb"},"inLanguage":"es","potentialAction":[{"@type":"ReadAction","target":["https:\/\/trimaco.com\/es\/productos\/panos-colgantes\/el-pano-de-papel-poli-supertuff\/"]}]},{"@type":"ImageObject","inLanguage":"es","@id":"https:\/\/trimaco.com\/es\/productos\/panos-colgantes\/el-pano-de-papel-poli-supertuff\/#primaryimage","url":"https:\/\/trimaco.com\/wp-content\/uploads\/2016\/11\/paperpolydrop-3.jpg","contentUrl":"https:\/\/trimaco.com\/wp-content\/uploads\/2016\/11\/paperpolydrop-3.jpg","width":1000,"height":1000,"caption":"paper\/poly drop sheet"},{"@type":"BreadcrumbList","@id":"https:\/\/trimaco.com\/es\/productos\/panos-colgantes\/el-pano-de-papel-poli-supertuff\/#breadcrumb","itemListElement":[{"@type":"ListItem","position":1,"name":"Home","item":"https:\/\/trimaco.com\/"},{"@type":"ListItem","position":2,"name":"Productos","item":"https:\/\/trimaco.com\/es\/productos\/"},{"@type":"ListItem","position":3,"name":"Pa\u00f1os colgantes","item":"https:\/\/trimaco.com\/es\/productos\/panos-colgantes\/"},{"@type":"ListItem","position":4,"name":"Pa\u00f1o Recoge Gotas de papel\/poli SuperTuff\u00ae"}]},{"@type":"WebSite","@id":"https:\/\/trimaco.com\/#website","url":"https:\/\/trimaco.com\/","name":"Trimaco","description":"Total Jobsite Protection\u2122","publisher":{"@id":"https:\/\/trimaco.com\/#organization"},"potentialAction":[{"@type":"SearchAction","target":{"@type":"EntryPoint","urlTemplate":"https:\/\/trimaco.com\/?s={search_term_string}"},"query-input":{"@type":"PropertyValueSpecification","valueRequired":true,"valueName":"search_term_string"}}],"inLanguage":"es"},{"@type":"Organization","@id":"https:\/\/trimaco.com\/#organization","name":"Trimaco","url":"https:\/\/trimaco.com\/","logo":{"@type":"ImageObject","inLanguage":"es","@id":"https:\/\/trimaco.com\/#\/schema\/logo\/image\/","url":"https:\/\/trimaco.com\/wp-content\/uploads\/2016\/08\/login-logo.png","contentUrl":"https:\/\/trimaco.com\/wp-content\/uploads\/2016\/08\/login-logo.png","width":450,"height":69,"caption":"Trimaco"},"image":{"@id":"https:\/\/trimaco.com\/#\/schema\/logo\/image\/"},"sameAs":["https:\/\/www.facebook.com\/pages\/Trimaco\/346858225385747?ref=ts","https:\/\/x.com\/trimacoinc","https:\/\/www.instagram.com\/trimaco_inc\/","https:\/\/pinterest.com\/trimaco\/","https:\/\/www.youtube.com\/c\/trimacoinc"]}]}},"_links":{"self":[{"href":"https:\/\/trimaco.com\/es\/wp-json\/wp\/v2\/pages\/14089","targetHints":{"allow":["GET"]}}],"collection":[{"href":"https:\/\/trimaco.com\/es\/wp-json\/wp\/v2\/pages"}],"about":[{"href":"https:\/\/trimaco.com\/es\/wp-json\/wp\/v2\/types\/page"}],"author":[{"embeddable":true,"href":"https:\/\/trimaco.com\/es\/wp-json\/wp\/v2\/users\/2"}],"replies":[{"embeddable":true,"href":"https:\/\/trimaco.com\/es\/wp-json\/wp\/v2\/comments?post=14089"}],"version-history":[{"count":0,"href":"https:\/\/trimaco.com\/es\/wp-json\/wp\/v2\/pages\/14089\/revisions"}],"up":[{"embeddable":true,"href":"https:\/\/trimaco.com\/es\/wp-json\/wp\/v2\/pages\/13675"}],"wp:featuredmedia":[{"embeddable":true,"href":"https:\/\/trimaco.com\/es\/wp-json\/wp\/v2\/media\/13496"}],"wp:attachment":[{"href":"https:\/\/trimaco.com\/es\/wp-json\/wp\/v2\/media?parent=14089"}],"curies":[{"name":"wp","href":"https:\/\/api.w.org\/{rel}","templated":true}]}}