{"id":14087,"date":"2021-06-17T11:21:30","date_gmt":"2021-06-17T15:21:30","guid":{"rendered":"https:\/\/trimaco.wpengine.com\/productos\/panos-colgantes\/el-pano-recoge-gotas-de-papel-ecodrop\/"},"modified":"2024-04-08T17:21:51","modified_gmt":"2024-04-08T21:21:51","slug":"el-pano-recoge-gotas-de-papel-ecodrop","status":"publish","type":"page","link":"https:\/\/trimaco.com\/es\/productos\/panos-colgantes\/el-pano-recoge-gotas-de-papel-ecodrop\/","title":{"rendered":"Pa\u00f1o Recoge Gotas de Papel EcoDrop\u00ae"},"content":{"rendered":"<p>El EcoDrop\u00ae de Trimaco es un pa\u00f1o recoge-gotas de papel de grado profesional y econ\u00f3mico. \u00a1El pa\u00f1o recoge-gotas reciclable es ideal para trabajos de pintura ligeros, para limpieza, empapelado y eliminaci\u00f3n de desperdicios, cubrir muebles, almacenamiento y muchos m\u00e1s trabajos!<\/p>\n<p>El papel marr\u00f3n est\u00e1 hecho de material 100% reciclado y se trata para resistir los derrames de pintura. La textura en relieve proporciona fuerza y flexibilidad adicionales. Proporciona protecci\u00f3n absorbente, reduciendo el riesgo de dejar huellas en el trabajo. Los pa\u00f1os de papel miden 9&#215;12, lo que lo convierte en un gran protector de superficie para grandes habitaciones y \u00e1reas. Tambi\u00e9n es una gran opci\u00f3n para las artes y la artesan\u00eda.<\/p>\n<p>\u00bfQu\u00e9 hace que el EcoDrop sea un gran pa\u00f1o recoge-gotas? Es ligero, desechable y es ideal para cualquier proyecto de bricolaje. Esta opci\u00f3n econ\u00f3mica evitar\u00e1 que peque\u00f1as salpicaduras y goteos se filtren.<\/p>\n<ul>\n<li>El papel absorbente ayuda a prevenir las huellas<\/li>\n<li>\u00a1Para pintar, limpiar, revestimiento de muebles, empapelar, almacenar y m\u00e1s!<\/li>\n<li>Pa\u00f1o recoge-gotas de papel desechable<\/li>\n<li>Hecho de materiales 100% reciclados<\/li>\n<\/ul>\n<p>\u00bfBuscas una opci\u00f3n de servicio pesado? Aseg\u00farese de revisar nuestra l\u00ednea completa de <a href=\"https:\/\/trimaco.com\/es\/productos\/panos-colgantes\/\">pa\u00f1os.<\/a> \u00a1No importa el tipo de trabajo, Trimaco lo tiene cubierto!<\/p>\n<p><em>Papel Ecodrop\u00ae<\/em><\/p>\n<table>\n<tbody>\n<tr>\n<th># de Art\u00edculo<\/th>\n<th>Paquete de<\/th>\n<th>Tama\u00f1o<\/th>\n<\/tr>\n<tr>\n<td>02101<\/td>\n<td>12<\/td>\n<td>9&#8242; x 12&#8242;<\/td>\n<\/tr>\n<tr>\n<td>02104 &#8211; 2pk<\/td>\n<td>12<\/td>\n<td>9&#8242; x 12&#8242;<\/td>\n<\/tr>\n<\/tbody>\n<\/table>\n","protected":false},"excerpt":{"rendered":"<p>Un pa\u00f1o de papel hecho de materiales reciclados.<\/p>\n","protected":false},"author":2,"featured_media":13447,"parent":13675,"menu_order":14,"comment_status":"closed","ping_status":"closed","template":"page_products-grandchild.php","meta":{"_acf_changed":false,"footnotes":""},"class_list":["post-14087","page","type-page","status-publish","has-post-thumbnail","hentry"],"acf":[],"yoast_head":"<!-- This site is optimized with the Yoast SEO plugin v27.3 - https:\/\/yoast.com\/product\/yoast-seo-wordpress\/ -->\n<title>Papel Protector Recoge-Gotas EcoDrop\u00ae - Trimaco<\/title>\n<meta name=\"description\" content=\"\u00bfNecesitas un pa\u00f1o de papel ecol\u00f3gico para proteger los suelos y superficies de los trabajos ligeros de pintura? \u00a1Eche un vistazo a EcoDrop de Trimaco!\" \/>\n<meta name=\"robots\" content=\"index, follow, max-snippet:-1, max-image-preview:large, max-video-preview:-1\" \/>\n<link rel=\"canonical\" href=\"https:\/\/trimaco.com\/es\/productos\/panos-colgantes\/el-pano-recoge-gotas-de-papel-ecodrop\/\" \/>\n<meta property=\"og:locale\" content=\"es_ES\" \/>\n<meta property=\"og:type\" content=\"article\" \/>\n<meta property=\"og:title\" content=\"Papel Protector Recoge-Gotas EcoDrop\u00ae - Trimaco\" \/>\n<meta property=\"og:description\" content=\"\u00bfNecesitas un pa\u00f1o de papel ecol\u00f3gico para proteger los suelos y superficies de los trabajos ligeros de pintura? \u00a1Eche un vistazo a EcoDrop de Trimaco!\" \/>\n<meta property=\"og:url\" content=\"https:\/\/trimaco.com\/es\/productos\/panos-colgantes\/el-pano-recoge-gotas-de-papel-ecodrop\/\" \/>\n<meta property=\"og:site_name\" content=\"Trimaco\" \/>\n<meta property=\"article:publisher\" content=\"https:\/\/www.facebook.com\/pages\/Trimaco\/346858225385747?ref=ts\" \/>\n<meta property=\"article:modified_time\" content=\"2024-04-08T21:21:51+00:00\" \/>\n<meta property=\"og:image\" content=\"https:\/\/trimaco.com\/wp-content\/uploads\/2016\/11\/ecopaper-2.jpg\" \/>\n\t<meta property=\"og:image:width\" content=\"1000\" \/>\n\t<meta property=\"og:image:height\" content=\"1000\" \/>\n\t<meta property=\"og:image:type\" content=\"image\/jpeg\" \/>\n<meta name=\"twitter:card\" content=\"summary_large_image\" \/>\n<meta name=\"twitter:site\" content=\"@trimacoinc\" \/>\n<meta name=\"twitter:label1\" content=\"Tiempo de lectura\" \/>\n\t<meta name=\"twitter:data1\" content=\"2 minutos\" \/>\n<!-- \/ Yoast SEO plugin. -->","yoast_head_json":{"title":"Papel Protector Recoge-Gotas EcoDrop\u00ae - Trimaco","description":"\u00bfNecesitas un pa\u00f1o de papel ecol\u00f3gico para proteger los suelos y superficies de los trabajos ligeros de pintura? \u00a1Eche un vistazo a EcoDrop de Trimaco!","robots":{"index":"index","follow":"follow","max-snippet":"max-snippet:-1","max-image-preview":"max-image-preview:large","max-video-preview":"max-video-preview:-1"},"canonical":"https:\/\/trimaco.com\/es\/productos\/panos-colgantes\/el-pano-recoge-gotas-de-papel-ecodrop\/","og_locale":"es_ES","og_type":"article","og_title":"Papel Protector Recoge-Gotas EcoDrop\u00ae - Trimaco","og_description":"\u00bfNecesitas un pa\u00f1o de papel ecol\u00f3gico para proteger los suelos y superficies de los trabajos ligeros de pintura? \u00a1Eche un vistazo a EcoDrop de Trimaco!","og_url":"https:\/\/trimaco.com\/es\/productos\/panos-colgantes\/el-pano-recoge-gotas-de-papel-ecodrop\/","og_site_name":"Trimaco","article_publisher":"https:\/\/www.facebook.com\/pages\/Trimaco\/346858225385747?ref=ts","article_modified_time":"2024-04-08T21:21:51+00:00","og_image":[{"width":1000,"height":1000,"url":"https:\/\/trimaco.com\/wp-content\/uploads\/2016\/11\/ecopaper-2.jpg","type":"image\/jpeg"}],"twitter_card":"summary_large_image","twitter_site":"@trimacoinc","twitter_misc":{"Tiempo de lectura":"2 minutos"},"schema":{"@context":"https:\/\/schema.org","@graph":[{"@type":"WebPage","@id":"https:\/\/trimaco.com\/es\/productos\/panos-colgantes\/el-pano-recoge-gotas-de-papel-ecodrop\/","url":"https:\/\/trimaco.com\/es\/productos\/panos-colgantes\/el-pano-recoge-gotas-de-papel-ecodrop\/","name":"Papel Protector Recoge-Gotas EcoDrop\u00ae - Trimaco","isPartOf":{"@id":"https:\/\/trimaco.com\/#website"},"primaryImageOfPage":{"@id":"https:\/\/trimaco.com\/es\/productos\/panos-colgantes\/el-pano-recoge-gotas-de-papel-ecodrop\/#primaryimage"},"image":{"@id":"https:\/\/trimaco.com\/es\/productos\/panos-colgantes\/el-pano-recoge-gotas-de-papel-ecodrop\/#primaryimage"},"thumbnailUrl":"https:\/\/trimaco.com\/wp-content\/uploads\/2016\/11\/ecopaper-2.jpg","datePublished":"2021-06-17T15:21:30+00:00","dateModified":"2024-04-08T21:21:51+00:00","description":"\u00bfNecesitas un pa\u00f1o de papel ecol\u00f3gico para proteger los suelos y superficies de los trabajos ligeros de pintura? \u00a1Eche un vistazo a EcoDrop de Trimaco!","breadcrumb":{"@id":"https:\/\/trimaco.com\/es\/productos\/panos-colgantes\/el-pano-recoge-gotas-de-papel-ecodrop\/#breadcrumb"},"inLanguage":"es","potentialAction":[{"@type":"ReadAction","target":["https:\/\/trimaco.com\/es\/productos\/panos-colgantes\/el-pano-recoge-gotas-de-papel-ecodrop\/"]}]},{"@type":"ImageObject","inLanguage":"es","@id":"https:\/\/trimaco.com\/es\/productos\/panos-colgantes\/el-pano-recoge-gotas-de-papel-ecodrop\/#primaryimage","url":"https:\/\/trimaco.com\/wp-content\/uploads\/2016\/11\/ecopaper-2.jpg","contentUrl":"https:\/\/trimaco.com\/wp-content\/uploads\/2016\/11\/ecopaper-2.jpg","width":1000,"height":1000,"caption":"paper dust sheet"},{"@type":"BreadcrumbList","@id":"https:\/\/trimaco.com\/es\/productos\/panos-colgantes\/el-pano-recoge-gotas-de-papel-ecodrop\/#breadcrumb","itemListElement":[{"@type":"ListItem","position":1,"name":"Home","item":"https:\/\/trimaco.com\/"},{"@type":"ListItem","position":2,"name":"Productos","item":"https:\/\/trimaco.com\/es\/productos\/"},{"@type":"ListItem","position":3,"name":"Pa\u00f1os colgantes","item":"https:\/\/trimaco.com\/es\/productos\/panos-colgantes\/"},{"@type":"ListItem","position":4,"name":"Pa\u00f1o Recoge Gotas de Papel EcoDrop\u00ae"}]},{"@type":"WebSite","@id":"https:\/\/trimaco.com\/#website","url":"https:\/\/trimaco.com\/","name":"Trimaco","description":"Total Jobsite Protection\u2122","publisher":{"@id":"https:\/\/trimaco.com\/#organization"},"potentialAction":[{"@type":"SearchAction","target":{"@type":"EntryPoint","urlTemplate":"https:\/\/trimaco.com\/?s={search_term_string}"},"query-input":{"@type":"PropertyValueSpecification","valueRequired":true,"valueName":"search_term_string"}}],"inLanguage":"es"},{"@type":"Organization","@id":"https:\/\/trimaco.com\/#organization","name":"Trimaco","url":"https:\/\/trimaco.com\/","logo":{"@type":"ImageObject","inLanguage":"es","@id":"https:\/\/trimaco.com\/#\/schema\/logo\/image\/","url":"https:\/\/trimaco.com\/wp-content\/uploads\/2016\/08\/login-logo.png","contentUrl":"https:\/\/trimaco.com\/wp-content\/uploads\/2016\/08\/login-logo.png","width":450,"height":69,"caption":"Trimaco"},"image":{"@id":"https:\/\/trimaco.com\/#\/schema\/logo\/image\/"},"sameAs":["https:\/\/www.facebook.com\/pages\/Trimaco\/346858225385747?ref=ts","https:\/\/x.com\/trimacoinc","https:\/\/www.instagram.com\/trimaco_inc\/","https:\/\/pinterest.com\/trimaco\/","https:\/\/www.youtube.com\/c\/trimacoinc"]}]}},"_links":{"self":[{"href":"https:\/\/trimaco.com\/es\/wp-json\/wp\/v2\/pages\/14087","targetHints":{"allow":["GET"]}}],"collection":[{"href":"https:\/\/trimaco.com\/es\/wp-json\/wp\/v2\/pages"}],"about":[{"href":"https:\/\/trimaco.com\/es\/wp-json\/wp\/v2\/types\/page"}],"author":[{"embeddable":true,"href":"https:\/\/trimaco.com\/es\/wp-json\/wp\/v2\/users\/2"}],"replies":[{"embeddable":true,"href":"https:\/\/trimaco.com\/es\/wp-json\/wp\/v2\/comments?post=14087"}],"version-history":[{"count":0,"href":"https:\/\/trimaco.com\/es\/wp-json\/wp\/v2\/pages\/14087\/revisions"}],"up":[{"embeddable":true,"href":"https:\/\/trimaco.com\/es\/wp-json\/wp\/v2\/pages\/13675"}],"wp:featuredmedia":[{"embeddable":true,"href":"https:\/\/trimaco.com\/es\/wp-json\/wp\/v2\/media\/13447"}],"wp:attachment":[{"href":"https:\/\/trimaco.com\/es\/wp-json\/wp\/v2\/media?parent=14087"}],"curies":[{"name":"wp","href":"https:\/\/api.w.org\/{rel}","templated":true}]}}