{"id":14079,"date":"2021-06-17T11:04:31","date_gmt":"2021-06-17T15:04:31","guid":{"rendered":"https:\/\/trimaco.wpengine.com\/productos\/panos-colgantes\/doubleguard-supertuff-de-trimaco\/"},"modified":"2024-04-08T17:15:49","modified_gmt":"2024-04-08T21:15:49","slug":"doubleguard-supertuff-de-trimaco","status":"publish","type":"page","link":"https:\/\/trimaco.com\/es\/productos\/panos-colgantes\/doubleguard-supertuff-de-trimaco\/","title":{"rendered":"Pa\u00f1o Recoge Gotas DoubleGuard\u2122"},"content":{"rendered":"<p>El pa\u00f1o recoge gotas DoubleGuard&#x2122; SuperTuff de Trimaco combina una capa superior absorbente con una capa inferior de poli, resistente a fugas para proporcionar protecci\u00f3n contra derrames de pintura y filtraciones. El pa\u00f1o colgante de este pintor proporciona una gran protecci\u00f3n superficial durante la pintura, yeso, tinci\u00f3n y m\u00e1s. Aunque no se puede lavar, el material absorbente es reutilizable. <\/p>\n<p>Para una m\u00e1xima protecci\u00f3n, utilice el lado de la pel\u00edcula hacia abajo para que los derrames no se filtren y da\u00f1en las superficies. El pa\u00f1o recoge gotas para pintor est\u00e1 disponible en una variedad de tama\u00f1os para adaptarse a sus necesidades. Eche un vistazo a todos los <a href=\"https:\/\/trimaco.com\/es\/productos\/panos-colgantes\/\">pa\u00f1os colgantes<\/a> de Trimaco, como <a href=\"https:\/\/trimaco.com\/es\/productos\/panos-colgantes\/pano-recoge-gotas-eliminator\/\">el Eliminator<\/a> de servicio pesado, y otros <a href=\"https:\/\/trimaco.com\/es\/productos\/panos-colgantes\/pano-recoge-gotas-de-lona\/\">pa\u00f1os tradicionales de lona.<\/a><\/p>\n<ul>\n<li>Tambi\u00e9n conocido como el pa\u00f1o recoge todo<\/li>\n<li>Material de tela s\u00faper absorbente con respaldo pl\u00e1stico resistente a las filtraciones<\/li>\n<li>Protecci\u00f3n reutilizable de 2 capas<\/li>\n<li>Capa inferior resistente a las fugas<\/li>\n<li>No es lavable<\/li>\n<\/ul>\n<p><em>Doble guardia\u00ae<\/em><\/p>\n<table>\n<tbody>\n<tr>\n<th># de Art\u00edculo<\/th>\n<th>Paquete de<\/th>\n<th>Tama\u00f1o<\/th>\n<\/tr>\n<tr>\n<td>02601<\/td>\n<td>12<\/td>\n<td>8&#8242; x 12&#8242;<\/td>\n<\/tr>\n<td>02602<\/td>\n<td>12<\/td>\n<td>4&#8242; x 10&#8242;<\/td>\n<\/tr>\n<tr>\n<td>02703<\/td>\n<td>6<\/td>\n<td>12&#8242; x 15&#8242;<\/td>\n<\/tr>\n<\/tbody>\n<\/table>\n","protected":false},"excerpt":{"rendered":"<p>Pa\u00f1o no tejido con una capa superior absorbente y capa posterior resistente a las filtraciones.<\/p>\n","protected":false},"author":2,"featured_media":13489,"parent":13675,"menu_order":12,"comment_status":"closed","ping_status":"closed","template":"page_products-grandchild.php","meta":{"_acf_changed":false,"footnotes":""},"class_list":["post-14079","page","type-page","status-publish","has-post-thumbnail","hentry"],"acf":[],"yoast_head":"<!-- This site is optimized with the Yoast SEO plugin v27.4 - https:\/\/yoast.com\/product\/yoast-seo-wordpress\/ -->\n<title>Pa\u00f1o Recoge Gotas DoubleGuard\u2122 - Trimaco<\/title>\n<meta name=\"description\" content=\"Nuestro Pa\u00f1o Recoge gotas DoubleGuard\u2122 SuperTuff es un pa\u00f1o protector y resistente a las fugas. \u00a1Reutilizable de 2 capas!\" \/>\n<meta name=\"robots\" content=\"index, follow, max-snippet:-1, max-image-preview:large, max-video-preview:-1\" \/>\n<link rel=\"canonical\" href=\"https:\/\/trimaco.com\/es\/productos\/panos-colgantes\/doubleguard-supertuff-de-trimaco\/\" \/>\n<meta property=\"og:locale\" content=\"es_ES\" \/>\n<meta property=\"og:type\" content=\"article\" \/>\n<meta property=\"og:title\" content=\"Pa\u00f1o Recoge Gotas DoubleGuard\u2122 - Trimaco\" \/>\n<meta property=\"og:description\" content=\"Nuestro Pa\u00f1o Recoge gotas DoubleGuard\u2122 SuperTuff es un pa\u00f1o protector y resistente a las fugas. \u00a1Reutilizable de 2 capas!\" \/>\n<meta property=\"og:url\" content=\"https:\/\/trimaco.com\/es\/productos\/panos-colgantes\/doubleguard-supertuff-de-trimaco\/\" \/>\n<meta property=\"og:site_name\" content=\"Trimaco\" \/>\n<meta property=\"article:publisher\" content=\"https:\/\/www.facebook.com\/pages\/Trimaco\/346858225385747?ref=ts\" \/>\n<meta property=\"article:modified_time\" content=\"2024-04-08T21:15:49+00:00\" \/>\n<meta property=\"og:image\" content=\"https:\/\/trimaco.com\/wp-content\/uploads\/2016\/11\/doubleguard-4.jpg\" \/>\n\t<meta property=\"og:image:width\" content=\"1000\" \/>\n\t<meta property=\"og:image:height\" content=\"1000\" \/>\n\t<meta property=\"og:image:type\" content=\"image\/jpeg\" \/>\n<meta name=\"twitter:card\" content=\"summary_large_image\" \/>\n<meta name=\"twitter:site\" content=\"@trimacoinc\" \/>\n<meta name=\"twitter:label1\" content=\"Tiempo de lectura\" \/>\n\t<meta name=\"twitter:data1\" content=\"1 minuto\" \/>\n<!-- \/ Yoast SEO plugin. -->","yoast_head_json":{"title":"Pa\u00f1o Recoge Gotas DoubleGuard\u2122 - Trimaco","description":"Nuestro Pa\u00f1o Recoge gotas DoubleGuard\u2122 SuperTuff es un pa\u00f1o protector y resistente a las fugas. \u00a1Reutilizable de 2 capas!","robots":{"index":"index","follow":"follow","max-snippet":"max-snippet:-1","max-image-preview":"max-image-preview:large","max-video-preview":"max-video-preview:-1"},"canonical":"https:\/\/trimaco.com\/es\/productos\/panos-colgantes\/doubleguard-supertuff-de-trimaco\/","og_locale":"es_ES","og_type":"article","og_title":"Pa\u00f1o Recoge Gotas DoubleGuard\u2122 - Trimaco","og_description":"Nuestro Pa\u00f1o Recoge gotas DoubleGuard\u2122 SuperTuff es un pa\u00f1o protector y resistente a las fugas. \u00a1Reutilizable de 2 capas!","og_url":"https:\/\/trimaco.com\/es\/productos\/panos-colgantes\/doubleguard-supertuff-de-trimaco\/","og_site_name":"Trimaco","article_publisher":"https:\/\/www.facebook.com\/pages\/Trimaco\/346858225385747?ref=ts","article_modified_time":"2024-04-08T21:15:49+00:00","og_image":[{"width":1000,"height":1000,"url":"https:\/\/trimaco.com\/wp-content\/uploads\/2016\/11\/doubleguard-4.jpg","type":"image\/jpeg"}],"twitter_card":"summary_large_image","twitter_site":"@trimacoinc","twitter_misc":{"Tiempo de lectura":"1 minuto"},"schema":{"@context":"https:\/\/schema.org","@graph":[{"@type":"WebPage","@id":"https:\/\/trimaco.com\/es\/productos\/panos-colgantes\/doubleguard-supertuff-de-trimaco\/","url":"https:\/\/trimaco.com\/es\/productos\/panos-colgantes\/doubleguard-supertuff-de-trimaco\/","name":"Pa\u00f1o Recoge Gotas DoubleGuard\u2122 - Trimaco","isPartOf":{"@id":"https:\/\/trimaco.com\/#website"},"primaryImageOfPage":{"@id":"https:\/\/trimaco.com\/es\/productos\/panos-colgantes\/doubleguard-supertuff-de-trimaco\/#primaryimage"},"image":{"@id":"https:\/\/trimaco.com\/es\/productos\/panos-colgantes\/doubleguard-supertuff-de-trimaco\/#primaryimage"},"thumbnailUrl":"https:\/\/trimaco.com\/wp-content\/uploads\/2016\/11\/doubleguard-4.jpg","datePublished":"2021-06-17T15:04:31+00:00","dateModified":"2024-04-08T21:15:49+00:00","description":"Nuestro Pa\u00f1o Recoge gotas DoubleGuard\u2122 SuperTuff es un pa\u00f1o protector y resistente a las fugas. \u00a1Reutilizable de 2 capas!","breadcrumb":{"@id":"https:\/\/trimaco.com\/es\/productos\/panos-colgantes\/doubleguard-supertuff-de-trimaco\/#breadcrumb"},"inLanguage":"es","potentialAction":[{"@type":"ReadAction","target":["https:\/\/trimaco.com\/es\/productos\/panos-colgantes\/doubleguard-supertuff-de-trimaco\/"]}]},{"@type":"ImageObject","inLanguage":"es","@id":"https:\/\/trimaco.com\/es\/productos\/panos-colgantes\/doubleguard-supertuff-de-trimaco\/#primaryimage","url":"https:\/\/trimaco.com\/wp-content\/uploads\/2016\/11\/doubleguard-4.jpg","contentUrl":"https:\/\/trimaco.com\/wp-content\/uploads\/2016\/11\/doubleguard-4.jpg","width":1000,"height":1000,"caption":"painting sheet"},{"@type":"BreadcrumbList","@id":"https:\/\/trimaco.com\/es\/productos\/panos-colgantes\/doubleguard-supertuff-de-trimaco\/#breadcrumb","itemListElement":[{"@type":"ListItem","position":1,"name":"Home","item":"https:\/\/trimaco.com\/"},{"@type":"ListItem","position":2,"name":"Productos","item":"https:\/\/trimaco.com\/es\/productos\/"},{"@type":"ListItem","position":3,"name":"Pa\u00f1os colgantes","item":"https:\/\/trimaco.com\/es\/productos\/panos-colgantes\/"},{"@type":"ListItem","position":4,"name":"Pa\u00f1o Recoge Gotas DoubleGuard\u2122"}]},{"@type":"WebSite","@id":"https:\/\/trimaco.com\/#website","url":"https:\/\/trimaco.com\/","name":"Trimaco","description":"Total Jobsite Protection\u2122","publisher":{"@id":"https:\/\/trimaco.com\/#organization"},"potentialAction":[{"@type":"SearchAction","target":{"@type":"EntryPoint","urlTemplate":"https:\/\/trimaco.com\/?s={search_term_string}"},"query-input":{"@type":"PropertyValueSpecification","valueRequired":true,"valueName":"search_term_string"}}],"inLanguage":"es"},{"@type":"Organization","@id":"https:\/\/trimaco.com\/#organization","name":"Trimaco","url":"https:\/\/trimaco.com\/","logo":{"@type":"ImageObject","inLanguage":"es","@id":"https:\/\/trimaco.com\/#\/schema\/logo\/image\/","url":"https:\/\/trimaco.com\/wp-content\/uploads\/2016\/08\/login-logo.png","contentUrl":"https:\/\/trimaco.com\/wp-content\/uploads\/2016\/08\/login-logo.png","width":450,"height":69,"caption":"Trimaco"},"image":{"@id":"https:\/\/trimaco.com\/#\/schema\/logo\/image\/"},"sameAs":["https:\/\/www.facebook.com\/pages\/Trimaco\/346858225385747?ref=ts","https:\/\/x.com\/trimacoinc","https:\/\/www.instagram.com\/trimaco_inc\/","https:\/\/pinterest.com\/trimaco\/","https:\/\/www.youtube.com\/c\/trimacoinc"]}]}},"_links":{"self":[{"href":"https:\/\/trimaco.com\/es\/wp-json\/wp\/v2\/pages\/14079","targetHints":{"allow":["GET"]}}],"collection":[{"href":"https:\/\/trimaco.com\/es\/wp-json\/wp\/v2\/pages"}],"about":[{"href":"https:\/\/trimaco.com\/es\/wp-json\/wp\/v2\/types\/page"}],"author":[{"embeddable":true,"href":"https:\/\/trimaco.com\/es\/wp-json\/wp\/v2\/users\/2"}],"replies":[{"embeddable":true,"href":"https:\/\/trimaco.com\/es\/wp-json\/wp\/v2\/comments?post=14079"}],"version-history":[{"count":0,"href":"https:\/\/trimaco.com\/es\/wp-json\/wp\/v2\/pages\/14079\/revisions"}],"up":[{"embeddable":true,"href":"https:\/\/trimaco.com\/es\/wp-json\/wp\/v2\/pages\/13675"}],"wp:featuredmedia":[{"embeddable":true,"href":"https:\/\/trimaco.com\/es\/wp-json\/wp\/v2\/media\/13489"}],"wp:attachment":[{"href":"https:\/\/trimaco.com\/es\/wp-json\/wp\/v2\/media?parent=14079"}],"curies":[{"name":"wp","href":"https:\/\/api.w.org\/{rel}","templated":true}]}}