{"id":13712,"date":"2021-05-07T11:23:13","date_gmt":"2021-05-07T15:23:13","guid":{"rendered":"https:\/\/trimaco.wpengine.com\/productos\/panos-colgantes\/pano-recoge-gotas-de-lona-para-servicio-pesado-con-parte-posterior-de-fieltro\/"},"modified":"2024-04-08T17:15:34","modified_gmt":"2024-04-08T21:15:34","slug":"pano-recoge-gotas-de-lona-para-servicio-pesado-con-parte-posterior-de-fieltro","status":"publish","type":"page","link":"https:\/\/trimaco.com\/es\/productos\/panos-colgantes\/pano-recoge-gotas-de-lona-para-servicio-pesado-con-parte-posterior-de-fieltro\/","title":{"rendered":"Pa\u00f1o Recoge Gotas de Lona y Fieltro Para Trabajo Pesado"},"content":{"rendered":"<p>El pa\u00f1o recoge gotas de lona resistente con respaldo de fieltro de Trimaco es la protecci\u00f3n ideal para superficies delicadas. La capa superior est\u00e1 hecha con lona absorbente de servicio pesado, mientras que la parte posterior proporciona protecci\u00f3n contra ara\u00f1azos con un respaldo de franela (afelpado).<\/p>\n<p>Pa\u00f1o recoge gotas de lona para pintar es ideal para cualquier superficie delicada que raye f\u00e1cilmente. \u00a1Se puede utilizar en pisos, muebles y m\u00e1s! Reduzca las huellas de la pintura con este pa\u00f1o recoge gotas absorbente. Disponible en una variedad de tama\u00f1os.<\/p>\n<ul>\n<li>El respaldo de franela evita ara\u00f1azos<\/li>\n<li>Ideal para proteger superficies delicadas<\/li>\n<li>Lavable: Lavar a m\u00e1quina caliente, secarse<\/li>\n<\/ul>\n<p>\u00a1Aseg\u00farese de echar un vistazo a las otras opciones de <a href=\"https:\/\/trimaco.com\/es\/productos\/panos-colgantes\/pano-recoge-gotas-de-lona\/\">tela de lona<\/a> de Trimaco!<\/p>\n<p><em>Espalda de fieltro<\/em><\/p>\n<table>\n<tbody>\n<tr>\n<th># de Art\u00edculo<\/th>\n<th>Paquete de<\/th>\n<th>Tama\u00f1o<\/th>\n<\/tr>\n<tr>\n<td>FB1<\/td>\n<td>6<\/td>\n<td>9&#8242; x 12&#8242;<\/td>\n<\/tr>\n<tr>\n<td>FB3<\/td>\n<td>4<\/td>\n<td>12&#8242; x 15&#8242;<\/td>\n<\/tr>\n<tr>\n<td>FB6<\/td>\n<td>12<\/td>\n<td>4&#8242; x 15&#8242;<\/td>\n<\/tr>\n<\/tbody>\n<\/table>\n","protected":false},"excerpt":{"rendered":"<p>Lona con parte posterior de fieltro, ideal para la protecci\u00f3n contra ara\u00f1azos.<\/p>\n","protected":false},"author":2,"featured_media":13487,"parent":13675,"menu_order":11,"comment_status":"closed","ping_status":"closed","template":"page_products-grandchild.php","meta":{"_acf_changed":false,"footnotes":""},"class_list":["post-13712","page","type-page","status-publish","has-post-thumbnail","hentry"],"acf":[],"yoast_head":"<!-- This site is optimized with the Yoast SEO plugin v27.5 - https:\/\/yoast.com\/product\/yoast-seo-wordpress\/ -->\n<title>Pa\u00f1o Recoge Gotas de Lona y Fieltro - Trimaco<\/title>\n<meta name=\"description\" content=\"Lona para servicio pesado de pintura con parte posterior de fieltro (afelpado) es ideal para la protecci\u00f3n contra ara\u00f1azos de superficies delicadas.\" \/>\n<meta name=\"robots\" content=\"index, follow, max-snippet:-1, max-image-preview:large, max-video-preview:-1\" \/>\n<link rel=\"canonical\" href=\"https:\/\/trimaco.com\/es\/productos\/panos-colgantes\/pano-recoge-gotas-de-lona-para-servicio-pesado-con-parte-posterior-de-fieltro\/\" \/>\n<meta property=\"og:locale\" content=\"es_ES\" \/>\n<meta property=\"og:type\" content=\"article\" \/>\n<meta property=\"og:title\" content=\"Pa\u00f1o Recoge Gotas de Lona y Fieltro - Trimaco\" \/>\n<meta property=\"og:description\" content=\"Lona para servicio pesado de pintura con parte posterior de fieltro (afelpado) es ideal para la protecci\u00f3n contra ara\u00f1azos de superficies delicadas.\" \/>\n<meta property=\"og:url\" content=\"https:\/\/trimaco.com\/es\/productos\/panos-colgantes\/pano-recoge-gotas-de-lona-para-servicio-pesado-con-parte-posterior-de-fieltro\/\" \/>\n<meta property=\"og:site_name\" content=\"Trimaco\" \/>\n<meta property=\"article:publisher\" content=\"https:\/\/www.facebook.com\/pages\/Trimaco\/346858225385747?ref=ts\" \/>\n<meta property=\"article:modified_time\" content=\"2024-04-08T21:15:34+00:00\" \/>\n<meta property=\"og:image\" content=\"https:\/\/trimaco.com\/wp-content\/uploads\/2016\/11\/feltbackdrop-1.jpg\" \/>\n\t<meta property=\"og:image:width\" content=\"1000\" \/>\n\t<meta property=\"og:image:height\" content=\"1000\" \/>\n\t<meta property=\"og:image:type\" content=\"image\/jpeg\" \/>\n<meta name=\"twitter:card\" content=\"summary_large_image\" \/>\n<meta name=\"twitter:site\" content=\"@trimacoinc\" \/>\n<meta name=\"twitter:label1\" content=\"Tiempo de lectura\" \/>\n\t<meta name=\"twitter:data1\" content=\"1 minuto\" \/>\n<!-- \/ Yoast SEO plugin. -->","yoast_head_json":{"title":"Pa\u00f1o Recoge Gotas de Lona y Fieltro - Trimaco","description":"Lona para servicio pesado de pintura con parte posterior de fieltro (afelpado) es ideal para la protecci\u00f3n contra ara\u00f1azos de superficies delicadas.","robots":{"index":"index","follow":"follow","max-snippet":"max-snippet:-1","max-image-preview":"max-image-preview:large","max-video-preview":"max-video-preview:-1"},"canonical":"https:\/\/trimaco.com\/es\/productos\/panos-colgantes\/pano-recoge-gotas-de-lona-para-servicio-pesado-con-parte-posterior-de-fieltro\/","og_locale":"es_ES","og_type":"article","og_title":"Pa\u00f1o Recoge Gotas de Lona y Fieltro - Trimaco","og_description":"Lona para servicio pesado de pintura con parte posterior de fieltro (afelpado) es ideal para la protecci\u00f3n contra ara\u00f1azos de superficies delicadas.","og_url":"https:\/\/trimaco.com\/es\/productos\/panos-colgantes\/pano-recoge-gotas-de-lona-para-servicio-pesado-con-parte-posterior-de-fieltro\/","og_site_name":"Trimaco","article_publisher":"https:\/\/www.facebook.com\/pages\/Trimaco\/346858225385747?ref=ts","article_modified_time":"2024-04-08T21:15:34+00:00","og_image":[{"width":1000,"height":1000,"url":"https:\/\/trimaco.com\/wp-content\/uploads\/2016\/11\/feltbackdrop-1.jpg","type":"image\/jpeg"}],"twitter_card":"summary_large_image","twitter_site":"@trimacoinc","twitter_misc":{"Tiempo de lectura":"1 minuto"},"schema":{"@context":"https:\/\/schema.org","@graph":[{"@type":"WebPage","@id":"https:\/\/trimaco.com\/es\/productos\/panos-colgantes\/pano-recoge-gotas-de-lona-para-servicio-pesado-con-parte-posterior-de-fieltro\/","url":"https:\/\/trimaco.com\/es\/productos\/panos-colgantes\/pano-recoge-gotas-de-lona-para-servicio-pesado-con-parte-posterior-de-fieltro\/","name":"Pa\u00f1o Recoge Gotas de Lona y Fieltro - Trimaco","isPartOf":{"@id":"https:\/\/trimaco.com\/#website"},"primaryImageOfPage":{"@id":"https:\/\/trimaco.com\/es\/productos\/panos-colgantes\/pano-recoge-gotas-de-lona-para-servicio-pesado-con-parte-posterior-de-fieltro\/#primaryimage"},"image":{"@id":"https:\/\/trimaco.com\/es\/productos\/panos-colgantes\/pano-recoge-gotas-de-lona-para-servicio-pesado-con-parte-posterior-de-fieltro\/#primaryimage"},"thumbnailUrl":"https:\/\/trimaco.com\/wp-content\/uploads\/2016\/11\/feltbackdrop-1.jpg","datePublished":"2021-05-07T15:23:13+00:00","dateModified":"2024-04-08T21:15:34+00:00","description":"Lona para servicio pesado de pintura con parte posterior de fieltro (afelpado) es ideal para la protecci\u00f3n contra ara\u00f1azos de superficies delicadas.","breadcrumb":{"@id":"https:\/\/trimaco.com\/es\/productos\/panos-colgantes\/pano-recoge-gotas-de-lona-para-servicio-pesado-con-parte-posterior-de-fieltro\/#breadcrumb"},"inLanguage":"es","potentialAction":[{"@type":"ReadAction","target":["https:\/\/trimaco.com\/es\/productos\/panos-colgantes\/pano-recoge-gotas-de-lona-para-servicio-pesado-con-parte-posterior-de-fieltro\/"]}]},{"@type":"ImageObject","inLanguage":"es","@id":"https:\/\/trimaco.com\/es\/productos\/panos-colgantes\/pano-recoge-gotas-de-lona-para-servicio-pesado-con-parte-posterior-de-fieltro\/#primaryimage","url":"https:\/\/trimaco.com\/wp-content\/uploads\/2016\/11\/feltbackdrop-1.jpg","contentUrl":"https:\/\/trimaco.com\/wp-content\/uploads\/2016\/11\/feltbackdrop-1.jpg","width":1000,"height":1000,"caption":"heavy duty canvas"},{"@type":"BreadcrumbList","@id":"https:\/\/trimaco.com\/es\/productos\/panos-colgantes\/pano-recoge-gotas-de-lona-para-servicio-pesado-con-parte-posterior-de-fieltro\/#breadcrumb","itemListElement":[{"@type":"ListItem","position":1,"name":"Home","item":"https:\/\/trimaco.com\/"},{"@type":"ListItem","position":2,"name":"Productos","item":"https:\/\/trimaco.com\/es\/productos\/"},{"@type":"ListItem","position":3,"name":"Pa\u00f1os colgantes","item":"https:\/\/trimaco.com\/es\/productos\/panos-colgantes\/"},{"@type":"ListItem","position":4,"name":"Pa\u00f1o Recoge Gotas de Lona y Fieltro Para Trabajo Pesado"}]},{"@type":"WebSite","@id":"https:\/\/trimaco.com\/#website","url":"https:\/\/trimaco.com\/","name":"Trimaco","description":"Total Jobsite Protection\u2122","publisher":{"@id":"https:\/\/trimaco.com\/#organization"},"potentialAction":[{"@type":"SearchAction","target":{"@type":"EntryPoint","urlTemplate":"https:\/\/trimaco.com\/?s={search_term_string}"},"query-input":{"@type":"PropertyValueSpecification","valueRequired":true,"valueName":"search_term_string"}}],"inLanguage":"es"},{"@type":"Organization","@id":"https:\/\/trimaco.com\/#organization","name":"Trimaco","url":"https:\/\/trimaco.com\/","logo":{"@type":"ImageObject","inLanguage":"es","@id":"https:\/\/trimaco.com\/#\/schema\/logo\/image\/","url":"https:\/\/trimaco.com\/wp-content\/uploads\/2016\/08\/login-logo.png","contentUrl":"https:\/\/trimaco.com\/wp-content\/uploads\/2016\/08\/login-logo.png","width":450,"height":69,"caption":"Trimaco"},"image":{"@id":"https:\/\/trimaco.com\/#\/schema\/logo\/image\/"},"sameAs":["https:\/\/www.facebook.com\/pages\/Trimaco\/346858225385747?ref=ts","https:\/\/x.com\/trimacoinc","https:\/\/www.instagram.com\/trimaco_inc\/","https:\/\/pinterest.com\/trimaco\/","https:\/\/www.youtube.com\/c\/trimacoinc"]}]}},"_links":{"self":[{"href":"https:\/\/trimaco.com\/es\/wp-json\/wp\/v2\/pages\/13712","targetHints":{"allow":["GET"]}}],"collection":[{"href":"https:\/\/trimaco.com\/es\/wp-json\/wp\/v2\/pages"}],"about":[{"href":"https:\/\/trimaco.com\/es\/wp-json\/wp\/v2\/types\/page"}],"author":[{"embeddable":true,"href":"https:\/\/trimaco.com\/es\/wp-json\/wp\/v2\/users\/2"}],"replies":[{"embeddable":true,"href":"https:\/\/trimaco.com\/es\/wp-json\/wp\/v2\/comments?post=13712"}],"version-history":[{"count":0,"href":"https:\/\/trimaco.com\/es\/wp-json\/wp\/v2\/pages\/13712\/revisions"}],"up":[{"embeddable":true,"href":"https:\/\/trimaco.com\/es\/wp-json\/wp\/v2\/pages\/13675"}],"wp:featuredmedia":[{"embeddable":true,"href":"https:\/\/trimaco.com\/es\/wp-json\/wp\/v2\/media\/13487"}],"wp:attachment":[{"href":"https:\/\/trimaco.com\/es\/wp-json\/wp\/v2\/media?parent=13712"}],"curies":[{"name":"wp","href":"https:\/\/api.w.org\/{rel}","templated":true}]}}