{"id":13711,"date":"2021-05-07T11:20:31","date_gmt":"2021-05-07T15:20:31","guid":{"rendered":"https:\/\/trimaco.wpengine.com\/productos\/panos-colgantes\/pano-recoge-gotas-en-forma-de-alfombrilla-plegable-quick-drop\/"},"modified":"2024-04-08T17:16:03","modified_gmt":"2024-04-08T21:16:03","slug":"pano-recoge-gotas-en-forma-de-alfombrilla-plegable-quick-drop","status":"publish","type":"page","link":"https:\/\/trimaco.com\/es\/productos\/panos-colgantes\/pano-recoge-gotas-en-forma-de-alfombrilla-plegable-quick-drop\/","title":{"rendered":"Pa\u00f1o recoge gotas en forma de alfombrilla plegable Quick Drop"},"content":{"rendered":"<p>El pa\u00f1o recoge gotas en forma de alfombrilla Quick Drop de Trimaco es un pa\u00f1o plegable que es f\u00e1cil de manejar y <a href=\"https:\/\/trimaco.com\/es\/productos\/panos-colgantes\/\">maniobrar<\/a> \u00a1simplemente d\u00e9jelo caer, p\u00f3ngalo en su lugar y empiece a pintar! Hecho de tela recubierta, Quick Drop es absorbente y resistente a fugas a pinturas, manchas, disolventes y m\u00e1s.<\/p>\n<p>Perfecto para retoques, lista de pendientes y proyectos m\u00e1s peque\u00f1os, este pa\u00f1o recoge gotas en forma de alfombrilla plegable es duradero y se adapta a espacios de dif\u00edcil acceso y funciona muy bien en mesones, alfombras, maderas duras, vinilos y pisos de azulejos. Utilice una y otra vez simplemente plegando entre trabajos para facilitar el almacenamiento.<\/p>\n<ul>\n<li>F\u00e1cil plegado + f\u00e1cil almacenamiento<\/li>\n<li>Protecci\u00f3n anti fugas<\/li>\n<li>El tejido azul absorbente evita el dejar huellas<\/li>\n<li>Mejor protecci\u00f3n que pa\u00f1os de lona<\/li>\n<li>Resistente a los desgarros, duradero + reutilizable<\/li>\n<li>Acolchado de espuma grueso y antideslizante<\/li>\n<li>\u00a1Conveniente para las rodillas!<\/li>\n<li>limpie en forma localizada solamente<\/li>\n<\/ul>\n<p><em>Quick Drop<\/em><\/p>\n<table>\n<tbody>\n<tr>\n<th># de Art\u00edculo<\/th>\n<th>Paquete de<\/th>\n<th>Tama\u00f1o<\/th>\n<\/tr>\n<tr>\n<td>90027<\/td>\n<td>4<\/td>\n<td>2&#8242; x 7&#8242;<\/td>\n<\/tr>\n<\/tbody>\n<\/table>\n","protected":false},"excerpt":{"rendered":"<p>Un pa\u00f1o plegable que es f\u00e1cil de usar y almacenar.<\/p>\n","protected":false},"author":2,"featured_media":17554,"parent":13675,"menu_order":10,"comment_status":"closed","ping_status":"closed","template":"page_products-grandchild.php","meta":{"_acf_changed":false,"footnotes":""},"class_list":["post-13711","page","type-page","status-publish","has-post-thumbnail","hentry"],"acf":[],"yoast_head":"<!-- This site is optimized with the Yoast SEO plugin v27.3 - https:\/\/yoast.com\/product\/yoast-seo-wordpress\/ -->\n<title>cPa\u00f1o Recoge Gotas en Forma de Alfombrilla Plegable<\/title>\n<meta name=\"description\" content=\"En forma de alfombrilla plegable, Quick Drop, es un pa\u00f1o plegable que es f\u00e1cil de instalar \u00a1simplemente d\u00e9jelo caer, p\u00f3ngalo en su lugar y empiece a pintar!\" \/>\n<meta name=\"robots\" content=\"index, follow, max-snippet:-1, max-image-preview:large, max-video-preview:-1\" \/>\n<link rel=\"canonical\" href=\"https:\/\/trimaco.com\/es\/productos\/panos-colgantes\/pano-recoge-gotas-en-forma-de-alfombrilla-plegable-quick-drop\/\" \/>\n<meta property=\"og:locale\" content=\"es_ES\" \/>\n<meta property=\"og:type\" content=\"article\" \/>\n<meta property=\"og:title\" content=\"cPa\u00f1o Recoge Gotas en Forma de Alfombrilla Plegable\" \/>\n<meta property=\"og:description\" content=\"En forma de alfombrilla plegable, Quick Drop, es un pa\u00f1o plegable que es f\u00e1cil de instalar \u00a1simplemente d\u00e9jelo caer, p\u00f3ngalo en su lugar y empiece a pintar!\" \/>\n<meta property=\"og:url\" content=\"https:\/\/trimaco.com\/es\/productos\/panos-colgantes\/pano-recoge-gotas-en-forma-de-alfombrilla-plegable-quick-drop\/\" \/>\n<meta property=\"og:site_name\" content=\"Trimaco\" \/>\n<meta property=\"article:publisher\" content=\"https:\/\/www.facebook.com\/pages\/Trimaco\/346858225385747?ref=ts\" \/>\n<meta property=\"article:modified_time\" content=\"2024-04-08T21:16:03+00:00\" \/>\n<meta property=\"og:image\" content=\"https:\/\/trimaco.com\/wp-content\/uploads\/2022\/02\/quickdrop-2.webp\" \/>\n\t<meta property=\"og:image:width\" content=\"284\" \/>\n\t<meta property=\"og:image:height\" content=\"283\" \/>\n\t<meta property=\"og:image:type\" content=\"image\/webp\" \/>\n<meta name=\"twitter:card\" content=\"summary_large_image\" \/>\n<meta name=\"twitter:site\" content=\"@trimacoinc\" \/>\n<meta name=\"twitter:label1\" content=\"Tiempo de lectura\" \/>\n\t<meta name=\"twitter:data1\" content=\"1 minuto\" \/>\n<!-- \/ Yoast SEO plugin. -->","yoast_head_json":{"title":"cPa\u00f1o Recoge Gotas en Forma de Alfombrilla Plegable","description":"En forma de alfombrilla plegable, Quick Drop, es un pa\u00f1o plegable que es f\u00e1cil de instalar \u00a1simplemente d\u00e9jelo caer, p\u00f3ngalo en su lugar y empiece a pintar!","robots":{"index":"index","follow":"follow","max-snippet":"max-snippet:-1","max-image-preview":"max-image-preview:large","max-video-preview":"max-video-preview:-1"},"canonical":"https:\/\/trimaco.com\/es\/productos\/panos-colgantes\/pano-recoge-gotas-en-forma-de-alfombrilla-plegable-quick-drop\/","og_locale":"es_ES","og_type":"article","og_title":"cPa\u00f1o Recoge Gotas en Forma de Alfombrilla Plegable","og_description":"En forma de alfombrilla plegable, Quick Drop, es un pa\u00f1o plegable que es f\u00e1cil de instalar \u00a1simplemente d\u00e9jelo caer, p\u00f3ngalo en su lugar y empiece a pintar!","og_url":"https:\/\/trimaco.com\/es\/productos\/panos-colgantes\/pano-recoge-gotas-en-forma-de-alfombrilla-plegable-quick-drop\/","og_site_name":"Trimaco","article_publisher":"https:\/\/www.facebook.com\/pages\/Trimaco\/346858225385747?ref=ts","article_modified_time":"2024-04-08T21:16:03+00:00","og_image":[{"width":284,"height":283,"url":"https:\/\/trimaco.com\/wp-content\/uploads\/2022\/02\/quickdrop-2.webp","type":"image\/webp"}],"twitter_card":"summary_large_image","twitter_site":"@trimacoinc","twitter_misc":{"Tiempo de lectura":"1 minuto"},"schema":{"@context":"https:\/\/schema.org","@graph":[{"@type":"WebPage","@id":"https:\/\/trimaco.com\/es\/productos\/panos-colgantes\/pano-recoge-gotas-en-forma-de-alfombrilla-plegable-quick-drop\/","url":"https:\/\/trimaco.com\/es\/productos\/panos-colgantes\/pano-recoge-gotas-en-forma-de-alfombrilla-plegable-quick-drop\/","name":"cPa\u00f1o Recoge Gotas en Forma de Alfombrilla Plegable","isPartOf":{"@id":"https:\/\/trimaco.com\/#website"},"primaryImageOfPage":{"@id":"https:\/\/trimaco.com\/es\/productos\/panos-colgantes\/pano-recoge-gotas-en-forma-de-alfombrilla-plegable-quick-drop\/#primaryimage"},"image":{"@id":"https:\/\/trimaco.com\/es\/productos\/panos-colgantes\/pano-recoge-gotas-en-forma-de-alfombrilla-plegable-quick-drop\/#primaryimage"},"thumbnailUrl":"https:\/\/trimaco.com\/wp-content\/uploads\/2022\/02\/quickdrop-2.webp","datePublished":"2021-05-07T15:20:31+00:00","dateModified":"2024-04-08T21:16:03+00:00","description":"En forma de alfombrilla plegable, Quick Drop, es un pa\u00f1o plegable que es f\u00e1cil de instalar \u00a1simplemente d\u00e9jelo caer, p\u00f3ngalo en su lugar y empiece a pintar!","breadcrumb":{"@id":"https:\/\/trimaco.com\/es\/productos\/panos-colgantes\/pano-recoge-gotas-en-forma-de-alfombrilla-plegable-quick-drop\/#breadcrumb"},"inLanguage":"es","potentialAction":[{"@type":"ReadAction","target":["https:\/\/trimaco.com\/es\/productos\/panos-colgantes\/pano-recoge-gotas-en-forma-de-alfombrilla-plegable-quick-drop\/"]}]},{"@type":"ImageObject","inLanguage":"es","@id":"https:\/\/trimaco.com\/es\/productos\/panos-colgantes\/pano-recoge-gotas-en-forma-de-alfombrilla-plegable-quick-drop\/#primaryimage","url":"https:\/\/trimaco.com\/wp-content\/uploads\/2022\/02\/quickdrop-2.webp","contentUrl":"https:\/\/trimaco.com\/wp-content\/uploads\/2022\/02\/quickdrop-2.webp","width":284,"height":283,"caption":"laying out quick drop"},{"@type":"BreadcrumbList","@id":"https:\/\/trimaco.com\/es\/productos\/panos-colgantes\/pano-recoge-gotas-en-forma-de-alfombrilla-plegable-quick-drop\/#breadcrumb","itemListElement":[{"@type":"ListItem","position":1,"name":"Home","item":"https:\/\/trimaco.com\/"},{"@type":"ListItem","position":2,"name":"Productos","item":"https:\/\/trimaco.com\/es\/productos\/"},{"@type":"ListItem","position":3,"name":"Pa\u00f1os colgantes","item":"https:\/\/trimaco.com\/es\/productos\/panos-colgantes\/"},{"@type":"ListItem","position":4,"name":"Pa\u00f1o recoge gotas en forma de alfombrilla plegable Quick Drop"}]},{"@type":"WebSite","@id":"https:\/\/trimaco.com\/#website","url":"https:\/\/trimaco.com\/","name":"Trimaco","description":"Total Jobsite Protection\u2122","publisher":{"@id":"https:\/\/trimaco.com\/#organization"},"potentialAction":[{"@type":"SearchAction","target":{"@type":"EntryPoint","urlTemplate":"https:\/\/trimaco.com\/?s={search_term_string}"},"query-input":{"@type":"PropertyValueSpecification","valueRequired":true,"valueName":"search_term_string"}}],"inLanguage":"es"},{"@type":"Organization","@id":"https:\/\/trimaco.com\/#organization","name":"Trimaco","url":"https:\/\/trimaco.com\/","logo":{"@type":"ImageObject","inLanguage":"es","@id":"https:\/\/trimaco.com\/#\/schema\/logo\/image\/","url":"https:\/\/trimaco.com\/wp-content\/uploads\/2016\/08\/login-logo.png","contentUrl":"https:\/\/trimaco.com\/wp-content\/uploads\/2016\/08\/login-logo.png","width":450,"height":69,"caption":"Trimaco"},"image":{"@id":"https:\/\/trimaco.com\/#\/schema\/logo\/image\/"},"sameAs":["https:\/\/www.facebook.com\/pages\/Trimaco\/346858225385747?ref=ts","https:\/\/x.com\/trimacoinc","https:\/\/www.instagram.com\/trimaco_inc\/","https:\/\/pinterest.com\/trimaco\/","https:\/\/www.youtube.com\/c\/trimacoinc"]}]}},"_links":{"self":[{"href":"https:\/\/trimaco.com\/es\/wp-json\/wp\/v2\/pages\/13711","targetHints":{"allow":["GET"]}}],"collection":[{"href":"https:\/\/trimaco.com\/es\/wp-json\/wp\/v2\/pages"}],"about":[{"href":"https:\/\/trimaco.com\/es\/wp-json\/wp\/v2\/types\/page"}],"author":[{"embeddable":true,"href":"https:\/\/trimaco.com\/es\/wp-json\/wp\/v2\/users\/2"}],"replies":[{"embeddable":true,"href":"https:\/\/trimaco.com\/es\/wp-json\/wp\/v2\/comments?post=13711"}],"version-history":[{"count":0,"href":"https:\/\/trimaco.com\/es\/wp-json\/wp\/v2\/pages\/13711\/revisions"}],"up":[{"embeddable":true,"href":"https:\/\/trimaco.com\/es\/wp-json\/wp\/v2\/pages\/13675"}],"wp:featuredmedia":[{"embeddable":true,"href":"https:\/\/trimaco.com\/es\/wp-json\/wp\/v2\/media\/17554"}],"wp:attachment":[{"href":"https:\/\/trimaco.com\/es\/wp-json\/wp\/v2\/media?parent=13711"}],"curies":[{"name":"wp","href":"https:\/\/api.w.org\/{rel}","templated":true}]}}