{"id":13700,"date":"2021-05-07T11:12:25","date_gmt":"2021-05-07T15:12:25","guid":{"rendered":"https:\/\/trimaco.wpengine.com\/productos\/panos-colgantes\/pano-recoge-gotas-one-tuff\/"},"modified":"2024-04-29T14:53:02","modified_gmt":"2024-04-29T18:53:02","slug":"pano-recoge-gotas-one-tuff","status":"publish","type":"page","link":"https:\/\/trimaco.com\/es\/productos\/panos-colgantes\/pano-recoge-gotas-one-tuff\/","title":{"rendered":"Pa\u00f1o recoge gotas One Tuff\u00ae"},"content":{"rendered":"<p>El Pa\u00f1o recoge gotas One Tuff\u00ae es perfecto para pintar, enyesar y barnizar. Durable, manejable y antideslizante, el pa\u00f1o recoge gotas de tela azul muestra la pintura y es absorbente para evitar el dejar huellas. <\/p>\n<p>El Pa\u00f1o recoge gotas One Tuff\u00ae de Trimaco es f\u00e1cil de manejar y maniobrar, al tiempo que ofrece una protecci\u00f3n duradera y resistente a las fugas. No deje que la tela ligera le enga\u00f1e, le encantar\u00e1 este pa\u00f1o recoge gotas para el pintor. El lado del pa\u00f1o absorbe mientras que la parte posterior de la pel\u00edcula de PE proporciona la m\u00e1xima protecci\u00f3n contra las fugas. Este protector de superficie no decepcionar\u00e1.<\/p>\n<ul>\n<li>Resistente a las fugas de todas las pinturas + barnices<\/li>\n<li>Antideslizante<\/li>\n<li>Durable + Reutilizable<\/li>\n<li>No es lavable<\/li>\n<\/ul>\n<p>\u00a1Aseg\u00farese de explorar nuestros <a href=\"https:\/\/trimaco.com\/es\/productos\/panos-colgantes\/pano-recoge-gotas-de-lona\/\">pa\u00f1os recoge gotas de lona tradicionales<\/a>, y opciones de butilo de peso <a href=\"https:\/\/trimaco.com\/es\/productos\/panos-colgantes\/\">pesado<\/a> resistentes a fugas!<\/p>\n<p><em>Pa\u00f1o recoge gotas One Tuff\u00ae<\/em><\/p>\n<table>\n<tbody>\n<tr>\n<th># de Art\u00edculo<\/th>\n<th>Paquete de<\/th>\n<th>Tama\u00f1o<\/th>\n<\/tr>\n<tr>\n<td>90019<\/td>\n<td>6<\/td>\n<td>9&#8242; x 12&#8242;<\/td>\n<\/tr>\n<tr>\n<td>90039<\/td>\n<td>4<\/td>\n<td>12&#8242; x 15&#8242;<\/td>\n<\/tr>\n<tr>\n<td>90099<\/td>\n<td>12<\/td>\n<td>4&#8242; x 15&#8242;<\/td>\n<\/tr>\n<tr>\n<td>90092<\/td>\n<td>12<\/td>\n<td>4&#8242; x 15&#8242; &#8211; 2pk<\/td>\n<\/tr>\n<tr>\n<td>90088<\/td>\n<td>12<\/td>\n<td>6&#8242; x 8&#8242;<\/td>\n<\/tr>\n<\/tbody>\n<\/table>\n<p><em>Protector de pisos OneTuff\u00ae<\/em><\/p>\n<table>\n<tbody>\n<tr>\n<th># de Art\u00edculo<\/th>\n<th>Paquete de<\/th>\n<th>Tama\u00f1o<\/th>\n<\/tr>\n<tr>\n<td>90050<\/td>\n<td>16<\/td>\n<td>24&#8243; x 50&#8242;<\/td>\n<\/tr>\n<tr>\n<td>90100<\/td>\n<td>9<\/td>\n<td>24&#8243; x 100&#8242;<\/td>\n<\/tr>\n<tr>\n<td>90200<\/td>\n<td>4<\/td>\n<td>24&#8243; x 200&#8242;<\/td>\n<\/tr>\n<tr>\n<td>94820<\/td>\n<td>1<\/td>\n<td>48&#8243; x 200&#8242;<\/td>\n<\/tr>\n<\/tbody>\n<\/table>\n","protected":false},"excerpt":{"rendered":"<p>El material ligero es ideal para pintar, barnizar y enlucir. Nada pasar\u00e1 por el One Tuff\u00ae.<\/p>\n","protected":false},"author":2,"featured_media":13483,"parent":13675,"menu_order":8,"comment_status":"closed","ping_status":"closed","template":"page_products-grandchild.php","meta":{"_acf_changed":false,"footnotes":""},"class_list":["post-13700","page","type-page","status-publish","has-post-thumbnail","hentry"],"acf":[],"yoast_head":"<!-- This site is optimized with the Yoast SEO plugin v27.5 - https:\/\/yoast.com\/product\/yoast-seo-wordpress\/ -->\n<title>Pa\u00f1o Recoge Gotas One Tuff\u00ae - Trimaco<\/title>\n<meta name=\"description\" content=\"El pa\u00f1o recoge gotas One Tuff\u00ae, es resistente a las fugas, duradero y reutilizable. \u00a1Ideal para pintar, enyesar, barnizar y m\u00e1s!\" \/>\n<meta name=\"robots\" content=\"index, follow, max-snippet:-1, max-image-preview:large, max-video-preview:-1\" \/>\n<link rel=\"canonical\" href=\"https:\/\/trimaco.com\/es\/productos\/panos-colgantes\/pano-recoge-gotas-one-tuff\/\" \/>\n<meta property=\"og:locale\" content=\"es_ES\" \/>\n<meta property=\"og:type\" content=\"article\" \/>\n<meta property=\"og:title\" content=\"Pa\u00f1o Recoge Gotas One Tuff\u00ae - Trimaco\" \/>\n<meta property=\"og:description\" content=\"El pa\u00f1o recoge gotas One Tuff\u00ae, es resistente a las fugas, duradero y reutilizable. \u00a1Ideal para pintar, enyesar, barnizar y m\u00e1s!\" \/>\n<meta property=\"og:url\" content=\"https:\/\/trimaco.com\/es\/productos\/panos-colgantes\/pano-recoge-gotas-one-tuff\/\" \/>\n<meta property=\"og:site_name\" content=\"Trimaco\" \/>\n<meta property=\"article:publisher\" content=\"https:\/\/www.facebook.com\/pages\/Trimaco\/346858225385747?ref=ts\" \/>\n<meta property=\"article:modified_time\" content=\"2024-04-29T18:53:02+00:00\" \/>\n<meta property=\"og:image\" content=\"https:\/\/trimaco.com\/wp-content\/uploads\/2016\/11\/onetuffdrop-5.jpg\" \/>\n\t<meta property=\"og:image:width\" content=\"1000\" \/>\n\t<meta property=\"og:image:height\" content=\"1000\" \/>\n\t<meta property=\"og:image:type\" content=\"image\/jpeg\" \/>\n<meta name=\"twitter:card\" content=\"summary_large_image\" \/>\n<meta name=\"twitter:site\" content=\"@trimacoinc\" \/>\n<meta name=\"twitter:label1\" content=\"Tiempo de lectura\" \/>\n\t<meta name=\"twitter:data1\" content=\"2 minutos\" \/>\n<!-- \/ Yoast SEO plugin. -->","yoast_head_json":{"title":"Pa\u00f1o Recoge Gotas One Tuff\u00ae - Trimaco","description":"El pa\u00f1o recoge gotas One Tuff\u00ae, es resistente a las fugas, duradero y reutilizable. \u00a1Ideal para pintar, enyesar, barnizar y m\u00e1s!","robots":{"index":"index","follow":"follow","max-snippet":"max-snippet:-1","max-image-preview":"max-image-preview:large","max-video-preview":"max-video-preview:-1"},"canonical":"https:\/\/trimaco.com\/es\/productos\/panos-colgantes\/pano-recoge-gotas-one-tuff\/","og_locale":"es_ES","og_type":"article","og_title":"Pa\u00f1o Recoge Gotas One Tuff\u00ae - Trimaco","og_description":"El pa\u00f1o recoge gotas One Tuff\u00ae, es resistente a las fugas, duradero y reutilizable. \u00a1Ideal para pintar, enyesar, barnizar y m\u00e1s!","og_url":"https:\/\/trimaco.com\/es\/productos\/panos-colgantes\/pano-recoge-gotas-one-tuff\/","og_site_name":"Trimaco","article_publisher":"https:\/\/www.facebook.com\/pages\/Trimaco\/346858225385747?ref=ts","article_modified_time":"2024-04-29T18:53:02+00:00","og_image":[{"width":1000,"height":1000,"url":"https:\/\/trimaco.com\/wp-content\/uploads\/2016\/11\/onetuffdrop-5.jpg","type":"image\/jpeg"}],"twitter_card":"summary_large_image","twitter_site":"@trimacoinc","twitter_misc":{"Tiempo de lectura":"2 minutos"},"schema":{"@context":"https:\/\/schema.org","@graph":[{"@type":"WebPage","@id":"https:\/\/trimaco.com\/es\/productos\/panos-colgantes\/pano-recoge-gotas-one-tuff\/","url":"https:\/\/trimaco.com\/es\/productos\/panos-colgantes\/pano-recoge-gotas-one-tuff\/","name":"Pa\u00f1o Recoge Gotas One Tuff\u00ae - Trimaco","isPartOf":{"@id":"https:\/\/trimaco.com\/#website"},"primaryImageOfPage":{"@id":"https:\/\/trimaco.com\/es\/productos\/panos-colgantes\/pano-recoge-gotas-one-tuff\/#primaryimage"},"image":{"@id":"https:\/\/trimaco.com\/es\/productos\/panos-colgantes\/pano-recoge-gotas-one-tuff\/#primaryimage"},"thumbnailUrl":"https:\/\/trimaco.com\/wp-content\/uploads\/2016\/11\/onetuffdrop-5.jpg","datePublished":"2021-05-07T15:12:25+00:00","dateModified":"2024-04-29T18:53:02+00:00","description":"El pa\u00f1o recoge gotas One Tuff\u00ae, es resistente a las fugas, duradero y reutilizable. \u00a1Ideal para pintar, enyesar, barnizar y m\u00e1s!","breadcrumb":{"@id":"https:\/\/trimaco.com\/es\/productos\/panos-colgantes\/pano-recoge-gotas-one-tuff\/#breadcrumb"},"inLanguage":"es","potentialAction":[{"@type":"ReadAction","target":["https:\/\/trimaco.com\/es\/productos\/panos-colgantes\/pano-recoge-gotas-one-tuff\/"]}]},{"@type":"ImageObject","inLanguage":"es","@id":"https:\/\/trimaco.com\/es\/productos\/panos-colgantes\/pano-recoge-gotas-one-tuff\/#primaryimage","url":"https:\/\/trimaco.com\/wp-content\/uploads\/2016\/11\/onetuffdrop-5.jpg","contentUrl":"https:\/\/trimaco.com\/wp-content\/uploads\/2016\/11\/onetuffdrop-5.jpg","width":1000,"height":1000,"caption":"fabric drop sheet"},{"@type":"BreadcrumbList","@id":"https:\/\/trimaco.com\/es\/productos\/panos-colgantes\/pano-recoge-gotas-one-tuff\/#breadcrumb","itemListElement":[{"@type":"ListItem","position":1,"name":"Home","item":"https:\/\/trimaco.com\/"},{"@type":"ListItem","position":2,"name":"Productos","item":"https:\/\/trimaco.com\/es\/productos\/"},{"@type":"ListItem","position":3,"name":"Pa\u00f1os colgantes","item":"https:\/\/trimaco.com\/es\/productos\/panos-colgantes\/"},{"@type":"ListItem","position":4,"name":"Pa\u00f1o recoge gotas One Tuff\u00ae"}]},{"@type":"WebSite","@id":"https:\/\/trimaco.com\/#website","url":"https:\/\/trimaco.com\/","name":"Trimaco","description":"Total Jobsite Protection\u2122","publisher":{"@id":"https:\/\/trimaco.com\/#organization"},"potentialAction":[{"@type":"SearchAction","target":{"@type":"EntryPoint","urlTemplate":"https:\/\/trimaco.com\/?s={search_term_string}"},"query-input":{"@type":"PropertyValueSpecification","valueRequired":true,"valueName":"search_term_string"}}],"inLanguage":"es"},{"@type":"Organization","@id":"https:\/\/trimaco.com\/#organization","name":"Trimaco","url":"https:\/\/trimaco.com\/","logo":{"@type":"ImageObject","inLanguage":"es","@id":"https:\/\/trimaco.com\/#\/schema\/logo\/image\/","url":"https:\/\/trimaco.com\/wp-content\/uploads\/2016\/08\/login-logo.png","contentUrl":"https:\/\/trimaco.com\/wp-content\/uploads\/2016\/08\/login-logo.png","width":450,"height":69,"caption":"Trimaco"},"image":{"@id":"https:\/\/trimaco.com\/#\/schema\/logo\/image\/"},"sameAs":["https:\/\/www.facebook.com\/pages\/Trimaco\/346858225385747?ref=ts","https:\/\/x.com\/trimacoinc","https:\/\/www.instagram.com\/trimaco_inc\/","https:\/\/pinterest.com\/trimaco\/","https:\/\/www.youtube.com\/c\/trimacoinc"]}]}},"_links":{"self":[{"href":"https:\/\/trimaco.com\/es\/wp-json\/wp\/v2\/pages\/13700","targetHints":{"allow":["GET"]}}],"collection":[{"href":"https:\/\/trimaco.com\/es\/wp-json\/wp\/v2\/pages"}],"about":[{"href":"https:\/\/trimaco.com\/es\/wp-json\/wp\/v2\/types\/page"}],"author":[{"embeddable":true,"href":"https:\/\/trimaco.com\/es\/wp-json\/wp\/v2\/users\/2"}],"replies":[{"embeddable":true,"href":"https:\/\/trimaco.com\/es\/wp-json\/wp\/v2\/comments?post=13700"}],"version-history":[{"count":0,"href":"https:\/\/trimaco.com\/es\/wp-json\/wp\/v2\/pages\/13700\/revisions"}],"up":[{"embeddable":true,"href":"https:\/\/trimaco.com\/es\/wp-json\/wp\/v2\/pages\/13675"}],"wp:featuredmedia":[{"embeddable":true,"href":"https:\/\/trimaco.com\/es\/wp-json\/wp\/v2\/media\/13483"}],"wp:attachment":[{"href":"https:\/\/trimaco.com\/es\/wp-json\/wp\/v2\/media?parent=13700"}],"curies":[{"name":"wp","href":"https:\/\/api.w.org\/{rel}","templated":true}]}}