{"id":13696,"date":"2021-05-07T11:05:55","date_gmt":"2021-05-07T15:05:55","guid":{"rendered":"https:\/\/trimaco.wpengine.com\/productos\/panos-colgantes\/pano-de-lona-butyl-ii\/"},"modified":"2024-04-08T17:16:15","modified_gmt":"2024-04-08T21:16:15","slug":"pano-de-lona-butyl-ii","status":"publish","type":"page","link":"https:\/\/trimaco.com\/es\/productos\/panos-colgantes\/pano-de-lona-butyl-ii\/","title":{"rendered":"Pa\u00f1o de Lona Butyl II\u00ae"},"content":{"rendered":"<p>El Pa\u00f1o recoge gotas de lona para el pintor Butyl II\u00ae de Trimaco tiene un respaldo de poli resistente a las fugas que evita que los derrames y salpicaduras se filtren. El Butyl II\u00ae est\u00e1 garantizado para superar los 8oz., 10oz., y 12oz. <\/p>\n<p>La capa superior est\u00e1 hecha de lona de algod\u00f3n absorbente, mientras que la capa inferior tiene un respaldo de poli para reducir el deslizamiento y que evitar\u00e1 que la pintura se filtre. El pa\u00f1o recoge gotas de lona para el pintor es s\u00faper absorbente, resistente a las fugas y cubre bien los muebles.<\/p>\n<p>Los acabados de los hilvanes y costuras de calidad se mantienen con el tiempo con m\u00faltiples usos. Los pa\u00f1os recoge gotas de 12&#215;15 y 9&#215;12 son ideales para habitaciones grandes y cubrir muebles, mientras que los pa\u00f1os para corredor son ideales para pasillos estrechos y retoques.<\/p>\n<ul>\n<li>Lona absorbente gruesa, pero ligera<\/li>\n<li>Duradero y reutilizable<\/li>\n<li>Revestimiento resistente a fugas<\/li>\n<li>Se moldea muy bien encima de los muebles<\/li>\n<li>Limpie en forma localizada solamente<\/li>\n<\/ul>\n<p>\u00a1Aseg\u00farese de explorar nuestros pa\u00f1os recoge gotas de tela de<a href=\"https:\/\/trimaco.com\/es\/productos\/panos-colgantes\/pano-recoge-gotas-de-lona\/\">lona<\/a>tradicional y otras <a href=\"https:\/\/trimaco.com\/es\/productos\/panos-colgantes\/\">opciones de butilo de servicio pesado<\/a>!<\/p>\n<p><em>Butyl II\u00ae<\/em><\/p>\n<table>\n<tbody>\n<tr>\n<th># de Art\u00edculo<\/th>\n<th>Paquete de<\/th>\n<th>Tama\u00f1o<\/th>\n<\/tr>\n<tr>\n<td>85321<\/td>\n<td>6<\/td>\n<td>9&#8242; x 12&#8242;<\/td>\n<\/tr>\n<tr>\n<td>85323<\/td>\n<td>4<\/td>\n<td>12&#8242; x 15&#8242;<\/td>\n<\/tr>\n<tr>\n<td>85328<\/td>\n<td>12<\/td>\n<td>4&#8242; x 15&#8242;<\/td>\n<\/tr>\n<tr>\n<td>85355<\/td>\n<td>12<\/td>\n<td>5&#8242; x 5&#8242;<\/td>\n<\/tr>\n<\/tbody>\n<\/table>\n","protected":false},"excerpt":{"rendered":"<p>Lona con respaldo poli resistente a fugas. <\/p>\n","protected":false},"author":2,"featured_media":13476,"parent":13675,"menu_order":6,"comment_status":"closed","ping_status":"closed","template":"page_products-grandchild.php","meta":{"_acf_changed":false,"footnotes":""},"class_list":["post-13696","page","type-page","status-publish","has-post-thumbnail","hentry"],"acf":[],"yoast_head":"<!-- This site is optimized with the Yoast SEO plugin v27.5 - https:\/\/yoast.com\/product\/yoast-seo-wordpress\/ -->\n<title>Pa\u00f1o Recoge Gotas de Lona Para Pintor - Trimaco<\/title>\n<meta name=\"description\" content=\"El pa\u00f1o recoge gotas de lona Butyl II\u00ae para pintores es resistente a fugas que evita que la pintura se filtre. Acabados de los hilvanes y costuras de calidad.\" \/>\n<meta name=\"robots\" content=\"index, follow, max-snippet:-1, max-image-preview:large, max-video-preview:-1\" \/>\n<link rel=\"canonical\" href=\"https:\/\/trimaco.com\/es\/productos\/panos-colgantes\/pano-de-lona-butyl-ii\/\" \/>\n<meta property=\"og:locale\" content=\"es_ES\" \/>\n<meta property=\"og:type\" content=\"article\" \/>\n<meta property=\"og:title\" content=\"Pa\u00f1o Recoge Gotas de Lona Para Pintor - Trimaco\" \/>\n<meta property=\"og:description\" content=\"El pa\u00f1o recoge gotas de lona Butyl II\u00ae para pintores es resistente a fugas que evita que la pintura se filtre. Acabados de los hilvanes y costuras de calidad.\" \/>\n<meta property=\"og:url\" content=\"https:\/\/trimaco.com\/es\/productos\/panos-colgantes\/pano-de-lona-butyl-ii\/\" \/>\n<meta property=\"og:site_name\" content=\"Trimaco\" \/>\n<meta property=\"article:publisher\" content=\"https:\/\/www.facebook.com\/pages\/Trimaco\/346858225385747?ref=ts\" \/>\n<meta property=\"article:modified_time\" content=\"2024-04-08T21:16:15+00:00\" \/>\n<meta property=\"og:image\" content=\"https:\/\/trimaco.com\/wp-content\/uploads\/2016\/11\/butyl-ll-1.jpg\" \/>\n\t<meta property=\"og:image:width\" content=\"1000\" \/>\n\t<meta property=\"og:image:height\" content=\"1000\" \/>\n\t<meta property=\"og:image:type\" content=\"image\/jpeg\" \/>\n<meta name=\"twitter:card\" content=\"summary_large_image\" \/>\n<meta name=\"twitter:site\" content=\"@trimacoinc\" \/>\n<meta name=\"twitter:label1\" content=\"Tiempo de lectura\" \/>\n\t<meta name=\"twitter:data1\" content=\"1 minuto\" \/>\n<!-- \/ Yoast SEO plugin. -->","yoast_head_json":{"title":"Pa\u00f1o Recoge Gotas de Lona Para Pintor - Trimaco","description":"El pa\u00f1o recoge gotas de lona Butyl II\u00ae para pintores es resistente a fugas que evita que la pintura se filtre. Acabados de los hilvanes y costuras de calidad.","robots":{"index":"index","follow":"follow","max-snippet":"max-snippet:-1","max-image-preview":"max-image-preview:large","max-video-preview":"max-video-preview:-1"},"canonical":"https:\/\/trimaco.com\/es\/productos\/panos-colgantes\/pano-de-lona-butyl-ii\/","og_locale":"es_ES","og_type":"article","og_title":"Pa\u00f1o Recoge Gotas de Lona Para Pintor - Trimaco","og_description":"El pa\u00f1o recoge gotas de lona Butyl II\u00ae para pintores es resistente a fugas que evita que la pintura se filtre. Acabados de los hilvanes y costuras de calidad.","og_url":"https:\/\/trimaco.com\/es\/productos\/panos-colgantes\/pano-de-lona-butyl-ii\/","og_site_name":"Trimaco","article_publisher":"https:\/\/www.facebook.com\/pages\/Trimaco\/346858225385747?ref=ts","article_modified_time":"2024-04-08T21:16:15+00:00","og_image":[{"width":1000,"height":1000,"url":"https:\/\/trimaco.com\/wp-content\/uploads\/2016\/11\/butyl-ll-1.jpg","type":"image\/jpeg"}],"twitter_card":"summary_large_image","twitter_site":"@trimacoinc","twitter_misc":{"Tiempo de lectura":"1 minuto"},"schema":{"@context":"https:\/\/schema.org","@graph":[{"@type":"WebPage","@id":"https:\/\/trimaco.com\/es\/productos\/panos-colgantes\/pano-de-lona-butyl-ii\/","url":"https:\/\/trimaco.com\/es\/productos\/panos-colgantes\/pano-de-lona-butyl-ii\/","name":"Pa\u00f1o Recoge Gotas de Lona Para Pintor - Trimaco","isPartOf":{"@id":"https:\/\/trimaco.com\/#website"},"primaryImageOfPage":{"@id":"https:\/\/trimaco.com\/es\/productos\/panos-colgantes\/pano-de-lona-butyl-ii\/#primaryimage"},"image":{"@id":"https:\/\/trimaco.com\/es\/productos\/panos-colgantes\/pano-de-lona-butyl-ii\/#primaryimage"},"thumbnailUrl":"https:\/\/trimaco.com\/wp-content\/uploads\/2016\/11\/butyl-ll-1.jpg","datePublished":"2021-05-07T15:05:55+00:00","dateModified":"2024-04-08T21:16:15+00:00","description":"El pa\u00f1o recoge gotas de lona Butyl II\u00ae para pintores es resistente a fugas que evita que la pintura se filtre. Acabados de los hilvanes y costuras de calidad.","breadcrumb":{"@id":"https:\/\/trimaco.com\/es\/productos\/panos-colgantes\/pano-de-lona-butyl-ii\/#breadcrumb"},"inLanguage":"es","potentialAction":[{"@type":"ReadAction","target":["https:\/\/trimaco.com\/es\/productos\/panos-colgantes\/pano-de-lona-butyl-ii\/"]}]},{"@type":"ImageObject","inLanguage":"es","@id":"https:\/\/trimaco.com\/es\/productos\/panos-colgantes\/pano-de-lona-butyl-ii\/#primaryimage","url":"https:\/\/trimaco.com\/wp-content\/uploads\/2016\/11\/butyl-ll-1.jpg","contentUrl":"https:\/\/trimaco.com\/wp-content\/uploads\/2016\/11\/butyl-ll-1.jpg","width":1000,"height":1000,"caption":"painter's drop sheet"},{"@type":"BreadcrumbList","@id":"https:\/\/trimaco.com\/es\/productos\/panos-colgantes\/pano-de-lona-butyl-ii\/#breadcrumb","itemListElement":[{"@type":"ListItem","position":1,"name":"Home","item":"https:\/\/trimaco.com\/"},{"@type":"ListItem","position":2,"name":"Productos","item":"https:\/\/trimaco.com\/es\/productos\/"},{"@type":"ListItem","position":3,"name":"Pa\u00f1os colgantes","item":"https:\/\/trimaco.com\/es\/productos\/panos-colgantes\/"},{"@type":"ListItem","position":4,"name":"Pa\u00f1o de Lona Butyl II\u00ae"}]},{"@type":"WebSite","@id":"https:\/\/trimaco.com\/#website","url":"https:\/\/trimaco.com\/","name":"Trimaco","description":"Total Jobsite Protection\u2122","publisher":{"@id":"https:\/\/trimaco.com\/#organization"},"potentialAction":[{"@type":"SearchAction","target":{"@type":"EntryPoint","urlTemplate":"https:\/\/trimaco.com\/?s={search_term_string}"},"query-input":{"@type":"PropertyValueSpecification","valueRequired":true,"valueName":"search_term_string"}}],"inLanguage":"es"},{"@type":"Organization","@id":"https:\/\/trimaco.com\/#organization","name":"Trimaco","url":"https:\/\/trimaco.com\/","logo":{"@type":"ImageObject","inLanguage":"es","@id":"https:\/\/trimaco.com\/#\/schema\/logo\/image\/","url":"https:\/\/trimaco.com\/wp-content\/uploads\/2016\/08\/login-logo.png","contentUrl":"https:\/\/trimaco.com\/wp-content\/uploads\/2016\/08\/login-logo.png","width":450,"height":69,"caption":"Trimaco"},"image":{"@id":"https:\/\/trimaco.com\/#\/schema\/logo\/image\/"},"sameAs":["https:\/\/www.facebook.com\/pages\/Trimaco\/346858225385747?ref=ts","https:\/\/x.com\/trimacoinc","https:\/\/www.instagram.com\/trimaco_inc\/","https:\/\/pinterest.com\/trimaco\/","https:\/\/www.youtube.com\/c\/trimacoinc"]}]}},"_links":{"self":[{"href":"https:\/\/trimaco.com\/es\/wp-json\/wp\/v2\/pages\/13696","targetHints":{"allow":["GET"]}}],"collection":[{"href":"https:\/\/trimaco.com\/es\/wp-json\/wp\/v2\/pages"}],"about":[{"href":"https:\/\/trimaco.com\/es\/wp-json\/wp\/v2\/types\/page"}],"author":[{"embeddable":true,"href":"https:\/\/trimaco.com\/es\/wp-json\/wp\/v2\/users\/2"}],"replies":[{"embeddable":true,"href":"https:\/\/trimaco.com\/es\/wp-json\/wp\/v2\/comments?post=13696"}],"version-history":[{"count":0,"href":"https:\/\/trimaco.com\/es\/wp-json\/wp\/v2\/pages\/13696\/revisions"}],"up":[{"embeddable":true,"href":"https:\/\/trimaco.com\/es\/wp-json\/wp\/v2\/pages\/13675"}],"wp:featuredmedia":[{"embeddable":true,"href":"https:\/\/trimaco.com\/es\/wp-json\/wp\/v2\/media\/13476"}],"wp:attachment":[{"href":"https:\/\/trimaco.com\/es\/wp-json\/wp\/v2\/media?parent=13696"}],"curies":[{"name":"wp","href":"https:\/\/api.w.org\/{rel}","templated":true}]}}