{"id":13693,"date":"2021-05-07T11:03:09","date_gmt":"2021-05-07T15:03:09","guid":{"rendered":"https:\/\/trimaco.wpengine.com\/productos\/panos-colgantes\/pano-recoge-gotas-de-vinilo-antideslizante-stay-put\/"},"modified":"2023-05-16T13:36:22","modified_gmt":"2023-05-16T17:36:22","slug":"pano-recoge-gotas-de-vinilo-antideslizante-stay-put","status":"publish","type":"page","link":"https:\/\/trimaco.com\/es\/productos\/panos-colgantes\/pano-recoge-gotas-de-vinilo-antideslizante-stay-put\/","title":{"rendered":"Pa\u00f1o recoge gotas de vinilo antideslizante Stay Put\u00ae"},"content":{"rendered":"<p>Es hora de deshacerse de su pl\u00e1stico est\u00e1ndar resbaladizo y probar el Pa\u00f1o recoge gotas de vinilo Stay Put\u00ae 31% m\u00e1s resistente a los deslizamientos que un pa\u00f1o de pl\u00e1stico tradicional, puede colocarlo en madera, vinilo, azulejos, alfombras o muebles. El pa\u00f1o recoge gotas de pintor es a prueba de fugas y se agarra a las superficies. Con su tecnolog\u00eda texturizada antideslizante, no hay necesidad de preocuparse por que el Stay Put\u00ae se de deslice fuera de la superficie en medio del trabajo. \u00a1Es a\u00fan m\u00e1s resistente a los deslizamientos que la lona! Es simple, Stay Put\u00ae se queda quieto.<\/p>\n<ul>\n<li>\u00a1A prueba de fugas + se agarra + moldeable!<\/li>\n<li>Se queda quieto en madera, vinilo, azulejos + alfombra<\/li>\n<li>Moldeable para mejorar la protecci\u00f3n<\/li>\n<li>El Pa\u00f1o recoge gotas de vinilo Stay Put\u00ae no es lavable<\/li>\n<\/ul>\n<p>Aseg\u00farese de explorar toda la gama de <a href=\"https:\/\/trimaco.com\/es\/productos\/panos-colgantes\/\">Pa\u00f1os<\/a> recoge gotas de Trimaco. Desde lona tradicional hasta butilo pesado, tenemos un pa\u00f1o para cualquier trabajo. <\/p>\n<p><em>Stay Put\u00ae<\/em><\/p>\n<table>\n<tbody>\n<tr>\n<th>Art\u00edculo #<\/th>\n<th>Paquete de<\/th>\n<th>Tama\u00f1o<\/th>\n<\/tr>\n<tr>\n<td>04301<\/td>\n<td>12<\/td>\n<td>9&#8242; x 12&#8242; &#8211; 2 mil<\/td>\n<\/tr>\n<\/tbody>\n<\/table>\n","protected":false},"excerpt":{"rendered":"<p>Pa\u00f1o recoge gotas de vinilo con respaldo texturizado para reducir el deslizamiento. <\/p>\n","protected":false},"author":2,"featured_media":13436,"parent":13675,"menu_order":5,"comment_status":"closed","ping_status":"closed","template":"page_products-grandchild.php","meta":{"_acf_changed":false,"footnotes":""},"class_list":["post-13693","page","type-page","status-publish","has-post-thumbnail","hentry"],"acf":[],"yoast_head":"<!-- This site is optimized with the Yoast SEO plugin v27.3 - https:\/\/yoast.com\/product\/yoast-seo-wordpress\/ -->\n<title>Pa\u00f1o Recoge Gotas de Vinilo Stay Put\u00ae - Trimaco<\/title>\n<meta name=\"description\" content=\"Nuestro pa\u00f1o recoge gotas de vinilo Stay Put\u00ae es resistente a prueba de fugas y se agarra a las superficies previniendo deslizamientos.\" \/>\n<meta name=\"robots\" content=\"index, follow, max-snippet:-1, max-image-preview:large, max-video-preview:-1\" \/>\n<link rel=\"canonical\" href=\"https:\/\/trimaco.com\/es\/productos\/panos-colgantes\/pano-recoge-gotas-de-vinilo-antideslizante-stay-put\/\" \/>\n<meta property=\"og:locale\" content=\"es_ES\" \/>\n<meta property=\"og:type\" content=\"article\" \/>\n<meta property=\"og:title\" content=\"Pa\u00f1o Recoge Gotas de Vinilo Stay Put\u00ae - Trimaco\" \/>\n<meta property=\"og:description\" content=\"Nuestro pa\u00f1o recoge gotas de vinilo Stay Put\u00ae es resistente a prueba de fugas y se agarra a las superficies previniendo deslizamientos.\" \/>\n<meta property=\"og:url\" content=\"https:\/\/trimaco.com\/es\/productos\/panos-colgantes\/pano-recoge-gotas-de-vinilo-antideslizante-stay-put\/\" \/>\n<meta property=\"og:site_name\" content=\"Trimaco\" \/>\n<meta property=\"article:publisher\" content=\"https:\/\/www.facebook.com\/pages\/Trimaco\/346858225385747?ref=ts\" \/>\n<meta property=\"article:modified_time\" content=\"2023-05-16T17:36:22+00:00\" \/>\n<meta property=\"og:image\" content=\"https:\/\/trimaco.com\/wp-content\/uploads\/2016\/11\/stayputvinyldrop-1.jpg\" \/>\n\t<meta property=\"og:image:width\" content=\"1000\" \/>\n\t<meta property=\"og:image:height\" content=\"1000\" \/>\n\t<meta property=\"og:image:type\" content=\"image\/jpeg\" \/>\n<meta name=\"twitter:card\" content=\"summary_large_image\" \/>\n<meta name=\"twitter:site\" content=\"@trimacoinc\" \/>\n<meta name=\"twitter:label1\" content=\"Tiempo de lectura\" \/>\n\t<meta name=\"twitter:data1\" content=\"1 minuto\" \/>\n<!-- \/ Yoast SEO plugin. -->","yoast_head_json":{"title":"Pa\u00f1o Recoge Gotas de Vinilo Stay Put\u00ae - Trimaco","description":"Nuestro pa\u00f1o recoge gotas de vinilo Stay Put\u00ae es resistente a prueba de fugas y se agarra a las superficies previniendo deslizamientos.","robots":{"index":"index","follow":"follow","max-snippet":"max-snippet:-1","max-image-preview":"max-image-preview:large","max-video-preview":"max-video-preview:-1"},"canonical":"https:\/\/trimaco.com\/es\/productos\/panos-colgantes\/pano-recoge-gotas-de-vinilo-antideslizante-stay-put\/","og_locale":"es_ES","og_type":"article","og_title":"Pa\u00f1o Recoge Gotas de Vinilo Stay Put\u00ae - Trimaco","og_description":"Nuestro pa\u00f1o recoge gotas de vinilo Stay Put\u00ae es resistente a prueba de fugas y se agarra a las superficies previniendo deslizamientos.","og_url":"https:\/\/trimaco.com\/es\/productos\/panos-colgantes\/pano-recoge-gotas-de-vinilo-antideslizante-stay-put\/","og_site_name":"Trimaco","article_publisher":"https:\/\/www.facebook.com\/pages\/Trimaco\/346858225385747?ref=ts","article_modified_time":"2023-05-16T17:36:22+00:00","og_image":[{"width":1000,"height":1000,"url":"https:\/\/trimaco.com\/wp-content\/uploads\/2016\/11\/stayputvinyldrop-1.jpg","type":"image\/jpeg"}],"twitter_card":"summary_large_image","twitter_site":"@trimacoinc","twitter_misc":{"Tiempo de lectura":"1 minuto"},"schema":{"@context":"https:\/\/schema.org","@graph":[{"@type":"WebPage","@id":"https:\/\/trimaco.com\/es\/productos\/panos-colgantes\/pano-recoge-gotas-de-vinilo-antideslizante-stay-put\/","url":"https:\/\/trimaco.com\/es\/productos\/panos-colgantes\/pano-recoge-gotas-de-vinilo-antideslizante-stay-put\/","name":"Pa\u00f1o Recoge Gotas de Vinilo Stay Put\u00ae - Trimaco","isPartOf":{"@id":"https:\/\/trimaco.com\/#website"},"primaryImageOfPage":{"@id":"https:\/\/trimaco.com\/es\/productos\/panos-colgantes\/pano-recoge-gotas-de-vinilo-antideslizante-stay-put\/#primaryimage"},"image":{"@id":"https:\/\/trimaco.com\/es\/productos\/panos-colgantes\/pano-recoge-gotas-de-vinilo-antideslizante-stay-put\/#primaryimage"},"thumbnailUrl":"https:\/\/trimaco.com\/wp-content\/uploads\/2016\/11\/stayputvinyldrop-1.jpg","datePublished":"2021-05-07T15:03:09+00:00","dateModified":"2023-05-16T17:36:22+00:00","description":"Nuestro pa\u00f1o recoge gotas de vinilo Stay Put\u00ae es resistente a prueba de fugas y se agarra a las superficies previniendo deslizamientos.","breadcrumb":{"@id":"https:\/\/trimaco.com\/es\/productos\/panos-colgantes\/pano-recoge-gotas-de-vinilo-antideslizante-stay-put\/#breadcrumb"},"inLanguage":"es","potentialAction":[{"@type":"ReadAction","target":["https:\/\/trimaco.com\/es\/productos\/panos-colgantes\/pano-recoge-gotas-de-vinilo-antideslizante-stay-put\/"]}]},{"@type":"ImageObject","inLanguage":"es","@id":"https:\/\/trimaco.com\/es\/productos\/panos-colgantes\/pano-recoge-gotas-de-vinilo-antideslizante-stay-put\/#primaryimage","url":"https:\/\/trimaco.com\/wp-content\/uploads\/2016\/11\/stayputvinyldrop-1.jpg","contentUrl":"https:\/\/trimaco.com\/wp-content\/uploads\/2016\/11\/stayputvinyldrop-1.jpg","width":1000,"height":1000,"caption":"vinyl dust sheet"},{"@type":"BreadcrumbList","@id":"https:\/\/trimaco.com\/es\/productos\/panos-colgantes\/pano-recoge-gotas-de-vinilo-antideslizante-stay-put\/#breadcrumb","itemListElement":[{"@type":"ListItem","position":1,"name":"Home","item":"https:\/\/trimaco.com\/"},{"@type":"ListItem","position":2,"name":"Productos","item":"https:\/\/trimaco.com\/es\/productos\/"},{"@type":"ListItem","position":3,"name":"Pa\u00f1os colgantes","item":"https:\/\/trimaco.com\/es\/productos\/panos-colgantes\/"},{"@type":"ListItem","position":4,"name":"Pa\u00f1o recoge gotas de vinilo antideslizante Stay Put\u00ae"}]},{"@type":"WebSite","@id":"https:\/\/trimaco.com\/#website","url":"https:\/\/trimaco.com\/","name":"Trimaco","description":"Total Jobsite Protection\u2122","publisher":{"@id":"https:\/\/trimaco.com\/#organization"},"potentialAction":[{"@type":"SearchAction","target":{"@type":"EntryPoint","urlTemplate":"https:\/\/trimaco.com\/?s={search_term_string}"},"query-input":{"@type":"PropertyValueSpecification","valueRequired":true,"valueName":"search_term_string"}}],"inLanguage":"es"},{"@type":"Organization","@id":"https:\/\/trimaco.com\/#organization","name":"Trimaco","url":"https:\/\/trimaco.com\/","logo":{"@type":"ImageObject","inLanguage":"es","@id":"https:\/\/trimaco.com\/#\/schema\/logo\/image\/","url":"https:\/\/trimaco.com\/wp-content\/uploads\/2016\/08\/login-logo.png","contentUrl":"https:\/\/trimaco.com\/wp-content\/uploads\/2016\/08\/login-logo.png","width":450,"height":69,"caption":"Trimaco"},"image":{"@id":"https:\/\/trimaco.com\/#\/schema\/logo\/image\/"},"sameAs":["https:\/\/www.facebook.com\/pages\/Trimaco\/346858225385747?ref=ts","https:\/\/x.com\/trimacoinc","https:\/\/www.instagram.com\/trimaco_inc\/","https:\/\/pinterest.com\/trimaco\/","https:\/\/www.youtube.com\/c\/trimacoinc"]}]}},"_links":{"self":[{"href":"https:\/\/trimaco.com\/es\/wp-json\/wp\/v2\/pages\/13693","targetHints":{"allow":["GET"]}}],"collection":[{"href":"https:\/\/trimaco.com\/es\/wp-json\/wp\/v2\/pages"}],"about":[{"href":"https:\/\/trimaco.com\/es\/wp-json\/wp\/v2\/types\/page"}],"author":[{"embeddable":true,"href":"https:\/\/trimaco.com\/es\/wp-json\/wp\/v2\/users\/2"}],"replies":[{"embeddable":true,"href":"https:\/\/trimaco.com\/es\/wp-json\/wp\/v2\/comments?post=13693"}],"version-history":[{"count":0,"href":"https:\/\/trimaco.com\/es\/wp-json\/wp\/v2\/pages\/13693\/revisions"}],"up":[{"embeddable":true,"href":"https:\/\/trimaco.com\/es\/wp-json\/wp\/v2\/pages\/13675"}],"wp:featuredmedia":[{"embeddable":true,"href":"https:\/\/trimaco.com\/es\/wp-json\/wp\/v2\/media\/13436"}],"wp:attachment":[{"href":"https:\/\/trimaco.com\/es\/wp-json\/wp\/v2\/media?parent=13693"}],"curies":[{"name":"wp","href":"https:\/\/api.w.org\/{rel}","templated":true}]}}