{"id":13691,"date":"2021-05-07T10:56:43","date_gmt":"2021-05-07T14:56:43","guid":{"rendered":"https:\/\/trimaco.wpengine.com\/productos\/panos-colgantes\/pano-recoge-gotas-smart-grip\/"},"modified":"2025-03-11T12:22:47","modified_gmt":"2025-03-11T16:22:47","slug":"pano-recoge-gotas-smart-grip","status":"publish","type":"page","link":"https:\/\/trimaco.com\/es\/productos\/panos-colgantes\/pano-recoge-gotas-smart-grip\/","title":{"rendered":"Pa\u00f1o recoge gotas Smart Grip\u00ae"},"content":{"rendered":"<p>120% m\u00e1s resistente a los deslizamientos que un pa\u00f1o recoge gotas de lona tradicional de 8 oz, el Smart Grip\u00ae de Trimaco es un pa\u00f1o ligero pero duradero. Hecho en Am\u00e9rica con una parte superior de tela absorbente y una parte posterior resistente a fugas y con agarre, este pa\u00f1o recoge gotas blanco es una alternativa segura que proporciona protecci\u00f3n contra pinturas, manchas, polvo y suciedad. <\/p>\n<p>Este pa\u00f1o para pintor es ligero y f\u00e1cil de manejar, a la vez que proporciona una protecci\u00f3n de superficie fiable. Para obtener la m\u00e1xima protecci\u00f3n contra fugas y para reducir las huellas y el deslizamiento, utilice el lado no tejido hacia arriba y el lado recubierto hacia abajo. El pa\u00f1o recoge gotas, antideslizante se puede utilizar para proteger varias superficies como maderas duras, azulejos, vinilos, hormig\u00f3n, muebles y m\u00e1s, de todas las pinturas y barnices. <\/p>\n<ul>\n<li>El pa\u00f1o recoge gotas es resistente a fugas y deslizamientos<\/li>\n<li>El pa\u00f1o recoge gotas blanco cuenta con una parte superior absorbente y un respaldo de agarre<\/li>\n<li>Durable<\/li>\n<li>Protege las superficies de todas las pinturas, barnices, polvo y suciedad<\/li>\n<li>El pa\u00f1o recoge gotas permanece en su lugar en varias superficies<\/li>\n<li>Hecho en los EE.UU.<\/li>\n<\/ul>\n<p>Explore la l\u00ednea completa de pa\u00f1os recoge gotas resistentes a deslizamientos de Trimaco, incluyendo el <a href=\"https:\/\/trimaco.com\/es\/productos\/panos-colgantes\/pano-de-lona-antideslizante-stayput\/\">Stay Put\u00ae Canvas Plus<\/a>, Smart Grip Canvas, <a href=\"https:\/\/trimaco.com\/es\/productos\/panos-colgantes\/pano-recoge-gotas-de-vinilo-antideslizante-stay-put\/\">Stay Put\u00ae Vinyl<\/a> y <a href=\"https:\/\/trimaco.com\/es\/productos\/panos-colgantes\/pano-recoge-gotas-eliminator\/\">Eliminator\u00ae<\/a>. <\/p>\n<p><em>Pa\u00f1o recoge gotas Smart Grip\u00ae<\/em><\/p>\n<table>\n<tbody>\n<tr>\n<th># de Art\u00edculo<\/th>\n<th>Paquete de<\/th>\n<th>Tama\u00f1o<\/th>\n<\/tr>\n<tr>\n<td>85434<\/td>\n<td>6<\/td>\n<td>4&#8242; x 10&#8242;<\/td>\n<\/tr>\n<tr>\n<td>85437<\/td>\n<td>6<\/td>\n<td>8&#8242; x 12&#8242;<\/td>\n<\/tr>\n<\/tbody>\n<\/table>\n","protected":false},"excerpt":{"rendered":"<p>El Smart Grip\u00ae de Trimaco es un pa\u00f1o de tela ligero, resistente a fugas y deslizamientos. <\/p>\n","protected":false},"author":9,"featured_media":11574,"parent":13675,"menu_order":4,"comment_status":"closed","ping_status":"closed","template":"page_products-grandchild.php","meta":{"_acf_changed":false,"footnotes":""},"class_list":["post-13691","page","type-page","status-publish","has-post-thumbnail","hentry"],"acf":[],"yoast_head":"<!-- This site is optimized with the Yoast SEO plugin v27.1.1 - https:\/\/yoast.com\/product\/yoast-seo-wordpress\/ -->\n<title>Pa\u00f1o Recoge Gotas Antideslizante - Smart Grip\u00ae<\/title>\n<meta name=\"description\" content=\"El pa\u00f1o es resistente y previene deslizamientos. Cuenta con una parte superior de tela absorbente que proporciona protecci\u00f3n contra pinturas y manchas.\" \/>\n<meta name=\"robots\" content=\"index, follow, max-snippet:-1, max-image-preview:large, max-video-preview:-1\" \/>\n<link rel=\"canonical\" href=\"https:\/\/trimaco.com\/es\/productos\/panos-colgantes\/pano-recoge-gotas-smart-grip\/\" \/>\n<meta property=\"og:locale\" content=\"es_ES\" \/>\n<meta property=\"og:type\" content=\"article\" \/>\n<meta property=\"og:title\" content=\"Pa\u00f1o Recoge Gotas Antideslizante - Smart Grip\u00ae\" \/>\n<meta property=\"og:description\" content=\"El pa\u00f1o es resistente y previene deslizamientos. Cuenta con una parte superior de tela absorbente que proporciona protecci\u00f3n contra pinturas y manchas.\" \/>\n<meta property=\"og:url\" content=\"https:\/\/trimaco.com\/es\/productos\/panos-colgantes\/pano-recoge-gotas-smart-grip\/\" \/>\n<meta property=\"og:site_name\" content=\"Trimaco\" \/>\n<meta property=\"article:publisher\" content=\"https:\/\/www.facebook.com\/pages\/Trimaco\/346858225385747?ref=ts\" \/>\n<meta property=\"article:modified_time\" content=\"2025-03-11T16:22:47+00:00\" \/>\n<meta property=\"og:image\" content=\"https:\/\/trimaco.com\/wp-content\/uploads\/2020\/12\/smartgripdrop-3-1.jpg\" \/>\n\t<meta property=\"og:image:width\" content=\"350\" \/>\n\t<meta property=\"og:image:height\" content=\"350\" \/>\n\t<meta property=\"og:image:type\" content=\"image\/jpeg\" \/>\n<meta name=\"twitter:card\" content=\"summary_large_image\" \/>\n<meta name=\"twitter:site\" content=\"@trimacoinc\" \/>\n<meta name=\"twitter:label1\" content=\"Tiempo de lectura\" \/>\n\t<meta name=\"twitter:data1\" content=\"2 minutos\" \/>\n<!-- \/ Yoast SEO plugin. -->","yoast_head_json":{"title":"Pa\u00f1o Recoge Gotas Antideslizante - Smart Grip\u00ae","description":"El pa\u00f1o es resistente y previene deslizamientos. Cuenta con una parte superior de tela absorbente que proporciona protecci\u00f3n contra pinturas y manchas.","robots":{"index":"index","follow":"follow","max-snippet":"max-snippet:-1","max-image-preview":"max-image-preview:large","max-video-preview":"max-video-preview:-1"},"canonical":"https:\/\/trimaco.com\/es\/productos\/panos-colgantes\/pano-recoge-gotas-smart-grip\/","og_locale":"es_ES","og_type":"article","og_title":"Pa\u00f1o Recoge Gotas Antideslizante - Smart Grip\u00ae","og_description":"El pa\u00f1o es resistente y previene deslizamientos. Cuenta con una parte superior de tela absorbente que proporciona protecci\u00f3n contra pinturas y manchas.","og_url":"https:\/\/trimaco.com\/es\/productos\/panos-colgantes\/pano-recoge-gotas-smart-grip\/","og_site_name":"Trimaco","article_publisher":"https:\/\/www.facebook.com\/pages\/Trimaco\/346858225385747?ref=ts","article_modified_time":"2025-03-11T16:22:47+00:00","og_image":[{"width":350,"height":350,"url":"https:\/\/trimaco.com\/wp-content\/uploads\/2020\/12\/smartgripdrop-3-1.jpg","type":"image\/jpeg"}],"twitter_card":"summary_large_image","twitter_site":"@trimacoinc","twitter_misc":{"Tiempo de lectura":"2 minutos"},"schema":{"@context":"https:\/\/schema.org","@graph":[{"@type":"WebPage","@id":"https:\/\/trimaco.com\/es\/productos\/panos-colgantes\/pano-recoge-gotas-smart-grip\/","url":"https:\/\/trimaco.com\/es\/productos\/panos-colgantes\/pano-recoge-gotas-smart-grip\/","name":"Pa\u00f1o Recoge Gotas Antideslizante - Smart Grip\u00ae","isPartOf":{"@id":"https:\/\/trimaco.com\/#website"},"primaryImageOfPage":{"@id":"https:\/\/trimaco.com\/es\/productos\/panos-colgantes\/pano-recoge-gotas-smart-grip\/#primaryimage"},"image":{"@id":"https:\/\/trimaco.com\/es\/productos\/panos-colgantes\/pano-recoge-gotas-smart-grip\/#primaryimage"},"thumbnailUrl":"https:\/\/trimaco.com\/wp-content\/uploads\/2020\/12\/smartgripdrop-3-1.jpg","datePublished":"2021-05-07T14:56:43+00:00","dateModified":"2025-03-11T16:22:47+00:00","description":"El pa\u00f1o es resistente y previene deslizamientos. Cuenta con una parte superior de tela absorbente que proporciona protecci\u00f3n contra pinturas y manchas.","breadcrumb":{"@id":"https:\/\/trimaco.com\/es\/productos\/panos-colgantes\/pano-recoge-gotas-smart-grip\/#breadcrumb"},"inLanguage":"es","potentialAction":[{"@type":"ReadAction","target":["https:\/\/trimaco.com\/es\/productos\/panos-colgantes\/pano-recoge-gotas-smart-grip\/"]}]},{"@type":"ImageObject","inLanguage":"es","@id":"https:\/\/trimaco.com\/es\/productos\/panos-colgantes\/pano-recoge-gotas-smart-grip\/#primaryimage","url":"https:\/\/trimaco.com\/wp-content\/uploads\/2020\/12\/smartgripdrop-3-1.jpg","contentUrl":"https:\/\/trimaco.com\/wp-content\/uploads\/2020\/12\/smartgripdrop-3-1.jpg","width":350,"height":350,"caption":"Smart Grip Drop Paint Spill"},{"@type":"BreadcrumbList","@id":"https:\/\/trimaco.com\/es\/productos\/panos-colgantes\/pano-recoge-gotas-smart-grip\/#breadcrumb","itemListElement":[{"@type":"ListItem","position":1,"name":"Home","item":"https:\/\/trimaco.com\/"},{"@type":"ListItem","position":2,"name":"Productos","item":"https:\/\/trimaco.com\/es\/productos\/"},{"@type":"ListItem","position":3,"name":"Pa\u00f1os colgantes","item":"https:\/\/trimaco.com\/es\/productos\/panos-colgantes\/"},{"@type":"ListItem","position":4,"name":"Pa\u00f1o recoge gotas Smart Grip\u00ae"}]},{"@type":"WebSite","@id":"https:\/\/trimaco.com\/#website","url":"https:\/\/trimaco.com\/","name":"Trimaco","description":"Total Jobsite Protection\u2122","publisher":{"@id":"https:\/\/trimaco.com\/#organization"},"potentialAction":[{"@type":"SearchAction","target":{"@type":"EntryPoint","urlTemplate":"https:\/\/trimaco.com\/?s={search_term_string}"},"query-input":{"@type":"PropertyValueSpecification","valueRequired":true,"valueName":"search_term_string"}}],"inLanguage":"es"},{"@type":"Organization","@id":"https:\/\/trimaco.com\/#organization","name":"Trimaco","url":"https:\/\/trimaco.com\/","logo":{"@type":"ImageObject","inLanguage":"es","@id":"https:\/\/trimaco.com\/#\/schema\/logo\/image\/","url":"https:\/\/trimaco.com\/wp-content\/uploads\/2016\/08\/login-logo.png","contentUrl":"https:\/\/trimaco.com\/wp-content\/uploads\/2016\/08\/login-logo.png","width":450,"height":69,"caption":"Trimaco"},"image":{"@id":"https:\/\/trimaco.com\/#\/schema\/logo\/image\/"},"sameAs":["https:\/\/www.facebook.com\/pages\/Trimaco\/346858225385747?ref=ts","https:\/\/x.com\/trimacoinc","https:\/\/www.instagram.com\/trimaco_inc\/","https:\/\/pinterest.com\/trimaco\/","https:\/\/www.youtube.com\/c\/trimacoinc"]}]}},"_links":{"self":[{"href":"https:\/\/trimaco.com\/es\/wp-json\/wp\/v2\/pages\/13691","targetHints":{"allow":["GET"]}}],"collection":[{"href":"https:\/\/trimaco.com\/es\/wp-json\/wp\/v2\/pages"}],"about":[{"href":"https:\/\/trimaco.com\/es\/wp-json\/wp\/v2\/types\/page"}],"author":[{"embeddable":true,"href":"https:\/\/trimaco.com\/es\/wp-json\/wp\/v2\/users\/9"}],"replies":[{"embeddable":true,"href":"https:\/\/trimaco.com\/es\/wp-json\/wp\/v2\/comments?post=13691"}],"version-history":[{"count":0,"href":"https:\/\/trimaco.com\/es\/wp-json\/wp\/v2\/pages\/13691\/revisions"}],"up":[{"embeddable":true,"href":"https:\/\/trimaco.com\/es\/wp-json\/wp\/v2\/pages\/13675"}],"wp:featuredmedia":[{"embeddable":true,"href":"https:\/\/trimaco.com\/es\/wp-json\/wp\/v2\/media\/11574"}],"wp:attachment":[{"href":"https:\/\/trimaco.com\/es\/wp-json\/wp\/v2\/media?parent=13691"}],"curies":[{"name":"wp","href":"https:\/\/api.w.org\/{rel}","templated":true}]}}