{"id":13686,"date":"2021-05-07T10:47:58","date_gmt":"2021-05-07T14:47:58","guid":{"rendered":"https:\/\/trimaco.wpengine.com\/productos\/panos-colgantes\/pano-de-lona-antideslizante-stayput\/"},"modified":"2024-09-30T09:17:21","modified_gmt":"2024-09-30T13:17:21","slug":"pano-de-lona-antideslizante-stayput","status":"publish","type":"page","link":"https:\/\/trimaco.com\/es\/productos\/panos-colgantes\/pano-de-lona-antideslizante-stayput\/","title":{"rendered":"Pa\u00f1o de lona antideslizante StayPut\u00ae"},"content":{"rendered":"<h2>\u00a1Ponte con el agarre, busca el hilo naranja! \u00ae<\/h2>\n<p>  Actualice su lona tradicional con Stay Put Canvas\u00ae Plus de Trimaco.<br \/>\nEsta innovadora tela protectora es un 300% m\u00e1s antideslizante que las telas protectoras tradicionales de lona de 8 oz, lo que proporciona una protecci\u00f3n antideslizante y resistente a fugas que permanece en su lugar.<br \/>\nEl Stay Put Canvas Plus cuenta con una capa adicional de pl\u00e1stico, lo que lo hace resistente a las fugas de todas las pinturas y manchas, lo que garantiza que sus superficies permanezcan protegidas durante cualquier proyecto de pintura o manchas.<br \/>\nCon el Stay Put Canvas Plus, puede reducir la preocupaci\u00f3n en el trabajo con menos deslizamientos y m\u00e1s trabajo.<br \/>\nEsta tela protectora de lona antideslizante es ideal para pintar y te\u00f1ir y quedar\u00e1 plana durante toda la duraci\u00f3n del trabajo.<br \/>\nSu construcci\u00f3n de tres capas incluye una parte superior de lona absorbente, un centro de pl\u00e1stico resistente a las fugas y un respaldo adherente y antideslizante.<br \/>\nUse el lado del lienzo hacia arriba para minimizar el seguimiento y mantener limpia su \u00e1rea de trabajo.<br \/>\nEsta tela protectora tiene <a href=\"https:\/\/trimaco.com\/blog\/get-with-the-grip-look-for-the-orange-thread\/\">hilo naranja<\/a> cosido a lo largo de los bordes exteriores para que pueda ver f\u00e1cilmente qu\u00e9 ca\u00edda es antideslizante mientras est\u00e1 en el trabajo.         <\/p>\n<ul>\n<li>300% m\u00e1s resistente a los deslizamientos que la lona<\/li>\n<li>Costuras naranjas a lo largo de las costuras exteriores para una f\u00e1cil identificaci\u00f3n antideslizante<\/li>\n<li>Pa\u00f1o recoge gotas de 3 capas<\/li>\n<li>Lona absorbente, pl\u00e1stico y un respaldo duradero y antideslizante<\/li>\n<li>No lo lave a m\u00e1quina limpie en forma localizada solamente<\/li>\n<\/ul>\n<p>  Aseg\u00farese de explorar la l\u00ednea completa de <a href=\"https:\/\/trimaco.com\/products\/dropcloths\/\">gotas<\/a> de Trimaco.<br \/>\nCon una variedad de opciones disponibles, puede encontrar la soluci\u00f3n perfecta para satisfacer sus necesidades espec\u00edficas y garantizar que sus superficies de trabajo permanezcan protegidas y seguras.   <em>StayPut\u00ae CanvasPlus con agarre a las superficies + bloqueo de derrames<\/em><\/p>\n<table>\n<tbody>\n<tr>\n<th>ART\u00cdCULO #<\/th>\n<th>TAMA\u00d1O DEL PAQUETE<\/th>\n<th><\/th>\n<\/tr>\n<tr>\n<td>04321<\/td>\n<td>6<\/td>\n<td>2,74 m x 3,66 m (6 9&#8242; x 12 pies)<\/td>\n<\/tr>\n<tr>\n<td>04328<\/td>\n<td>12 12<\/td>\n<td>4&#8242; x 12&#8242; (1,22 m x 3,66 m)<\/td>\n<\/tr>\n<tr>\n<td>04329<\/td>\n<td>12 12<\/td>\n<td>1,83 m x 2,44 m (6&#8242; x 8&#8242; )<\/td>\n<\/tr>\n<\/tbody>\n<\/table>\n","protected":false},"excerpt":{"rendered":"<p>300% m\u00e1s resistente a los deslizamientos que la lona, con protecci\u00f3n anti fugas. <\/p>\n","protected":false},"author":2,"featured_media":22066,"parent":13675,"menu_order":2,"comment_status":"closed","ping_status":"closed","template":"page_products-grandchild.php","meta":{"_acf_changed":false,"footnotes":""},"class_list":["post-13686","page","type-page","status-publish","has-post-thumbnail","hentry"],"acf":[],"yoast_head":"<!-- This site is optimized with the Yoast SEO plugin v27.5 - https:\/\/yoast.com\/product\/yoast-seo-wordpress\/ -->\n<title>Pa\u00f1os recoge gotas de lona StayPut\u00ae CanvasPlus - Trimaco<\/title>\n<meta name=\"description\" content=\"Los pa\u00f1os recoge gotas de lona StayPut\u00ae CanvasPlus son resistentes a fugas y deslizamientos. Dise\u00f1ado con 3 capas: lona, pl\u00e1stico y respaldo antideslizante.\" \/>\n<meta name=\"robots\" content=\"index, follow, max-snippet:-1, max-image-preview:large, max-video-preview:-1\" \/>\n<link rel=\"canonical\" href=\"https:\/\/trimaco.com\/es\/productos\/panos-colgantes\/pano-de-lona-antideslizante-stayput\/\" \/>\n<meta property=\"og:locale\" content=\"es_ES\" \/>\n<meta property=\"og:type\" content=\"article\" \/>\n<meta property=\"og:title\" content=\"Pa\u00f1os recoge gotas de lona StayPut\u00ae CanvasPlus - Trimaco\" \/>\n<meta property=\"og:description\" content=\"Los pa\u00f1os recoge gotas de lona StayPut\u00ae CanvasPlus son resistentes a fugas y deslizamientos. Dise\u00f1ado con 3 capas: lona, pl\u00e1stico y respaldo antideslizante.\" \/>\n<meta property=\"og:url\" content=\"https:\/\/trimaco.com\/es\/productos\/panos-colgantes\/pano-de-lona-antideslizante-stayput\/\" \/>\n<meta property=\"og:site_name\" content=\"Trimaco\" \/>\n<meta property=\"article:publisher\" content=\"https:\/\/www.facebook.com\/pages\/Trimaco\/346858225385747?ref=ts\" \/>\n<meta property=\"article:modified_time\" content=\"2024-09-30T13:17:21+00:00\" \/>\n<meta property=\"og:image\" content=\"https:\/\/trimaco.com\/wp-content\/uploads\/2023\/04\/Trimaco_StayPutCanvasPlus-actionphoto10web.jpg\" \/>\n\t<meta property=\"og:image:width\" content=\"300\" \/>\n\t<meta property=\"og:image:height\" content=\"300\" \/>\n\t<meta property=\"og:image:type\" content=\"image\/jpeg\" \/>\n<meta name=\"twitter:card\" content=\"summary_large_image\" \/>\n<meta name=\"twitter:site\" content=\"@trimacoinc\" \/>\n<meta name=\"twitter:label1\" content=\"Tiempo de lectura\" \/>\n\t<meta name=\"twitter:data1\" content=\"1 minuto\" \/>\n<!-- \/ Yoast SEO plugin. -->","yoast_head_json":{"title":"Pa\u00f1os recoge gotas de lona StayPut\u00ae CanvasPlus - Trimaco","description":"Los pa\u00f1os recoge gotas de lona StayPut\u00ae CanvasPlus son resistentes a fugas y deslizamientos. Dise\u00f1ado con 3 capas: lona, pl\u00e1stico y respaldo antideslizante.","robots":{"index":"index","follow":"follow","max-snippet":"max-snippet:-1","max-image-preview":"max-image-preview:large","max-video-preview":"max-video-preview:-1"},"canonical":"https:\/\/trimaco.com\/es\/productos\/panos-colgantes\/pano-de-lona-antideslizante-stayput\/","og_locale":"es_ES","og_type":"article","og_title":"Pa\u00f1os recoge gotas de lona StayPut\u00ae CanvasPlus - Trimaco","og_description":"Los pa\u00f1os recoge gotas de lona StayPut\u00ae CanvasPlus son resistentes a fugas y deslizamientos. Dise\u00f1ado con 3 capas: lona, pl\u00e1stico y respaldo antideslizante.","og_url":"https:\/\/trimaco.com\/es\/productos\/panos-colgantes\/pano-de-lona-antideslizante-stayput\/","og_site_name":"Trimaco","article_publisher":"https:\/\/www.facebook.com\/pages\/Trimaco\/346858225385747?ref=ts","article_modified_time":"2024-09-30T13:17:21+00:00","og_image":[{"width":300,"height":300,"url":"https:\/\/trimaco.com\/wp-content\/uploads\/2023\/04\/Trimaco_StayPutCanvasPlus-actionphoto10web.jpg","type":"image\/jpeg"}],"twitter_card":"summary_large_image","twitter_site":"@trimacoinc","twitter_misc":{"Tiempo de lectura":"1 minuto"},"schema":{"@context":"https:\/\/schema.org","@graph":[{"@type":"WebPage","@id":"https:\/\/trimaco.com\/es\/productos\/panos-colgantes\/pano-de-lona-antideslizante-stayput\/","url":"https:\/\/trimaco.com\/es\/productos\/panos-colgantes\/pano-de-lona-antideslizante-stayput\/","name":"Pa\u00f1os recoge gotas de lona StayPut\u00ae CanvasPlus - Trimaco","isPartOf":{"@id":"https:\/\/trimaco.com\/#website"},"primaryImageOfPage":{"@id":"https:\/\/trimaco.com\/es\/productos\/panos-colgantes\/pano-de-lona-antideslizante-stayput\/#primaryimage"},"image":{"@id":"https:\/\/trimaco.com\/es\/productos\/panos-colgantes\/pano-de-lona-antideslizante-stayput\/#primaryimage"},"thumbnailUrl":"https:\/\/trimaco.com\/wp-content\/uploads\/2023\/04\/Trimaco_StayPutCanvasPlus-actionphoto10web.jpg","datePublished":"2021-05-07T14:47:58+00:00","dateModified":"2024-09-30T13:17:21+00:00","description":"Los pa\u00f1os recoge gotas de lona StayPut\u00ae CanvasPlus son resistentes a fugas y deslizamientos. Dise\u00f1ado con 3 capas: lona, pl\u00e1stico y respaldo antideslizante.","breadcrumb":{"@id":"https:\/\/trimaco.com\/es\/productos\/panos-colgantes\/pano-de-lona-antideslizante-stayput\/#breadcrumb"},"inLanguage":"es","potentialAction":[{"@type":"ReadAction","target":["https:\/\/trimaco.com\/es\/productos\/panos-colgantes\/pano-de-lona-antideslizante-stayput\/"]}]},{"@type":"ImageObject","inLanguage":"es","@id":"https:\/\/trimaco.com\/es\/productos\/panos-colgantes\/pano-de-lona-antideslizante-stayput\/#primaryimage","url":"https:\/\/trimaco.com\/wp-content\/uploads\/2023\/04\/Trimaco_StayPutCanvasPlus-actionphoto10web.jpg","contentUrl":"https:\/\/trimaco.com\/wp-content\/uploads\/2023\/04\/Trimaco_StayPutCanvasPlus-actionphoto10web.jpg","width":300,"height":300,"caption":"orange stitching on slip resistant drop cloth"},{"@type":"BreadcrumbList","@id":"https:\/\/trimaco.com\/es\/productos\/panos-colgantes\/pano-de-lona-antideslizante-stayput\/#breadcrumb","itemListElement":[{"@type":"ListItem","position":1,"name":"Home","item":"https:\/\/trimaco.com\/"},{"@type":"ListItem","position":2,"name":"Productos","item":"https:\/\/trimaco.com\/es\/productos\/"},{"@type":"ListItem","position":3,"name":"Pa\u00f1os colgantes","item":"https:\/\/trimaco.com\/es\/productos\/panos-colgantes\/"},{"@type":"ListItem","position":4,"name":"Pa\u00f1o de lona antideslizante StayPut\u00ae"}]},{"@type":"WebSite","@id":"https:\/\/trimaco.com\/#website","url":"https:\/\/trimaco.com\/","name":"Trimaco","description":"Total Jobsite Protection\u2122","publisher":{"@id":"https:\/\/trimaco.com\/#organization"},"potentialAction":[{"@type":"SearchAction","target":{"@type":"EntryPoint","urlTemplate":"https:\/\/trimaco.com\/?s={search_term_string}"},"query-input":{"@type":"PropertyValueSpecification","valueRequired":true,"valueName":"search_term_string"}}],"inLanguage":"es"},{"@type":"Organization","@id":"https:\/\/trimaco.com\/#organization","name":"Trimaco","url":"https:\/\/trimaco.com\/","logo":{"@type":"ImageObject","inLanguage":"es","@id":"https:\/\/trimaco.com\/#\/schema\/logo\/image\/","url":"https:\/\/trimaco.com\/wp-content\/uploads\/2016\/08\/login-logo.png","contentUrl":"https:\/\/trimaco.com\/wp-content\/uploads\/2016\/08\/login-logo.png","width":450,"height":69,"caption":"Trimaco"},"image":{"@id":"https:\/\/trimaco.com\/#\/schema\/logo\/image\/"},"sameAs":["https:\/\/www.facebook.com\/pages\/Trimaco\/346858225385747?ref=ts","https:\/\/x.com\/trimacoinc","https:\/\/www.instagram.com\/trimaco_inc\/","https:\/\/pinterest.com\/trimaco\/","https:\/\/www.youtube.com\/c\/trimacoinc"]}]}},"_links":{"self":[{"href":"https:\/\/trimaco.com\/es\/wp-json\/wp\/v2\/pages\/13686","targetHints":{"allow":["GET"]}}],"collection":[{"href":"https:\/\/trimaco.com\/es\/wp-json\/wp\/v2\/pages"}],"about":[{"href":"https:\/\/trimaco.com\/es\/wp-json\/wp\/v2\/types\/page"}],"author":[{"embeddable":true,"href":"https:\/\/trimaco.com\/es\/wp-json\/wp\/v2\/users\/2"}],"replies":[{"embeddable":true,"href":"https:\/\/trimaco.com\/es\/wp-json\/wp\/v2\/comments?post=13686"}],"version-history":[{"count":0,"href":"https:\/\/trimaco.com\/es\/wp-json\/wp\/v2\/pages\/13686\/revisions"}],"up":[{"embeddable":true,"href":"https:\/\/trimaco.com\/es\/wp-json\/wp\/v2\/pages\/13675"}],"wp:featuredmedia":[{"embeddable":true,"href":"https:\/\/trimaco.com\/es\/wp-json\/wp\/v2\/media\/22066"}],"wp:attachment":[{"href":"https:\/\/trimaco.com\/es\/wp-json\/wp\/v2\/media?parent=13686"}],"curies":[{"name":"wp","href":"https:\/\/api.w.org\/{rel}","templated":true}]}}