{"id":13684,"date":"2021-05-07T10:41:56","date_gmt":"2021-05-07T14:41:56","guid":{"rendered":"https:\/\/trimaco.wpengine.com\/productos\/panos-colgantes\/pano-recoge-gotas-de-lona\/"},"modified":"2024-03-14T17:25:14","modified_gmt":"2024-03-14T21:25:14","slug":"pano-recoge-gotas-de-lona","status":"publish","type":"page","link":"https:\/\/trimaco.com\/es\/productos\/panos-colgantes\/pano-recoge-gotas-de-lona\/","title":{"rendered":"Pa\u00f1o Recoge Gotas de Lona"},"content":{"rendered":"<p>El tradicional pa\u00f1o recoge gotas de lona ha resistido la prueba del tiempo. Nuestros pa\u00f1os recoge gotas de lona de algod\u00f3n de alta calidad est\u00e1n disponibles en m\u00faltiples pesos y tama\u00f1os. Desde ligeros de 6oz hasta nuestro servicio pesado de 12oz, tenemos lo que necesita.<\/p>\n<p>Mantenga sus superficies protegidas durante el proceso de pintura. La lona de alta calidad es lavable y reutilizable para su comodidad.<\/p>\n<h3>m\u00faltiples pesos de onza disponibles<\/h3>\n<p>Los pa\u00f1os recoge gotas de lona de 6oz son ideales para proyectos de pintura ligera y uso al aire libre. \u00a1El de 8oz, y la opci\u00f3n m\u00e1s popular, es lo suficientemente pesado como para absorber derrames durante el pintado, eliminaci\u00f3n de fondos de pantalla e instalaci\u00f3n, limpieza y m\u00e1s! Nuestra lona de 10oz de peso de primera no solo absorber\u00e1 derrames, sino que el material grueso evitar\u00e1 el dejar huellas en el trabajo. Nuestro pa\u00f1o recoge gotas de lona m\u00e1s pesado, de 12 oz, es la opci\u00f3n tejida m\u00e1s gruesa y apretada. Como favorito del contratista, este peso es absorbente, reduce las huellas y proporciona amortiguaci\u00f3n para evitar ara\u00f1azos y golpes en superficies.<\/p>\n<ul>\n<li>Lavable: se puede lavar a m\u00e1quina en ciclo caliente y secarse<\/li>\n<li>Ideal para pintar, limpiar, empapelar y desechar<\/li>\n<li>Disponible en 6oz, 8oz, 10oz y 12oz<\/li>\n<\/ul>\n<p>Explore la l\u00ednea completa de <a href=\"https:\/\/trimaco.com\/es\/productos\/panos-colgantes\/\">los pa\u00f1os<\/a> recoge gotas de lona de Trimaco, desde hechos de butilo de servicio pesado hasta hechos de vinilo ligero.<\/p>\n<p><em>Pa\u00f1os recoge gotas de lona SuperTuff\u2122<\/em><\/p>\n<table>\n<tbody>\n<tr>\n<th># de Art\u00edculo<\/th>\n<th>Oz<\/th>\n<th>Paquete de<\/th>\n<th>Tama\u00f1o<\/th>\n<\/tr>\n<tr>\n<td>56701<\/td>\n<td>6 oz<\/td>\n<td>6<\/td>\n<td>9&#8242; x 12&#8242;<\/td>\n<\/tr>\n<tr>\n<td>56703<\/td>\n<td>6 oz<\/td>\n<td>4<\/td>\n<td>12&#8242; x 15&#8242;<\/td>\n<\/tr>\n<tr>\n<td>56707<\/td>\n<td>6 oz<\/td>\n<td>12<\/td>\n<td>4&#8242; x 12&#8242;<\/td>\n<\/tr>\n<tr>\n<td>56708<\/td>\n<td>6 oz<\/td>\n<td>12<\/td>\n<td>4&#8242; x 15&#8242;<\/td>\n<\/tr>\n<\/tbody>\n<\/table>\n<table>\n<tbody>\n<tr>\n<th># de Art\u00edculo<\/th>\n<th>Oz<\/th>\n<th>Paquete de<\/th>\n<th>Tama\u00f1o<\/th>\n<\/tr>\n<tr>\n<td>58909<\/td>\n<td>8 oz<\/td>\n<td>12<\/td>\n<td>6&#8242; x 9&#8242;<\/td>\n<\/tr>\n<tr>\n<td>58901<\/td>\n<td>8 oz<\/td>\n<td>6<\/td>\n<td>9&#8242; x 12&#8242;<\/td>\n<\/tr>\n<tr>\n<td>58903<\/td>\n<td>8 oz<\/td>\n<td>4<\/td>\n<td>12&#8242; x 15&#8242;<\/td>\n<\/tr>\n<tr>\n<td>58907<\/td>\n<td>8 oz<\/td>\n<td>12<\/td>\n<td>4&#8242; x 12&#8242;<\/td>\n<\/tr>\n<tr>\n<td>58908<\/td>\n<td>8 oz<\/td>\n<td>12<\/td>\n<td>4&#8242; x 15&#8242;<\/td>\n<\/tr>\n<tr>\n<td>58905<\/td>\n<td>8 oz<\/td>\n<td>12<\/td>\n<td>4&#8242; x 5&#8242;<\/td>\n<\/tr>\n<\/tbody>\n<\/table>\n<table>\n<tbody>\n<tr>\n<th># de Art\u00edculo<\/th>\n<th>Oz<\/th>\n<th>Paquete de<\/th>\n<th>Tama\u00f1o<\/th>\n<\/tr>\n<tr>\n<td>51129<\/td>\n<td>10oz<\/td>\n<td>12<\/td>\n<td>6&#8242; x 9&#8242;<\/td>\n<\/tr>\n<tr>\n<td>51121<\/td>\n<td>10oz<\/td>\n<td>6<\/td>\n<td>9&#8242; x 12&#8242;<\/td>\n<\/tr>\n<tr>\n<td>51123<\/td>\n<td>10oz<\/td>\n<td>4<\/td>\n<td>12&#8242; x 15&#8242;<\/td>\n<\/tr>\n<tr>\n<td>51127<\/td>\n<td>10oz<\/td>\n<td>12<\/td>\n<td>4&#8242; x 12&#8242;<\/td>\n<\/tr>\n<tr>\n<td>51128<\/td>\n<td>10oz<\/td>\n<td>12<\/td>\n<td>4&#8242; x 15&#8242;<\/td>\n<\/tr>\n<tr>\n<td>51125<\/td>\n<td>10oz<\/td>\n<td>12<\/td>\n<td>4&#8242; x 5&#8242;<\/td>\n<\/tr>\n<\/tbody>\n<\/table>\n<table>\n<tbody>\n<tr>\n<th># de Art\u00edculo<\/th>\n<th>Oz<\/th>\n<th>Paquete de<\/th>\n<th>Tama\u00f1o<\/th>\n<\/tr>\n<tr>\n<td>51201<\/td>\n<td>12 oz<\/td>\n<td>6<\/td>\n<td>9&#8242; x 12&#8242;<\/td>\n<\/tr>\n<tr>\n<td>51203<\/td>\n<td>12 oz<\/td>\n<td>4<\/td>\n<td>12&#8242; x 15&#8242;<\/td>\n<\/tr>\n<tr>\n<td>51207<\/td>\n<td>12 oz<\/td>\n<td>12<\/td>\n<td>4&#8242; x 12&#8242;<\/td>\n<\/tr>\n<tr>\n<td>51208<\/td>\n<td>12 oz<\/td>\n<td>12<\/td>\n<td>4&#8242; x 15&#8242;<\/td>\n<\/tr>\n<\/tbody>\n<\/table>\n","protected":false},"excerpt":{"rendered":"<p>Pa\u00f1os recoge gotas de lona de alta calidad disponibles en m\u00faltiples pesos y tama\u00f1os.<\/p>\n","protected":false},"author":2,"featured_media":13367,"parent":13675,"menu_order":0,"comment_status":"closed","ping_status":"closed","template":"page_products-grandchild.php","meta":{"_acf_changed":false,"footnotes":""},"class_list":["post-13684","page","type-page","status-publish","has-post-thumbnail","hentry"],"acf":[],"yoast_head":"<!-- This site is optimized with the Yoast SEO plugin v27.4 - https:\/\/yoast.com\/product\/yoast-seo-wordpress\/ -->\n<title>Pa\u00f1o Recoge Gotas de Lona y Algod\u00f3n de Alta Calidad<\/title>\n<meta name=\"description\" content=\"Los pa\u00f1os recoge gotas de lona de algod\u00f3n de alta calidad de Trimaco est\u00e1n disponibles en m\u00faltiples pesos y tama\u00f1os.\" \/>\n<meta name=\"robots\" content=\"index, follow, max-snippet:-1, max-image-preview:large, max-video-preview:-1\" \/>\n<link rel=\"canonical\" href=\"https:\/\/trimaco.com\/es\/productos\/panos-colgantes\/pano-recoge-gotas-de-lona\/\" \/>\n<meta property=\"og:locale\" content=\"es_ES\" \/>\n<meta property=\"og:type\" content=\"article\" \/>\n<meta property=\"og:title\" content=\"Pa\u00f1o Recoge Gotas de Lona y Algod\u00f3n de Alta Calidad\" \/>\n<meta property=\"og:description\" content=\"Los pa\u00f1os recoge gotas de lona de algod\u00f3n de alta calidad de Trimaco est\u00e1n disponibles en m\u00faltiples pesos y tama\u00f1os.\" \/>\n<meta property=\"og:url\" content=\"https:\/\/trimaco.com\/es\/productos\/panos-colgantes\/pano-recoge-gotas-de-lona\/\" \/>\n<meta property=\"og:site_name\" content=\"Trimaco\" \/>\n<meta property=\"article:publisher\" content=\"https:\/\/www.facebook.com\/pages\/Trimaco\/346858225385747?ref=ts\" \/>\n<meta property=\"article:modified_time\" content=\"2024-03-14T21:25:14+00:00\" \/>\n<meta property=\"og:image\" content=\"https:\/\/trimaco.com\/wp-content\/uploads\/2016\/08\/eliminatordrop-4.jpg\" \/>\n\t<meta property=\"og:image:width\" content=\"1000\" \/>\n\t<meta property=\"og:image:height\" content=\"1000\" \/>\n\t<meta property=\"og:image:type\" content=\"image\/jpeg\" \/>\n<meta name=\"twitter:card\" content=\"summary_large_image\" \/>\n<meta name=\"twitter:site\" content=\"@trimacoinc\" \/>\n<meta name=\"twitter:label1\" content=\"Tiempo de lectura\" \/>\n\t<meta name=\"twitter:data1\" content=\"2 minutos\" \/>\n<!-- \/ Yoast SEO plugin. -->","yoast_head_json":{"title":"Pa\u00f1o Recoge Gotas de Lona y Algod\u00f3n de Alta Calidad","description":"Los pa\u00f1os recoge gotas de lona de algod\u00f3n de alta calidad de Trimaco est\u00e1n disponibles en m\u00faltiples pesos y tama\u00f1os.","robots":{"index":"index","follow":"follow","max-snippet":"max-snippet:-1","max-image-preview":"max-image-preview:large","max-video-preview":"max-video-preview:-1"},"canonical":"https:\/\/trimaco.com\/es\/productos\/panos-colgantes\/pano-recoge-gotas-de-lona\/","og_locale":"es_ES","og_type":"article","og_title":"Pa\u00f1o Recoge Gotas de Lona y Algod\u00f3n de Alta Calidad","og_description":"Los pa\u00f1os recoge gotas de lona de algod\u00f3n de alta calidad de Trimaco est\u00e1n disponibles en m\u00faltiples pesos y tama\u00f1os.","og_url":"https:\/\/trimaco.com\/es\/productos\/panos-colgantes\/pano-recoge-gotas-de-lona\/","og_site_name":"Trimaco","article_publisher":"https:\/\/www.facebook.com\/pages\/Trimaco\/346858225385747?ref=ts","article_modified_time":"2024-03-14T21:25:14+00:00","og_image":[{"width":1000,"height":1000,"url":"https:\/\/trimaco.com\/wp-content\/uploads\/2016\/08\/eliminatordrop-4.jpg","type":"image\/jpeg"}],"twitter_card":"summary_large_image","twitter_site":"@trimacoinc","twitter_misc":{"Tiempo de lectura":"2 minutos"},"schema":{"@context":"https:\/\/schema.org","@graph":[{"@type":"WebPage","@id":"https:\/\/trimaco.com\/es\/productos\/panos-colgantes\/pano-recoge-gotas-de-lona\/","url":"https:\/\/trimaco.com\/es\/productos\/panos-colgantes\/pano-recoge-gotas-de-lona\/","name":"Pa\u00f1o Recoge Gotas de Lona y Algod\u00f3n de Alta Calidad","isPartOf":{"@id":"https:\/\/trimaco.com\/#website"},"primaryImageOfPage":{"@id":"https:\/\/trimaco.com\/es\/productos\/panos-colgantes\/pano-recoge-gotas-de-lona\/#primaryimage"},"image":{"@id":"https:\/\/trimaco.com\/es\/productos\/panos-colgantes\/pano-recoge-gotas-de-lona\/#primaryimage"},"thumbnailUrl":"https:\/\/trimaco.com\/wp-content\/uploads\/2016\/08\/eliminatordrop-4.jpg","datePublished":"2021-05-07T14:41:56+00:00","dateModified":"2024-03-14T21:25:14+00:00","description":"Los pa\u00f1os recoge gotas de lona de algod\u00f3n de alta calidad de Trimaco est\u00e1n disponibles en m\u00faltiples pesos y tama\u00f1os.","breadcrumb":{"@id":"https:\/\/trimaco.com\/es\/productos\/panos-colgantes\/pano-recoge-gotas-de-lona\/#breadcrumb"},"inLanguage":"es","potentialAction":[{"@type":"ReadAction","target":["https:\/\/trimaco.com\/es\/productos\/panos-colgantes\/pano-recoge-gotas-de-lona\/"]}]},{"@type":"ImageObject","inLanguage":"es","@id":"https:\/\/trimaco.com\/es\/productos\/panos-colgantes\/pano-recoge-gotas-de-lona\/#primaryimage","url":"https:\/\/trimaco.com\/wp-content\/uploads\/2016\/08\/eliminatordrop-4.jpg","contentUrl":"https:\/\/trimaco.com\/wp-content\/uploads\/2016\/08\/eliminatordrop-4.jpg","width":1000,"height":1000,"caption":"dust sheet"},{"@type":"BreadcrumbList","@id":"https:\/\/trimaco.com\/es\/productos\/panos-colgantes\/pano-recoge-gotas-de-lona\/#breadcrumb","itemListElement":[{"@type":"ListItem","position":1,"name":"Home","item":"https:\/\/trimaco.com\/"},{"@type":"ListItem","position":2,"name":"Productos","item":"https:\/\/trimaco.com\/es\/productos\/"},{"@type":"ListItem","position":3,"name":"Pa\u00f1os colgantes","item":"https:\/\/trimaco.com\/es\/productos\/panos-colgantes\/"},{"@type":"ListItem","position":4,"name":"Pa\u00f1o Recoge Gotas de Lona"}]},{"@type":"WebSite","@id":"https:\/\/trimaco.com\/#website","url":"https:\/\/trimaco.com\/","name":"Trimaco","description":"Total Jobsite Protection\u2122","publisher":{"@id":"https:\/\/trimaco.com\/#organization"},"potentialAction":[{"@type":"SearchAction","target":{"@type":"EntryPoint","urlTemplate":"https:\/\/trimaco.com\/?s={search_term_string}"},"query-input":{"@type":"PropertyValueSpecification","valueRequired":true,"valueName":"search_term_string"}}],"inLanguage":"es"},{"@type":"Organization","@id":"https:\/\/trimaco.com\/#organization","name":"Trimaco","url":"https:\/\/trimaco.com\/","logo":{"@type":"ImageObject","inLanguage":"es","@id":"https:\/\/trimaco.com\/#\/schema\/logo\/image\/","url":"https:\/\/trimaco.com\/wp-content\/uploads\/2016\/08\/login-logo.png","contentUrl":"https:\/\/trimaco.com\/wp-content\/uploads\/2016\/08\/login-logo.png","width":450,"height":69,"caption":"Trimaco"},"image":{"@id":"https:\/\/trimaco.com\/#\/schema\/logo\/image\/"},"sameAs":["https:\/\/www.facebook.com\/pages\/Trimaco\/346858225385747?ref=ts","https:\/\/x.com\/trimacoinc","https:\/\/www.instagram.com\/trimaco_inc\/","https:\/\/pinterest.com\/trimaco\/","https:\/\/www.youtube.com\/c\/trimacoinc"]}]}},"_links":{"self":[{"href":"https:\/\/trimaco.com\/es\/wp-json\/wp\/v2\/pages\/13684","targetHints":{"allow":["GET"]}}],"collection":[{"href":"https:\/\/trimaco.com\/es\/wp-json\/wp\/v2\/pages"}],"about":[{"href":"https:\/\/trimaco.com\/es\/wp-json\/wp\/v2\/types\/page"}],"author":[{"embeddable":true,"href":"https:\/\/trimaco.com\/es\/wp-json\/wp\/v2\/users\/2"}],"replies":[{"embeddable":true,"href":"https:\/\/trimaco.com\/es\/wp-json\/wp\/v2\/comments?post=13684"}],"version-history":[{"count":0,"href":"https:\/\/trimaco.com\/es\/wp-json\/wp\/v2\/pages\/13684\/revisions"}],"up":[{"embeddable":true,"href":"https:\/\/trimaco.com\/es\/wp-json\/wp\/v2\/pages\/13675"}],"wp:featuredmedia":[{"embeddable":true,"href":"https:\/\/trimaco.com\/es\/wp-json\/wp\/v2\/media\/13367"}],"wp:attachment":[{"href":"https:\/\/trimaco.com\/es\/wp-json\/wp\/v2\/media?parent=13684"}],"curies":[{"name":"wp","href":"https:\/\/api.w.org\/{rel}","templated":true}]}}