{"id":13675,"date":"2021-05-07T10:36:09","date_gmt":"2021-05-07T14:36:09","guid":{"rendered":"https:\/\/trimaco.wpengine.com\/productos\/panos-colgantes\/"},"modified":"2025-05-19T10:31:52","modified_gmt":"2025-05-19T14:31:52","slug":"panos-colgantes","status":"publish","type":"page","link":"https:\/\/trimaco.com\/es\/productos\/panos-colgantes\/","title":{"rendered":"Pa\u00f1os colgantes"},"content":{"rendered":"<h2>Soltar productos de tela<\/h2>\n<p>En Trimaco\u00ae, todas nuestras telas protectoras de grado profesional brindan una protecci\u00f3n superficial de alta calidad y una cobertura completa. \u00bfBuscas un pa\u00f1o de lona resistente al deslizamiento que no filtre y da\u00f1e los pisos? Nuestras ca\u00eddas <a href=\"https:\/\/trimaco.com\/es\/productos\/panos-colgantes\/pano-de-lona-antideslizante-stayput\/\">Stay Put\u00ae Canvas Plus<\/a> o <a href=\"https:\/\/trimaco.com\/es\/productos\/panos-colgantes\/pano-recoge-gotas-eliminator\/\">Eliminator\u00ae<\/a> de alta resistencia brindan una protecci\u00f3n antideslizante confiable. Incluso hemos a\u00f1adido hilo naranja a las costuras para facilitar la identificaci\u00f3n antideslizante en el trabajo. Nuestros <a href=\"https:\/\/trimaco.com\/es\/productos\/panos-colgantes\/pano-recoge-gotas-de-lona\/\">pa\u00f1os recoge gotas de lona<\/a> son lavables a m\u00e1quina, ideales para pintar, limpiar y para una amplia gama de proyectos de bricolaje. Adem\u00e1s, tambi\u00e9n ofrecemos vinilo, butilo, polipropileno, lona de peso pesado y pa\u00f1os de pl\u00e1stico que son ideales para una variedad de trabajos. <\/p>\n<p>Los pa\u00f1os recoge gotas de Trimaco proporcionar\u00e1n una protecci\u00f3n ideal contra todo tipo de derrames de pintura y manchas. Desde <a href=\"https:\/\/trimaco.com\/es\/productos\/proteccion-de-superficies-de-servicio-pesado\/\">la protecci\u00f3n de la superficie de servicio pesado<\/a>, hasta los <a href=\"https:\/\/trimaco.com\/es\/productos\/trapos-y-limpiaparabrisas\/\">pa\u00f1os y trapos<\/a> de limpieza de microfibras, \u00a1Trimaco tiene todos los productos que necesita para hacer bien su trabajo!<\/p>\n","protected":false},"excerpt":{"rendered":"<p>Soltar productos de tela En Trimaco\u00ae, todas nuestras telas protectoras de grado profesional brindan una protecci\u00f3n superficial de alta calidad y una cobertura completa. \u00bfBuscas un pa\u00f1o de lona resistente al deslizamiento que no filtre<a class=\"read-more\" href=\"https:\/\/trimaco.com\/es\/productos\/panos-colgantes\/\"> &#8230;Continue Reading<\/a><\/p>\n","protected":false},"author":9,"featured_media":13367,"parent":10374,"menu_order":0,"comment_status":"closed","ping_status":"closed","template":"page_products-child.php","meta":{"_acf_changed":false,"footnotes":""},"class_list":["post-13675","page","type-page","status-publish","has-post-thumbnail","hentry"],"acf":[],"yoast_head":"<!-- This site is optimized with the Yoast SEO plugin v27.1.1 - https:\/\/yoast.com\/product\/yoast-seo-wordpress\/ -->\n<title>Trimaco: Pa\u00f1os recoge gotas profesionales<\/title>\n<meta name=\"description\" content=\"Los pa\u00f1os recoge gotas de Trimaco est\u00e1n garantizados para mantener protegidas sus superficies de alta calidad. Nuestros pa\u00f1os proporcionar\u00e1n la protecci\u00f3n contra fugas que necesita.\" \/>\n<meta name=\"robots\" content=\"index, follow, max-snippet:-1, max-image-preview:large, max-video-preview:-1\" \/>\n<link rel=\"canonical\" href=\"https:\/\/trimaco.com\/es\/productos\/panos-colgantes\/\" \/>\n<meta property=\"og:locale\" content=\"es_ES\" \/>\n<meta property=\"og:type\" content=\"article\" \/>\n<meta property=\"og:title\" content=\"Trimaco: Pa\u00f1os recoge gotas profesionales\" \/>\n<meta property=\"og:description\" content=\"Los pa\u00f1os recoge gotas de Trimaco est\u00e1n garantizados para mantener protegidas sus superficies de alta calidad. Nuestros pa\u00f1os proporcionar\u00e1n la protecci\u00f3n contra fugas que necesita.\" \/>\n<meta property=\"og:url\" content=\"https:\/\/trimaco.com\/es\/productos\/panos-colgantes\/\" \/>\n<meta property=\"og:site_name\" content=\"Trimaco\" \/>\n<meta property=\"article:publisher\" content=\"https:\/\/www.facebook.com\/pages\/Trimaco\/346858225385747?ref=ts\" \/>\n<meta property=\"article:modified_time\" content=\"2025-05-19T14:31:52+00:00\" \/>\n<meta property=\"og:image\" content=\"https:\/\/trimaco.com\/wp-content\/uploads\/2016\/08\/eliminatordrop-4.jpg\" \/>\n\t<meta property=\"og:image:width\" content=\"1000\" \/>\n\t<meta property=\"og:image:height\" content=\"1000\" \/>\n\t<meta property=\"og:image:type\" content=\"image\/jpeg\" \/>\n<meta name=\"twitter:card\" content=\"summary_large_image\" \/>\n<meta name=\"twitter:site\" content=\"@trimacoinc\" \/>\n<meta name=\"twitter:label1\" content=\"Tiempo de lectura\" \/>\n\t<meta name=\"twitter:data1\" content=\"1 minuto\" \/>\n<!-- \/ Yoast SEO plugin. -->","yoast_head_json":{"title":"Trimaco: Pa\u00f1os recoge gotas profesionales","description":"Los pa\u00f1os recoge gotas de Trimaco est\u00e1n garantizados para mantener protegidas sus superficies de alta calidad. Nuestros pa\u00f1os proporcionar\u00e1n la protecci\u00f3n contra fugas que necesita.","robots":{"index":"index","follow":"follow","max-snippet":"max-snippet:-1","max-image-preview":"max-image-preview:large","max-video-preview":"max-video-preview:-1"},"canonical":"https:\/\/trimaco.com\/es\/productos\/panos-colgantes\/","og_locale":"es_ES","og_type":"article","og_title":"Trimaco: Pa\u00f1os recoge gotas profesionales","og_description":"Los pa\u00f1os recoge gotas de Trimaco est\u00e1n garantizados para mantener protegidas sus superficies de alta calidad. Nuestros pa\u00f1os proporcionar\u00e1n la protecci\u00f3n contra fugas que necesita.","og_url":"https:\/\/trimaco.com\/es\/productos\/panos-colgantes\/","og_site_name":"Trimaco","article_publisher":"https:\/\/www.facebook.com\/pages\/Trimaco\/346858225385747?ref=ts","article_modified_time":"2025-05-19T14:31:52+00:00","og_image":[{"width":1000,"height":1000,"url":"https:\/\/trimaco.com\/wp-content\/uploads\/2016\/08\/eliminatordrop-4.jpg","type":"image\/jpeg"}],"twitter_card":"summary_large_image","twitter_site":"@trimacoinc","twitter_misc":{"Tiempo de lectura":"1 minuto"},"schema":{"@context":"https:\/\/schema.org","@graph":[{"@type":"WebPage","@id":"https:\/\/trimaco.com\/es\/productos\/panos-colgantes\/","url":"https:\/\/trimaco.com\/es\/productos\/panos-colgantes\/","name":"Trimaco: Pa\u00f1os recoge gotas profesionales","isPartOf":{"@id":"https:\/\/trimaco.com\/#website"},"primaryImageOfPage":{"@id":"https:\/\/trimaco.com\/es\/productos\/panos-colgantes\/#primaryimage"},"image":{"@id":"https:\/\/trimaco.com\/es\/productos\/panos-colgantes\/#primaryimage"},"thumbnailUrl":"https:\/\/trimaco.com\/wp-content\/uploads\/2016\/08\/eliminatordrop-4.jpg","datePublished":"2021-05-07T14:36:09+00:00","dateModified":"2025-05-19T14:31:52+00:00","description":"Los pa\u00f1os recoge gotas de Trimaco est\u00e1n garantizados para mantener protegidas sus superficies de alta calidad. Nuestros pa\u00f1os proporcionar\u00e1n la protecci\u00f3n contra fugas que necesita.","breadcrumb":{"@id":"https:\/\/trimaco.com\/es\/productos\/panos-colgantes\/#breadcrumb"},"inLanguage":"es","potentialAction":[{"@type":"ReadAction","target":["https:\/\/trimaco.com\/es\/productos\/panos-colgantes\/"]}]},{"@type":"ImageObject","inLanguage":"es","@id":"https:\/\/trimaco.com\/es\/productos\/panos-colgantes\/#primaryimage","url":"https:\/\/trimaco.com\/wp-content\/uploads\/2016\/08\/eliminatordrop-4.jpg","contentUrl":"https:\/\/trimaco.com\/wp-content\/uploads\/2016\/08\/eliminatordrop-4.jpg","width":1000,"height":1000,"caption":"dust sheet"},{"@type":"BreadcrumbList","@id":"https:\/\/trimaco.com\/es\/productos\/panos-colgantes\/#breadcrumb","itemListElement":[{"@type":"ListItem","position":1,"name":"Home","item":"https:\/\/trimaco.com\/"},{"@type":"ListItem","position":2,"name":"Productos","item":"https:\/\/trimaco.com\/es\/productos\/"},{"@type":"ListItem","position":3,"name":"Pa\u00f1os colgantes"}]},{"@type":"WebSite","@id":"https:\/\/trimaco.com\/#website","url":"https:\/\/trimaco.com\/","name":"Trimaco","description":"Total Jobsite Protection\u2122","publisher":{"@id":"https:\/\/trimaco.com\/#organization"},"potentialAction":[{"@type":"SearchAction","target":{"@type":"EntryPoint","urlTemplate":"https:\/\/trimaco.com\/?s={search_term_string}"},"query-input":{"@type":"PropertyValueSpecification","valueRequired":true,"valueName":"search_term_string"}}],"inLanguage":"es"},{"@type":"Organization","@id":"https:\/\/trimaco.com\/#organization","name":"Trimaco","url":"https:\/\/trimaco.com\/","logo":{"@type":"ImageObject","inLanguage":"es","@id":"https:\/\/trimaco.com\/#\/schema\/logo\/image\/","url":"https:\/\/trimaco.com\/wp-content\/uploads\/2016\/08\/login-logo.png","contentUrl":"https:\/\/trimaco.com\/wp-content\/uploads\/2016\/08\/login-logo.png","width":450,"height":69,"caption":"Trimaco"},"image":{"@id":"https:\/\/trimaco.com\/#\/schema\/logo\/image\/"},"sameAs":["https:\/\/www.facebook.com\/pages\/Trimaco\/346858225385747?ref=ts","https:\/\/x.com\/trimacoinc","https:\/\/www.instagram.com\/trimaco_inc\/","https:\/\/pinterest.com\/trimaco\/","https:\/\/www.youtube.com\/c\/trimacoinc"]}]}},"_links":{"self":[{"href":"https:\/\/trimaco.com\/es\/wp-json\/wp\/v2\/pages\/13675","targetHints":{"allow":["GET"]}}],"collection":[{"href":"https:\/\/trimaco.com\/es\/wp-json\/wp\/v2\/pages"}],"about":[{"href":"https:\/\/trimaco.com\/es\/wp-json\/wp\/v2\/types\/page"}],"author":[{"embeddable":true,"href":"https:\/\/trimaco.com\/es\/wp-json\/wp\/v2\/users\/9"}],"replies":[{"embeddable":true,"href":"https:\/\/trimaco.com\/es\/wp-json\/wp\/v2\/comments?post=13675"}],"version-history":[{"count":0,"href":"https:\/\/trimaco.com\/es\/wp-json\/wp\/v2\/pages\/13675\/revisions"}],"up":[{"embeddable":true,"href":"https:\/\/trimaco.com\/es\/wp-json\/wp\/v2\/pages\/10374"}],"wp:featuredmedia":[{"embeddable":true,"href":"https:\/\/trimaco.com\/es\/wp-json\/wp\/v2\/media\/13367"}],"wp:attachment":[{"href":"https:\/\/trimaco.com\/es\/wp-json\/wp\/v2\/media?parent=13675"}],"curies":[{"name":"wp","href":"https:\/\/api.w.org\/{rel}","templated":true}]}}