{"id":13671,"date":"2021-05-07T10:25:23","date_gmt":"2021-05-07T14:25:23","guid":{"rendered":"https:\/\/trimaco.wpengine.com\/productos\/peliculas-protectoras-de-superficie\/pelicula-protectora-easymask-para-sistemas-de-hvac\/"},"modified":"2024-04-09T09:24:45","modified_gmt":"2024-04-09T13:24:45","slug":"pelicula-protectora-easymask-para-sistemas-de-hvac","status":"publish","type":"page","link":"https:\/\/trimaco.com\/es\/productos\/peliculas-protectoras-de-superficie\/pelicula-protectora-easymask-para-sistemas-de-hvac\/","title":{"rendered":"Pel\u00edcula protectora EasyMask\u00ae para sistemas de HVAC"},"content":{"rendered":"<p>Proporcione un cierre temporal para abrir el trabajo de conductos con una pel\u00edcula protectora pl\u00e1stica EasyMask\u00ae para sistemas de HVAC. Esta pel\u00edcula adhesiva se puede aplicar r\u00e1pida y eficientemente sin necesidad de cinta adhesiva, flejes o bandas. <\/p>\n<p>La pel\u00edcula protectora azul es altamente ajustable, resistente a rayos UV y pinchazos, lo que le da tranquilidad en el sitio de trabajo. Para usar, primero elija la pel\u00edcula HVAC del tama\u00f1o adecuado para su tipo de trabajo. A partir de un lado del conducto abierto, asegure el adhesivo hasta el borde. A continuaci\u00f3n, tire del rollo de pel\u00edcula hacia el lado opuesto del conducto para cubrir. Corte y presione la pel\u00edcula alrededor de los bordes para fijar, y repita hasta que el \u00e1rea abierta est\u00e9 cerrada.<\/p>\n<p>Aseg\u00farese de echar un vistazo a la amplia gama de <a href=\"https:\/\/trimaco.com\/es\/productos\/peliculas-protectoras-de-superficie\/\">pel\u00edculas protectoras<\/a> de Trimaco, as\u00ed como nuestra l\u00ednea completa de productos de protecci\u00f3n de <a href=\"https:\/\/trimaco.com\/es\/productos\/proteccion-de-superficies-de-servicio-pesado\/\">superficies<\/a> de servicio pesado.<\/p>\n<ul>\n<li>Pel\u00edcula pl\u00e1stica protectora azul<\/li>\n<li>Resistente a los rayos UV y la punci\u00f3n<\/li>\n<li>La pel\u00edcula es auto enrollada, f\u00e1cil de instalar y quitar<\/li>\n<\/ul>\n<p><em>Pel\u00edcula protectora pl\u00e1stica EasyMask\u00ae para sistemas de HVAC<\/em><\/p>\n<table>\n<tbody>\n<tr>\n<th># de Art\u00edculo<\/th>\n<th>Paquete de<\/th>\n<th>Tama\u00f1o<\/th>\n<\/tr>\n<tr>\n<td>88044<\/td>\n<td>1<\/td>\n<td>24&#8243; x 200&#8242;<\/td>\n<\/tr>\n<tr>\n<td>88046<\/td>\n<td>1<\/td>\n<td>36&#8243; x 200&#8242;<\/td>\n<\/tr>\n<tr>\n<td>88048<\/td>\n<td>1<\/td>\n<td>48&#8243; x 200&#8242;<\/td>\n<\/tr>\n<\/tbody>\n<\/table>\n","protected":false},"excerpt":{"rendered":"<p>La pel\u00edcula resistente a la punci\u00f3n proporciona un cierre temporal para abrir conductos sin cinta adhesiva.<\/p>\n","protected":false},"author":2,"featured_media":17526,"parent":13664,"menu_order":5,"comment_status":"closed","ping_status":"closed","template":"page_products-grandchild.php","meta":{"_acf_changed":false,"footnotes":""},"class_list":["post-13671","page","type-page","status-publish","has-post-thumbnail","hentry"],"acf":[],"yoast_head":"<!-- This site is optimized with the Yoast SEO plugin v27.1.1 - https:\/\/yoast.com\/product\/yoast-seo-wordpress\/ -->\n<title>Pel\u00edcula de Pl\u00e1stico Protectora EasyMask\u00ae Para HVAC<\/title>\n<meta name=\"description\" content=\"Cierre temporal de conductos HVAC. Aplique pel\u00edcula pl\u00e1stica protectora de forma r\u00e1pida y eficiente sin necesidad de cinta adhesiva, flejes o bandas.\" \/>\n<meta name=\"robots\" content=\"index, follow, max-snippet:-1, max-image-preview:large, max-video-preview:-1\" \/>\n<link rel=\"canonical\" href=\"https:\/\/trimaco.com\/es\/productos\/peliculas-protectoras-de-superficie\/pelicula-protectora-easymask-para-sistemas-de-hvac\/\" \/>\n<meta property=\"og:locale\" content=\"es_ES\" \/>\n<meta property=\"og:type\" content=\"article\" \/>\n<meta property=\"og:title\" content=\"Pel\u00edcula de Pl\u00e1stico Protectora EasyMask\u00ae Para HVAC\" \/>\n<meta property=\"og:description\" content=\"Cierre temporal de conductos HVAC. Aplique pel\u00edcula pl\u00e1stica protectora de forma r\u00e1pida y eficiente sin necesidad de cinta adhesiva, flejes o bandas.\" \/>\n<meta property=\"og:url\" content=\"https:\/\/trimaco.com\/es\/productos\/peliculas-protectoras-de-superficie\/pelicula-protectora-easymask-para-sistemas-de-hvac\/\" \/>\n<meta property=\"og:site_name\" content=\"Trimaco\" \/>\n<meta property=\"article:publisher\" content=\"https:\/\/www.facebook.com\/pages\/Trimaco\/346858225385747?ref=ts\" \/>\n<meta property=\"article:modified_time\" content=\"2024-04-09T13:24:45+00:00\" \/>\n<meta property=\"og:image\" content=\"https:\/\/trimaco.com\/wp-content\/uploads\/2022\/02\/protectivehvacfilm-1.webp\" \/>\n\t<meta property=\"og:image:width\" content=\"284\" \/>\n\t<meta property=\"og:image:height\" content=\"283\" \/>\n\t<meta property=\"og:image:type\" content=\"image\/webp\" \/>\n<meta name=\"twitter:card\" content=\"summary_large_image\" \/>\n<meta name=\"twitter:site\" content=\"@trimacoinc\" \/>\n<meta name=\"twitter:label1\" content=\"Tiempo de lectura\" \/>\n\t<meta name=\"twitter:data1\" content=\"2 minutos\" \/>\n<!-- \/ Yoast SEO plugin. -->","yoast_head_json":{"title":"Pel\u00edcula de Pl\u00e1stico Protectora EasyMask\u00ae Para HVAC","description":"Cierre temporal de conductos HVAC. Aplique pel\u00edcula pl\u00e1stica protectora de forma r\u00e1pida y eficiente sin necesidad de cinta adhesiva, flejes o bandas.","robots":{"index":"index","follow":"follow","max-snippet":"max-snippet:-1","max-image-preview":"max-image-preview:large","max-video-preview":"max-video-preview:-1"},"canonical":"https:\/\/trimaco.com\/es\/productos\/peliculas-protectoras-de-superficie\/pelicula-protectora-easymask-para-sistemas-de-hvac\/","og_locale":"es_ES","og_type":"article","og_title":"Pel\u00edcula de Pl\u00e1stico Protectora EasyMask\u00ae Para HVAC","og_description":"Cierre temporal de conductos HVAC. Aplique pel\u00edcula pl\u00e1stica protectora de forma r\u00e1pida y eficiente sin necesidad de cinta adhesiva, flejes o bandas.","og_url":"https:\/\/trimaco.com\/es\/productos\/peliculas-protectoras-de-superficie\/pelicula-protectora-easymask-para-sistemas-de-hvac\/","og_site_name":"Trimaco","article_publisher":"https:\/\/www.facebook.com\/pages\/Trimaco\/346858225385747?ref=ts","article_modified_time":"2024-04-09T13:24:45+00:00","og_image":[{"width":284,"height":283,"url":"https:\/\/trimaco.com\/wp-content\/uploads\/2022\/02\/protectivehvacfilm-1.webp","type":"image\/webp"}],"twitter_card":"summary_large_image","twitter_site":"@trimacoinc","twitter_misc":{"Tiempo de lectura":"2 minutos"},"schema":{"@context":"https:\/\/schema.org","@graph":[{"@type":"WebPage","@id":"https:\/\/trimaco.com\/es\/productos\/peliculas-protectoras-de-superficie\/pelicula-protectora-easymask-para-sistemas-de-hvac\/","url":"https:\/\/trimaco.com\/es\/productos\/peliculas-protectoras-de-superficie\/pelicula-protectora-easymask-para-sistemas-de-hvac\/","name":"Pel\u00edcula de Pl\u00e1stico Protectora EasyMask\u00ae Para HVAC","isPartOf":{"@id":"https:\/\/trimaco.com\/#website"},"primaryImageOfPage":{"@id":"https:\/\/trimaco.com\/es\/productos\/peliculas-protectoras-de-superficie\/pelicula-protectora-easymask-para-sistemas-de-hvac\/#primaryimage"},"image":{"@id":"https:\/\/trimaco.com\/es\/productos\/peliculas-protectoras-de-superficie\/pelicula-protectora-easymask-para-sistemas-de-hvac\/#primaryimage"},"thumbnailUrl":"https:\/\/trimaco.com\/wp-content\/uploads\/2022\/02\/protectivehvacfilm-1.webp","datePublished":"2021-05-07T14:25:23+00:00","dateModified":"2024-04-09T13:24:45+00:00","description":"Cierre temporal de conductos HVAC. Aplique pel\u00edcula pl\u00e1stica protectora de forma r\u00e1pida y eficiente sin necesidad de cinta adhesiva, flejes o bandas.","breadcrumb":{"@id":"https:\/\/trimaco.com\/es\/productos\/peliculas-protectoras-de-superficie\/pelicula-protectora-easymask-para-sistemas-de-hvac\/#breadcrumb"},"inLanguage":"es","potentialAction":[{"@type":"ReadAction","target":["https:\/\/trimaco.com\/es\/productos\/peliculas-protectoras-de-superficie\/pelicula-protectora-easymask-para-sistemas-de-hvac\/"]}]},{"@type":"ImageObject","inLanguage":"es","@id":"https:\/\/trimaco.com\/es\/productos\/peliculas-protectoras-de-superficie\/pelicula-protectora-easymask-para-sistemas-de-hvac\/#primaryimage","url":"https:\/\/trimaco.com\/wp-content\/uploads\/2022\/02\/protectivehvacfilm-1.webp","contentUrl":"https:\/\/trimaco.com\/wp-content\/uploads\/2022\/02\/protectivehvacfilm-1.webp","width":284,"height":283,"caption":"HVAC film in a facility"},{"@type":"BreadcrumbList","@id":"https:\/\/trimaco.com\/es\/productos\/peliculas-protectoras-de-superficie\/pelicula-protectora-easymask-para-sistemas-de-hvac\/#breadcrumb","itemListElement":[{"@type":"ListItem","position":1,"name":"Home","item":"https:\/\/trimaco.com\/"},{"@type":"ListItem","position":2,"name":"Productos","item":"https:\/\/trimaco.com\/es\/productos\/"},{"@type":"ListItem","position":3,"name":"Pel\u00edculas protectoras de superficie","item":"https:\/\/trimaco.com\/es\/productos\/peliculas-protectoras-de-superficie\/"},{"@type":"ListItem","position":4,"name":"Pel\u00edcula protectora EasyMask\u00ae para sistemas de HVAC"}]},{"@type":"WebSite","@id":"https:\/\/trimaco.com\/#website","url":"https:\/\/trimaco.com\/","name":"Trimaco","description":"Total Jobsite Protection\u2122","publisher":{"@id":"https:\/\/trimaco.com\/#organization"},"potentialAction":[{"@type":"SearchAction","target":{"@type":"EntryPoint","urlTemplate":"https:\/\/trimaco.com\/?s={search_term_string}"},"query-input":{"@type":"PropertyValueSpecification","valueRequired":true,"valueName":"search_term_string"}}],"inLanguage":"es"},{"@type":"Organization","@id":"https:\/\/trimaco.com\/#organization","name":"Trimaco","url":"https:\/\/trimaco.com\/","logo":{"@type":"ImageObject","inLanguage":"es","@id":"https:\/\/trimaco.com\/#\/schema\/logo\/image\/","url":"https:\/\/trimaco.com\/wp-content\/uploads\/2016\/08\/login-logo.png","contentUrl":"https:\/\/trimaco.com\/wp-content\/uploads\/2016\/08\/login-logo.png","width":450,"height":69,"caption":"Trimaco"},"image":{"@id":"https:\/\/trimaco.com\/#\/schema\/logo\/image\/"},"sameAs":["https:\/\/www.facebook.com\/pages\/Trimaco\/346858225385747?ref=ts","https:\/\/x.com\/trimacoinc","https:\/\/www.instagram.com\/trimaco_inc\/","https:\/\/pinterest.com\/trimaco\/","https:\/\/www.youtube.com\/c\/trimacoinc"]}]}},"_links":{"self":[{"href":"https:\/\/trimaco.com\/es\/wp-json\/wp\/v2\/pages\/13671","targetHints":{"allow":["GET"]}}],"collection":[{"href":"https:\/\/trimaco.com\/es\/wp-json\/wp\/v2\/pages"}],"about":[{"href":"https:\/\/trimaco.com\/es\/wp-json\/wp\/v2\/types\/page"}],"author":[{"embeddable":true,"href":"https:\/\/trimaco.com\/es\/wp-json\/wp\/v2\/users\/2"}],"replies":[{"embeddable":true,"href":"https:\/\/trimaco.com\/es\/wp-json\/wp\/v2\/comments?post=13671"}],"version-history":[{"count":0,"href":"https:\/\/trimaco.com\/es\/wp-json\/wp\/v2\/pages\/13671\/revisions"}],"up":[{"embeddable":true,"href":"https:\/\/trimaco.com\/es\/wp-json\/wp\/v2\/pages\/13664"}],"wp:featuredmedia":[{"embeddable":true,"href":"https:\/\/trimaco.com\/es\/wp-json\/wp\/v2\/media\/17526"}],"wp:attachment":[{"href":"https:\/\/trimaco.com\/es\/wp-json\/wp\/v2\/media?parent=13671"}],"curies":[{"name":"wp","href":"https:\/\/api.w.org\/{rel}","templated":true}]}}