{"id":13669,"date":"2021-05-07T10:05:07","date_gmt":"2021-05-07T14:05:07","guid":{"rendered":"https:\/\/trimaco.wpengine.com\/productos\/peliculas-protectoras-de-superficie\/pelicula-protectora-easymask-para-encimeras\/"},"modified":"2024-04-09T09:24:30","modified_gmt":"2024-04-09T13:24:30","slug":"pelicula-protectora-easymask-para-encimeras","status":"publish","type":"page","link":"https:\/\/trimaco.com\/es\/productos\/peliculas-protectoras-de-superficie\/pelicula-protectora-easymask-para-encimeras\/","title":{"rendered":"Pel\u00edcula protectora EasyMask\u00ae para encimeras"},"content":{"rendered":"<p>Nuestra pel\u00edcula protectora EasyMask \u00ae para encimeras mantiene los mesones protegidos de ara\u00f1azos, manchas y derrames de pintura en el sitio de trabajo. Esta pel\u00edcula de protecci\u00f3n de superficie te\u00f1ida de azul es f\u00e1cil de instalar y quitar. Perfecto para su uso durante la fabricaci\u00f3n, env\u00edo, entrega, instalaci\u00f3n y despu\u00e9s de la instalaci\u00f3n para mantener las encimeras como nuevas hasta que se complete todo el trabajo. <\/p>\n<p>Dise\u00f1ada para proteger, la pel\u00edcula protectora EasyMask \u00ae para encimeras de Trimaco evitar\u00e1 da\u00f1os en todo tipo de materiales de encimera, \u00a1incluyendo granito, cuarzo, m\u00e1rmol y m\u00e1s! Disponible en rollos de 24 pulgadas por 600 pies. Explore a\u00fan m\u00e1s <a href=\"https:\/\/trimaco.com\/es\/productos\/peliculas-protectoras-de-superficie\/\">pel\u00edculas protectoras,<\/a> as\u00ed como la amplia gama de <a href=\"https:\/\/trimaco.com\/es\/productos\/proteccion-de-superficies-de-servicio-pesado\/\">productos de protecci\u00f3n de superficies de servicio pesado<\/a> de Trimaco.<\/p>\n<ul>\n<li>Proteja los mesones de ara\u00f1azos y manchas<\/li>\n<li>Se puede utilizar durante el proceso de fabricaci\u00f3n y env\u00edo para evitar da\u00f1os<\/li>\n<li>Pel\u00edcula de protecci\u00f3n de superficie f\u00e1cil de instalar y quitar<\/li>\n<li>Ahorra tiempo y dinero<\/li>\n<\/ul>\n<p><em>Pel\u00edcula protectora EasyMask \u00ae para encimeras<\/em><\/p>\n<table>\n<tbody>\n<tr>\n<th># de Art\u00edculo<\/th>\n<th>Paquete de<\/th>\n<th>Tama\u00f1o<\/th>\n<\/tr>\n<tr>\n<td>88124<\/td>\n<td>1<\/td>\n<td>24&#8243; x 600&#8242;<\/td>\n<\/tr>\n<\/tbody>\n<\/table>\n","protected":false},"excerpt":{"rendered":"<p>Mantenga los encimeros protegidos de ara\u00f1azos y manchas. <\/p>\n","protected":false},"author":2,"featured_media":9787,"parent":13664,"menu_order":3,"comment_status":"closed","ping_status":"closed","template":"page_products-grandchild.php","meta":{"_acf_changed":false,"footnotes":""},"class_list":["post-13669","page","type-page","status-publish","has-post-thumbnail","hentry"],"acf":[],"yoast_head":"<!-- This site is optimized with the Yoast SEO plugin v27.5 - https:\/\/yoast.com\/product\/yoast-seo-wordpress\/ -->\n<title>Pel\u00edcula Protectora EasyMask \u00ae para Encimeras<\/title>\n<meta name=\"description\" content=\"\u00bfNecesita mantener sus encimeras a salvo de manchas y suciedad durante la entrega o instalaci\u00f3n? \u00a1Explore nuestra pel\u00edcula protectora EasyMask \u00ae para encimeras!\" \/>\n<meta name=\"robots\" content=\"index, follow, max-snippet:-1, max-image-preview:large, max-video-preview:-1\" \/>\n<link rel=\"canonical\" href=\"https:\/\/trimaco.com\/es\/productos\/peliculas-protectoras-de-superficie\/pelicula-protectora-easymask-para-encimeras\/\" \/>\n<meta property=\"og:locale\" content=\"es_ES\" \/>\n<meta property=\"og:type\" content=\"article\" \/>\n<meta property=\"og:title\" content=\"Pel\u00edcula Protectora EasyMask \u00ae para Encimeras\" \/>\n<meta property=\"og:description\" content=\"\u00bfNecesita mantener sus encimeras a salvo de manchas y suciedad durante la entrega o instalaci\u00f3n? \u00a1Explore nuestra pel\u00edcula protectora EasyMask \u00ae para encimeras!\" \/>\n<meta property=\"og:url\" content=\"https:\/\/trimaco.com\/es\/productos\/peliculas-protectoras-de-superficie\/pelicula-protectora-easymask-para-encimeras\/\" \/>\n<meta property=\"og:site_name\" content=\"Trimaco\" \/>\n<meta property=\"article:publisher\" content=\"https:\/\/www.facebook.com\/pages\/Trimaco\/346858225385747?ref=ts\" \/>\n<meta property=\"article:modified_time\" content=\"2024-04-09T13:24:30+00:00\" \/>\n<meta property=\"og:image\" content=\"https:\/\/trimaco.com\/wp-content\/uploads\/2020\/09\/countertopfilm.jpg\" \/>\n\t<meta property=\"og:image:width\" content=\"435\" \/>\n\t<meta property=\"og:image:height\" content=\"435\" \/>\n\t<meta property=\"og:image:type\" content=\"image\/jpeg\" \/>\n<meta name=\"twitter:card\" content=\"summary_large_image\" \/>\n<meta name=\"twitter:site\" content=\"@trimacoinc\" \/>\n<meta name=\"twitter:label1\" content=\"Tiempo de lectura\" \/>\n\t<meta name=\"twitter:data1\" content=\"1 minuto\" \/>\n<!-- \/ Yoast SEO plugin. -->","yoast_head_json":{"title":"Pel\u00edcula Protectora EasyMask \u00ae para Encimeras","description":"\u00bfNecesita mantener sus encimeras a salvo de manchas y suciedad durante la entrega o instalaci\u00f3n? \u00a1Explore nuestra pel\u00edcula protectora EasyMask \u00ae para encimeras!","robots":{"index":"index","follow":"follow","max-snippet":"max-snippet:-1","max-image-preview":"max-image-preview:large","max-video-preview":"max-video-preview:-1"},"canonical":"https:\/\/trimaco.com\/es\/productos\/peliculas-protectoras-de-superficie\/pelicula-protectora-easymask-para-encimeras\/","og_locale":"es_ES","og_type":"article","og_title":"Pel\u00edcula Protectora EasyMask \u00ae para Encimeras","og_description":"\u00bfNecesita mantener sus encimeras a salvo de manchas y suciedad durante la entrega o instalaci\u00f3n? \u00a1Explore nuestra pel\u00edcula protectora EasyMask \u00ae para encimeras!","og_url":"https:\/\/trimaco.com\/es\/productos\/peliculas-protectoras-de-superficie\/pelicula-protectora-easymask-para-encimeras\/","og_site_name":"Trimaco","article_publisher":"https:\/\/www.facebook.com\/pages\/Trimaco\/346858225385747?ref=ts","article_modified_time":"2024-04-09T13:24:30+00:00","og_image":[{"width":435,"height":435,"url":"https:\/\/trimaco.com\/wp-content\/uploads\/2020\/09\/countertopfilm.jpg","type":"image\/jpeg"}],"twitter_card":"summary_large_image","twitter_site":"@trimacoinc","twitter_misc":{"Tiempo de lectura":"1 minuto"},"schema":{"@context":"https:\/\/schema.org","@graph":[{"@type":"WebPage","@id":"https:\/\/trimaco.com\/es\/productos\/peliculas-protectoras-de-superficie\/pelicula-protectora-easymask-para-encimeras\/","url":"https:\/\/trimaco.com\/es\/productos\/peliculas-protectoras-de-superficie\/pelicula-protectora-easymask-para-encimeras\/","name":"Pel\u00edcula Protectora EasyMask \u00ae para Encimeras","isPartOf":{"@id":"https:\/\/trimaco.com\/#website"},"primaryImageOfPage":{"@id":"https:\/\/trimaco.com\/es\/productos\/peliculas-protectoras-de-superficie\/pelicula-protectora-easymask-para-encimeras\/#primaryimage"},"image":{"@id":"https:\/\/trimaco.com\/es\/productos\/peliculas-protectoras-de-superficie\/pelicula-protectora-easymask-para-encimeras\/#primaryimage"},"thumbnailUrl":"https:\/\/trimaco.com\/wp-content\/uploads\/2020\/09\/countertopfilm.jpg","datePublished":"2021-05-07T14:05:07+00:00","dateModified":"2024-04-09T13:24:30+00:00","description":"\u00bfNecesita mantener sus encimeras a salvo de manchas y suciedad durante la entrega o instalaci\u00f3n? \u00a1Explore nuestra pel\u00edcula protectora EasyMask \u00ae para encimeras!","breadcrumb":{"@id":"https:\/\/trimaco.com\/es\/productos\/peliculas-protectoras-de-superficie\/pelicula-protectora-easymask-para-encimeras\/#breadcrumb"},"inLanguage":"es","potentialAction":[{"@type":"ReadAction","target":["https:\/\/trimaco.com\/es\/productos\/peliculas-protectoras-de-superficie\/pelicula-protectora-easymask-para-encimeras\/"]}]},{"@type":"ImageObject","inLanguage":"es","@id":"https:\/\/trimaco.com\/es\/productos\/peliculas-protectoras-de-superficie\/pelicula-protectora-easymask-para-encimeras\/#primaryimage","url":"https:\/\/trimaco.com\/wp-content\/uploads\/2020\/09\/countertopfilm.jpg","contentUrl":"https:\/\/trimaco.com\/wp-content\/uploads\/2020\/09\/countertopfilm.jpg","width":435,"height":435,"caption":"installing countertop film"},{"@type":"BreadcrumbList","@id":"https:\/\/trimaco.com\/es\/productos\/peliculas-protectoras-de-superficie\/pelicula-protectora-easymask-para-encimeras\/#breadcrumb","itemListElement":[{"@type":"ListItem","position":1,"name":"Home","item":"https:\/\/trimaco.com\/"},{"@type":"ListItem","position":2,"name":"Productos","item":"https:\/\/trimaco.com\/es\/productos\/"},{"@type":"ListItem","position":3,"name":"Pel\u00edculas protectoras de superficie","item":"https:\/\/trimaco.com\/es\/productos\/peliculas-protectoras-de-superficie\/"},{"@type":"ListItem","position":4,"name":"Pel\u00edcula protectora EasyMask\u00ae para encimeras"}]},{"@type":"WebSite","@id":"https:\/\/trimaco.com\/#website","url":"https:\/\/trimaco.com\/","name":"Trimaco","description":"Total Jobsite Protection\u2122","publisher":{"@id":"https:\/\/trimaco.com\/#organization"},"potentialAction":[{"@type":"SearchAction","target":{"@type":"EntryPoint","urlTemplate":"https:\/\/trimaco.com\/?s={search_term_string}"},"query-input":{"@type":"PropertyValueSpecification","valueRequired":true,"valueName":"search_term_string"}}],"inLanguage":"es"},{"@type":"Organization","@id":"https:\/\/trimaco.com\/#organization","name":"Trimaco","url":"https:\/\/trimaco.com\/","logo":{"@type":"ImageObject","inLanguage":"es","@id":"https:\/\/trimaco.com\/#\/schema\/logo\/image\/","url":"https:\/\/trimaco.com\/wp-content\/uploads\/2016\/08\/login-logo.png","contentUrl":"https:\/\/trimaco.com\/wp-content\/uploads\/2016\/08\/login-logo.png","width":450,"height":69,"caption":"Trimaco"},"image":{"@id":"https:\/\/trimaco.com\/#\/schema\/logo\/image\/"},"sameAs":["https:\/\/www.facebook.com\/pages\/Trimaco\/346858225385747?ref=ts","https:\/\/x.com\/trimacoinc","https:\/\/www.instagram.com\/trimaco_inc\/","https:\/\/pinterest.com\/trimaco\/","https:\/\/www.youtube.com\/c\/trimacoinc"]}]}},"_links":{"self":[{"href":"https:\/\/trimaco.com\/es\/wp-json\/wp\/v2\/pages\/13669","targetHints":{"allow":["GET"]}}],"collection":[{"href":"https:\/\/trimaco.com\/es\/wp-json\/wp\/v2\/pages"}],"about":[{"href":"https:\/\/trimaco.com\/es\/wp-json\/wp\/v2\/types\/page"}],"author":[{"embeddable":true,"href":"https:\/\/trimaco.com\/es\/wp-json\/wp\/v2\/users\/2"}],"replies":[{"embeddable":true,"href":"https:\/\/trimaco.com\/es\/wp-json\/wp\/v2\/comments?post=13669"}],"version-history":[{"count":0,"href":"https:\/\/trimaco.com\/es\/wp-json\/wp\/v2\/pages\/13669\/revisions"}],"up":[{"embeddable":true,"href":"https:\/\/trimaco.com\/es\/wp-json\/wp\/v2\/pages\/13664"}],"wp:featuredmedia":[{"embeddable":true,"href":"https:\/\/trimaco.com\/es\/wp-json\/wp\/v2\/media\/9787"}],"wp:attachment":[{"href":"https:\/\/trimaco.com\/es\/wp-json\/wp\/v2\/media?parent=13669"}],"curies":[{"name":"wp","href":"https:\/\/api.w.org\/{rel}","templated":true}]}}