{"id":13667,"date":"2021-05-07T09:57:22","date_gmt":"2021-05-07T13:57:22","guid":{"rendered":"https:\/\/trimaco.wpengine.com\/productos\/peliculas-protectoras-de-superficie\/pelicula-protectora-easymask-para-superficies-duras\/"},"modified":"2024-09-19T14:33:25","modified_gmt":"2024-09-19T18:33:25","slug":"pelicula-protectora-easymask-para-superficies-duras","status":"publish","type":"page","link":"https:\/\/trimaco.com\/es\/productos\/peliculas-protectoras-de-superficie\/pelicula-protectora-easymask-para-superficies-duras\/","title":{"rendered":"Pel\u00edcula protectora EasyMask\u00ae para superficies duras"},"content":{"rendered":"<p>Nuestra pel\u00edcula protectora EasyMask \u00ae para superficies duras es enrollada a la inversa para una f\u00e1cil aplicaci\u00f3n. La pel\u00edcula antideslizante protege contra derrames, suciedad y tr\u00e1fico peatonal. Una vez aplicada, la pel\u00edcula proporciona un v\u00ednculo estrecho con superficies duras, pero es f\u00e1cil de quitar y no deja residuos. Esta pel\u00edcula azul, dura y duradera resiste los desgarros, la abrasi\u00f3n y la punci\u00f3n. Ideal para proteger pisos duros, mesones, electrodom\u00e9sticos, ba\u00f1eras, duchas, azulejos, m\u00e1rmol y m\u00e1s. Hasta 30 d\u00edas de uso. Nuestro <a href=\"https:\/\/trimaco.com\/es\/productos\/peliculas-protectoras-de-superficie\/aplicador-ajustable-de-pelicula-de-suelo-protector\/\">aplicador de pel\u00edcula<\/a> hace que este producto sea f\u00e1cil de aplicar en el trabajo.<br \/>\n<br \/>\n<em>No aplique a superficies mojadas o h\u00famedas ni a maderas sin acabado, m\u00e1rmol natural o piedra. No se recomienda para pisos de madera terminados en el lugar. En el suelo reci\u00e9n instalado, permita que cualquier proceso de curado termine por completo antes de usar este producto. Cuando la pel\u00edcula este expuesta a temperaturas superiores a 95\u00b0, al aire libre o tr\u00e1fico extremadamente pesado, la pel\u00edcula debe inspeccionarse semanalmente y reemplazarse seg\u00fan sea necesario.<\/em> <\/p>\n<p>Aseg\u00farese de echar un vistazo a la l\u00ednea completa de <a href=\"https:\/\/trimaco.com\/es\/productos\/peliculas-protectoras-de-superficie\/\">pel\u00edculas protectoras<\/a> de Trimaco. \u00bfNecesita protecci\u00f3n adicional? Explore nuestros productos de protecci\u00f3n de superficies, como nuestro <a href=\"https:\/\/trimaco.com\/es\/productos\/papel-de-suelo\/\">papel de piso<\/a> y <a href=\"https:\/\/trimaco.com\/es\/productos\/proteccion-de-superficies-de-servicio-pesado\/\">protectores de superficie de servicio pesado.<\/a><\/p>\n<ul>\n<li>Hasta 30 d\u00edas de uso<\/li>\n<li>Pintura, construcci\u00f3n, residencial, bienes ra\u00edces, marina, industrial y m\u00e1s<\/li>\n<li>Altamente resistente al desgarro<\/li>\n<\/ul>\n<p><em>Pel\u00edcula protectora EasyMask \u00ae para superficies duras<\/em><\/p>\n<table>\n<tbody>\n<tr>\n<th># de Art\u00edculo<\/th>\n<th>Paquete de<\/th>\n<th>Tama\u00f1o<\/th>\n<\/tr>\n<tr>\n<td>72450<\/td>\n<td>12<\/td>\n<td>24&#8243; x 50&#8242; (muestrario de repisa)<\/td>\n<\/tr>\n<tr>\n<td>72420<\/td>\n<td>1<\/td>\n<td>24&#8243; x 200&#8242;<\/td>\n<\/tr>\n<tr>\n<td>72436<\/td>\n<td>1<\/td>\n<td>36&#8243; x 500&#8242;<\/td>\n<\/tr>\n<\/tbody>\n<\/table>\n","protected":false},"excerpt":{"rendered":"<p>Uso en superficies duras para proyectos de pintura, mudanza y construcci\u00f3n.<\/p>\n","protected":false},"author":2,"featured_media":17501,"parent":13664,"menu_order":1,"comment_status":"closed","ping_status":"closed","template":"page_products-grandchild.php","meta":{"_acf_changed":false,"footnotes":""},"class_list":["post-13667","page","type-page","status-publish","has-post-thumbnail","hentry"],"acf":[],"yoast_head":"<!-- This site is optimized with the Yoast SEO plugin v27.5 - https:\/\/yoast.com\/product\/yoast-seo-wordpress\/ -->\n<title>Pel\u00edcula Protectora para Superficies Duras - Trimaco<\/title>\n<meta name=\"description\" content=\"\u00bfNecesita proteger sus superficies durante un trabajo de pintura? EasyMask \u00ae protege superficies duras contra derrames, suciedad y tr\u00e1fico peatonal.\" \/>\n<meta name=\"robots\" content=\"index, follow, max-snippet:-1, max-image-preview:large, max-video-preview:-1\" \/>\n<link rel=\"canonical\" href=\"https:\/\/trimaco.com\/es\/productos\/peliculas-protectoras-de-superficie\/pelicula-protectora-easymask-para-superficies-duras\/\" \/>\n<meta property=\"og:locale\" content=\"es_ES\" \/>\n<meta property=\"og:type\" content=\"article\" \/>\n<meta property=\"og:title\" content=\"Pel\u00edcula Protectora para Superficies Duras - Trimaco\" \/>\n<meta property=\"og:description\" content=\"\u00bfNecesita proteger sus superficies durante un trabajo de pintura? EasyMask \u00ae protege superficies duras contra derrames, suciedad y tr\u00e1fico peatonal.\" \/>\n<meta property=\"og:url\" content=\"https:\/\/trimaco.com\/es\/productos\/peliculas-protectoras-de-superficie\/pelicula-protectora-easymask-para-superficies-duras\/\" \/>\n<meta property=\"og:site_name\" content=\"Trimaco\" \/>\n<meta property=\"article:publisher\" content=\"https:\/\/www.facebook.com\/pages\/Trimaco\/346858225385747?ref=ts\" \/>\n<meta property=\"article:modified_time\" content=\"2024-09-19T18:33:25+00:00\" \/>\n<meta property=\"og:image\" content=\"https:\/\/trimaco.com\/wp-content\/uploads\/2022\/02\/protectivehardsurfacefilm-1.webp\" \/>\n\t<meta property=\"og:image:width\" content=\"284\" \/>\n\t<meta property=\"og:image:height\" content=\"283\" \/>\n\t<meta property=\"og:image:type\" content=\"image\/webp\" \/>\n<meta name=\"twitter:card\" content=\"summary_large_image\" \/>\n<meta name=\"twitter:site\" content=\"@trimacoinc\" \/>\n<meta name=\"twitter:label1\" content=\"Tiempo de lectura\" \/>\n\t<meta name=\"twitter:data1\" content=\"2 minutos\" \/>\n<!-- \/ Yoast SEO plugin. -->","yoast_head_json":{"title":"Pel\u00edcula Protectora para Superficies Duras - Trimaco","description":"\u00bfNecesita proteger sus superficies durante un trabajo de pintura? EasyMask \u00ae protege superficies duras contra derrames, suciedad y tr\u00e1fico peatonal.","robots":{"index":"index","follow":"follow","max-snippet":"max-snippet:-1","max-image-preview":"max-image-preview:large","max-video-preview":"max-video-preview:-1"},"canonical":"https:\/\/trimaco.com\/es\/productos\/peliculas-protectoras-de-superficie\/pelicula-protectora-easymask-para-superficies-duras\/","og_locale":"es_ES","og_type":"article","og_title":"Pel\u00edcula Protectora para Superficies Duras - Trimaco","og_description":"\u00bfNecesita proteger sus superficies durante un trabajo de pintura? EasyMask \u00ae protege superficies duras contra derrames, suciedad y tr\u00e1fico peatonal.","og_url":"https:\/\/trimaco.com\/es\/productos\/peliculas-protectoras-de-superficie\/pelicula-protectora-easymask-para-superficies-duras\/","og_site_name":"Trimaco","article_publisher":"https:\/\/www.facebook.com\/pages\/Trimaco\/346858225385747?ref=ts","article_modified_time":"2024-09-19T18:33:25+00:00","og_image":[{"width":284,"height":283,"url":"https:\/\/trimaco.com\/wp-content\/uploads\/2022\/02\/protectivehardsurfacefilm-1.webp","type":"image\/webp"}],"twitter_card":"summary_large_image","twitter_site":"@trimacoinc","twitter_misc":{"Tiempo de lectura":"2 minutos"},"schema":{"@context":"https:\/\/schema.org","@graph":[{"@type":"WebPage","@id":"https:\/\/trimaco.com\/es\/productos\/peliculas-protectoras-de-superficie\/pelicula-protectora-easymask-para-superficies-duras\/","url":"https:\/\/trimaco.com\/es\/productos\/peliculas-protectoras-de-superficie\/pelicula-protectora-easymask-para-superficies-duras\/","name":"Pel\u00edcula Protectora para Superficies Duras - Trimaco","isPartOf":{"@id":"https:\/\/trimaco.com\/#website"},"primaryImageOfPage":{"@id":"https:\/\/trimaco.com\/es\/productos\/peliculas-protectoras-de-superficie\/pelicula-protectora-easymask-para-superficies-duras\/#primaryimage"},"image":{"@id":"https:\/\/trimaco.com\/es\/productos\/peliculas-protectoras-de-superficie\/pelicula-protectora-easymask-para-superficies-duras\/#primaryimage"},"thumbnailUrl":"https:\/\/trimaco.com\/wp-content\/uploads\/2022\/02\/protectivehardsurfacefilm-1.webp","datePublished":"2021-05-07T13:57:22+00:00","dateModified":"2024-09-19T18:33:25+00:00","description":"\u00bfNecesita proteger sus superficies durante un trabajo de pintura? EasyMask \u00ae protege superficies duras contra derrames, suciedad y tr\u00e1fico peatonal.","breadcrumb":{"@id":"https:\/\/trimaco.com\/es\/productos\/peliculas-protectoras-de-superficie\/pelicula-protectora-easymask-para-superficies-duras\/#breadcrumb"},"inLanguage":"es","potentialAction":[{"@type":"ReadAction","target":["https:\/\/trimaco.com\/es\/productos\/peliculas-protectoras-de-superficie\/pelicula-protectora-easymask-para-superficies-duras\/"]}]},{"@type":"ImageObject","inLanguage":"es","@id":"https:\/\/trimaco.com\/es\/productos\/peliculas-protectoras-de-superficie\/pelicula-protectora-easymask-para-superficies-duras\/#primaryimage","url":"https:\/\/trimaco.com\/wp-content\/uploads\/2022\/02\/protectivehardsurfacefilm-1.webp","contentUrl":"https:\/\/trimaco.com\/wp-content\/uploads\/2022\/02\/protectivehardsurfacefilm-1.webp","width":284,"height":283,"caption":"hard surface film rolled out"},{"@type":"BreadcrumbList","@id":"https:\/\/trimaco.com\/es\/productos\/peliculas-protectoras-de-superficie\/pelicula-protectora-easymask-para-superficies-duras\/#breadcrumb","itemListElement":[{"@type":"ListItem","position":1,"name":"Home","item":"https:\/\/trimaco.com\/"},{"@type":"ListItem","position":2,"name":"Productos","item":"https:\/\/trimaco.com\/es\/productos\/"},{"@type":"ListItem","position":3,"name":"Pel\u00edculas protectoras de superficie","item":"https:\/\/trimaco.com\/es\/productos\/peliculas-protectoras-de-superficie\/"},{"@type":"ListItem","position":4,"name":"Pel\u00edcula protectora EasyMask\u00ae para superficies duras"}]},{"@type":"WebSite","@id":"https:\/\/trimaco.com\/#website","url":"https:\/\/trimaco.com\/","name":"Trimaco","description":"Total Jobsite Protection\u2122","publisher":{"@id":"https:\/\/trimaco.com\/#organization"},"potentialAction":[{"@type":"SearchAction","target":{"@type":"EntryPoint","urlTemplate":"https:\/\/trimaco.com\/?s={search_term_string}"},"query-input":{"@type":"PropertyValueSpecification","valueRequired":true,"valueName":"search_term_string"}}],"inLanguage":"es"},{"@type":"Organization","@id":"https:\/\/trimaco.com\/#organization","name":"Trimaco","url":"https:\/\/trimaco.com\/","logo":{"@type":"ImageObject","inLanguage":"es","@id":"https:\/\/trimaco.com\/#\/schema\/logo\/image\/","url":"https:\/\/trimaco.com\/wp-content\/uploads\/2016\/08\/login-logo.png","contentUrl":"https:\/\/trimaco.com\/wp-content\/uploads\/2016\/08\/login-logo.png","width":450,"height":69,"caption":"Trimaco"},"image":{"@id":"https:\/\/trimaco.com\/#\/schema\/logo\/image\/"},"sameAs":["https:\/\/www.facebook.com\/pages\/Trimaco\/346858225385747?ref=ts","https:\/\/x.com\/trimacoinc","https:\/\/www.instagram.com\/trimaco_inc\/","https:\/\/pinterest.com\/trimaco\/","https:\/\/www.youtube.com\/c\/trimacoinc"]}]}},"_links":{"self":[{"href":"https:\/\/trimaco.com\/es\/wp-json\/wp\/v2\/pages\/13667","targetHints":{"allow":["GET"]}}],"collection":[{"href":"https:\/\/trimaco.com\/es\/wp-json\/wp\/v2\/pages"}],"about":[{"href":"https:\/\/trimaco.com\/es\/wp-json\/wp\/v2\/types\/page"}],"author":[{"embeddable":true,"href":"https:\/\/trimaco.com\/es\/wp-json\/wp\/v2\/users\/2"}],"replies":[{"embeddable":true,"href":"https:\/\/trimaco.com\/es\/wp-json\/wp\/v2\/comments?post=13667"}],"version-history":[{"count":0,"href":"https:\/\/trimaco.com\/es\/wp-json\/wp\/v2\/pages\/13667\/revisions"}],"up":[{"embeddable":true,"href":"https:\/\/trimaco.com\/es\/wp-json\/wp\/v2\/pages\/13664"}],"wp:featuredmedia":[{"embeddable":true,"href":"https:\/\/trimaco.com\/es\/wp-json\/wp\/v2\/media\/17501"}],"wp:attachment":[{"href":"https:\/\/trimaco.com\/es\/wp-json\/wp\/v2\/media?parent=13667"}],"curies":[{"name":"wp","href":"https:\/\/api.w.org\/{rel}","templated":true}]}}