{"id":13664,"date":"2021-05-07T09:42:30","date_gmt":"2021-05-07T13:42:30","guid":{"rendered":"https:\/\/trimaco.wpengine.com\/productos\/peliculas-protectoras-de-superficie\/"},"modified":"2022-03-25T14:30:25","modified_gmt":"2022-03-25T18:30:25","slug":"peliculas-protectoras-de-superficie","status":"publish","type":"page","link":"https:\/\/trimaco.com\/es\/productos\/peliculas-protectoras-de-superficie\/","title":{"rendered":"Pel\u00edculas protectoras de superficie"},"content":{"rendered":"<p>Desde pel\u00edculas protectoras de ventanas hasta protecci\u00f3n de suelos, Trimaco tiene todos los productos que necesita para <a href=\"https:\/\/trimaco.com\/es\/productos\/proteccion-de-superficies-de-servicio-pesado\/\">proteger cualquier superficie.<\/a> Nuestra pel\u00edcula adhesiva para protecci\u00f3n de alfombras es una pel\u00edcula de grado profesional que protege contra la suciedad, la mugre y las manchas, mientras que nuestra pel\u00edcula protectora para mesones ofrece una protecci\u00f3n de primera calidad que act\u00faa como una protecci\u00f3n superficial contra ara\u00f1azos y manchas. <\/p>\n<p>Con nuestra amplia selecci\u00f3n de pel\u00edculas protectoras temporales de superficie, seguro que encontrar\u00e1 una que se adapte a sus necesidades espec\u00edficas de protecci\u00f3n de superficies. La l\u00ednea de pel\u00edculas de Trimaco est\u00e1 disponible en una variedad de espesores, colores y tama\u00f1os. Explora y aprende m\u00e1s sobre los diferentes tipos de pel\u00edculas protectoras que ofrecemos.<\/p>\n<h3>Pel\u00edculas protectoras de pintura<\/h3>\n<ul>\n<li>Las pel\u00edculas son ideales para alfombras, superficies duras, mesones, ventanas y unidades HVAC<\/li>\n<li>No quedan residuos adhesivos en la superficie<\/li>\n<li>Altamente resistente a rasgaduras y pinchazos<\/li>\n<\/ul>\n<p>Para obtener una opci\u00f3n adicional m\u00e1s ligera, eche un vistazo al papel de piso de <a href=\"https:\/\/trimaco.com\/es\/productos\/papel-de-suelo\/\">Trimaco.<\/a><\/p>\n","protected":false},"excerpt":{"rendered":"<p>Desde pel\u00edculas protectoras de ventanas hasta protecci\u00f3n de suelos, Trimaco tiene todos los productos que necesita para proteger cualquier superficie. Nuestra pel\u00edcula adhesiva para protecci\u00f3n de alfombras es una pel\u00edcula de grado profesional que protege<a class=\"read-more\" href=\"https:\/\/trimaco.com\/es\/productos\/peliculas-protectoras-de-superficie\/\"> &#8230;Continue Reading<\/a><\/p>\n","protected":false},"author":9,"featured_media":13379,"parent":10374,"menu_order":16,"comment_status":"closed","ping_status":"closed","template":"page_products-child.php","meta":{"_acf_changed":false,"footnotes":""},"class_list":["post-13664","page","type-page","status-publish","has-post-thumbnail","hentry"],"acf":[],"yoast_head":"<!-- This site is optimized with the Yoast SEO plugin v27.1.1 - https:\/\/yoast.com\/product\/yoast-seo-wordpress\/ -->\n<title>Pel\u00edculas Protectoras para Alfombras, Suelos y Puertas<\/title>\n<meta name=\"description\" content=\"Trimaco vende peliculas que pueden proteger alfombras, superficie duras, HVAC y ventanas. Tenemos lo que necesitas para mantener tu superficie protegida.\" \/>\n<meta name=\"robots\" content=\"index, follow, max-snippet:-1, max-image-preview:large, max-video-preview:-1\" \/>\n<link rel=\"canonical\" href=\"https:\/\/trimaco.com\/es\/productos\/peliculas-protectoras-de-superficie\/\" \/>\n<meta property=\"og:locale\" content=\"es_ES\" \/>\n<meta property=\"og:type\" content=\"article\" \/>\n<meta property=\"og:title\" content=\"Pel\u00edculas Protectoras para Alfombras, Suelos y Puertas\" \/>\n<meta property=\"og:description\" content=\"Trimaco vende peliculas que pueden proteger alfombras, superficie duras, HVAC y ventanas. Tenemos lo que necesitas para mantener tu superficie protegida.\" \/>\n<meta property=\"og:url\" content=\"https:\/\/trimaco.com\/es\/productos\/peliculas-protectoras-de-superficie\/\" \/>\n<meta property=\"og:site_name\" content=\"Trimaco\" \/>\n<meta property=\"article:publisher\" content=\"https:\/\/www.facebook.com\/pages\/Trimaco\/346858225385747?ref=ts\" \/>\n<meta property=\"article:modified_time\" content=\"2022-03-25T18:30:25+00:00\" \/>\n<meta property=\"og:image\" content=\"https:\/\/trimaco.com\/wp-content\/uploads\/2016\/12\/protectivecarpetfilm-1.jpg\" \/>\n\t<meta property=\"og:image:width\" content=\"1000\" \/>\n\t<meta property=\"og:image:height\" content=\"1000\" \/>\n\t<meta property=\"og:image:type\" content=\"image\/jpeg\" \/>\n<meta name=\"twitter:card\" content=\"summary_large_image\" \/>\n<meta name=\"twitter:site\" content=\"@trimacoinc\" \/>\n<meta name=\"twitter:label1\" content=\"Tiempo de lectura\" \/>\n\t<meta name=\"twitter:data1\" content=\"1 minuto\" \/>\n<!-- \/ Yoast SEO plugin. -->","yoast_head_json":{"title":"Pel\u00edculas Protectoras para Alfombras, Suelos y Puertas","description":"Trimaco vende peliculas que pueden proteger alfombras, superficie duras, HVAC y ventanas. Tenemos lo que necesitas para mantener tu superficie protegida.","robots":{"index":"index","follow":"follow","max-snippet":"max-snippet:-1","max-image-preview":"max-image-preview:large","max-video-preview":"max-video-preview:-1"},"canonical":"https:\/\/trimaco.com\/es\/productos\/peliculas-protectoras-de-superficie\/","og_locale":"es_ES","og_type":"article","og_title":"Pel\u00edculas Protectoras para Alfombras, Suelos y Puertas","og_description":"Trimaco vende peliculas que pueden proteger alfombras, superficie duras, HVAC y ventanas. Tenemos lo que necesitas para mantener tu superficie protegida.","og_url":"https:\/\/trimaco.com\/es\/productos\/peliculas-protectoras-de-superficie\/","og_site_name":"Trimaco","article_publisher":"https:\/\/www.facebook.com\/pages\/Trimaco\/346858225385747?ref=ts","article_modified_time":"2022-03-25T18:30:25+00:00","og_image":[{"width":1000,"height":1000,"url":"https:\/\/trimaco.com\/wp-content\/uploads\/2016\/12\/protectivecarpetfilm-1.jpg","type":"image\/jpeg"}],"twitter_card":"summary_large_image","twitter_site":"@trimacoinc","twitter_misc":{"Tiempo de lectura":"1 minuto"},"schema":{"@context":"https:\/\/schema.org","@graph":[{"@type":"WebPage","@id":"https:\/\/trimaco.com\/es\/productos\/peliculas-protectoras-de-superficie\/","url":"https:\/\/trimaco.com\/es\/productos\/peliculas-protectoras-de-superficie\/","name":"Pel\u00edculas Protectoras para Alfombras, Suelos y Puertas","isPartOf":{"@id":"https:\/\/trimaco.com\/#website"},"primaryImageOfPage":{"@id":"https:\/\/trimaco.com\/es\/productos\/peliculas-protectoras-de-superficie\/#primaryimage"},"image":{"@id":"https:\/\/trimaco.com\/es\/productos\/peliculas-protectoras-de-superficie\/#primaryimage"},"thumbnailUrl":"https:\/\/trimaco.com\/wp-content\/uploads\/2016\/12\/protectivecarpetfilm-1.jpg","datePublished":"2021-05-07T13:42:30+00:00","dateModified":"2022-03-25T18:30:25+00:00","description":"Trimaco vende peliculas que pueden proteger alfombras, superficie duras, HVAC y ventanas. Tenemos lo que necesitas para mantener tu superficie protegida.","breadcrumb":{"@id":"https:\/\/trimaco.com\/es\/productos\/peliculas-protectoras-de-superficie\/#breadcrumb"},"inLanguage":"es","potentialAction":[{"@type":"ReadAction","target":["https:\/\/trimaco.com\/es\/productos\/peliculas-protectoras-de-superficie\/"]}]},{"@type":"ImageObject","inLanguage":"es","@id":"https:\/\/trimaco.com\/es\/productos\/peliculas-protectoras-de-superficie\/#primaryimage","url":"https:\/\/trimaco.com\/wp-content\/uploads\/2016\/12\/protectivecarpetfilm-1.jpg","contentUrl":"https:\/\/trimaco.com\/wp-content\/uploads\/2016\/12\/protectivecarpetfilm-1.jpg","width":1000,"height":1000,"caption":"heavy duty plastic carpet protector"},{"@type":"BreadcrumbList","@id":"https:\/\/trimaco.com\/es\/productos\/peliculas-protectoras-de-superficie\/#breadcrumb","itemListElement":[{"@type":"ListItem","position":1,"name":"Home","item":"https:\/\/trimaco.com\/"},{"@type":"ListItem","position":2,"name":"Productos","item":"https:\/\/trimaco.com\/es\/productos\/"},{"@type":"ListItem","position":3,"name":"Pel\u00edculas protectoras de superficie"}]},{"@type":"WebSite","@id":"https:\/\/trimaco.com\/#website","url":"https:\/\/trimaco.com\/","name":"Trimaco","description":"Total Jobsite Protection\u2122","publisher":{"@id":"https:\/\/trimaco.com\/#organization"},"potentialAction":[{"@type":"SearchAction","target":{"@type":"EntryPoint","urlTemplate":"https:\/\/trimaco.com\/?s={search_term_string}"},"query-input":{"@type":"PropertyValueSpecification","valueRequired":true,"valueName":"search_term_string"}}],"inLanguage":"es"},{"@type":"Organization","@id":"https:\/\/trimaco.com\/#organization","name":"Trimaco","url":"https:\/\/trimaco.com\/","logo":{"@type":"ImageObject","inLanguage":"es","@id":"https:\/\/trimaco.com\/#\/schema\/logo\/image\/","url":"https:\/\/trimaco.com\/wp-content\/uploads\/2016\/08\/login-logo.png","contentUrl":"https:\/\/trimaco.com\/wp-content\/uploads\/2016\/08\/login-logo.png","width":450,"height":69,"caption":"Trimaco"},"image":{"@id":"https:\/\/trimaco.com\/#\/schema\/logo\/image\/"},"sameAs":["https:\/\/www.facebook.com\/pages\/Trimaco\/346858225385747?ref=ts","https:\/\/x.com\/trimacoinc","https:\/\/www.instagram.com\/trimaco_inc\/","https:\/\/pinterest.com\/trimaco\/","https:\/\/www.youtube.com\/c\/trimacoinc"]}]}},"_links":{"self":[{"href":"https:\/\/trimaco.com\/es\/wp-json\/wp\/v2\/pages\/13664","targetHints":{"allow":["GET"]}}],"collection":[{"href":"https:\/\/trimaco.com\/es\/wp-json\/wp\/v2\/pages"}],"about":[{"href":"https:\/\/trimaco.com\/es\/wp-json\/wp\/v2\/types\/page"}],"author":[{"embeddable":true,"href":"https:\/\/trimaco.com\/es\/wp-json\/wp\/v2\/users\/9"}],"replies":[{"embeddable":true,"href":"https:\/\/trimaco.com\/es\/wp-json\/wp\/v2\/comments?post=13664"}],"version-history":[{"count":0,"href":"https:\/\/trimaco.com\/es\/wp-json\/wp\/v2\/pages\/13664\/revisions"}],"up":[{"embeddable":true,"href":"https:\/\/trimaco.com\/es\/wp-json\/wp\/v2\/pages\/10374"}],"wp:featuredmedia":[{"embeddable":true,"href":"https:\/\/trimaco.com\/es\/wp-json\/wp\/v2\/media\/13379"}],"wp:attachment":[{"href":"https:\/\/trimaco.com\/es\/wp-json\/wp\/v2\/media?parent=13664"}],"curies":[{"name":"wp","href":"https:\/\/api.w.org\/{rel}","templated":true}]}}