{"id":13517,"date":"2021-03-22T14:55:51","date_gmt":"2021-03-22T18:55:51","guid":{"rendered":"https:\/\/trimaco.wpengine.com\/productos\/cintas-de-trabajo-pesado\/la-cinta-de-union-aqua-shield-recubierta-de-pe-para-pisos\/"},"modified":"2024-04-09T09:44:16","modified_gmt":"2024-04-09T13:44:16","slug":"la-cinta-de-union-aqua-shield-recubierta-de-pe-para-pisos","status":"publish","type":"page","link":"https:\/\/trimaco.com\/es\/productos\/cintas-de-trabajo-pesado\/la-cinta-de-union-aqua-shield-recubierta-de-pe-para-pisos\/","title":{"rendered":"Cinta Adhesiva Aqua Shield\u00ae Recubierta con PE"},"content":{"rendered":"<p>La compa\u00f1era perfecta para nuestro protector de superficie <a href=\"https:\/\/trimaco.com\/es\/productos\/proteccion-de-superficies-de-servicio-pesado\/proteccion-de-superficie-retardante-de-llamas-aqua-shield\/\">Aqua Shield<\/a>. Esta cinta con revestimiento de tela recubierta de PE consiste en un adhesivo natural a base de caucho. La cinta de uni\u00f3n para pisos Aqua Shield\u00ae proporciona un excelente equilibrio de resistencia a la tracci\u00f3n y a la capacidad de desgarro. <\/p>\n<p>La cinta adhesiva de 3&#8243; de ancho es de tama\u00f1o perfecto para cubrir las uniones de las l\u00e1minas de Aqua Shield\u00ae. Para aplicar, simplemente superponga las uniones del protector de superficie Aqua Shield aproximadamente media pulgada. Mientras mantiene el protector del suelo en su lugar, aplique cuidadosamente la cinta de uni\u00f3n para unir el material. No aplicar directamente a los pisos. Como pr\u00e1ctica recomendada, utilice una cinta menos agresiva para asegurar el protector de superficie. Prueba antes de usar. <\/p>\n<p><em>Probado de acuerdo con la norma UL 723 y orgullosamente hecha en los EE.UU.<\/em><\/p>\n<ul>\n<li>2.83&#8243; x 180&#8242;<\/li>\n<li>Fuerte y hecho para durar a lo largo del trabajo<\/li>\n<li>Hecho en los EE.UU.<\/li>\n<\/ul>\n<p>\u00a1Obt\u00e9n m\u00e1s informaci\u00f3n sobre todos <a href=\"https:\/\/trimaco.com\/es\/productos\/proteccion-de-superficies-de-servicio-pesado\/\">los protectores de superficie de servicio pesado<\/a>y <a href=\"https:\/\/trimaco.com\/es\/productos\/cintas-de-trabajo-pesado\/\">las cintas de servicio pesado<\/a>de Trimaco!<\/p>\n<p><em>Cinta de uni\u00f3n Aqua Shield&#x2122;<\/em><\/p>\n<table>\n<tbody>\n<tr>\n<th># de Art\u00edculo<\/th>\n<th>Paquete de<\/th>\n<th>Tama\u00f1o<\/th>\n<\/tr>\n<tr>\n<td>87090<\/td>\n<td>16<\/td>\n<td>72mm x 55m (uso como 3&#8243;)<\/td>\n<\/tr>\n<\/tbody>\n<\/table>\n","protected":false},"excerpt":{"rendered":"<p>Cinta para uniones Aqua Shield de resistencia superior <\/p>\n","protected":false},"author":2,"featured_media":13518,"parent":13511,"menu_order":3,"comment_status":"closed","ping_status":"closed","template":"page_products-grandchild.php","meta":{"_acf_changed":false,"footnotes":""},"class_list":["post-13517","page","type-page","status-publish","has-post-thumbnail","hentry"],"acf":[],"yoast_head":"<!-- This site is optimized with the Yoast SEO plugin v27.4 - https:\/\/yoast.com\/product\/yoast-seo-wordpress\/ -->\n<title>Cinta Adhesiva Aqua Shield\u00ae Recubierta con PE - Trimaco<\/title>\n<meta name=\"description\" content=\"La cinta adhesiva funciona muy bien con nuestro Aqua Shield. La cinta de 3&quot; de ancho es el tama\u00f1o perfecto para cubrir las uniones.\" \/>\n<meta name=\"robots\" content=\"index, follow, max-snippet:-1, max-image-preview:large, max-video-preview:-1\" \/>\n<link rel=\"canonical\" href=\"https:\/\/trimaco.com\/es\/productos\/cintas-de-trabajo-pesado\/la-cinta-de-union-aqua-shield-recubierta-de-pe-para-pisos\/\" \/>\n<meta property=\"og:locale\" content=\"es_ES\" \/>\n<meta property=\"og:type\" content=\"article\" \/>\n<meta property=\"og:title\" content=\"Cinta Adhesiva Aqua Shield\u00ae Recubierta con PE - Trimaco\" \/>\n<meta property=\"og:description\" content=\"La cinta adhesiva funciona muy bien con nuestro Aqua Shield. La cinta de 3&quot; de ancho es el tama\u00f1o perfecto para cubrir las uniones.\" \/>\n<meta property=\"og:url\" content=\"https:\/\/trimaco.com\/es\/productos\/cintas-de-trabajo-pesado\/la-cinta-de-union-aqua-shield-recubierta-de-pe-para-pisos\/\" \/>\n<meta property=\"og:site_name\" content=\"Trimaco\" \/>\n<meta property=\"article:publisher\" content=\"https:\/\/www.facebook.com\/pages\/Trimaco\/346858225385747?ref=ts\" \/>\n<meta property=\"article:modified_time\" content=\"2024-04-09T13:44:16+00:00\" \/>\n<meta property=\"og:image\" content=\"https:\/\/trimaco.com\/wp-content\/uploads\/2016\/12\/aquashieldtape-1.jpg\" \/>\n\t<meta property=\"og:image:width\" content=\"1000\" \/>\n\t<meta property=\"og:image:height\" content=\"1000\" \/>\n\t<meta property=\"og:image:type\" content=\"image\/jpeg\" \/>\n<meta name=\"twitter:card\" content=\"summary_large_image\" \/>\n<meta name=\"twitter:site\" content=\"@trimacoinc\" \/>\n<meta name=\"twitter:label1\" content=\"Tiempo de lectura\" \/>\n\t<meta name=\"twitter:data1\" content=\"2 minutos\" \/>\n<!-- \/ Yoast SEO plugin. -->","yoast_head_json":{"title":"Cinta Adhesiva Aqua Shield\u00ae Recubierta con PE - Trimaco","description":"La cinta adhesiva funciona muy bien con nuestro Aqua Shield. La cinta de 3\" de ancho es el tama\u00f1o perfecto para cubrir las uniones.","robots":{"index":"index","follow":"follow","max-snippet":"max-snippet:-1","max-image-preview":"max-image-preview:large","max-video-preview":"max-video-preview:-1"},"canonical":"https:\/\/trimaco.com\/es\/productos\/cintas-de-trabajo-pesado\/la-cinta-de-union-aqua-shield-recubierta-de-pe-para-pisos\/","og_locale":"es_ES","og_type":"article","og_title":"Cinta Adhesiva Aqua Shield\u00ae Recubierta con PE - Trimaco","og_description":"La cinta adhesiva funciona muy bien con nuestro Aqua Shield. La cinta de 3\" de ancho es el tama\u00f1o perfecto para cubrir las uniones.","og_url":"https:\/\/trimaco.com\/es\/productos\/cintas-de-trabajo-pesado\/la-cinta-de-union-aqua-shield-recubierta-de-pe-para-pisos\/","og_site_name":"Trimaco","article_publisher":"https:\/\/www.facebook.com\/pages\/Trimaco\/346858225385747?ref=ts","article_modified_time":"2024-04-09T13:44:16+00:00","og_image":[{"width":1000,"height":1000,"url":"https:\/\/trimaco.com\/wp-content\/uploads\/2016\/12\/aquashieldtape-1.jpg","type":"image\/jpeg"}],"twitter_card":"summary_large_image","twitter_site":"@trimacoinc","twitter_misc":{"Tiempo de lectura":"2 minutos"},"schema":{"@context":"https:\/\/schema.org","@graph":[{"@type":"WebPage","@id":"https:\/\/trimaco.com\/es\/productos\/cintas-de-trabajo-pesado\/la-cinta-de-union-aqua-shield-recubierta-de-pe-para-pisos\/","url":"https:\/\/trimaco.com\/es\/productos\/cintas-de-trabajo-pesado\/la-cinta-de-union-aqua-shield-recubierta-de-pe-para-pisos\/","name":"Cinta Adhesiva Aqua Shield\u00ae Recubierta con PE - Trimaco","isPartOf":{"@id":"https:\/\/trimaco.com\/#website"},"primaryImageOfPage":{"@id":"https:\/\/trimaco.com\/es\/productos\/cintas-de-trabajo-pesado\/la-cinta-de-union-aqua-shield-recubierta-de-pe-para-pisos\/#primaryimage"},"image":{"@id":"https:\/\/trimaco.com\/es\/productos\/cintas-de-trabajo-pesado\/la-cinta-de-union-aqua-shield-recubierta-de-pe-para-pisos\/#primaryimage"},"thumbnailUrl":"https:\/\/trimaco.com\/wp-content\/uploads\/2016\/12\/aquashieldtape-1.jpg","datePublished":"2021-03-22T18:55:51+00:00","dateModified":"2024-04-09T13:44:16+00:00","description":"La cinta adhesiva funciona muy bien con nuestro Aqua Shield. La cinta de 3\" de ancho es el tama\u00f1o perfecto para cubrir las uniones.","breadcrumb":{"@id":"https:\/\/trimaco.com\/es\/productos\/cintas-de-trabajo-pesado\/la-cinta-de-union-aqua-shield-recubierta-de-pe-para-pisos\/#breadcrumb"},"inLanguage":"es","potentialAction":[{"@type":"ReadAction","target":["https:\/\/trimaco.com\/es\/productos\/cintas-de-trabajo-pesado\/la-cinta-de-union-aqua-shield-recubierta-de-pe-para-pisos\/"]}]},{"@type":"ImageObject","inLanguage":"es","@id":"https:\/\/trimaco.com\/es\/productos\/cintas-de-trabajo-pesado\/la-cinta-de-union-aqua-shield-recubierta-de-pe-para-pisos\/#primaryimage","url":"https:\/\/trimaco.com\/wp-content\/uploads\/2016\/12\/aquashieldtape-1.jpg","contentUrl":"https:\/\/trimaco.com\/wp-content\/uploads\/2016\/12\/aquashieldtape-1.jpg","width":1000,"height":1000,"caption":"aqua shield seam tape"},{"@type":"BreadcrumbList","@id":"https:\/\/trimaco.com\/es\/productos\/cintas-de-trabajo-pesado\/la-cinta-de-union-aqua-shield-recubierta-de-pe-para-pisos\/#breadcrumb","itemListElement":[{"@type":"ListItem","position":1,"name":"Home","item":"https:\/\/trimaco.com\/"},{"@type":"ListItem","position":2,"name":"Productos","item":"https:\/\/trimaco.com\/es\/productos\/"},{"@type":"ListItem","position":3,"name":"Cintas Adhesivas para Trabajo Pesado","item":"https:\/\/trimaco.com\/es\/productos\/cintas-de-trabajo-pesado\/"},{"@type":"ListItem","position":4,"name":"Cinta Adhesiva Aqua Shield\u00ae Recubierta con PE"}]},{"@type":"WebSite","@id":"https:\/\/trimaco.com\/#website","url":"https:\/\/trimaco.com\/","name":"Trimaco","description":"Total Jobsite Protection\u2122","publisher":{"@id":"https:\/\/trimaco.com\/#organization"},"potentialAction":[{"@type":"SearchAction","target":{"@type":"EntryPoint","urlTemplate":"https:\/\/trimaco.com\/?s={search_term_string}"},"query-input":{"@type":"PropertyValueSpecification","valueRequired":true,"valueName":"search_term_string"}}],"inLanguage":"es"},{"@type":"Organization","@id":"https:\/\/trimaco.com\/#organization","name":"Trimaco","url":"https:\/\/trimaco.com\/","logo":{"@type":"ImageObject","inLanguage":"es","@id":"https:\/\/trimaco.com\/#\/schema\/logo\/image\/","url":"https:\/\/trimaco.com\/wp-content\/uploads\/2016\/08\/login-logo.png","contentUrl":"https:\/\/trimaco.com\/wp-content\/uploads\/2016\/08\/login-logo.png","width":450,"height":69,"caption":"Trimaco"},"image":{"@id":"https:\/\/trimaco.com\/#\/schema\/logo\/image\/"},"sameAs":["https:\/\/www.facebook.com\/pages\/Trimaco\/346858225385747?ref=ts","https:\/\/x.com\/trimacoinc","https:\/\/www.instagram.com\/trimaco_inc\/","https:\/\/pinterest.com\/trimaco\/","https:\/\/www.youtube.com\/c\/trimacoinc"]}]}},"_links":{"self":[{"href":"https:\/\/trimaco.com\/es\/wp-json\/wp\/v2\/pages\/13517","targetHints":{"allow":["GET"]}}],"collection":[{"href":"https:\/\/trimaco.com\/es\/wp-json\/wp\/v2\/pages"}],"about":[{"href":"https:\/\/trimaco.com\/es\/wp-json\/wp\/v2\/types\/page"}],"author":[{"embeddable":true,"href":"https:\/\/trimaco.com\/es\/wp-json\/wp\/v2\/users\/2"}],"replies":[{"embeddable":true,"href":"https:\/\/trimaco.com\/es\/wp-json\/wp\/v2\/comments?post=13517"}],"version-history":[{"count":0,"href":"https:\/\/trimaco.com\/es\/wp-json\/wp\/v2\/pages\/13517\/revisions"}],"up":[{"embeddable":true,"href":"https:\/\/trimaco.com\/es\/wp-json\/wp\/v2\/pages\/13511"}],"wp:featuredmedia":[{"embeddable":true,"href":"https:\/\/trimaco.com\/es\/wp-json\/wp\/v2\/media\/13518"}],"wp:attachment":[{"href":"https:\/\/trimaco.com\/es\/wp-json\/wp\/v2\/media?parent=13517"}],"curies":[{"name":"wp","href":"https:\/\/api.w.org\/{rel}","templated":true}]}}