{"id":13515,"date":"2021-03-22T14:44:56","date_gmt":"2021-03-22T18:44:56","guid":{"rendered":"https:\/\/trimaco.wpengine.com\/productos\/cintas-de-trabajo-pesado\/xboard-pintura-cinta-de-union-para-remodelacion\/"},"modified":"2024-04-09T09:44:04","modified_gmt":"2024-04-09T13:44:04","slug":"xboard-pintura-cinta-de-union-para-remodelacion","status":"publish","type":"page","link":"https:\/\/trimaco.com\/es\/productos\/cintas-de-trabajo-pesado\/xboard-pintura-cinta-de-union-para-remodelacion\/","title":{"rendered":"Cinta Adhesiva X\u2022Board\u00ae Usado en Pintura y Remodelaci\u00f3n"},"content":{"rendered":"<p>Esta cinta de servicio pesado de 2&#8243; cubre las uniones del <a href=\"https:\/\/trimaco.com\/es\/productos\/proteccion-de-superficies-de-servicio-pesado\/xboard-pintura-remodelacion-protector-de-superficie-transpirable-ligera\/\">X\u2022Board<\/a> de forma r\u00e1pida y sencilla para proporcionar una protecci\u00f3n superior en las superficies en cualquier \u00e1rea de trabajo. La cinta de protecci\u00f3n de superficie resistente est\u00e1 dise\u00f1ada con respaldo kraft y adhesivo de grado contratista para durar durante toda su renovaci\u00f3n, para proyectos de bricolaje o trabajos de construcci\u00f3n. Esta cinta de remodelaci\u00f3n se expande en forma plana cuando se aplica y tiene una gran resistencia a la tracci\u00f3n. La cinta de uni\u00f3n de construcci\u00f3n es flexible y f\u00e1cil de trabajar. <\/p>\n<p>Para aplicar, simplemente superponga el protector de superficie XBoard aproximadamente a media pulgada. Mientras mantiene en su lugar, pegue la cinta adhesiva a lo largo de las uniones y alise hacia abajo. Para fijar el protector de superficie a una superficie, utilice una opci\u00f3n menos agresiva como Cinta de <a href=\"https:\/\/trimaco.com\/es\/productos\/cintas-de-enmascarar-profesionales\/cinta-de-enmascarar-profesional-bluedge-para-pintar\/\">pintura BlueEdge<\/a> de Trimaco u otras cintas de protecci\u00f3n alrededor de los per\u00edmetros. No utilice cinta adhesiva de remodelaci\u00f3n directamente en los pisos. Pruebe el adhesivo antes de usarlo.<\/p>\n<ul>\n<li>Cinta de sellado de uni\u00f3n de protecci\u00f3n para superficies<\/li>\n<li>Fuerte y hecha para durar todo el trabajo de construcci\u00f3n o pintura<\/li>\n<li>Hecho en los EE.UU.<\/li>\n<li>1.89&#8243; x 164&#8242;<\/li>\n<li>Este tipo de cinta funciona bien con el <a href=\"https:\/\/trimaco.com\/es\/productos\/proteccion-de-superficies-de-servicio-pesado\/xboard-pintura-remodelacion-protector-de-superficie-transpirable-ligera\/\" rel=\"noopener noreferrer\" target=\"_blank\">X\u2022Board<\/a> de Trimaco para proporcionar protecci\u00f3n del suelo<\/li>\n<li>Si busca una opci\u00f3n de 3&#8243; de ancho, eche un vistazo a nuestra cinta de grado contratista <a href=\"https:\/\/trimaco.com\/es\/productos\/cintas-de-trabajo-pesado\/cinta-de-union-floorshell-de-grado-contratista-para-pisos\/\">FloorShell<\/a><\/li>\n<\/ul>\n<p>Obt\u00e9n m\u00e1s informaci\u00f3n sobre los <a href=\"https:\/\/trimaco.com\/es\/productos\/proteccion-de-superficies-de-servicio-pesado\/\">protectores de superficie de servicio pesado<\/a>de Trimaco, las <a href=\"https:\/\/trimaco.com\/es\/productos\/cintas-de-trabajo-pesado\/\">cintas de servicio pesado,<\/a> <a href=\"https:\/\/trimaco.com\/es\/productos\/peliculas-protectoras-de-superficie\/\">las pel\u00edculas<\/a> <a href=\"https:\/\/trimaco.com\/es\/productos\/sistemas-de-contencion-de-polvo-soluciones\/\">protectoras, las barreras contra el polvo<\/a> y otros productos de <a href=\"https:\/\/trimaco.com\/es\/productos\/proteccion-miscelanea-para-la-superficie\/\">protecci\u00f3n de superficies<\/a> y sitios de trabajo \u00fanicos para contratistas.<\/p>\n<p><em>Cinta de uni\u00f3n X-Board<\/em><\/p>\n<table>\n<tbody>\n<tr>\n<th># de Art\u00edculo<\/th>\n<th>Paquete de<\/th>\n<th>Tama\u00f1o<\/th>\n<\/tr>\n<tr>\n<td>12395<\/td>\n<td>12<\/td>\n<td>48mm x 50m (uso como 2&#8243;)<\/td>\n<\/tr>\n<\/tbody>\n<\/table>\n","protected":false},"excerpt":{"rendered":"<p>Esta cinta de 2&#8243; cubre las uniones del X\u2022Board r\u00e1pida y f\u00e1cilmente. <\/p>\n","protected":false},"author":2,"featured_media":17487,"parent":13511,"menu_order":2,"comment_status":"closed","ping_status":"closed","template":"page_products-grandchild.php","meta":{"_acf_changed":false,"footnotes":""},"class_list":["post-13515","page","type-page","status-publish","has-post-thumbnail","hentry"],"acf":[],"yoast_head":"<!-- This site is optimized with the Yoast SEO plugin v27.5 - https:\/\/yoast.com\/product\/yoast-seo-wordpress\/ -->\n<title>Cinta Adhesiva X\u2022Board\u00ae - Usado en Pintura y Remodelaci\u00f3n<\/title>\n<meta name=\"description\" content=\"La cinta adhesiva X\u2022Board se une y sostiene las uni\u00f3nes de la placa del constructor de forma r\u00e1pida y sencilla durante todo el tiempo de trabajo.\" \/>\n<meta name=\"robots\" content=\"index, follow, max-snippet:-1, max-image-preview:large, max-video-preview:-1\" \/>\n<link rel=\"canonical\" href=\"https:\/\/trimaco.com\/es\/productos\/cintas-de-trabajo-pesado\/xboard-pintura-cinta-de-union-para-remodelacion\/\" \/>\n<meta property=\"og:locale\" content=\"es_ES\" \/>\n<meta property=\"og:type\" content=\"article\" \/>\n<meta property=\"og:title\" content=\"Cinta Adhesiva X\u2022Board\u00ae - Usado en Pintura y Remodelaci\u00f3n\" \/>\n<meta property=\"og:description\" content=\"La cinta adhesiva X\u2022Board se une y sostiene las uni\u00f3nes de la placa del constructor de forma r\u00e1pida y sencilla durante todo el tiempo de trabajo.\" \/>\n<meta property=\"og:url\" content=\"https:\/\/trimaco.com\/es\/productos\/cintas-de-trabajo-pesado\/xboard-pintura-cinta-de-union-para-remodelacion\/\" \/>\n<meta property=\"og:site_name\" content=\"Trimaco\" \/>\n<meta property=\"article:publisher\" content=\"https:\/\/www.facebook.com\/pages\/Trimaco\/346858225385747?ref=ts\" \/>\n<meta property=\"article:modified_time\" content=\"2024-04-09T13:44:04+00:00\" \/>\n<meta property=\"og:image\" content=\"https:\/\/trimaco.com\/wp-content\/uploads\/2022\/02\/xboardseamtape-1.webp\" \/>\n\t<meta property=\"og:image:width\" content=\"340\" \/>\n\t<meta property=\"og:image:height\" content=\"340\" \/>\n\t<meta property=\"og:image:type\" content=\"image\/webp\" \/>\n<meta name=\"twitter:card\" content=\"summary_large_image\" \/>\n<meta name=\"twitter:site\" content=\"@trimacoinc\" \/>\n<meta name=\"twitter:label1\" content=\"Tiempo de lectura\" \/>\n\t<meta name=\"twitter:data1\" content=\"2 minutos\" \/>\n<!-- \/ Yoast SEO plugin. -->","yoast_head_json":{"title":"Cinta Adhesiva X\u2022Board\u00ae - Usado en Pintura y Remodelaci\u00f3n","description":"La cinta adhesiva X\u2022Board se une y sostiene las uni\u00f3nes de la placa del constructor de forma r\u00e1pida y sencilla durante todo el tiempo de trabajo.","robots":{"index":"index","follow":"follow","max-snippet":"max-snippet:-1","max-image-preview":"max-image-preview:large","max-video-preview":"max-video-preview:-1"},"canonical":"https:\/\/trimaco.com\/es\/productos\/cintas-de-trabajo-pesado\/xboard-pintura-cinta-de-union-para-remodelacion\/","og_locale":"es_ES","og_type":"article","og_title":"Cinta Adhesiva X\u2022Board\u00ae - Usado en Pintura y Remodelaci\u00f3n","og_description":"La cinta adhesiva X\u2022Board se une y sostiene las uni\u00f3nes de la placa del constructor de forma r\u00e1pida y sencilla durante todo el tiempo de trabajo.","og_url":"https:\/\/trimaco.com\/es\/productos\/cintas-de-trabajo-pesado\/xboard-pintura-cinta-de-union-para-remodelacion\/","og_site_name":"Trimaco","article_publisher":"https:\/\/www.facebook.com\/pages\/Trimaco\/346858225385747?ref=ts","article_modified_time":"2024-04-09T13:44:04+00:00","og_image":[{"width":340,"height":340,"url":"https:\/\/trimaco.com\/wp-content\/uploads\/2022\/02\/xboardseamtape-1.webp","type":"image\/webp"}],"twitter_card":"summary_large_image","twitter_site":"@trimacoinc","twitter_misc":{"Tiempo de lectura":"2 minutos"},"schema":{"@context":"https:\/\/schema.org","@graph":[{"@type":"WebPage","@id":"https:\/\/trimaco.com\/es\/productos\/cintas-de-trabajo-pesado\/xboard-pintura-cinta-de-union-para-remodelacion\/","url":"https:\/\/trimaco.com\/es\/productos\/cintas-de-trabajo-pesado\/xboard-pintura-cinta-de-union-para-remodelacion\/","name":"Cinta Adhesiva X\u2022Board\u00ae - Usado en Pintura y Remodelaci\u00f3n","isPartOf":{"@id":"https:\/\/trimaco.com\/#website"},"primaryImageOfPage":{"@id":"https:\/\/trimaco.com\/es\/productos\/cintas-de-trabajo-pesado\/xboard-pintura-cinta-de-union-para-remodelacion\/#primaryimage"},"image":{"@id":"https:\/\/trimaco.com\/es\/productos\/cintas-de-trabajo-pesado\/xboard-pintura-cinta-de-union-para-remodelacion\/#primaryimage"},"thumbnailUrl":"https:\/\/trimaco.com\/wp-content\/uploads\/2022\/02\/xboardseamtape-1.webp","datePublished":"2021-03-22T18:44:56+00:00","dateModified":"2024-04-09T13:44:04+00:00","description":"La cinta adhesiva X\u2022Board se une y sostiene las uni\u00f3nes de la placa del constructor de forma r\u00e1pida y sencilla durante todo el tiempo de trabajo.","breadcrumb":{"@id":"https:\/\/trimaco.com\/es\/productos\/cintas-de-trabajo-pesado\/xboard-pintura-cinta-de-union-para-remodelacion\/#breadcrumb"},"inLanguage":"es","potentialAction":[{"@type":"ReadAction","target":["https:\/\/trimaco.com\/es\/productos\/cintas-de-trabajo-pesado\/xboard-pintura-cinta-de-union-para-remodelacion\/"]}]},{"@type":"ImageObject","inLanguage":"es","@id":"https:\/\/trimaco.com\/es\/productos\/cintas-de-trabajo-pesado\/xboard-pintura-cinta-de-union-para-remodelacion\/#primaryimage","url":"https:\/\/trimaco.com\/wp-content\/uploads\/2022\/02\/xboardseamtape-1.webp","contentUrl":"https:\/\/trimaco.com\/wp-content\/uploads\/2022\/02\/xboardseamtape-1.webp","width":340,"height":340,"caption":"X-board surface protector and seam tape"},{"@type":"BreadcrumbList","@id":"https:\/\/trimaco.com\/es\/productos\/cintas-de-trabajo-pesado\/xboard-pintura-cinta-de-union-para-remodelacion\/#breadcrumb","itemListElement":[{"@type":"ListItem","position":1,"name":"Home","item":"https:\/\/trimaco.com\/"},{"@type":"ListItem","position":2,"name":"Productos","item":"https:\/\/trimaco.com\/es\/productos\/"},{"@type":"ListItem","position":3,"name":"Cintas Adhesivas para Trabajo Pesado","item":"https:\/\/trimaco.com\/es\/productos\/cintas-de-trabajo-pesado\/"},{"@type":"ListItem","position":4,"name":"Cinta Adhesiva X\u2022Board\u00ae Usado en Pintura y Remodelaci\u00f3n"}]},{"@type":"WebSite","@id":"https:\/\/trimaco.com\/#website","url":"https:\/\/trimaco.com\/","name":"Trimaco","description":"Total Jobsite Protection\u2122","publisher":{"@id":"https:\/\/trimaco.com\/#organization"},"potentialAction":[{"@type":"SearchAction","target":{"@type":"EntryPoint","urlTemplate":"https:\/\/trimaco.com\/?s={search_term_string}"},"query-input":{"@type":"PropertyValueSpecification","valueRequired":true,"valueName":"search_term_string"}}],"inLanguage":"es"},{"@type":"Organization","@id":"https:\/\/trimaco.com\/#organization","name":"Trimaco","url":"https:\/\/trimaco.com\/","logo":{"@type":"ImageObject","inLanguage":"es","@id":"https:\/\/trimaco.com\/#\/schema\/logo\/image\/","url":"https:\/\/trimaco.com\/wp-content\/uploads\/2016\/08\/login-logo.png","contentUrl":"https:\/\/trimaco.com\/wp-content\/uploads\/2016\/08\/login-logo.png","width":450,"height":69,"caption":"Trimaco"},"image":{"@id":"https:\/\/trimaco.com\/#\/schema\/logo\/image\/"},"sameAs":["https:\/\/www.facebook.com\/pages\/Trimaco\/346858225385747?ref=ts","https:\/\/x.com\/trimacoinc","https:\/\/www.instagram.com\/trimaco_inc\/","https:\/\/pinterest.com\/trimaco\/","https:\/\/www.youtube.com\/c\/trimacoinc"]}]}},"_links":{"self":[{"href":"https:\/\/trimaco.com\/es\/wp-json\/wp\/v2\/pages\/13515","targetHints":{"allow":["GET"]}}],"collection":[{"href":"https:\/\/trimaco.com\/es\/wp-json\/wp\/v2\/pages"}],"about":[{"href":"https:\/\/trimaco.com\/es\/wp-json\/wp\/v2\/types\/page"}],"author":[{"embeddable":true,"href":"https:\/\/trimaco.com\/es\/wp-json\/wp\/v2\/users\/2"}],"replies":[{"embeddable":true,"href":"https:\/\/trimaco.com\/es\/wp-json\/wp\/v2\/comments?post=13515"}],"version-history":[{"count":0,"href":"https:\/\/trimaco.com\/es\/wp-json\/wp\/v2\/pages\/13515\/revisions"}],"up":[{"embeddable":true,"href":"https:\/\/trimaco.com\/es\/wp-json\/wp\/v2\/pages\/13511"}],"wp:featuredmedia":[{"embeddable":true,"href":"https:\/\/trimaco.com\/es\/wp-json\/wp\/v2\/media\/17487"}],"wp:attachment":[{"href":"https:\/\/trimaco.com\/es\/wp-json\/wp\/v2\/media?parent=13515"}],"curies":[{"name":"wp","href":"https:\/\/api.w.org\/{rel}","templated":true}]}}