{"id":13513,"date":"2021-03-22T14:32:38","date_gmt":"2021-03-22T18:32:38","guid":{"rendered":"https:\/\/trimaco.wpengine.com\/productos\/cintas-de-trabajo-pesado\/cinta-de-union-floorshell-de-grado-contratista-para-pisos\/"},"modified":"2025-12-11T17:02:14","modified_gmt":"2025-12-11T21:02:14","slug":"cinta-de-union-floorshell-de-grado-contratista-para-pisos","status":"publish","type":"page","link":"https:\/\/trimaco.com\/es\/productos\/cintas-de-trabajo-pesado\/cinta-de-union-floorshell-de-grado-contratista-para-pisos\/","title":{"rendered":"Cinta X-Seam"},"content":{"rendered":"<p>La cinta de uni\u00f3n de 3&#8243; de servicio pesado de Trimaco cubre las uniones de <a href=\"https:\/\/trimaco.com\/es\/productos\/proteccion-de-superficies-de-servicio-pesado\/proteccion-temporal-de-superficie-floorshell-de-servicio-pesado\/\">FloorShell&#x2122;<\/a> de forma r\u00e1pida y sencilla. Dise\u00f1ada con soporte kraft y adhesivo de grado contratista, esta cinta de sellado de uni\u00f3n durar\u00e1 todo su trabajo. La cinta de uni\u00f3n es plana y flexible, por lo que es f\u00e1cil de trabajar. <\/p>\n<p>Cuando se utiliza con FloorShell de Trimaco es resistente al l\u00edquido y al agua, este par le proporcionar\u00e1 la m\u00e1xima protecci\u00f3n de superficie. Para usar, simplemente despliegue la cantidad deseada de FloorShell, superponga la placa de construcci\u00f3n aproximadamente media pulgada y aplique la cinta adhesiva de uni\u00f3n para asegurarla. Una vez selladas las uni\u00f3ns, tape el per\u00edmetro con<a href=\"https:\/\/trimaco.com\/es\/productos\/cintas-de-trabajo-pesado\/cinta-de-union-de-proteccion-de-superficie-de-polietileno-rojo-de-7-mil\/\">la cinta de polietileno rojo<\/a> de Trimaco o l<a href=\"https:\/\/trimaco.com\/es\/productos\/cintas-de-enmascarar-profesionales\/cinta-de-enmascarar-profesional-bluedge-para-pintar\/\">a cinta de pintor azul tradicional<\/a>. No aplique la cinta de uni\u00f3n FloorShell directamente en los pisos. El adhesivo de grado contratista est\u00e1 dise\u00f1ado solo para las uniones con el papel o tablero. Siempre pruebe cualquier cinta que vaya a aplicar a los pisos en un \u00e1rea discreta, o p\u00f3ngase en contacto con el fabricante del piso para obtener sugerencias.<\/p>\n<p>\u00bfBusca otras formas de proteger sus superficies? \u00a1Trimaco te tiene cubierto! Consulte nuestra l\u00ednea completa de <a href=\"https:\/\/trimaco.com\/es\/productos\/cintas-de-trabajo-pesado\/\">cintas de servicio pesado<\/a> y productos temporales de protecci\u00f3n de superficies. Desde <a href=\"https:\/\/trimaco.com\/es\/productos\/proteccion-de-superficies-de-servicio-pesado\/\">protectores de superficie<\/a> de <a href=\"https:\/\/trimaco.com\/es\/productos\/peliculas-protectoras-de-superficie\/\">servicio pesado a pel\u00edculas protectoras.<\/a> y <a href=\"https:\/\/trimaco.com\/es\/productos\/panos-colgantes\/\">pa\u00f1os recogegotas<\/a>, Trimaco lo tiene cubierto!<\/p>\n<ul>\n<li>2.83&#8243; x 180&#8242;<\/li>\n<li>Fuerte y hecho para durar a lo largo del trabajo<\/li>\n<li>Hecho en los EE.UU.<\/li>\n<\/ul>\n<p><em>Cinta X-Seam<\/em><\/p>\n<table>\n<tbody>\n<tr>\n<th># de Art\u00edculo<\/th>\n<th>Paquete de<\/th>\n<th>Tama\u00f1o<\/th>\n<\/tr>\n<tr>\n<td>12390\/12<\/td>\n<td>12<\/td>\n<td>72mm x 54.8m (uso como 3&#8243;)<\/td>\n<\/tr>\n<\/tbody>\n<\/table>\n","protected":false},"excerpt":{"rendered":"<p>Esta cinta de 3&#8243; cubre las uniones del tablero FloorShell r\u00e1pida y f\u00e1cilmente. <\/p>\n","protected":false},"author":2,"featured_media":13514,"parent":13511,"menu_order":1,"comment_status":"closed","ping_status":"closed","template":"page_products-grandchild.php","meta":{"_acf_changed":false,"footnotes":""},"class_list":["post-13513","page","type-page","status-publish","has-post-thumbnail","hentry"],"acf":[],"yoast_head":"<!-- This site is optimized with the Yoast SEO plugin v27.3 - https:\/\/yoast.com\/product\/yoast-seo-wordpress\/ -->\n<title>Cinta Adhesiva Para Trabajos Pesados - Trimaco<\/title>\n<meta name=\"description\" content=\"La cinta adhesiva FloorShell\u00ae de 3 pulgadas para pisos te ayuda a cubrir las uniones de FloorShell\u2122 de forma r\u00e1pida y sencilla.\" \/>\n<meta name=\"robots\" content=\"index, follow, max-snippet:-1, max-image-preview:large, max-video-preview:-1\" \/>\n<link rel=\"canonical\" href=\"https:\/\/trimaco.com\/es\/productos\/cintas-de-trabajo-pesado\/cinta-de-union-floorshell-de-grado-contratista-para-pisos\/\" \/>\n<meta property=\"og:locale\" content=\"es_ES\" \/>\n<meta property=\"og:type\" content=\"article\" \/>\n<meta property=\"og:title\" content=\"Cinta Adhesiva Para Trabajos Pesados - Trimaco\" \/>\n<meta property=\"og:description\" content=\"La cinta adhesiva FloorShell\u00ae de 3 pulgadas para pisos te ayuda a cubrir las uniones de FloorShell\u2122 de forma r\u00e1pida y sencilla.\" \/>\n<meta property=\"og:url\" content=\"https:\/\/trimaco.com\/es\/productos\/cintas-de-trabajo-pesado\/cinta-de-union-floorshell-de-grado-contratista-para-pisos\/\" \/>\n<meta property=\"og:site_name\" content=\"Trimaco\" \/>\n<meta property=\"article:publisher\" content=\"https:\/\/www.facebook.com\/pages\/Trimaco\/346858225385747?ref=ts\" \/>\n<meta property=\"article:modified_time\" content=\"2025-12-11T21:02:14+00:00\" \/>\n<meta property=\"og:image\" content=\"https:\/\/trimaco.com\/wp-content\/uploads\/2016\/12\/floorshellseamtape-1.jpg\" \/>\n\t<meta property=\"og:image:width\" content=\"1000\" \/>\n\t<meta property=\"og:image:height\" content=\"1000\" \/>\n\t<meta property=\"og:image:type\" content=\"image\/jpeg\" \/>\n<meta name=\"twitter:card\" content=\"summary_large_image\" \/>\n<meta name=\"twitter:site\" content=\"@trimacoinc\" \/>\n<meta name=\"twitter:label1\" content=\"Tiempo de lectura\" \/>\n\t<meta name=\"twitter:data1\" content=\"2 minutos\" \/>\n<!-- \/ Yoast SEO plugin. -->","yoast_head_json":{"title":"Cinta Adhesiva Para Trabajos Pesados - Trimaco","description":"La cinta adhesiva FloorShell\u00ae de 3 pulgadas para pisos te ayuda a cubrir las uniones de FloorShell\u2122 de forma r\u00e1pida y sencilla.","robots":{"index":"index","follow":"follow","max-snippet":"max-snippet:-1","max-image-preview":"max-image-preview:large","max-video-preview":"max-video-preview:-1"},"canonical":"https:\/\/trimaco.com\/es\/productos\/cintas-de-trabajo-pesado\/cinta-de-union-floorshell-de-grado-contratista-para-pisos\/","og_locale":"es_ES","og_type":"article","og_title":"Cinta Adhesiva Para Trabajos Pesados - Trimaco","og_description":"La cinta adhesiva FloorShell\u00ae de 3 pulgadas para pisos te ayuda a cubrir las uniones de FloorShell\u2122 de forma r\u00e1pida y sencilla.","og_url":"https:\/\/trimaco.com\/es\/productos\/cintas-de-trabajo-pesado\/cinta-de-union-floorshell-de-grado-contratista-para-pisos\/","og_site_name":"Trimaco","article_publisher":"https:\/\/www.facebook.com\/pages\/Trimaco\/346858225385747?ref=ts","article_modified_time":"2025-12-11T21:02:14+00:00","og_image":[{"width":1000,"height":1000,"url":"https:\/\/trimaco.com\/wp-content\/uploads\/2016\/12\/floorshellseamtape-1.jpg","type":"image\/jpeg"}],"twitter_card":"summary_large_image","twitter_site":"@trimacoinc","twitter_misc":{"Tiempo de lectura":"2 minutos"},"schema":{"@context":"https:\/\/schema.org","@graph":[{"@type":"WebPage","@id":"https:\/\/trimaco.com\/es\/productos\/cintas-de-trabajo-pesado\/cinta-de-union-floorshell-de-grado-contratista-para-pisos\/","url":"https:\/\/trimaco.com\/es\/productos\/cintas-de-trabajo-pesado\/cinta-de-union-floorshell-de-grado-contratista-para-pisos\/","name":"Cinta Adhesiva Para Trabajos Pesados - Trimaco","isPartOf":{"@id":"https:\/\/trimaco.com\/#website"},"primaryImageOfPage":{"@id":"https:\/\/trimaco.com\/es\/productos\/cintas-de-trabajo-pesado\/cinta-de-union-floorshell-de-grado-contratista-para-pisos\/#primaryimage"},"image":{"@id":"https:\/\/trimaco.com\/es\/productos\/cintas-de-trabajo-pesado\/cinta-de-union-floorshell-de-grado-contratista-para-pisos\/#primaryimage"},"thumbnailUrl":"https:\/\/trimaco.com\/wp-content\/uploads\/2016\/12\/floorshellseamtape-1.jpg","datePublished":"2021-03-22T18:32:38+00:00","dateModified":"2025-12-11T21:02:14+00:00","description":"La cinta adhesiva FloorShell\u00ae de 3 pulgadas para pisos te ayuda a cubrir las uniones de FloorShell\u2122 de forma r\u00e1pida y sencilla.","breadcrumb":{"@id":"https:\/\/trimaco.com\/es\/productos\/cintas-de-trabajo-pesado\/cinta-de-union-floorshell-de-grado-contratista-para-pisos\/#breadcrumb"},"inLanguage":"es","potentialAction":[{"@type":"ReadAction","target":["https:\/\/trimaco.com\/es\/productos\/cintas-de-trabajo-pesado\/cinta-de-union-floorshell-de-grado-contratista-para-pisos\/"]}]},{"@type":"ImageObject","inLanguage":"es","@id":"https:\/\/trimaco.com\/es\/productos\/cintas-de-trabajo-pesado\/cinta-de-union-floorshell-de-grado-contratista-para-pisos\/#primaryimage","url":"https:\/\/trimaco.com\/wp-content\/uploads\/2016\/12\/floorshellseamtape-1.jpg","contentUrl":"https:\/\/trimaco.com\/wp-content\/uploads\/2016\/12\/floorshellseamtape-1.jpg","width":1000,"height":1000,"caption":"A man leaning on the floor while connecting two protective floor surfaces with flooring seam tape"},{"@type":"BreadcrumbList","@id":"https:\/\/trimaco.com\/es\/productos\/cintas-de-trabajo-pesado\/cinta-de-union-floorshell-de-grado-contratista-para-pisos\/#breadcrumb","itemListElement":[{"@type":"ListItem","position":1,"name":"Home","item":"https:\/\/trimaco.com\/"},{"@type":"ListItem","position":2,"name":"Productos","item":"https:\/\/trimaco.com\/es\/productos\/"},{"@type":"ListItem","position":3,"name":"Cintas Adhesivas para Trabajo Pesado","item":"https:\/\/trimaco.com\/es\/productos\/cintas-de-trabajo-pesado\/"},{"@type":"ListItem","position":4,"name":"Cinta X-Seam"}]},{"@type":"WebSite","@id":"https:\/\/trimaco.com\/#website","url":"https:\/\/trimaco.com\/","name":"Trimaco","description":"Total Jobsite Protection\u2122","publisher":{"@id":"https:\/\/trimaco.com\/#organization"},"potentialAction":[{"@type":"SearchAction","target":{"@type":"EntryPoint","urlTemplate":"https:\/\/trimaco.com\/?s={search_term_string}"},"query-input":{"@type":"PropertyValueSpecification","valueRequired":true,"valueName":"search_term_string"}}],"inLanguage":"es"},{"@type":"Organization","@id":"https:\/\/trimaco.com\/#organization","name":"Trimaco","url":"https:\/\/trimaco.com\/","logo":{"@type":"ImageObject","inLanguage":"es","@id":"https:\/\/trimaco.com\/#\/schema\/logo\/image\/","url":"https:\/\/trimaco.com\/wp-content\/uploads\/2016\/08\/login-logo.png","contentUrl":"https:\/\/trimaco.com\/wp-content\/uploads\/2016\/08\/login-logo.png","width":450,"height":69,"caption":"Trimaco"},"image":{"@id":"https:\/\/trimaco.com\/#\/schema\/logo\/image\/"},"sameAs":["https:\/\/www.facebook.com\/pages\/Trimaco\/346858225385747?ref=ts","https:\/\/x.com\/trimacoinc","https:\/\/www.instagram.com\/trimaco_inc\/","https:\/\/pinterest.com\/trimaco\/","https:\/\/www.youtube.com\/c\/trimacoinc"]}]}},"_links":{"self":[{"href":"https:\/\/trimaco.com\/es\/wp-json\/wp\/v2\/pages\/13513","targetHints":{"allow":["GET"]}}],"collection":[{"href":"https:\/\/trimaco.com\/es\/wp-json\/wp\/v2\/pages"}],"about":[{"href":"https:\/\/trimaco.com\/es\/wp-json\/wp\/v2\/types\/page"}],"author":[{"embeddable":true,"href":"https:\/\/trimaco.com\/es\/wp-json\/wp\/v2\/users\/2"}],"replies":[{"embeddable":true,"href":"https:\/\/trimaco.com\/es\/wp-json\/wp\/v2\/comments?post=13513"}],"version-history":[{"count":0,"href":"https:\/\/trimaco.com\/es\/wp-json\/wp\/v2\/pages\/13513\/revisions"}],"up":[{"embeddable":true,"href":"https:\/\/trimaco.com\/es\/wp-json\/wp\/v2\/pages\/13511"}],"wp:featuredmedia":[{"embeddable":true,"href":"https:\/\/trimaco.com\/es\/wp-json\/wp\/v2\/media\/13514"}],"wp:attachment":[{"href":"https:\/\/trimaco.com\/es\/wp-json\/wp\/v2\/media?parent=13513"}],"curies":[{"name":"wp","href":"https:\/\/api.w.org\/{rel}","templated":true}]}}