{"id":13511,"date":"2021-03-22T14:26:09","date_gmt":"2021-03-22T18:26:09","guid":{"rendered":"https:\/\/trimaco.wpengine.com\/productos\/cintas-de-trabajo-pesado\/"},"modified":"2022-03-25T10:26:14","modified_gmt":"2022-03-25T14:26:14","slug":"cintas-de-trabajo-pesado","status":"publish","type":"page","link":"https:\/\/trimaco.com\/es\/productos\/cintas-de-trabajo-pesado\/","title":{"rendered":"Cintas Adhesivas para Trabajo Pesado"},"content":{"rendered":"<p>\u00a1Trimaco lo tiene cubierto! Desde cinta adhesiva, hasta cinta adhesiva fuerte de grado profesional. Trimaco&#8217;s ofrece una l\u00ednea completa de cintas de uni\u00f3n de servicio pesado, que son la soluci\u00f3n de sellado perfecta para una amplia variedad de <a href=\"https:\/\/trimaco.com\/es\/productos\/proteccion-de-superficies-de-servicio-pesado\/\">productos de protecci\u00f3n de superficie<\/a>, para proteger todo tipo de superficies y pisos durante la construcci\u00f3n. <\/p>\n<p>Cuando se combinan, nuestros protectores de superficie y cintas fuertes proporcionan un v\u00ednculo de servicio pesado que no se mover\u00e1 en sus trabajos m\u00e1s dif\u00edciles. Desde cinta temporal hasta cinta permanente, tenemos el producto que necesita para juntar, sellar, unir y proteger superficies. \u00a1Explora las cintas de uni\u00f3n de servicio pesado de Trimaco a continuaci\u00f3n!<\/p>\n","protected":false},"excerpt":{"rendered":"<p>\u00a1Trimaco lo tiene cubierto! Desde cinta adhesiva, hasta cinta adhesiva fuerte de grado profesional. Trimaco&#8217;s ofrece una l\u00ednea completa de cintas de uni\u00f3n de servicio pesado, que son la soluci\u00f3n de sellado perfecta para una<a class=\"read-more\" href=\"https:\/\/trimaco.com\/es\/productos\/cintas-de-trabajo-pesado\/\"> &#8230;Continue Reading<\/a><\/p>\n","protected":false},"author":9,"featured_media":13512,"parent":10374,"menu_order":6,"comment_status":"closed","ping_status":"closed","template":"page_products-child.php","meta":{"_acf_changed":false,"footnotes":""},"class_list":["post-13511","page","type-page","status-publish","has-post-thumbnail","hentry"],"acf":[],"yoast_head":"<!-- This site is optimized with the Yoast SEO plugin v27.4 - https:\/\/yoast.com\/product\/yoast-seo-wordpress\/ -->\n<title>Cintas Adhesivas Para Trabajos Pesados - Trimaco<\/title>\n<meta name=\"description\" content=\"Nuestras cintas adhesivas son resistentes y la soluci\u00f3n perfecta para sellar y proteger. Obten m\u00e1s informaci\u00f3n sobre nuestras cintas.\" \/>\n<meta name=\"robots\" content=\"index, follow, max-snippet:-1, max-image-preview:large, max-video-preview:-1\" \/>\n<link rel=\"canonical\" href=\"https:\/\/trimaco.com\/es\/productos\/cintas-de-trabajo-pesado\/\" \/>\n<meta property=\"og:locale\" content=\"es_ES\" \/>\n<meta property=\"og:type\" content=\"article\" \/>\n<meta property=\"og:title\" content=\"Cintas Adhesivas Para Trabajos Pesados - Trimaco\" \/>\n<meta property=\"og:description\" content=\"Nuestras cintas adhesivas son resistentes y la soluci\u00f3n perfecta para sellar y proteger. Obten m\u00e1s informaci\u00f3n sobre nuestras cintas.\" \/>\n<meta property=\"og:url\" content=\"https:\/\/trimaco.com\/es\/productos\/cintas-de-trabajo-pesado\/\" \/>\n<meta property=\"og:site_name\" content=\"Trimaco\" \/>\n<meta property=\"article:publisher\" content=\"https:\/\/www.facebook.com\/pages\/Trimaco\/346858225385747?ref=ts\" \/>\n<meta property=\"article:modified_time\" content=\"2022-03-25T14:26:14+00:00\" \/>\n<meta property=\"og:image\" content=\"https:\/\/trimaco.com\/wp-content\/uploads\/2016\/08\/floorshellseamtape-1.jpg\" \/>\n\t<meta property=\"og:image:width\" content=\"1000\" \/>\n\t<meta property=\"og:image:height\" content=\"1000\" \/>\n\t<meta property=\"og:image:type\" content=\"image\/jpeg\" \/>\n<meta name=\"twitter:card\" content=\"summary_large_image\" \/>\n<meta name=\"twitter:site\" content=\"@trimacoinc\" \/>\n<meta name=\"twitter:label1\" content=\"Tiempo de lectura\" \/>\n\t<meta name=\"twitter:data1\" content=\"1 minuto\" \/>\n<!-- \/ Yoast SEO plugin. -->","yoast_head_json":{"title":"Cintas Adhesivas Para Trabajos Pesados - Trimaco","description":"Nuestras cintas adhesivas son resistentes y la soluci\u00f3n perfecta para sellar y proteger. Obten m\u00e1s informaci\u00f3n sobre nuestras cintas.","robots":{"index":"index","follow":"follow","max-snippet":"max-snippet:-1","max-image-preview":"max-image-preview:large","max-video-preview":"max-video-preview:-1"},"canonical":"https:\/\/trimaco.com\/es\/productos\/cintas-de-trabajo-pesado\/","og_locale":"es_ES","og_type":"article","og_title":"Cintas Adhesivas Para Trabajos Pesados - Trimaco","og_description":"Nuestras cintas adhesivas son resistentes y la soluci\u00f3n perfecta para sellar y proteger. Obten m\u00e1s informaci\u00f3n sobre nuestras cintas.","og_url":"https:\/\/trimaco.com\/es\/productos\/cintas-de-trabajo-pesado\/","og_site_name":"Trimaco","article_publisher":"https:\/\/www.facebook.com\/pages\/Trimaco\/346858225385747?ref=ts","article_modified_time":"2022-03-25T14:26:14+00:00","og_image":[{"width":1000,"height":1000,"url":"https:\/\/trimaco.com\/wp-content\/uploads\/2016\/08\/floorshellseamtape-1.jpg","type":"image\/jpeg"}],"twitter_card":"summary_large_image","twitter_site":"@trimacoinc","twitter_misc":{"Tiempo de lectura":"1 minuto"},"schema":{"@context":"https:\/\/schema.org","@graph":[{"@type":"WebPage","@id":"https:\/\/trimaco.com\/es\/productos\/cintas-de-trabajo-pesado\/","url":"https:\/\/trimaco.com\/es\/productos\/cintas-de-trabajo-pesado\/","name":"Cintas Adhesivas Para Trabajos Pesados - Trimaco","isPartOf":{"@id":"https:\/\/trimaco.com\/#website"},"primaryImageOfPage":{"@id":"https:\/\/trimaco.com\/es\/productos\/cintas-de-trabajo-pesado\/#primaryimage"},"image":{"@id":"https:\/\/trimaco.com\/es\/productos\/cintas-de-trabajo-pesado\/#primaryimage"},"thumbnailUrl":"https:\/\/trimaco.com\/wp-content\/uploads\/2016\/08\/floorshellseamtape-1.jpg","datePublished":"2021-03-22T18:26:09+00:00","dateModified":"2022-03-25T14:26:14+00:00","description":"Nuestras cintas adhesivas son resistentes y la soluci\u00f3n perfecta para sellar y proteger. Obten m\u00e1s informaci\u00f3n sobre nuestras cintas.","breadcrumb":{"@id":"https:\/\/trimaco.com\/es\/productos\/cintas-de-trabajo-pesado\/#breadcrumb"},"inLanguage":"es","potentialAction":[{"@type":"ReadAction","target":["https:\/\/trimaco.com\/es\/productos\/cintas-de-trabajo-pesado\/"]}]},{"@type":"ImageObject","inLanguage":"es","@id":"https:\/\/trimaco.com\/es\/productos\/cintas-de-trabajo-pesado\/#primaryimage","url":"https:\/\/trimaco.com\/wp-content\/uploads\/2016\/08\/floorshellseamtape-1.jpg","contentUrl":"https:\/\/trimaco.com\/wp-content\/uploads\/2016\/08\/floorshellseamtape-1.jpg","width":1000,"height":1000,"caption":"floorshell seam tape"},{"@type":"BreadcrumbList","@id":"https:\/\/trimaco.com\/es\/productos\/cintas-de-trabajo-pesado\/#breadcrumb","itemListElement":[{"@type":"ListItem","position":1,"name":"Home","item":"https:\/\/trimaco.com\/"},{"@type":"ListItem","position":2,"name":"Productos","item":"https:\/\/trimaco.com\/es\/productos\/"},{"@type":"ListItem","position":3,"name":"Cintas Adhesivas para Trabajo Pesado"}]},{"@type":"WebSite","@id":"https:\/\/trimaco.com\/#website","url":"https:\/\/trimaco.com\/","name":"Trimaco","description":"Total Jobsite Protection\u2122","publisher":{"@id":"https:\/\/trimaco.com\/#organization"},"potentialAction":[{"@type":"SearchAction","target":{"@type":"EntryPoint","urlTemplate":"https:\/\/trimaco.com\/?s={search_term_string}"},"query-input":{"@type":"PropertyValueSpecification","valueRequired":true,"valueName":"search_term_string"}}],"inLanguage":"es"},{"@type":"Organization","@id":"https:\/\/trimaco.com\/#organization","name":"Trimaco","url":"https:\/\/trimaco.com\/","logo":{"@type":"ImageObject","inLanguage":"es","@id":"https:\/\/trimaco.com\/#\/schema\/logo\/image\/","url":"https:\/\/trimaco.com\/wp-content\/uploads\/2016\/08\/login-logo.png","contentUrl":"https:\/\/trimaco.com\/wp-content\/uploads\/2016\/08\/login-logo.png","width":450,"height":69,"caption":"Trimaco"},"image":{"@id":"https:\/\/trimaco.com\/#\/schema\/logo\/image\/"},"sameAs":["https:\/\/www.facebook.com\/pages\/Trimaco\/346858225385747?ref=ts","https:\/\/x.com\/trimacoinc","https:\/\/www.instagram.com\/trimaco_inc\/","https:\/\/pinterest.com\/trimaco\/","https:\/\/www.youtube.com\/c\/trimacoinc"]}]}},"_links":{"self":[{"href":"https:\/\/trimaco.com\/es\/wp-json\/wp\/v2\/pages\/13511","targetHints":{"allow":["GET"]}}],"collection":[{"href":"https:\/\/trimaco.com\/es\/wp-json\/wp\/v2\/pages"}],"about":[{"href":"https:\/\/trimaco.com\/es\/wp-json\/wp\/v2\/types\/page"}],"author":[{"embeddable":true,"href":"https:\/\/trimaco.com\/es\/wp-json\/wp\/v2\/users\/9"}],"replies":[{"embeddable":true,"href":"https:\/\/trimaco.com\/es\/wp-json\/wp\/v2\/comments?post=13511"}],"version-history":[{"count":0,"href":"https:\/\/trimaco.com\/es\/wp-json\/wp\/v2\/pages\/13511\/revisions"}],"up":[{"embeddable":true,"href":"https:\/\/trimaco.com\/es\/wp-json\/wp\/v2\/pages\/10374"}],"wp:featuredmedia":[{"embeddable":true,"href":"https:\/\/trimaco.com\/es\/wp-json\/wp\/v2\/media\/13512"}],"wp:attachment":[{"href":"https:\/\/trimaco.com\/es\/wp-json\/wp\/v2\/media?parent=13511"}],"curies":[{"name":"wp","href":"https:\/\/api.w.org\/{rel}","templated":true}]}}