{"id":13510,"date":"2021-03-22T14:16:12","date_gmt":"2021-03-22T18:16:12","guid":{"rendered":"https:\/\/trimaco.wpengine.com\/productos\/papel-de-suelo\/el-papel-de-parte-superior-blanca-para-construccion\/"},"modified":"2024-04-08T16:56:40","modified_gmt":"2024-04-08T20:56:40","slug":"el-papel-de-parte-superior-blanca-para-construccion","status":"publish","type":"page","link":"https:\/\/trimaco.com\/es\/productos\/papel-de-suelo\/el-papel-de-parte-superior-blanca-para-construccion\/","title":{"rendered":"Papel Blanco Para Construcci\u00f3n"},"content":{"rendered":"<p>El papel de parte superior blanca est\u00e1 laminado con un recubrimiento de fibra de alta tecnolog\u00eda. Este papel de piso es ideal para la protecci\u00f3n temporal de la superficie contra la pintura, el equipo, los materiales de construcci\u00f3n y el tr\u00e1fico peatonal. Se puede utilizar en una variedad de superficies tales como alfombras, baldosas de cer\u00e1mica, pisos de madera, hormig\u00f3n, mesones, ladrillo y vinilo. <\/p>\n<p>Este papel de construcci\u00f3n resistente tiene una retenci\u00f3n de humedad superior y, por lo tanto, evita los desgarres. 50% m\u00e1s pesado que <a href=\"https:\/\/trimaco.com\/es\/productos\/papel-de-suelo\/papel-de-suelo-de-resina-rojo-y-cafe\/\">el papel de resina<\/a>normal. Para obtener mejores resultados, utilice la parte caf\u00e9 en la parte superior y blanco en la parte inferior. <\/p>\n<p>Para una protecci\u00f3n temporal alternativa de las superficies, cheque <a href=\"https:\/\/trimaco.com\/es\/productos\/papel-de-suelo\/\">los otros productos de papel para pisos de construcci\u00f3n<\/a> de Trimaco y las opciones de pel\u00edcula <a href=\"https:\/\/trimaco.com\/es\/productos\/peliculas-protectoras-de-superficie\/\">de protecci\u00f3n de superficie<\/a>.<\/p>\n<ul>\n<li>Laminado con un recubrimiento de fibra de alta tecnolog\u00eda<\/li>\n<li>50% m\u00e1s pesado que <a href=\"https:\/\/trimaco.com\/es\/productos\/papel-de-suelo\/papel-de-suelo-de-resina-rojo-y-cafe\/\">el papel de resina<\/a> normal<\/li>\n<li>Use el lado caf\u00e9 hacia arriba<\/li>\n<\/ul>\n<table>\n<tbody>\n<tr>\n<th># de Art\u00edculo<\/th>\n<th>Paquete de<\/th>\n<th>Tama\u00f1o<\/th>\n<\/tr>\n<tr>\n<td>36144<\/td>\n<td>63 rollos\/pallet<\/td>\n<td>36&#8243; x 144&#8242;<\/td>\n<\/tr>\n<\/tbody>\n<\/table>\n<p><em>El contratista y\/o instalador determinar\u00e1 la forma adecuada de instalar y utilizar el producto dadas las circunstancias presentadas. Adem\u00e1s, si se utiliza cinta, aseg\u00farese de que utilice una superficie limpia y la cinta est\u00e9 firmemente asegurada a los pisos. Consulte con el fabricante del piso para la cinta recomendada. Prueba antes de usar.<\/em><\/p>\n","protected":false},"excerpt":{"rendered":"<p>50 por ciento m\u00e1s pesado que el papel de resina normal.<\/p>\n","protected":false},"author":2,"featured_media":17481,"parent":13505,"menu_order":5,"comment_status":"closed","ping_status":"closed","template":"page_products-grandchild.php","meta":{"_acf_changed":false,"footnotes":""},"class_list":["post-13510","page","type-page","status-publish","has-post-thumbnail","hentry"],"acf":[],"yoast_head":"<!-- This site is optimized with the Yoast SEO plugin v27.3 - https:\/\/yoast.com\/product\/yoast-seo-wordpress\/ -->\n<title>Protecci\u00f3n Temporaria de Superficies - Trimaco<\/title>\n<meta name=\"description\" content=\"Este papel blanco proporciona protecci\u00f3n temporal, protegiendo pisos contra pintura, equipo pesado, suministros y el tr\u00e1fico peatonal.\" \/>\n<meta name=\"robots\" content=\"index, follow, max-snippet:-1, max-image-preview:large, max-video-preview:-1\" \/>\n<link rel=\"canonical\" href=\"https:\/\/trimaco.com\/es\/productos\/papel-de-suelo\/el-papel-de-parte-superior-blanca-para-construccion\/\" \/>\n<meta property=\"og:locale\" content=\"es_ES\" \/>\n<meta property=\"og:type\" content=\"article\" \/>\n<meta property=\"og:title\" content=\"Protecci\u00f3n Temporaria de Superficies - Trimaco\" \/>\n<meta property=\"og:description\" content=\"Este papel blanco proporciona protecci\u00f3n temporal, protegiendo pisos contra pintura, equipo pesado, suministros y el tr\u00e1fico peatonal.\" \/>\n<meta property=\"og:url\" content=\"https:\/\/trimaco.com\/es\/productos\/papel-de-suelo\/el-papel-de-parte-superior-blanca-para-construccion\/\" \/>\n<meta property=\"og:site_name\" content=\"Trimaco\" \/>\n<meta property=\"article:publisher\" content=\"https:\/\/www.facebook.com\/pages\/Trimaco\/346858225385747?ref=ts\" \/>\n<meta property=\"article:modified_time\" content=\"2024-04-08T20:56:40+00:00\" \/>\n<meta property=\"og:image\" content=\"https:\/\/trimaco.com\/wp-content\/uploads\/2022\/02\/whitetop-1.webp\" \/>\n\t<meta property=\"og:image:width\" content=\"284\" \/>\n\t<meta property=\"og:image:height\" content=\"283\" \/>\n\t<meta property=\"og:image:type\" content=\"image\/webp\" \/>\n<meta name=\"twitter:card\" content=\"summary_large_image\" \/>\n<meta name=\"twitter:site\" content=\"@trimacoinc\" \/>\n<meta name=\"twitter:label1\" content=\"Tiempo de lectura\" \/>\n\t<meta name=\"twitter:data1\" content=\"2 minutos\" \/>\n<!-- \/ Yoast SEO plugin. -->","yoast_head_json":{"title":"Protecci\u00f3n Temporaria de Superficies - Trimaco","description":"Este papel blanco proporciona protecci\u00f3n temporal, protegiendo pisos contra pintura, equipo pesado, suministros y el tr\u00e1fico peatonal.","robots":{"index":"index","follow":"follow","max-snippet":"max-snippet:-1","max-image-preview":"max-image-preview:large","max-video-preview":"max-video-preview:-1"},"canonical":"https:\/\/trimaco.com\/es\/productos\/papel-de-suelo\/el-papel-de-parte-superior-blanca-para-construccion\/","og_locale":"es_ES","og_type":"article","og_title":"Protecci\u00f3n Temporaria de Superficies - Trimaco","og_description":"Este papel blanco proporciona protecci\u00f3n temporal, protegiendo pisos contra pintura, equipo pesado, suministros y el tr\u00e1fico peatonal.","og_url":"https:\/\/trimaco.com\/es\/productos\/papel-de-suelo\/el-papel-de-parte-superior-blanca-para-construccion\/","og_site_name":"Trimaco","article_publisher":"https:\/\/www.facebook.com\/pages\/Trimaco\/346858225385747?ref=ts","article_modified_time":"2024-04-08T20:56:40+00:00","og_image":[{"width":284,"height":283,"url":"https:\/\/trimaco.com\/wp-content\/uploads\/2022\/02\/whitetop-1.webp","type":"image\/webp"}],"twitter_card":"summary_large_image","twitter_site":"@trimacoinc","twitter_misc":{"Tiempo de lectura":"2 minutos"},"schema":{"@context":"https:\/\/schema.org","@graph":[{"@type":"WebPage","@id":"https:\/\/trimaco.com\/es\/productos\/papel-de-suelo\/el-papel-de-parte-superior-blanca-para-construccion\/","url":"https:\/\/trimaco.com\/es\/productos\/papel-de-suelo\/el-papel-de-parte-superior-blanca-para-construccion\/","name":"Protecci\u00f3n Temporaria de Superficies - Trimaco","isPartOf":{"@id":"https:\/\/trimaco.com\/#website"},"primaryImageOfPage":{"@id":"https:\/\/trimaco.com\/es\/productos\/papel-de-suelo\/el-papel-de-parte-superior-blanca-para-construccion\/#primaryimage"},"image":{"@id":"https:\/\/trimaco.com\/es\/productos\/papel-de-suelo\/el-papel-de-parte-superior-blanca-para-construccion\/#primaryimage"},"thumbnailUrl":"https:\/\/trimaco.com\/wp-content\/uploads\/2022\/02\/whitetop-1.webp","datePublished":"2021-03-22T18:16:12+00:00","dateModified":"2024-04-08T20:56:40+00:00","description":"Este papel blanco proporciona protecci\u00f3n temporal, protegiendo pisos contra pintura, equipo pesado, suministros y el tr\u00e1fico peatonal.","breadcrumb":{"@id":"https:\/\/trimaco.com\/es\/productos\/papel-de-suelo\/el-papel-de-parte-superior-blanca-para-construccion\/#breadcrumb"},"inLanguage":"es","potentialAction":[{"@type":"ReadAction","target":["https:\/\/trimaco.com\/es\/productos\/papel-de-suelo\/el-papel-de-parte-superior-blanca-para-construccion\/"]}]},{"@type":"ImageObject","inLanguage":"es","@id":"https:\/\/trimaco.com\/es\/productos\/papel-de-suelo\/el-papel-de-parte-superior-blanca-para-construccion\/#primaryimage","url":"https:\/\/trimaco.com\/wp-content\/uploads\/2022\/02\/whitetop-1.webp","contentUrl":"https:\/\/trimaco.com\/wp-content\/uploads\/2022\/02\/whitetop-1.webp","width":284,"height":283,"caption":"White top construction paper installed on stairs"},{"@type":"BreadcrumbList","@id":"https:\/\/trimaco.com\/es\/productos\/papel-de-suelo\/el-papel-de-parte-superior-blanca-para-construccion\/#breadcrumb","itemListElement":[{"@type":"ListItem","position":1,"name":"Home","item":"https:\/\/trimaco.com\/"},{"@type":"ListItem","position":2,"name":"Productos","item":"https:\/\/trimaco.com\/es\/productos\/"},{"@type":"ListItem","position":3,"name":"Papel de suelo","item":"https:\/\/trimaco.com\/es\/productos\/papel-de-suelo\/"},{"@type":"ListItem","position":4,"name":"Papel Blanco Para Construcci\u00f3n"}]},{"@type":"WebSite","@id":"https:\/\/trimaco.com\/#website","url":"https:\/\/trimaco.com\/","name":"Trimaco","description":"Total Jobsite Protection\u2122","publisher":{"@id":"https:\/\/trimaco.com\/#organization"},"potentialAction":[{"@type":"SearchAction","target":{"@type":"EntryPoint","urlTemplate":"https:\/\/trimaco.com\/?s={search_term_string}"},"query-input":{"@type":"PropertyValueSpecification","valueRequired":true,"valueName":"search_term_string"}}],"inLanguage":"es"},{"@type":"Organization","@id":"https:\/\/trimaco.com\/#organization","name":"Trimaco","url":"https:\/\/trimaco.com\/","logo":{"@type":"ImageObject","inLanguage":"es","@id":"https:\/\/trimaco.com\/#\/schema\/logo\/image\/","url":"https:\/\/trimaco.com\/wp-content\/uploads\/2016\/08\/login-logo.png","contentUrl":"https:\/\/trimaco.com\/wp-content\/uploads\/2016\/08\/login-logo.png","width":450,"height":69,"caption":"Trimaco"},"image":{"@id":"https:\/\/trimaco.com\/#\/schema\/logo\/image\/"},"sameAs":["https:\/\/www.facebook.com\/pages\/Trimaco\/346858225385747?ref=ts","https:\/\/x.com\/trimacoinc","https:\/\/www.instagram.com\/trimaco_inc\/","https:\/\/pinterest.com\/trimaco\/","https:\/\/www.youtube.com\/c\/trimacoinc"]}]}},"_links":{"self":[{"href":"https:\/\/trimaco.com\/es\/wp-json\/wp\/v2\/pages\/13510","targetHints":{"allow":["GET"]}}],"collection":[{"href":"https:\/\/trimaco.com\/es\/wp-json\/wp\/v2\/pages"}],"about":[{"href":"https:\/\/trimaco.com\/es\/wp-json\/wp\/v2\/types\/page"}],"author":[{"embeddable":true,"href":"https:\/\/trimaco.com\/es\/wp-json\/wp\/v2\/users\/2"}],"replies":[{"embeddable":true,"href":"https:\/\/trimaco.com\/es\/wp-json\/wp\/v2\/comments?post=13510"}],"version-history":[{"count":0,"href":"https:\/\/trimaco.com\/es\/wp-json\/wp\/v2\/pages\/13510\/revisions"}],"up":[{"embeddable":true,"href":"https:\/\/trimaco.com\/es\/wp-json\/wp\/v2\/pages\/13505"}],"wp:featuredmedia":[{"embeddable":true,"href":"https:\/\/trimaco.com\/es\/wp-json\/wp\/v2\/media\/17481"}],"wp:attachment":[{"href":"https:\/\/trimaco.com\/es\/wp-json\/wp\/v2\/media?parent=13510"}],"curies":[{"name":"wp","href":"https:\/\/api.w.org\/{rel}","templated":true}]}}