{"id":13509,"date":"2021-03-22T14:09:06","date_gmt":"2021-03-22T18:09:06","guid":{"rendered":"https:\/\/trimaco.wpengine.com\/productos\/papel-de-suelo\/papel-de-suelo-de-resina-rojo-y-cafe\/"},"modified":"2026-01-08T10:55:23","modified_gmt":"2026-01-08T14:55:23","slug":"papel-de-suelo-de-resina-rojo-y-cafe","status":"publish","type":"page","link":"https:\/\/trimaco.com\/es\/productos\/papel-de-suelo\/papel-de-suelo-de-resina-rojo-y-cafe\/","title":{"rendered":"Papel Para el Suelo de Colofonia Rojo y Caf\u00e9"},"content":{"rendered":"<h3>Protecci\u00f3n para el suelo durante la construcci\u00f3n<\/h3>\n<p>El papel de suelo de colofonia rojo y caf\u00e9 de Trimaco es una cubierta protectora tradicional y una barrera de humedad, com\u00fanmente utilizada para proyectos de pisos y techos.<br \/>\n<br \/>\nLos rollos econ\u00f3micos son f\u00e1ciles de manejar y est\u00e1n disponibles en varios pesos y tama\u00f1os. La opci\u00f3n de peso pesado de Trimaco es una barrera protectora adecuada para pisos de madera noble. El papel de peso medio se puede utilizar para dise\u00f1os en jardines y enlucidos. \u00bfTiene un proyecto grande? \u00a1El papel rojo de resina ya est\u00e1 disponible en rollos de tama\u00f1o profesional de 200 pies!<br \/>\n<br \/>\nObtenga m\u00e1s informaci\u00f3n sobre todo el papel de piso de Trimaco, desde <a href=\"https:\/\/trimaco.com\/es\/productos\/papel-de-suelo\/papel-de-constructor-para-proteccion-de-suelos\/\">el papel de constructor tradicional<\/a> hasta <a href=\"https:\/\/trimaco.com\/es\/productos\/papel-de-suelo\/el-papel-de-parte-superior-blanca-para-construccion\/\">el papel de construcci\u00f3n con la parte superior blanca.<\/a><br \/>\n<\/p>\n<ul>\n<li>Nuevo papel pro rojo de resina de tama\u00f1o Pro disponible<\/li>\n<li>Papel de revestimiento temporal para el suelo<\/li>\n<li>Ideal para proyectos de pavimentos<\/li>\n<li>Proporciona protecci\u00f3n contra el exceso de pulverizaci\u00f3n de pintura<\/li>\n<li>Hecho en los EE.UU.<\/li>\n<li>El papel rojo de resina es 100% reciclado<\/li>\n<\/ul>\n<p><em>Papel rojo de resina<\/em><\/p>\n<p>PARA LA COSTA ESTE SOLAMENTE (env\u00edos desde Manning, SC, Chicago, IL o Hazelton, PA)<\/p>\n<table>\n<tbody>\n<tr>\n<th># de Art\u00edculo<\/th>\n<th>Paquete de<\/th>\n<th>Tama\u00f1o<\/th>\n<\/tr>\n<tr>\n<td>36140\/25 | Reg. Peso<\/td>\n<td>20 rollos\/caja<\/td>\n<td>36&#8243; x 140&#8242;<\/td>\n<\/tr>\n<tr>\n<td>35145\/20 | Reg. Peso<\/td>\n<td>20 rollos\/caja<\/td>\n<td>36&#8243; x 167&#8242;<\/td>\n<\/tr>\n<tr>\n<td>36120 | Reg. Peso<\/td>\n<td>80 rollos\/pallet<\/td>\n<td>Tama\u00f1o Pro 36&#8243; x 200&#8242;<\/td>\n<\/tr>\n<tr>\n<td>36099\/16 | peso pesado<\/td>\n<td>16 rollos\/caja<\/td>\n<td>36&#8243; x 166&#8242;<\/td>\n<\/tr>\n<\/tbody>\n<\/table>\n<p>PARA LA COSTA OESTE SOLAMENTE (env\u00edos desde shipments from Surprise, AZ o Ridgefield, WA)<\/p>\n<table>\n<tbody>\n<tr>\n<th># de Art\u00edculo<\/th>\n<th>Paquete de<\/th>\n<th>Tama\u00f1o<\/th>\n<\/tr>\n<tr>\n<td>35141\/25 | Reg. Peso<\/td>\n<td>25 rollos\/caja<\/td>\n<td>35&#8243; x 140&#8242;<\/td>\n<\/tr>\n<tr>\n<td>35167\/20 | Reg. Peso<\/td>\n<td>20 rollos\/caja<\/td>\n<td>35&#8243; x 166&#8242;<\/td>\n<\/tr>\n<tr>\n<td>36120 | Reg. Peso<\/td>\n<td>80 rollos\/pallet<\/td>\n<td>Tama\u00f1o Pro 36&#8243; x 200&#8242;<\/td>\n<\/tr>\n<tr>\n<td>35099\/16 | peso pesado<\/td>\n<td>16 rollos\/caja<\/td>\n<td>35&#8243; x 166&#8242;<\/td>\n<\/tr>\n<\/tbody>\n<\/table>\n<h3>PAPEL CAF\u00c9 DE RESINA<\/h3>\n<p>Una alternativa ideal a la resina roja para aquellos que prefieren un papel con menos contenido de tinte.<\/p>\n<ul>\n<li>La misma calidad que la resina roja<\/li>\n<li>Menos contenido de tinte<\/li>\n<li>Hecho en los EE.UU.<\/li>\n<\/ul>\n<p><em>El contratista y\/o instalador determinar\u00e1 la forma adecuada de instalar y utilizar el producto dadas las circunstancias presentadas. Si se utiliza cinta, aseg\u00farese de que la superficie est\u00e9 limpia y la cinta firmemente fijada a los pisos. Consulte con el fabricante del piso para la cinta recomendada. Pruebe antes de usar.<\/em><\/p>\n<p><em>Trimaco no prev\u00e9 ni puede prever todos los usos potenciales de este producto ni los posibles da\u00f1os derivados de su uso. El papel rojo de resina es papel te\u00f1ido, tenga cuidado con las superficies de color claro y delicadas. El sangrado del color puede ocurrir cuando est\u00e1 mojado. Pruebe antes de usar. Trimaco no ofrece ninguna garant\u00eda de ninguna naturaleza o descripci\u00f3n, ya sea expresa o impl\u00edcita, con respecto al producto, incluidas, entre otras, las garant\u00edas de calidad, rendimiento, comerciabilidad o idoneidad para un prop\u00f3sito o uso particular. Al comprar este producto, usted entiende y acepta que BAJO NINGUNA CIRCUNSTANCIA Y BAJO NINGUNA TEORIA LEGAL (TORT, CONTRATO O DE OTRA MANERA) TRIMACO SE RESPONSABILIZA A USTED O A CUALQUIER OTRA PERSONA O PARTE POR DA\u00d1OS DE CUALQUIER TIPO O NATURALEZA INCLUYENDO, PERO NO LIMITADOS A, CUALQUIER DIRECTO, INDIRECTO, ESPECIAL, RENDIMIENTO, O FALLO DE REALIZAR, DEL PRODUCTO.<\/p>\n<p><\/em><\/p>\n","protected":false},"excerpt":{"rendered":"<p>Papel grueso para protecci\u00f3n de superficies.<\/p>\n","protected":false},"author":2,"featured_media":17474,"parent":13505,"menu_order":4,"comment_status":"closed","ping_status":"closed","template":"page_products-grandchild.php","meta":{"_acf_changed":false,"footnotes":""},"class_list":["post-13509","page","type-page","status-publish","has-post-thumbnail","hentry"],"acf":[],"yoast_head":"<!-- This site is optimized with the Yoast SEO plugin v27.4 - https:\/\/yoast.com\/product\/yoast-seo-wordpress\/ -->\n<title>Papel Para el Suelo de Colofonia Rojo y Caf\u00e9 - Trimaco<\/title>\n<meta name=\"description\" content=\"El papel de colofonia rojo y caf\u00e9 proporciona una barrera superior para proteger pisos pisos.\" \/>\n<meta name=\"robots\" content=\"index, follow, max-snippet:-1, max-image-preview:large, max-video-preview:-1\" \/>\n<link rel=\"canonical\" href=\"https:\/\/trimaco.com\/es\/productos\/papel-de-suelo\/papel-de-suelo-de-resina-rojo-y-cafe\/\" \/>\n<meta property=\"og:locale\" content=\"es_ES\" \/>\n<meta property=\"og:type\" content=\"article\" \/>\n<meta property=\"og:title\" content=\"Papel Para el Suelo de Colofonia Rojo y Caf\u00e9 - Trimaco\" \/>\n<meta property=\"og:description\" content=\"El papel de colofonia rojo y caf\u00e9 proporciona una barrera superior para proteger pisos pisos.\" \/>\n<meta property=\"og:url\" content=\"https:\/\/trimaco.com\/es\/productos\/papel-de-suelo\/papel-de-suelo-de-resina-rojo-y-cafe\/\" \/>\n<meta property=\"og:site_name\" content=\"Trimaco\" \/>\n<meta property=\"article:publisher\" content=\"https:\/\/www.facebook.com\/pages\/Trimaco\/346858225385747?ref=ts\" \/>\n<meta property=\"article:modified_time\" content=\"2026-01-08T14:55:23+00:00\" \/>\n<meta property=\"og:image\" content=\"https:\/\/trimaco.com\/wp-content\/uploads\/2022\/02\/redrosin-1.webp\" \/>\n\t<meta property=\"og:image:width\" content=\"284\" \/>\n\t<meta property=\"og:image:height\" content=\"283\" \/>\n\t<meta property=\"og:image:type\" content=\"image\/webp\" \/>\n<meta name=\"twitter:card\" content=\"summary_large_image\" \/>\n<meta name=\"twitter:site\" content=\"@trimacoinc\" \/>\n<meta name=\"twitter:label1\" content=\"Tiempo de lectura\" \/>\n\t<meta name=\"twitter:data1\" content=\"3 minutos\" \/>\n<!-- \/ Yoast SEO plugin. -->","yoast_head_json":{"title":"Papel Para el Suelo de Colofonia Rojo y Caf\u00e9 - Trimaco","description":"El papel de colofonia rojo y caf\u00e9 proporciona una barrera superior para proteger pisos pisos.","robots":{"index":"index","follow":"follow","max-snippet":"max-snippet:-1","max-image-preview":"max-image-preview:large","max-video-preview":"max-video-preview:-1"},"canonical":"https:\/\/trimaco.com\/es\/productos\/papel-de-suelo\/papel-de-suelo-de-resina-rojo-y-cafe\/","og_locale":"es_ES","og_type":"article","og_title":"Papel Para el Suelo de Colofonia Rojo y Caf\u00e9 - Trimaco","og_description":"El papel de colofonia rojo y caf\u00e9 proporciona una barrera superior para proteger pisos pisos.","og_url":"https:\/\/trimaco.com\/es\/productos\/papel-de-suelo\/papel-de-suelo-de-resina-rojo-y-cafe\/","og_site_name":"Trimaco","article_publisher":"https:\/\/www.facebook.com\/pages\/Trimaco\/346858225385747?ref=ts","article_modified_time":"2026-01-08T14:55:23+00:00","og_image":[{"width":284,"height":283,"url":"https:\/\/trimaco.com\/wp-content\/uploads\/2022\/02\/redrosin-1.webp","type":"image\/webp"}],"twitter_card":"summary_large_image","twitter_site":"@trimacoinc","twitter_misc":{"Tiempo de lectura":"3 minutos"},"schema":{"@context":"https:\/\/schema.org","@graph":[{"@type":"WebPage","@id":"https:\/\/trimaco.com\/es\/productos\/papel-de-suelo\/papel-de-suelo-de-resina-rojo-y-cafe\/","url":"https:\/\/trimaco.com\/es\/productos\/papel-de-suelo\/papel-de-suelo-de-resina-rojo-y-cafe\/","name":"Papel Para el Suelo de Colofonia Rojo y Caf\u00e9 - Trimaco","isPartOf":{"@id":"https:\/\/trimaco.com\/#website"},"primaryImageOfPage":{"@id":"https:\/\/trimaco.com\/es\/productos\/papel-de-suelo\/papel-de-suelo-de-resina-rojo-y-cafe\/#primaryimage"},"image":{"@id":"https:\/\/trimaco.com\/es\/productos\/papel-de-suelo\/papel-de-suelo-de-resina-rojo-y-cafe\/#primaryimage"},"thumbnailUrl":"https:\/\/trimaco.com\/wp-content\/uploads\/2022\/02\/redrosin-1.webp","datePublished":"2021-03-22T18:09:06+00:00","dateModified":"2026-01-08T14:55:23+00:00","description":"El papel de colofonia rojo y caf\u00e9 proporciona una barrera superior para proteger pisos pisos.","breadcrumb":{"@id":"https:\/\/trimaco.com\/es\/productos\/papel-de-suelo\/papel-de-suelo-de-resina-rojo-y-cafe\/#breadcrumb"},"inLanguage":"es","potentialAction":[{"@type":"ReadAction","target":["https:\/\/trimaco.com\/es\/productos\/papel-de-suelo\/papel-de-suelo-de-resina-rojo-y-cafe\/"]}]},{"@type":"ImageObject","inLanguage":"es","@id":"https:\/\/trimaco.com\/es\/productos\/papel-de-suelo\/papel-de-suelo-de-resina-rojo-y-cafe\/#primaryimage","url":"https:\/\/trimaco.com\/wp-content\/uploads\/2022\/02\/redrosin-1.webp","contentUrl":"https:\/\/trimaco.com\/wp-content\/uploads\/2022\/02\/redrosin-1.webp","width":284,"height":283,"caption":"red rosin installation on stairs"},{"@type":"BreadcrumbList","@id":"https:\/\/trimaco.com\/es\/productos\/papel-de-suelo\/papel-de-suelo-de-resina-rojo-y-cafe\/#breadcrumb","itemListElement":[{"@type":"ListItem","position":1,"name":"Home","item":"https:\/\/trimaco.com\/"},{"@type":"ListItem","position":2,"name":"Productos","item":"https:\/\/trimaco.com\/es\/productos\/"},{"@type":"ListItem","position":3,"name":"Papel de suelo","item":"https:\/\/trimaco.com\/es\/productos\/papel-de-suelo\/"},{"@type":"ListItem","position":4,"name":"Papel Para el Suelo de Colofonia Rojo y Caf\u00e9"}]},{"@type":"WebSite","@id":"https:\/\/trimaco.com\/#website","url":"https:\/\/trimaco.com\/","name":"Trimaco","description":"Total Jobsite Protection\u2122","publisher":{"@id":"https:\/\/trimaco.com\/#organization"},"potentialAction":[{"@type":"SearchAction","target":{"@type":"EntryPoint","urlTemplate":"https:\/\/trimaco.com\/?s={search_term_string}"},"query-input":{"@type":"PropertyValueSpecification","valueRequired":true,"valueName":"search_term_string"}}],"inLanguage":"es"},{"@type":"Organization","@id":"https:\/\/trimaco.com\/#organization","name":"Trimaco","url":"https:\/\/trimaco.com\/","logo":{"@type":"ImageObject","inLanguage":"es","@id":"https:\/\/trimaco.com\/#\/schema\/logo\/image\/","url":"https:\/\/trimaco.com\/wp-content\/uploads\/2016\/08\/login-logo.png","contentUrl":"https:\/\/trimaco.com\/wp-content\/uploads\/2016\/08\/login-logo.png","width":450,"height":69,"caption":"Trimaco"},"image":{"@id":"https:\/\/trimaco.com\/#\/schema\/logo\/image\/"},"sameAs":["https:\/\/www.facebook.com\/pages\/Trimaco\/346858225385747?ref=ts","https:\/\/x.com\/trimacoinc","https:\/\/www.instagram.com\/trimaco_inc\/","https:\/\/pinterest.com\/trimaco\/","https:\/\/www.youtube.com\/c\/trimacoinc"]}]}},"_links":{"self":[{"href":"https:\/\/trimaco.com\/es\/wp-json\/wp\/v2\/pages\/13509","targetHints":{"allow":["GET"]}}],"collection":[{"href":"https:\/\/trimaco.com\/es\/wp-json\/wp\/v2\/pages"}],"about":[{"href":"https:\/\/trimaco.com\/es\/wp-json\/wp\/v2\/types\/page"}],"author":[{"embeddable":true,"href":"https:\/\/trimaco.com\/es\/wp-json\/wp\/v2\/users\/2"}],"replies":[{"embeddable":true,"href":"https:\/\/trimaco.com\/es\/wp-json\/wp\/v2\/comments?post=13509"}],"version-history":[{"count":0,"href":"https:\/\/trimaco.com\/es\/wp-json\/wp\/v2\/pages\/13509\/revisions"}],"up":[{"embeddable":true,"href":"https:\/\/trimaco.com\/es\/wp-json\/wp\/v2\/pages\/13505"}],"wp:featuredmedia":[{"embeddable":true,"href":"https:\/\/trimaco.com\/es\/wp-json\/wp\/v2\/media\/17474"}],"wp:attachment":[{"href":"https:\/\/trimaco.com\/es\/wp-json\/wp\/v2\/media?parent=13509"}],"curies":[{"name":"wp","href":"https:\/\/api.w.org\/{rel}","templated":true}]}}