{"id":13508,"date":"2021-03-22T13:55:55","date_gmt":"2021-03-22T17:55:55","guid":{"rendered":"https:\/\/trimaco.wpengine.com\/productos\/papel-de-suelo\/papel-de-piso-de-proteccion-de-50-lb\/"},"modified":"2024-04-08T16:54:52","modified_gmt":"2024-04-08T20:54:52","slug":"papel-de-piso-de-proteccion-de-50-lb","status":"publish","type":"page","link":"https:\/\/trimaco.com\/es\/productos\/papel-de-suelo\/papel-de-piso-de-proteccion-de-50-lb\/","title":{"rendered":"Papel de piso de protecci\u00f3n de 50 lb"},"content":{"rendered":"<p>Este papel de piso ligero es la alternativa perfecta al papel de construcci\u00f3n y papel de resina roja. Es m\u00e1s grande en tama\u00f1o y excelente para proyectos de pintura y construcci\u00f3n m\u00e1s grandes. Ideal para la protecci\u00f3n temporal del suelo durante la construcci\u00f3n para proteger contra derrames, salpicaduras, ara\u00f1azos y tr\u00e1fico peatonal ligero.  <\/p>\n<p>Aunque de bajo peso, este papel de piso es resistente. Proporciona protecci\u00f3n para varios tipos de pisos y superficies, incluyendo pisos terminados, pisos de madera noble, gabinetes y escaleras. Proteja sus superficies y pisos durante la construcci\u00f3n. \u00a1Conf\u00ede en nosotros y sus clientes se lo agradecer\u00e1n!<\/p>\n<p>Orgullosamente hecho en los EE.UU., y disponible en dos tama\u00f1os. \u00bfBuscas una alternativa? Eche un vistazo a <a href=\"https:\/\/trimaco.com\/es\/productos\/proteccion-de-superficies-de-servicio-pesado\/\">los productos de protecci\u00f3n resistentes para el suelo<\/a> de Trimaco y nuestras <a href=\"https:\/\/trimaco.com\/es\/productos\/peliculas-protectoras-de-superficie\/\">pel\u00edculas de protecci\u00f3n de superficie.<\/a><\/p>\n<ul>\n<li>rollos de papel grandes de protecci\u00f3n para el suelo del constructor<\/li>\n<li>Ideal para protecci\u00f3n de superficies y suelos durante la construcci\u00f3n<\/li>\n<li>papel de protecci\u00f3n de suelo de 50lb para constructores<\/li>\n<li>Hecho en los EE.UU.<\/li>\n<\/ul>\n<p><em>Papel de bajo peso para el suelo<\/em><\/p>\n<table>\n<tbody>\n<tr>\n<th># de Art\u00edculo<\/th>\n<th>Paquete de<\/th>\n<th>Tama\u00f1o<\/th>\n<\/tr>\n<tr>\n<td>5048500<\/td>\n<td>49 rollos\/pallet<\/td>\n<td>48&#8243; x 500&#8242;<\/td>\n<\/tr>\n<tr>\n<td>5048825<\/td>\n<td>35 rollos\/pallet<\/td>\n<td>48&#8243; x 825&#8242;<\/td>\n<\/tr>\n<\/tbody>\n<\/table>\n<p><em>El contratista y\/o instalador determinar\u00e1 la forma adecuada de instalar y utilizar el producto dadas las circunstancias presentadas. Adem\u00e1s, si se utiliza cinta, aseg\u00farese de que la superficie est\u00e9 limpia y la cinta est\u00e9 firmemente asegurada a los pisos. Consulte con el fabricante del piso para la cinta recomendada. Pruebe antes de usar.<\/em><\/p>\n","protected":false},"excerpt":{"rendered":"<p>Una alternativa m\u00e1s ligera al papel de constructor en tama\u00f1os m\u00e1s grandes.<\/p>\n","protected":false},"author":2,"featured_media":17462,"parent":13505,"menu_order":3,"comment_status":"closed","ping_status":"closed","template":"page_products-grandchild.php","meta":{"_acf_changed":false,"footnotes":""},"class_list":["post-13508","page","type-page","status-publish","has-post-thumbnail","hentry"],"acf":[],"yoast_head":"<!-- This site is optimized with the Yoast SEO plugin v27.3 - https:\/\/yoast.com\/product\/yoast-seo-wordpress\/ -->\n<title>Protecci\u00f3n de Suelo Durante Construcci\u00f3n - Papel 50lb<\/title>\n<meta name=\"description\" content=\"Este papel protector es ligero e ideal para la protecci\u00f3n de superficies y suelos durante construcci\u00f3n. Perfecto para trabajos grandes.\" \/>\n<meta name=\"robots\" content=\"index, follow, max-snippet:-1, max-image-preview:large, max-video-preview:-1\" \/>\n<link rel=\"canonical\" href=\"https:\/\/trimaco.com\/es\/productos\/papel-de-suelo\/papel-de-piso-de-proteccion-de-50-lb\/\" \/>\n<meta property=\"og:locale\" content=\"es_ES\" \/>\n<meta property=\"og:type\" content=\"article\" \/>\n<meta property=\"og:title\" content=\"Protecci\u00f3n de Suelo Durante Construcci\u00f3n - Papel 50lb\" \/>\n<meta property=\"og:description\" content=\"Este papel protector es ligero e ideal para la protecci\u00f3n de superficies y suelos durante construcci\u00f3n. Perfecto para trabajos grandes.\" \/>\n<meta property=\"og:url\" content=\"https:\/\/trimaco.com\/es\/productos\/papel-de-suelo\/papel-de-piso-de-proteccion-de-50-lb\/\" \/>\n<meta property=\"og:site_name\" content=\"Trimaco\" \/>\n<meta property=\"article:publisher\" content=\"https:\/\/www.facebook.com\/pages\/Trimaco\/346858225385747?ref=ts\" \/>\n<meta property=\"article:modified_time\" content=\"2024-04-08T20:54:52+00:00\" \/>\n<meta property=\"og:image\" content=\"https:\/\/trimaco.com\/wp-content\/uploads\/2022\/02\/50-1.webp\" \/>\n\t<meta property=\"og:image:width\" content=\"284\" \/>\n\t<meta property=\"og:image:height\" content=\"283\" \/>\n\t<meta property=\"og:image:type\" content=\"image\/webp\" \/>\n<meta name=\"twitter:card\" content=\"summary_large_image\" \/>\n<meta name=\"twitter:site\" content=\"@trimacoinc\" \/>\n<meta name=\"twitter:label1\" content=\"Tiempo de lectura\" \/>\n\t<meta name=\"twitter:data1\" content=\"2 minutos\" \/>\n<!-- \/ Yoast SEO plugin. -->","yoast_head_json":{"title":"Protecci\u00f3n de Suelo Durante Construcci\u00f3n - Papel 50lb","description":"Este papel protector es ligero e ideal para la protecci\u00f3n de superficies y suelos durante construcci\u00f3n. Perfecto para trabajos grandes.","robots":{"index":"index","follow":"follow","max-snippet":"max-snippet:-1","max-image-preview":"max-image-preview:large","max-video-preview":"max-video-preview:-1"},"canonical":"https:\/\/trimaco.com\/es\/productos\/papel-de-suelo\/papel-de-piso-de-proteccion-de-50-lb\/","og_locale":"es_ES","og_type":"article","og_title":"Protecci\u00f3n de Suelo Durante Construcci\u00f3n - Papel 50lb","og_description":"Este papel protector es ligero e ideal para la protecci\u00f3n de superficies y suelos durante construcci\u00f3n. Perfecto para trabajos grandes.","og_url":"https:\/\/trimaco.com\/es\/productos\/papel-de-suelo\/papel-de-piso-de-proteccion-de-50-lb\/","og_site_name":"Trimaco","article_publisher":"https:\/\/www.facebook.com\/pages\/Trimaco\/346858225385747?ref=ts","article_modified_time":"2024-04-08T20:54:52+00:00","og_image":[{"width":284,"height":283,"url":"https:\/\/trimaco.com\/wp-content\/uploads\/2022\/02\/50-1.webp","type":"image\/webp"}],"twitter_card":"summary_large_image","twitter_site":"@trimacoinc","twitter_misc":{"Tiempo de lectura":"2 minutos"},"schema":{"@context":"https:\/\/schema.org","@graph":[{"@type":"WebPage","@id":"https:\/\/trimaco.com\/es\/productos\/papel-de-suelo\/papel-de-piso-de-proteccion-de-50-lb\/","url":"https:\/\/trimaco.com\/es\/productos\/papel-de-suelo\/papel-de-piso-de-proteccion-de-50-lb\/","name":"Protecci\u00f3n de Suelo Durante Construcci\u00f3n - Papel 50lb","isPartOf":{"@id":"https:\/\/trimaco.com\/#website"},"primaryImageOfPage":{"@id":"https:\/\/trimaco.com\/es\/productos\/papel-de-suelo\/papel-de-piso-de-proteccion-de-50-lb\/#primaryimage"},"image":{"@id":"https:\/\/trimaco.com\/es\/productos\/papel-de-suelo\/papel-de-piso-de-proteccion-de-50-lb\/#primaryimage"},"thumbnailUrl":"https:\/\/trimaco.com\/wp-content\/uploads\/2022\/02\/50-1.webp","datePublished":"2021-03-22T17:55:55+00:00","dateModified":"2024-04-08T20:54:52+00:00","description":"Este papel protector es ligero e ideal para la protecci\u00f3n de superficies y suelos durante construcci\u00f3n. Perfecto para trabajos grandes.","breadcrumb":{"@id":"https:\/\/trimaco.com\/es\/productos\/papel-de-suelo\/papel-de-piso-de-proteccion-de-50-lb\/#breadcrumb"},"inLanguage":"es","potentialAction":[{"@type":"ReadAction","target":["https:\/\/trimaco.com\/es\/productos\/papel-de-suelo\/papel-de-piso-de-proteccion-de-50-lb\/"]}]},{"@type":"ImageObject","inLanguage":"es","@id":"https:\/\/trimaco.com\/es\/productos\/papel-de-suelo\/papel-de-piso-de-proteccion-de-50-lb\/#primaryimage","url":"https:\/\/trimaco.com\/wp-content\/uploads\/2022\/02\/50-1.webp","contentUrl":"https:\/\/trimaco.com\/wp-content\/uploads\/2022\/02\/50-1.webp","width":284,"height":283},{"@type":"BreadcrumbList","@id":"https:\/\/trimaco.com\/es\/productos\/papel-de-suelo\/papel-de-piso-de-proteccion-de-50-lb\/#breadcrumb","itemListElement":[{"@type":"ListItem","position":1,"name":"Home","item":"https:\/\/trimaco.com\/"},{"@type":"ListItem","position":2,"name":"Productos","item":"https:\/\/trimaco.com\/es\/productos\/"},{"@type":"ListItem","position":3,"name":"Papel de suelo","item":"https:\/\/trimaco.com\/es\/productos\/papel-de-suelo\/"},{"@type":"ListItem","position":4,"name":"Papel de piso de protecci\u00f3n de 50 lb"}]},{"@type":"WebSite","@id":"https:\/\/trimaco.com\/#website","url":"https:\/\/trimaco.com\/","name":"Trimaco","description":"Total Jobsite Protection\u2122","publisher":{"@id":"https:\/\/trimaco.com\/#organization"},"potentialAction":[{"@type":"SearchAction","target":{"@type":"EntryPoint","urlTemplate":"https:\/\/trimaco.com\/?s={search_term_string}"},"query-input":{"@type":"PropertyValueSpecification","valueRequired":true,"valueName":"search_term_string"}}],"inLanguage":"es"},{"@type":"Organization","@id":"https:\/\/trimaco.com\/#organization","name":"Trimaco","url":"https:\/\/trimaco.com\/","logo":{"@type":"ImageObject","inLanguage":"es","@id":"https:\/\/trimaco.com\/#\/schema\/logo\/image\/","url":"https:\/\/trimaco.com\/wp-content\/uploads\/2016\/08\/login-logo.png","contentUrl":"https:\/\/trimaco.com\/wp-content\/uploads\/2016\/08\/login-logo.png","width":450,"height":69,"caption":"Trimaco"},"image":{"@id":"https:\/\/trimaco.com\/#\/schema\/logo\/image\/"},"sameAs":["https:\/\/www.facebook.com\/pages\/Trimaco\/346858225385747?ref=ts","https:\/\/x.com\/trimacoinc","https:\/\/www.instagram.com\/trimaco_inc\/","https:\/\/pinterest.com\/trimaco\/","https:\/\/www.youtube.com\/c\/trimacoinc"]}]}},"_links":{"self":[{"href":"https:\/\/trimaco.com\/es\/wp-json\/wp\/v2\/pages\/13508","targetHints":{"allow":["GET"]}}],"collection":[{"href":"https:\/\/trimaco.com\/es\/wp-json\/wp\/v2\/pages"}],"about":[{"href":"https:\/\/trimaco.com\/es\/wp-json\/wp\/v2\/types\/page"}],"author":[{"embeddable":true,"href":"https:\/\/trimaco.com\/es\/wp-json\/wp\/v2\/users\/2"}],"replies":[{"embeddable":true,"href":"https:\/\/trimaco.com\/es\/wp-json\/wp\/v2\/comments?post=13508"}],"version-history":[{"count":0,"href":"https:\/\/trimaco.com\/es\/wp-json\/wp\/v2\/pages\/13508\/revisions"}],"up":[{"embeddable":true,"href":"https:\/\/trimaco.com\/es\/wp-json\/wp\/v2\/pages\/13505"}],"wp:featuredmedia":[{"embeddable":true,"href":"https:\/\/trimaco.com\/es\/wp-json\/wp\/v2\/media\/17462"}],"wp:attachment":[{"href":"https:\/\/trimaco.com\/es\/wp-json\/wp\/v2\/media?parent=13508"}],"curies":[{"name":"wp","href":"https:\/\/api.w.org\/{rel}","templated":true}]}}