{"id":13506,"date":"2021-03-22T13:28:00","date_gmt":"2021-03-22T17:28:00","guid":{"rendered":"https:\/\/trimaco.wpengine.com\/productos\/papel-de-suelo\/papel-de-constructor-para-proteccion-de-suelos\/"},"modified":"2024-04-08T16:54:26","modified_gmt":"2024-04-08T20:54:26","slug":"papel-de-constructor-para-proteccion-de-suelos","status":"publish","type":"page","link":"https:\/\/trimaco.com\/es\/productos\/papel-de-suelo\/papel-de-constructor-para-proteccion-de-suelos\/","title":{"rendered":"Papel Protector Utilizado en Construcci\u00f3n"},"content":{"rendered":"<p>Este papel econ\u00f3mico de protecci\u00f3n de suelos es lo suficientemente grande para varios proyectos, flexible y f\u00e1cil de usar. Una gran alternativa al papel de colofonia roja tradicional, ayuda a proteger los suelos y superficies de peque\u00f1os derrames de pintura y salpicaduras. <\/p>\n<p>El papel del constructor de Trimaco es un elemento b\u00e1sico en la industria de la pintura y la construcci\u00f3n, y proporciona protecci\u00f3n temporal para suelo. Para usar, primero determine cu\u00e1nto papel se necesita para cubrir su superficie. Despliegue el papel del constructor kraft y los bordes superpuestos aproximadamente media pulgada. A continuaci\u00f3n, una las uni\u00f3ns con cinta de pintor o cinta de uni\u00f3n. Por \u00faltimo, pegue el per\u00edmetro para mantener el papel de protecci\u00f3n del suelo en su lugar. \u00bfTiene un proyecto de pisos grandes? \u00a1El papel del constructor ya est\u00e1 disponible en rollos de tama\u00f1o profesional de 200 pies!<\/p>\n<p>El papel de suelo tambi\u00e9n se lo puede utilizar para proteger gabinetes, mesones y otras superficies. Tambi\u00e9n es uno de los favoritos en el mercado de las artes y artesan\u00edas. Orgullosamente hecho en los EE.UU. Explore a\u00fan <a href=\"https:\/\/trimaco.com\/es\/productos\/papel-de-suelo\/\">m\u00e1s papeles para pisos de alta calidad<\/a>, varias <a href=\"https:\/\/trimaco.com\/es\/productos\/peliculas-protectoras-de-superficie\/\">pel\u00edculas de protecci\u00f3n de alfombras<\/a> y <a href=\"https:\/\/trimaco.com\/es\/productos\/proteccion-de-superficies-de-servicio-pesado\/\">protectores de superficie para trabajos pesados.<\/a> <\/p>\n<ul>\n<li>Nueva opci\u00f3n de papel de Pro Size Builder disponible<\/li>\n<li>rollos de papel grandes<\/li>\n<li>Protecci\u00f3n para el suelo del constructor<\/li>\n<li>Econ\u00f3mico<\/li>\n<li>Hecho en los EE.UU.<\/li>\n<li>100% reciclado<\/li>\n<\/ul>\n<p><em>Papel de constructor<\/em><\/p>\n<table>\n<tbody>\n<tr>\n<th># de Art\u00edculo<\/th>\n<th>Paquete de<\/th>\n<th>Tama\u00f1o<\/th>\n<\/tr>\n<tr>\n<td>35140\/25<\/td>\n<td>25 rollos\/caja<\/td>\n<td>35&#8243; x 140&#8242;<\/td>\n<\/tr>\n<tr>\n<td>35166\/20<\/td>\n<td>20 rollos\/caja<\/td>\n<td>35&#8243; x 166&#8242;<\/td>\n<\/tr>\n<tr>\n<td>35120B<\/td>\n<td>80 rollos\/pallet<\/td>\n<td>Tama\u00f1o Pro 35&#8243; x 200&#8242;<\/td>\n<\/tr>\n<\/tbody>\n<\/table>\n<p><em>El contratista y\/o instalador determinar\u00e1 la forma adecuada de instalar y utilizar el producto dadas las circunstancias presentadas. Si se utiliza cinta, aseg\u00farese de que una superficie limpia y cinta est\u00e9 firmemente fijada a los pisos. Consulte con el fabricante del piso para la cinta recomendada. Prueba antes de usar.<\/em><\/p>\n","protected":false},"excerpt":{"rendered":"<p>Papel kraft econ\u00f3mico, en rollos f\u00e1ciles de manejar.<\/p>\n","protected":false},"author":2,"featured_media":13384,"parent":13505,"menu_order":0,"comment_status":"closed","ping_status":"closed","template":"page_products-grandchild.php","meta":{"_acf_changed":false,"footnotes":""},"class_list":["post-13506","page","type-page","status-publish","has-post-thumbnail","hentry"],"acf":[],"yoast_head":"<!-- This site is optimized with the Yoast SEO plugin v27.6 - https:\/\/yoast.com\/product\/yoast-seo-wordpress\/ -->\n<title>Papel Protector Utilizado en Construcci\u00f3n - Trimaco<\/title>\n<meta name=\"description\" content=\"Este papel econ\u00f3mico protege suelos y viene en rollos que permite una instlaci\u00f3n f\u00e1cil. Producto b\u00e1sico en la industria de la pintura y la construcci\u00f3n.\" \/>\n<meta name=\"robots\" content=\"index, follow, max-snippet:-1, max-image-preview:large, max-video-preview:-1\" \/>\n<link rel=\"canonical\" href=\"https:\/\/trimaco.com\/es\/productos\/papel-de-suelo\/papel-de-constructor-para-proteccion-de-suelos\/\" \/>\n<meta property=\"og:locale\" content=\"es_ES\" \/>\n<meta property=\"og:type\" content=\"article\" \/>\n<meta property=\"og:title\" content=\"Papel Protector Utilizado en Construcci\u00f3n - Trimaco\" \/>\n<meta property=\"og:description\" content=\"Este papel econ\u00f3mico protege suelos y viene en rollos que permite una instlaci\u00f3n f\u00e1cil. Producto b\u00e1sico en la industria de la pintura y la construcci\u00f3n.\" \/>\n<meta property=\"og:url\" content=\"https:\/\/trimaco.com\/es\/productos\/papel-de-suelo\/papel-de-constructor-para-proteccion-de-suelos\/\" \/>\n<meta property=\"og:site_name\" content=\"Trimaco\" \/>\n<meta property=\"article:publisher\" content=\"https:\/\/www.facebook.com\/pages\/Trimaco\/346858225385747?ref=ts\" \/>\n<meta property=\"article:modified_time\" content=\"2024-04-08T20:54:26+00:00\" \/>\n<meta property=\"og:image\" content=\"https:\/\/trimaco.com\/wp-content\/uploads\/2016\/11\/builderspaper-1.jpg\" \/>\n\t<meta property=\"og:image:width\" content=\"1000\" \/>\n\t<meta property=\"og:image:height\" content=\"1000\" \/>\n\t<meta property=\"og:image:type\" content=\"image\/jpeg\" \/>\n<meta name=\"twitter:card\" content=\"summary_large_image\" \/>\n<meta name=\"twitter:site\" content=\"@trimacoinc\" \/>\n<meta name=\"twitter:label1\" content=\"Tiempo de lectura\" \/>\n\t<meta name=\"twitter:data1\" content=\"2 minutos\" \/>\n<!-- \/ Yoast SEO plugin. -->","yoast_head_json":{"title":"Papel Protector Utilizado en Construcci\u00f3n - Trimaco","description":"Este papel econ\u00f3mico protege suelos y viene en rollos que permite una instlaci\u00f3n f\u00e1cil. Producto b\u00e1sico en la industria de la pintura y la construcci\u00f3n.","robots":{"index":"index","follow":"follow","max-snippet":"max-snippet:-1","max-image-preview":"max-image-preview:large","max-video-preview":"max-video-preview:-1"},"canonical":"https:\/\/trimaco.com\/es\/productos\/papel-de-suelo\/papel-de-constructor-para-proteccion-de-suelos\/","og_locale":"es_ES","og_type":"article","og_title":"Papel Protector Utilizado en Construcci\u00f3n - Trimaco","og_description":"Este papel econ\u00f3mico protege suelos y viene en rollos que permite una instlaci\u00f3n f\u00e1cil. Producto b\u00e1sico en la industria de la pintura y la construcci\u00f3n.","og_url":"https:\/\/trimaco.com\/es\/productos\/papel-de-suelo\/papel-de-constructor-para-proteccion-de-suelos\/","og_site_name":"Trimaco","article_publisher":"https:\/\/www.facebook.com\/pages\/Trimaco\/346858225385747?ref=ts","article_modified_time":"2024-04-08T20:54:26+00:00","og_image":[{"width":1000,"height":1000,"url":"https:\/\/trimaco.com\/wp-content\/uploads\/2016\/11\/builderspaper-1.jpg","type":"image\/jpeg"}],"twitter_card":"summary_large_image","twitter_site":"@trimacoinc","twitter_misc":{"Tiempo de lectura":"2 minutos"},"schema":{"@context":"https:\/\/schema.org","@graph":[{"@type":"WebPage","@id":"https:\/\/trimaco.com\/es\/productos\/papel-de-suelo\/papel-de-constructor-para-proteccion-de-suelos\/","url":"https:\/\/trimaco.com\/es\/productos\/papel-de-suelo\/papel-de-constructor-para-proteccion-de-suelos\/","name":"Papel Protector Utilizado en Construcci\u00f3n - Trimaco","isPartOf":{"@id":"https:\/\/trimaco.com\/#website"},"primaryImageOfPage":{"@id":"https:\/\/trimaco.com\/es\/productos\/papel-de-suelo\/papel-de-constructor-para-proteccion-de-suelos\/#primaryimage"},"image":{"@id":"https:\/\/trimaco.com\/es\/productos\/papel-de-suelo\/papel-de-constructor-para-proteccion-de-suelos\/#primaryimage"},"thumbnailUrl":"https:\/\/trimaco.com\/wp-content\/uploads\/2016\/11\/builderspaper-1.jpg","datePublished":"2021-03-22T17:28:00+00:00","dateModified":"2024-04-08T20:54:26+00:00","description":"Este papel econ\u00f3mico protege suelos y viene en rollos que permite una instlaci\u00f3n f\u00e1cil. Producto b\u00e1sico en la industria de la pintura y la construcci\u00f3n.","breadcrumb":{"@id":"https:\/\/trimaco.com\/es\/productos\/papel-de-suelo\/papel-de-constructor-para-proteccion-de-suelos\/#breadcrumb"},"inLanguage":"es","potentialAction":[{"@type":"ReadAction","target":["https:\/\/trimaco.com\/es\/productos\/papel-de-suelo\/papel-de-constructor-para-proteccion-de-suelos\/"]}]},{"@type":"ImageObject","inLanguage":"es","@id":"https:\/\/trimaco.com\/es\/productos\/papel-de-suelo\/papel-de-constructor-para-proteccion-de-suelos\/#primaryimage","url":"https:\/\/trimaco.com\/wp-content\/uploads\/2016\/11\/builderspaper-1.jpg","contentUrl":"https:\/\/trimaco.com\/wp-content\/uploads\/2016\/11\/builderspaper-1.jpg","width":1000,"height":1000,"caption":"builder's floor protection"},{"@type":"BreadcrumbList","@id":"https:\/\/trimaco.com\/es\/productos\/papel-de-suelo\/papel-de-constructor-para-proteccion-de-suelos\/#breadcrumb","itemListElement":[{"@type":"ListItem","position":1,"name":"Home","item":"https:\/\/trimaco.com\/"},{"@type":"ListItem","position":2,"name":"Productos","item":"https:\/\/trimaco.com\/es\/productos\/"},{"@type":"ListItem","position":3,"name":"Papel de suelo","item":"https:\/\/trimaco.com\/es\/productos\/papel-de-suelo\/"},{"@type":"ListItem","position":4,"name":"Papel Protector Utilizado en Construcci\u00f3n"}]},{"@type":"WebSite","@id":"https:\/\/trimaco.com\/#website","url":"https:\/\/trimaco.com\/","name":"Trimaco","description":"Total Jobsite Protection\u2122","publisher":{"@id":"https:\/\/trimaco.com\/#organization"},"potentialAction":[{"@type":"SearchAction","target":{"@type":"EntryPoint","urlTemplate":"https:\/\/trimaco.com\/?s={search_term_string}"},"query-input":{"@type":"PropertyValueSpecification","valueRequired":true,"valueName":"search_term_string"}}],"inLanguage":"es"},{"@type":"Organization","@id":"https:\/\/trimaco.com\/#organization","name":"Trimaco","url":"https:\/\/trimaco.com\/","logo":{"@type":"ImageObject","inLanguage":"es","@id":"https:\/\/trimaco.com\/#\/schema\/logo\/image\/","url":"https:\/\/trimaco.com\/wp-content\/uploads\/2016\/08\/login-logo.png","contentUrl":"https:\/\/trimaco.com\/wp-content\/uploads\/2016\/08\/login-logo.png","width":450,"height":69,"caption":"Trimaco"},"image":{"@id":"https:\/\/trimaco.com\/#\/schema\/logo\/image\/"},"sameAs":["https:\/\/www.facebook.com\/pages\/Trimaco\/346858225385747?ref=ts","https:\/\/x.com\/trimacoinc","https:\/\/www.instagram.com\/trimaco_inc\/","https:\/\/pinterest.com\/trimaco\/","https:\/\/www.youtube.com\/c\/trimacoinc"]}]}},"_links":{"self":[{"href":"https:\/\/trimaco.com\/es\/wp-json\/wp\/v2\/pages\/13506","targetHints":{"allow":["GET"]}}],"collection":[{"href":"https:\/\/trimaco.com\/es\/wp-json\/wp\/v2\/pages"}],"about":[{"href":"https:\/\/trimaco.com\/es\/wp-json\/wp\/v2\/types\/page"}],"author":[{"embeddable":true,"href":"https:\/\/trimaco.com\/es\/wp-json\/wp\/v2\/users\/2"}],"replies":[{"embeddable":true,"href":"https:\/\/trimaco.com\/es\/wp-json\/wp\/v2\/comments?post=13506"}],"version-history":[{"count":0,"href":"https:\/\/trimaco.com\/es\/wp-json\/wp\/v2\/pages\/13506\/revisions"}],"up":[{"embeddable":true,"href":"https:\/\/trimaco.com\/es\/wp-json\/wp\/v2\/pages\/13505"}],"wp:featuredmedia":[{"embeddable":true,"href":"https:\/\/trimaco.com\/es\/wp-json\/wp\/v2\/media\/13384"}],"wp:attachment":[{"href":"https:\/\/trimaco.com\/es\/wp-json\/wp\/v2\/media?parent=13506"}],"curies":[{"name":"wp","href":"https:\/\/api.w.org\/{rel}","templated":true}]}}